{"id":94578,"date":"2023-09-22T10:08:58","date_gmt":"2023-09-22T10:08:58","guid":{"rendered":"https:\/\/clamaro.eu\/product\/szaroniebieski-2\/"},"modified":"2025-05-28T17:15:19","modified_gmt":"2025-05-28T17:15:19","slug":"szaroniebieski-2","status":"publish","type":"product","link":"https:\/\/clamaro.eu\/pl\/produkt\/szaroniebieski-2\/","title":{"rendered":"Szaroniebieski"},"content":{"rendered":"\t\t<div data-elementor-type=\"wp-post\" data-elementor-id=\"94578\" class=\"elementor elementor-94578 elementor-34546\">\n\t\t\t\t\t\t<section class=\"elementor-section elementor-top-section elementor-element elementor-element-3375b062 elementor-section-boxed elementor-section-height-default elementor-section-height-default qodef-elementor-content-no\" data-id=\"3375b062\" data-element_type=\"section\">\n\t\t\t\t\t\t<div class=\"elementor-container elementor-column-gap-default\">\n\t\t\t\t\t<div class=\"elementor-column elementor-col-100 elementor-top-column elementor-element elementor-element-2ade6d6d\" data-id=\"2ade6d6d\" data-element_type=\"column\">\n\t\t\t<div class=\"elementor-widget-wrap elementor-element-populated\">\n\t\t\t\t\t\t<div class=\"elementor-element elementor-element-17f9e4d0 elementor-widget elementor-widget-image\" data-id=\"17f9e4d0\" data-element_type=\"widget\" data-widget_type=\"image.default\">\n\t\t\t\t<div class=\"elementor-widget-container\">\n\t\t\t\t\t\t\t\t\t\t\t\t\t\t\t<img decoding=\"async\" src=\"https:\/\/m.media-amazon.com\/images\/S\/aplus-media-library-service-media\/8a7af628-f583-4702-8d22-927f8f7f49e2.__CR0,0,600,180_PT0_SX600_V1___.png\" title=\"\" alt=\"\" loading=\"lazy\" \/>\t\t\t\t\t\t\t\t\t\t\t\t\t\t\t<\/div>\n\t\t\t\t<\/div>\n\t\t\t\t\t<\/div>\n\t\t<\/div>\n\t\t\t\t\t<\/div>\n\t\t<\/section>\n\t\t\t\t<section class=\"elementor-section elementor-top-section elementor-element elementor-element-5203ee62 elementor-section-boxed elementor-section-height-default elementor-section-height-default qodef-elementor-content-no\" data-id=\"5203ee62\" data-element_type=\"section\">\n\t\t\t\t\t\t<div class=\"elementor-container elementor-column-gap-default\">\n\t\t\t\t\t<div class=\"elementor-column elementor-col-100 elementor-top-column elementor-element elementor-element-788a7bc3\" data-id=\"788a7bc3\" data-element_type=\"column\">\n\t\t\t<div class=\"elementor-widget-wrap elementor-element-populated\">\n\t\t\t\t\t\t<div class=\"elementor-element elementor-element-61be6912 elementor-widget-divider--view-line elementor-widget elementor-widget-divider\" data-id=\"61be6912\" data-element_type=\"widget\" data-widget_type=\"divider.default\">\n\t\t\t\t<div class=\"elementor-widget-container\">\n\t\t\t\t\t\t\t<div class=\"elementor-divider\">\n\t\t\t<span class=\"elementor-divider-separator\">\n\t\t\t\t\t\t<\/span>\n\t\t<\/div>\n\t\t\t\t\t\t<\/div>\n\t\t\t\t<\/div>\n\t\t\t\t\t<\/div>\n\t\t<\/div>\n\t\t\t\t\t<\/div>\n\t\t<\/section>\n\t\t\t\t<section class=\"elementor-section elementor-top-section elementor-element elementor-element-931d16f elementor-section-boxed elementor-section-height-default elementor-section-height-default qodef-elementor-content-no\" data-id=\"931d16f\" data-element_type=\"section\">\n\t\t\t\t\t\t<div class=\"elementor-container elementor-column-gap-default\">\n\t\t\t\t\t<div class=\"elementor-column elementor-col-33 elementor-top-column elementor-element elementor-element-75d9017\" data-id=\"75d9017\" data-element_type=\"column\">\n\t\t\t<div class=\"elementor-widget-wrap elementor-element-populated\">\n\t\t\t\t\t\t<div class=\"elementor-element elementor-element-65c1130 elementor-widget elementor-widget-image\" data-id=\"65c1130\" data-element_type=\"widget\" data-widget_type=\"image.default\">\n\t\t\t\t<div class=\"elementor-widget-container\">\n\t\t\t\t\t\t\t\t\t\t\t\t\t\t\t<img decoding=\"async\" src=\"https:\/\/m.media-amazon.com\/images\/S\/aplus-media-library-service-media\/bd6aee27-7aeb-4b0e-8740-9d25e527f031.__CR0,0,2000,2000_PT0_SX300_V1___.png\" title=\"\" alt=\"\" loading=\"lazy\" \/>\t\t\t\t\t\t\t\t\t\t\t\t\t\t\t<\/div>\n\t\t\t\t<\/div>\n\t\t\t\t<div class=\"elementor-element elementor-element-9b9ef31 elementor-widget elementor-widget-spacer\" data-id=\"9b9ef31\" data-element_type=\"widget\" data-widget_type=\"spacer.default\">\n\t\t\t\t<div class=\"elementor-widget-container\">\n\t\t\t\t\t\t\t<div class=\"elementor-spacer\">\n\t\t\t<div class=\"elementor-spacer-inner\"><\/div>\n\t\t<\/div>\n\t\t\t\t\t\t<\/div>\n\t\t\t\t<\/div>\n\t\t\t\t<div class=\"elementor-element elementor-element-04c659f elementor-widget elementor-widget-text-editor\" data-id=\"04c659f\" data-element_type=\"widget\" data-widget_type=\"text-editor.default\">\n\t\t\t\t<div class=\"elementor-widget-container\">\n\t\t\t\t\t\t\t\t\t<h4 class=\"a-spacing-mini\">ZDJ\u0118CIA W MA\u0141YM FORMACIE NA TELEFONIE KOM\u00d3RKOWYM? JU\u017b NIE&#8230; <\/h4><p>Wyeksponuj swoje ulubione zdj\u0119cia lub obrazy w pi\u0119knej ramce. Tw\u00f3j dom zyska jeszcze <span class=\"a-text-bold\">bardziej osobisty charakter<\/span> w mgnieniu oka. <\/p><p>Ponad <span class=\"a-text-bold\">400 rozmiar\u00f3w i 7 modnych wzor\u00f3w kolorystycznych folii okleinowej<\/span><\/p>\t\t\t\t\t\t\t\t<\/div>\n\t\t\t\t<\/div>\n\t\t\t\t\t<\/div>\n\t\t<\/div>\n\t\t\t\t<div class=\"elementor-column elementor-col-33 elementor-top-column elementor-element elementor-element-801e123\" data-id=\"801e123\" data-element_type=\"column\">\n\t\t\t<div class=\"elementor-widget-wrap elementor-element-populated\">\n\t\t\t\t\t\t<div class=\"elementor-element elementor-element-5d3cdbb elementor-widget elementor-widget-image\" data-id=\"5d3cdbb\" data-element_type=\"widget\" data-widget_type=\"image.default\">\n\t\t\t\t<div class=\"elementor-widget-container\">\n\t\t\t\t\t\t\t\t\t\t\t\t\t\t\t<img decoding=\"async\" src=\"https:\/\/m.media-amazon.com\/images\/S\/aplus-media-library-service-media\/91eb8584-443f-47af-9901-88ffb44c57b5.__CR0,0,2000,2000_PT0_SX300_V1___.png\" title=\"\" alt=\"\" loading=\"lazy\" \/>\t\t\t\t\t\t\t\t\t\t\t\t\t\t\t<\/div>\n\t\t\t\t<\/div>\n\t\t\t\t<div class=\"elementor-element elementor-element-2a6f5be elementor-widget elementor-widget-spacer\" data-id=\"2a6f5be\" data-element_type=\"widget\" data-widget_type=\"spacer.default\">\n\t\t\t\t<div class=\"elementor-widget-container\">\n\t\t\t\t\t\t\t<div class=\"elementor-spacer\">\n\t\t\t<div class=\"elementor-spacer-inner\"><\/div>\n\t\t<\/div>\n\t\t\t\t\t\t<\/div>\n\t\t\t\t<\/div>\n\t\t\t\t<div class=\"elementor-element elementor-element-9ce541d elementor-widget elementor-widget-text-editor\" data-id=\"9ce541d\" data-element_type=\"widget\" data-widget_type=\"text-editor.default\">\n\t\t\t\t<div class=\"elementor-widget-container\">\n\t\t\t\t\t\t\t\t\t<h4 class=\"a-spacing-mini\">NAJWY\u017bSZA JAKO\u015a\u0106 I PRECYZJA: WYKONANE R\u0118CZNIE I W 100% W NIEMCZECH<\/h4><p>Wszystkie \u015bcienne ramy do obraz\u00f3w Clamaro s\u0105 wykonywane na <span class=\"a-text-bold\">indywidualne zam\u00f3wienie w naszej manufakturze ram do obraz\u00f3w i dostosowywane r\u0119cznie do \u017c\u0105danych wymiar\u00f3w <\/span>. Precyzja i jako\u015b\u0107 <span class=\"a-text-bold\">100% Made in Germany<\/span> <\/p>\t\t\t\t\t\t\t\t<\/div>\n\t\t\t\t<\/div>\n\t\t\t\t\t<\/div>\n\t\t<\/div>\n\t\t\t\t<div class=\"elementor-column elementor-col-33 elementor-top-column elementor-element elementor-element-e0831d3\" data-id=\"e0831d3\" data-element_type=\"column\">\n\t\t\t<div class=\"elementor-widget-wrap elementor-element-populated\">\n\t\t\t\t\t\t<div class=\"elementor-element elementor-element-1b16210 elementor-widget elementor-widget-image\" data-id=\"1b16210\" data-element_type=\"widget\" data-widget_type=\"image.default\">\n\t\t\t\t<div class=\"elementor-widget-container\">\n\t\t\t\t\t\t\t\t\t\t\t\t\t\t\t<img decoding=\"async\" src=\"https:\/\/m.media-amazon.com\/images\/S\/aplus-media-library-service-media\/a6688ee5-aaed-49cb-a791-665ea034eb2e.__CR91,91,1818,1818_PT0_SX300_V1___.png\" title=\"\" alt=\"\" loading=\"lazy\" \/>\t\t\t\t\t\t\t\t\t\t\t\t\t\t\t<\/div>\n\t\t\t\t<\/div>\n\t\t\t\t<div class=\"elementor-element elementor-element-4fe3ef6 elementor-widget elementor-widget-spacer\" data-id=\"4fe3ef6\" data-element_type=\"widget\" data-widget_type=\"spacer.default\">\n\t\t\t\t<div class=\"elementor-widget-container\">\n\t\t\t\t\t\t\t<div class=\"elementor-spacer\">\n\t\t\t<div class=\"elementor-spacer-inner\"><\/div>\n\t\t<\/div>\n\t\t\t\t\t\t<\/div>\n\t\t\t\t<\/div>\n\t\t\t\t<div class=\"elementor-element elementor-element-783af85 elementor-widget elementor-widget-text-editor\" data-id=\"783af85\" data-element_type=\"widget\" data-widget_type=\"text-editor.default\">\n\t\t\t\t<div class=\"elementor-widget-container\">\n\t\t\t\t\t\t\t\t\t<h4 class=\"a-spacing-mini\">Oprawiasz puzzle, certyfikat lub plakat kinowy? Mamy odpowiedni rozmiar dla ka\u017cdego&#8230; <\/h4>\n<p>Nasz&nbsp;W zale\u017cno\u015bci od po\u017c\u0105danego rozmiaru, <span class=\"a-text-bold\">zdejmowane ramki Clamaro COLLAGE<\/span> 30 doskonale nadaj\u0105 si\u0119 jako klasyczne ramki.&nbsp;<span class=\"a-text-bold\">Ramki na zdj\u0119cia, ramki na obrazy, ramki na certyfikaty lub, na przyk\u0142ad, jako ramka na puzzle 50&#215;70 <\/span>. R\u00f3wnie\u017c typowe &nbsp;<span class=\"a-text-bold\">Rozmiary zdj\u0119\u0107<\/span>, takie jak&nbsp;<span class=\"a-text-bold\">10&#215;15<\/span>, klasyczne rozmiary takie jak&nbsp;<span class=\"a-text-bold\">DIN A3, DIN A4 i DIN A5<\/span> lub wielkoformatowy Maxi&nbsp;Mo\u017cliwo\u015b\u0107 zam\u00f3wienia <span class=\"a-text-bold\">plakatu kinowego w formacie DIN A0<\/span>.<\/p>\t\t\t\t\t\t\t\t<\/div>\n\t\t\t\t<\/div>\n\t\t\t\t\t<\/div>\n\t\t<\/div>\n\t\t\t\t\t<\/div>\n\t\t<\/section>\n\t\t\t\t<section class=\"elementor-section elementor-top-section elementor-element elementor-element-d5b2640 elementor-section-boxed elementor-section-height-default elementor-section-height-default qodef-elementor-content-no\" data-id=\"d5b2640\" data-element_type=\"section\">\n\t\t\t\t\t\t<div class=\"elementor-container elementor-column-gap-default\">\n\t\t\t\t\t<div class=\"elementor-column elementor-col-50 elementor-top-column elementor-element elementor-element-a3aba94\" data-id=\"a3aba94\" data-element_type=\"column\">\n\t\t\t<div class=\"elementor-widget-wrap elementor-element-populated\">\n\t\t\t\t\t\t<div class=\"elementor-element elementor-element-881765f elementor-widget elementor-widget-image\" data-id=\"881765f\" data-element_type=\"widget\" data-widget_type=\"image.default\">\n\t\t\t\t<div class=\"elementor-widget-container\">\n\t\t\t\t\t\t\t\t\t\t\t\t\t\t\t<img fetchpriority=\"high\" decoding=\"async\" width=\"480\" height=\"295\" src=\"https:\/\/clamaro.eu\/wp-content\/uploads\/2023\/09\/Bildschirmfoto-2023-09-22-um-11.42.29.png\" class=\"attachment-large size-large wp-image-94575\" alt=\"\" srcset=\"https:\/\/clamaro.eu\/wp-content\/uploads\/2023\/09\/Bildschirmfoto-2023-09-22-um-11.42.29.png 480w, https:\/\/clamaro.eu\/wp-content\/uploads\/2023\/09\/Bildschirmfoto-2023-09-22-um-11.42.29-300x184.png 300w\" sizes=\"(max-width: 480px) 100vw, 480px\" \/>\t\t\t\t\t\t\t\t\t\t\t\t\t\t\t<\/div>\n\t\t\t\t<\/div>\n\t\t\t\t\t<\/div>\n\t\t<\/div>\n\t\t\t\t<div class=\"elementor-column elementor-col-50 elementor-top-column elementor-element elementor-element-406930d\" data-id=\"406930d\" data-element_type=\"column\">\n\t\t\t<div class=\"elementor-widget-wrap elementor-element-populated\">\n\t\t\t\t\t\t<div class=\"elementor-element elementor-element-d5cbec3 elementor-widget elementor-widget-text-editor\" data-id=\"d5cbec3\" data-element_type=\"widget\" data-widget_type=\"text-editor.default\">\n\t\t\t\t<div class=\"elementor-widget-container\">\n\t\t\t\t\t\t\t\t\t<h3 class=\"a-spacing-mini\">Szczeg\u00f3\u0142owa listwa ramy<\/h3><p>Nowoczesna, kanciasta listwa ma wsp\u00f3\u0142czesny, a jednocze\u015bnie klasycznie ponadczasowy design. Listwa ramowa <span class=\"a-text-bold\">Clamaro COLLAGE 30<\/span> ma<span class=\"a-text-bold\">30 mm szeroko\u015bci i 16 mm g\u0142\u0119boko\u015bci<\/span>. Wykonana jest z <span class=\"a-text-bold\">drewna MDF<\/span> i laminowana <span class=\"a-text-bold\">odporn\u0105 na zarysowania i promieniowanie UV foli\u0105 dekor<\/span> acyjn\u0105. Kolejn\u0105 specjaln\u0105 cech\u0105 naszej folii dekoracyjnej jest <span class=\"a-text-bold\">pe\u0142ne owini\u0119cie <\/span>listwy ramowej. Zapewnia to jednolite og\u00f3lne wra\u017cenie, a folia nie odkleja si\u0119, jak ma to miejsce w przypadku cz\u0119\u015bciowo owini\u0119tych listew ramowych.    <\/p>\t\t\t\t\t\t\t\t<\/div>\n\t\t\t\t<\/div>\n\t\t\t\t\t<\/div>\n\t\t<\/div>\n\t\t\t\t\t<\/div>\n\t\t<\/section>\n\t\t\t\t<section class=\"elementor-section elementor-top-section elementor-element elementor-element-a6fd674 elementor-section-boxed elementor-section-height-default elementor-section-height-default qodef-elementor-content-no\" data-id=\"a6fd674\" data-element_type=\"section\">\n\t\t\t\t\t\t<div class=\"elementor-container elementor-column-gap-default\">\n\t\t\t\t\t<div class=\"elementor-column elementor-col-100 elementor-top-column elementor-element elementor-element-3d902c2\" data-id=\"3d902c2\" data-element_type=\"column\">\n\t\t\t<div class=\"elementor-widget-wrap elementor-element-populated\">\n\t\t\t\t\t\t<div class=\"elementor-element elementor-element-1c211d6 elementor-widget elementor-widget-text-editor\" data-id=\"1c211d6\" data-element_type=\"widget\" data-widget_type=\"text-editor.default\">\n\t\t\t\t<div class=\"elementor-widget-container\">\n\t\t\t\t\t\t\t\t\t<p><span class=\"a-text-bold\">Wszystkie szczeg\u00f3\u0142y produktu w skr\u00f3cie:<\/span><\/p><p><span class=\"a-text-bold\">Bar:<\/span><\/p><p> <\/p><ul class=\"a-unordered-list a-vertical\"><li><span class=\"a-list-item\">P\u0142yty MDF z drewna pochodz\u0105cego ze zr\u00f3wnowa\u017conej i uczciwej produkcji le\u015bnej UE.<\/span><\/li><li><span class=\"a-list-item\">Pow\u0142oka: w pe\u0142ni powlekana, wytrzyma\u0142a, trwa\u0142a, odporna na zarysowania i promieniowanie UV.<\/span><\/li><li><span class=\"a-list-item\">Bezszwowe i wysoce precyzyjne skosy bez szczelin dzi\u0119ki naszym najnowocze\u015bniejszym maszynom.<\/span><\/li><\/ul><p> <\/p><p><span class=\"a-text-bold\">Dysk:<\/span><\/p><p> <\/p><ul class=\"a-unordered-list a-vertical\"><li><span class=\"a-list-item\">Wyposa\u017cona w szyb\u0119 z praktycznie niet\u0142uk\u0105cego szk\u0142a akrylowego o grubo\u015bci 0,5-2 mm, w zale\u017cno\u015bci od rozmiaru ramki.<\/span><\/li><li><span class=\"a-list-item\">Wyra\u017ana i autentyczna transmisja kolor\u00f3w &#8211; przepuszczalno\u015b\u0107 \u015bwiat\u0142a odpowiadaj\u0105ca prawdziwej szybie.<\/span><\/li><li><span class=\"a-list-item\">Obywamy si\u0119 bez delikatnych, trudnych w transporcie i \u0142atwo t\u0142uk\u0105cych si\u0119 tafli prawdziwego szk\u0142a.<\/span><\/li><\/ul><p> <\/p><p><span class=\"a-text-bold\">Panel tylny:<\/span><\/p><p> <\/p><ul class=\"a-unordered-list a-vertical\"><li><span class=\"a-list-item\">2 solidne metalowe klipsy do monta\u017cu poziomego (format poziomy) lub pionowego (format pionowy).<\/span><\/li><li><span class=\"a-list-item\">Z\u0105bkowane mocowanie w klipsach mocuj\u0105cych zapewnia szybkie i \u0142atwe wyr\u00f3wnanie.<\/span><\/li><li><span class=\"a-list-item\">P\u0142yta drewniana MDF o grubo\u015bci 2,5 mm jako stabilizuj\u0105cy i no\u015bny panel tylny.<\/span><\/li><li><span class=\"a-list-item\">Mocne metalowe ko\u0142ki do gi\u0119cia mocno dociskaj\u0105 ramk\u0119 do p\u0142yty i panelu MDF. Pozwala to r\u00f3wnie\u017c na szybk\u0105 wymian\u0119 zdj\u0119\u0107 bez u\u017cycia narz\u0119dzi. <\/span><\/li><\/ul><p> <\/p><p><span class=\"a-text-bold\">PRZED Z\u0141O\u017bENIEM <\/span>ZAM\u00d3WIENIA: Wszystkie ramki zakrywaj\u0105 cz\u0119\u015b\u0107 obrazu ze wszystkich stron (ok. 5-6 mm). Na przyk\u0142ad zdj\u0119cie o wymiarach 50&#215;70 cm wymaga r\u00f3wnie\u017c ramki o wymiarach 50&#215;70 cm. <\/p><p><span class=\"a-text-bold\">WA\u017bNA UWAGA DOTYCZ\u0104CA NASZYCH ZDJ\u0118\u0106:<\/span> Kolor u\u017cywanych przez nas zdj\u0119\u0107 produkt\u00f3w mo\u017ce si\u0119 nieznacznie r\u00f3\u017cni\u0107 od naszych zdj\u0119\u0107 ze wzgl\u0119du na ustawienia kolor\u00f3w i jasno\u015bci ekranu.<\/p>\t\t\t\t\t\t\t\t<\/div>\n\t\t\t\t<\/div>\n\t\t\t\t\t<\/div>\n\t\t<\/div>\n\t\t\t\t\t<\/div>\n\t\t<\/section>\n\t\t\t\t<section class=\"elementor-section elementor-top-section elementor-element elementor-element-0fd78e7 elementor-section-boxed elementor-section-height-default elementor-section-height-default qodef-elementor-content-no\" data-id=\"0fd78e7\" data-element_type=\"section\">\n\t\t\t\t\t\t<div class=\"elementor-container elementor-column-gap-default\">\n\t\t\t\t\t<div class=\"elementor-column elementor-col-100 elementor-top-column elementor-element elementor-element-5df3c4d\" data-id=\"5df3c4d\" data-element_type=\"column\">\n\t\t\t<div class=\"elementor-widget-wrap elementor-element-populated\">\n\t\t\t\t\t\t<div class=\"elementor-element elementor-element-74ffbd2 elementor-widget elementor-widget-text-editor\" data-id=\"74ffbd2\" data-element_type=\"widget\" data-widget_type=\"text-editor.default\">\n\t\t\t\t<div class=\"elementor-widget-container\">\n\t\t\t\t\t\t\t\t\t<p> <\/p><h3><strong style=\"color: var( --e-global-color-text ); font-family: var( --e-global-typography-text-font-family ), Sans-serif;\">Produkcja w Niemczech<\/strong><\/h3><p><span style=\"font-size: 20px;\"><strong>W\u0142asny warsztat z ponad 35-letnim do\u015bwiadczeniem.<\/strong><\/span><\/p><p> <\/p><p><img decoding=\"async\" style=\"height: 80px; width: 350px;\" src=\"https:\/\/cdn03.plentymarkets.com\/mmx8yrv4qndt\/item\/images\/204\/full\/Wir-sind-Mitglied-bei-der--2-.jpg\" alt=\"\" data-cke-saved-src=\"https:\/\/cdn03.plentymarkets.com\/mmx8yrv4qndt\/item\/images\/204\/full\/Wir-sind-Mitglied-bei-der--2-.jpg\"><img decoding=\"async\" style=\"width: 114px; height: 70px;\" src=\"https:\/\/cdn03.plentymarkets.com\/mmx8yrv4qndt\/item\/images\/204\/full\/kaeufersiegel.png\" alt=\"\" data-cke-saved-src=\"https:\/\/cdn03.plentymarkets.com\/mmx8yrv4qndt\/item\/images\/204\/full\/kaeufersiegel.png\"> <img decoding=\"async\" style=\"width: 150px; height: 84px;\" src=\"https:\/\/cdn03.plentymarkets.com\/mmx8yrv4qndt\/item\/images\/204\/full\/haendlerbund.png\" alt=\"\" data-cke-saved-src=\"https:\/\/cdn03.plentymarkets.com\/mmx8yrv4qndt\/item\/images\/204\/full\/haendlerbund.png\"><\/p><p> <\/p>\t\t\t\t\t\t\t\t<\/div>\n\t\t\t\t<\/div>\n\t\t\t\t\t<\/div>\n\t\t<\/div>\n\t\t\t\t\t<\/div>\n\t\t<\/section>\n\t\t\t\t<\/div>\n\t\t","protected":false},"excerpt":{"rendered":"<p>Do monta\u017cu na \u015bcianie w formacie pionowym lub poziomym<\/p>\n<p><strong><span style=\"color: #808080;\"><a style=\"color: #808080;\" href=\"https:\/\/clamaro.eu\/wp-content\/uploads\/2023\/09\/Konfirmitaetserklaerung-Bilderrahmen-mit-Unterschrift.pdf-1.pdf\">Bezpiecze\u0144stwo ramek do zdj\u0119\u0107 i informacje o produkcie.pdf<\/a><\/span><\/strong><\/p>\n","protected":false},"featured_media":94580,"template":"","meta":{"om_disable_all_campaigns":false},"product_brand":[],"product_cat":[4807,4793],"product_tag":[],"class_list":{"0":"post-94578","1":"product","2":"type-product","3":"status-publish","4":"has-post-thumbnail","6":"product_cat-classic-design-m30-pl","7":"product_cat-ramka-na-zdjecia","9":"first","10":"instock","11":"taxable","12":"shipping-taxable","13":"purchasable","14":"product-type-simple"},"gallery_images":[34564,70597,66792,34570,34576,34368,33547,33553],"_links":{"self":[{"href":"https:\/\/clamaro.eu\/pl\/wp-json\/wp\/v2\/product\/94578","targetHints":{"allow":["GET"]}}],"collection":[{"href":"https:\/\/clamaro.eu\/pl\/wp-json\/wp\/v2\/product"}],"about":[{"href":"https:\/\/clamaro.eu\/pl\/wp-json\/wp\/v2\/types\/product"}],"version-history":[{"count":1,"href":"https:\/\/clamaro.eu\/pl\/wp-json\/wp\/v2\/product\/94578\/revisions"}],"predecessor-version":[{"id":94602,"href":"https:\/\/clamaro.eu\/pl\/wp-json\/wp\/v2\/product\/94578\/revisions\/94602"}],"wp:featuredmedia":[{"embeddable":true,"href":"https:\/\/clamaro.eu\/pl\/wp-json\/wp\/v2\/media\/94580"}],"wp:attachment":[{"href":"https:\/\/clamaro.eu\/pl\/wp-json\/wp\/v2\/media?parent=94578"}],"wp:term":[{"taxonomy":"product_brand","embeddable":true,"href":"https:\/\/clamaro.eu\/pl\/wp-json\/wp\/v2\/product_brand?post=94578"},{"taxonomy":"product_cat","embeddable":true,"href":"https:\/\/clamaro.eu\/pl\/wp-json\/wp\/v2\/product_cat?post=94578"},{"taxonomy":"product_tag","embeddable":true,"href":"https:\/\/clamaro.eu\/pl\/wp-json\/wp\/v2\/product_tag?post=94578"}],"curies":[{"name":"wp","href":"https:\/\/api.w.org\/{rel}","templated":true}]}}