{"id":94560,"date":"2023-09-22T08:59:35","date_gmt":"2023-09-22T08:59:35","guid":{"rendered":"https:\/\/clamaro.eu\/product\/liliowy-pastel-2\/"},"modified":"2025-05-28T17:15:08","modified_gmt":"2025-05-28T17:15:08","slug":"liliowy-pastel-2","status":"publish","type":"product","link":"https:\/\/clamaro.eu\/pl\/produkt\/liliowy-pastel-2\/","title":{"rendered":"Liliowy pastel"},"content":{"rendered":"\t\t<div data-elementor-type=\"wp-post\" data-elementor-id=\"94560\" class=\"elementor elementor-94560 elementor-34257\">\n\t\t\t\t\t\t<section class=\"elementor-section elementor-top-section elementor-element elementor-element-3375b062 elementor-section-boxed elementor-section-height-default elementor-section-height-default qodef-elementor-content-no\" data-id=\"3375b062\" data-element_type=\"section\">\n\t\t\t\t\t\t<div class=\"elementor-container elementor-column-gap-default\">\n\t\t\t\t\t<div class=\"elementor-column elementor-col-100 elementor-top-column elementor-element elementor-element-2ade6d6d\" data-id=\"2ade6d6d\" data-element_type=\"column\">\n\t\t\t<div class=\"elementor-widget-wrap elementor-element-populated\">\n\t\t\t\t\t\t<div class=\"elementor-element elementor-element-17f9e4d0 elementor-widget elementor-widget-image\" data-id=\"17f9e4d0\" data-element_type=\"widget\" data-widget_type=\"image.default\">\n\t\t\t\t<div class=\"elementor-widget-container\">\n\t\t\t\t\t\t\t\t\t\t\t\t\t\t\t<img decoding=\"async\" src=\"https:\/\/m.media-amazon.com\/images\/S\/aplus-media-library-service-media\/8a7af628-f583-4702-8d22-927f8f7f49e2.__CR0,0,600,180_PT0_SX600_V1___.png\" title=\"\" alt=\"\" loading=\"lazy\" \/>\t\t\t\t\t\t\t\t\t\t\t\t\t\t\t<\/div>\n\t\t\t\t<\/div>\n\t\t\t\t\t<\/div>\n\t\t<\/div>\n\t\t\t\t\t<\/div>\n\t\t<\/section>\n\t\t\t\t<section class=\"elementor-section elementor-top-section elementor-element elementor-element-5203ee62 elementor-section-boxed elementor-section-height-default elementor-section-height-default qodef-elementor-content-no\" data-id=\"5203ee62\" data-element_type=\"section\">\n\t\t\t\t\t\t<div class=\"elementor-container elementor-column-gap-default\">\n\t\t\t\t\t<div class=\"elementor-column elementor-col-100 elementor-top-column elementor-element elementor-element-788a7bc3\" data-id=\"788a7bc3\" data-element_type=\"column\">\n\t\t\t<div class=\"elementor-widget-wrap elementor-element-populated\">\n\t\t\t\t\t\t<div class=\"elementor-element elementor-element-61be6912 elementor-widget-divider--view-line elementor-widget elementor-widget-divider\" data-id=\"61be6912\" data-element_type=\"widget\" data-widget_type=\"divider.default\">\n\t\t\t\t<div class=\"elementor-widget-container\">\n\t\t\t\t\t\t\t<div class=\"elementor-divider\">\n\t\t\t<span class=\"elementor-divider-separator\">\n\t\t\t\t\t\t<\/span>\n\t\t<\/div>\n\t\t\t\t\t\t<\/div>\n\t\t\t\t<\/div>\n\t\t\t\t\t<\/div>\n\t\t<\/div>\n\t\t\t\t\t<\/div>\n\t\t<\/section>\n\t\t\t\t<section class=\"elementor-section elementor-top-section elementor-element elementor-element-843a682 elementor-section-boxed elementor-section-height-default elementor-section-height-default qodef-elementor-content-no\" data-id=\"843a682\" data-element_type=\"section\">\n\t\t\t\t\t\t<div class=\"elementor-container elementor-column-gap-default\">\n\t\t\t\t\t<div class=\"elementor-column elementor-col-33 elementor-top-column elementor-element elementor-element-764730c\" data-id=\"764730c\" data-element_type=\"column\">\n\t\t\t<div class=\"elementor-widget-wrap elementor-element-populated\">\n\t\t\t\t\t\t<div class=\"elementor-element elementor-element-b14fd28 elementor-widget elementor-widget-image\" data-id=\"b14fd28\" data-element_type=\"widget\" data-widget_type=\"image.default\">\n\t\t\t\t<div class=\"elementor-widget-container\">\n\t\t\t\t\t\t\t\t\t\t\t\t\t\t\t<img decoding=\"async\" src=\"https:\/\/m.media-amazon.com\/images\/S\/aplus-media-library-service-media\/bd6aee27-7aeb-4b0e-8740-9d25e527f031.__CR0,0,2000,2000_PT0_SX300_V1___.png\" title=\"\" alt=\"\" loading=\"lazy\" \/>\t\t\t\t\t\t\t\t\t\t\t\t\t\t\t<\/div>\n\t\t\t\t<\/div>\n\t\t\t\t<div class=\"elementor-element elementor-element-bbbad6f elementor-widget elementor-widget-spacer\" data-id=\"bbbad6f\" data-element_type=\"widget\" data-widget_type=\"spacer.default\">\n\t\t\t\t<div class=\"elementor-widget-container\">\n\t\t\t\t\t\t\t<div class=\"elementor-spacer\">\n\t\t\t<div class=\"elementor-spacer-inner\"><\/div>\n\t\t<\/div>\n\t\t\t\t\t\t<\/div>\n\t\t\t\t<\/div>\n\t\t\t\t<div class=\"elementor-element elementor-element-b0c4357 elementor-widget elementor-widget-text-editor\" data-id=\"b0c4357\" data-element_type=\"widget\" data-widget_type=\"text-editor.default\">\n\t\t\t\t<div class=\"elementor-widget-container\">\n\t\t\t\t\t\t\t\t\t<h4 class=\"a-spacing-mini\">ZDJ\u0118CIA W MA\u0141YM FORMACIE NA TELEFONIE KOM\u00d3RKOWYM? JU\u017b NIE&#8230; <\/h4><p>Wyeksponuj swoje ulubione zdj\u0119cia lub obrazy w pi\u0119knej ramce. Tw\u00f3j dom zyska jeszcze <span class=\"a-text-bold\">bardziej osobisty charakter<\/span> w mgnieniu oka. <\/p><p>Ponad <span class=\"a-text-bold\">400 rozmiar\u00f3w i 7 modnych wzor\u00f3w kolorystycznych folii okleinowej<\/span><\/p>\t\t\t\t\t\t\t\t<\/div>\n\t\t\t\t<\/div>\n\t\t\t\t\t<\/div>\n\t\t<\/div>\n\t\t\t\t<div class=\"elementor-column elementor-col-33 elementor-top-column elementor-element elementor-element-3a5b046\" data-id=\"3a5b046\" data-element_type=\"column\">\n\t\t\t<div class=\"elementor-widget-wrap elementor-element-populated\">\n\t\t\t\t\t\t<div class=\"elementor-element elementor-element-1610973 elementor-widget elementor-widget-image\" data-id=\"1610973\" data-element_type=\"widget\" data-widget_type=\"image.default\">\n\t\t\t\t<div class=\"elementor-widget-container\">\n\t\t\t\t\t\t\t\t\t\t\t\t\t\t\t<img decoding=\"async\" src=\"https:\/\/m.media-amazon.com\/images\/S\/aplus-media-library-service-media\/91eb8584-443f-47af-9901-88ffb44c57b5.__CR0,0,2000,2000_PT0_SX300_V1___.png\" title=\"\" alt=\"\" loading=\"lazy\" \/>\t\t\t\t\t\t\t\t\t\t\t\t\t\t\t<\/div>\n\t\t\t\t<\/div>\n\t\t\t\t<div class=\"elementor-element elementor-element-090a884 elementor-widget elementor-widget-spacer\" data-id=\"090a884\" data-element_type=\"widget\" data-widget_type=\"spacer.default\">\n\t\t\t\t<div class=\"elementor-widget-container\">\n\t\t\t\t\t\t\t<div class=\"elementor-spacer\">\n\t\t\t<div class=\"elementor-spacer-inner\"><\/div>\n\t\t<\/div>\n\t\t\t\t\t\t<\/div>\n\t\t\t\t<\/div>\n\t\t\t\t<div class=\"elementor-element elementor-element-50fc909 elementor-widget elementor-widget-text-editor\" data-id=\"50fc909\" data-element_type=\"widget\" data-widget_type=\"text-editor.default\">\n\t\t\t\t<div class=\"elementor-widget-container\">\n\t\t\t\t\t\t\t\t\t<h4 class=\"a-spacing-mini\">NAJWY\u017bSZA JAKO\u015a\u0106 I PRECYZJA: WYKONANE R\u0118CZNIE I W 100% W NIEMCZECH<\/h4><p>Wszystkie \u015bcienne ramy do obraz\u00f3w Clamaro s\u0105 wykonywane na <span class=\"a-text-bold\">indywidualne zam\u00f3wienie w naszej manufakturze ram do obraz\u00f3w i dostosowywane r\u0119cznie do \u017c\u0105danych wymiar\u00f3w <\/span>. Precyzja i jako\u015b\u0107 <span class=\"a-text-bold\">100% Made in Germany<\/span> <\/p>\t\t\t\t\t\t\t\t<\/div>\n\t\t\t\t<\/div>\n\t\t\t\t\t<\/div>\n\t\t<\/div>\n\t\t\t\t<div class=\"elementor-column elementor-col-33 elementor-top-column elementor-element elementor-element-a93ee5e\" data-id=\"a93ee5e\" data-element_type=\"column\">\n\t\t\t<div class=\"elementor-widget-wrap elementor-element-populated\">\n\t\t\t\t\t\t<div class=\"elementor-element elementor-element-03d829f elementor-widget elementor-widget-image\" data-id=\"03d829f\" data-element_type=\"widget\" data-widget_type=\"image.default\">\n\t\t\t\t<div class=\"elementor-widget-container\">\n\t\t\t\t\t\t\t\t\t\t\t\t\t\t\t<img decoding=\"async\" src=\"https:\/\/m.media-amazon.com\/images\/S\/aplus-media-library-service-media\/a6688ee5-aaed-49cb-a791-665ea034eb2e.__CR91,91,1818,1818_PT0_SX300_V1___.png\" title=\"\" alt=\"\" loading=\"lazy\" \/>\t\t\t\t\t\t\t\t\t\t\t\t\t\t\t<\/div>\n\t\t\t\t<\/div>\n\t\t\t\t<div class=\"elementor-element elementor-element-882d344 elementor-widget elementor-widget-spacer\" data-id=\"882d344\" data-element_type=\"widget\" data-widget_type=\"spacer.default\">\n\t\t\t\t<div class=\"elementor-widget-container\">\n\t\t\t\t\t\t\t<div class=\"elementor-spacer\">\n\t\t\t<div class=\"elementor-spacer-inner\"><\/div>\n\t\t<\/div>\n\t\t\t\t\t\t<\/div>\n\t\t\t\t<\/div>\n\t\t\t\t<div class=\"elementor-element elementor-element-6af7a9c elementor-widget elementor-widget-text-editor\" data-id=\"6af7a9c\" data-element_type=\"widget\" data-widget_type=\"text-editor.default\">\n\t\t\t\t<div class=\"elementor-widget-container\">\n\t\t\t\t\t\t\t\t\t<h4 class=\"a-spacing-mini\">Oprawiasz puzzle, certyfikat lub plakat kinowy? Mamy odpowiedni rozmiar dla ka\u017cdego&#8230; <\/h4>\n<p>Nasz&nbsp;W zale\u017cno\u015bci od po\u017c\u0105danego rozmiaru, <span class=\"a-text-bold\">zdejmowane ramki Clamaro COLLAGE<\/span> 30 doskonale nadaj\u0105 si\u0119 jako klasyczne ramki.&nbsp;<span class=\"a-text-bold\">Ramki na zdj\u0119cia, ramki na obrazy, ramki na certyfikaty lub, na przyk\u0142ad, jako ramka na puzzle 50&#215;70 <\/span>. R\u00f3wnie\u017c typowe &nbsp;<span class=\"a-text-bold\">Rozmiary zdj\u0119\u0107<\/span>, takie jak&nbsp;<span class=\"a-text-bold\">10&#215;15<\/span>, klasyczne rozmiary takie jak&nbsp;<span class=\"a-text-bold\">DIN A3, DIN A4 i DIN A5<\/span> lub wielkoformatowy Maxi&nbsp;Mo\u017cliwo\u015b\u0107 zam\u00f3wienia <span class=\"a-text-bold\">plakatu kinowego w formacie DIN A0<\/span>.<\/p>\t\t\t\t\t\t\t\t<\/div>\n\t\t\t\t<\/div>\n\t\t\t\t\t<\/div>\n\t\t<\/div>\n\t\t\t\t\t<\/div>\n\t\t<\/section>\n\t\t\t\t<section class=\"elementor-section elementor-top-section elementor-element elementor-element-906b0f8 elementor-section-boxed elementor-section-height-default elementor-section-height-default qodef-elementor-content-no\" data-id=\"906b0f8\" data-element_type=\"section\">\n\t\t\t\t\t\t<div class=\"elementor-container elementor-column-gap-default\">\n\t\t\t\t\t<div class=\"elementor-column elementor-col-25 elementor-top-column elementor-element elementor-element-69325dc\" data-id=\"69325dc\" data-element_type=\"column\">\n\t\t\t<div class=\"elementor-widget-wrap elementor-element-populated\">\n\t\t\t\t\t\t<div class=\"elementor-element elementor-element-c22e927 elementor-widget elementor-widget-image\" data-id=\"c22e927\" data-element_type=\"widget\" data-widget_type=\"image.default\">\n\t\t\t\t<div class=\"elementor-widget-container\">\n\t\t\t\t\t\t\t\t\t\t\t\t\t\t\t<img decoding=\"async\" src=\"https:\/\/m.media-amazon.com\/images\/S\/aplus-media-library-service-media\/4d17aa6c-4388-4b9f-a5ad-c05870ac800d.__CR619,1301,1333,1333_PT0_SX220_V1___.png\" title=\"\" alt=\"\" loading=\"lazy\" \/>\t\t\t\t\t\t\t\t\t\t\t\t\t\t\t<\/div>\n\t\t\t\t<\/div>\n\t\t\t\t<div class=\"elementor-element elementor-element-f22ab6b elementor-widget elementor-widget-spacer\" data-id=\"f22ab6b\" data-element_type=\"widget\" data-widget_type=\"spacer.default\">\n\t\t\t\t<div class=\"elementor-widget-container\">\n\t\t\t\t\t\t\t<div class=\"elementor-spacer\">\n\t\t\t<div class=\"elementor-spacer-inner\"><\/div>\n\t\t<\/div>\n\t\t\t\t\t\t<\/div>\n\t\t\t\t<\/div>\n\t\t\t\t<div class=\"elementor-element elementor-element-7a58449 elementor-widget elementor-widget-text-editor\" data-id=\"7a58449\" data-element_type=\"widget\" data-widget_type=\"text-editor.default\">\n\t\t\t\t<div class=\"elementor-widget-container\">\n\t\t\t\t\t\t\t\t\t<h4 class=\"a-spacing-mini\">Listwa ramowa \u201eCOLLAGE 30\u201d<\/h4><p class=\"a-size-small\">Listwa ramowa o<span class=\"a-text-bold\">szeroko\u015bci 30 mm<\/span> jest wykonana z wysokiej jako\u015bci i trwa\u0142ego <span class=\"a-text-bold\">drewna MDF <\/span>i laminowana <span class=\"a-text-bold\">pow\u0142ok\u0105 odporn\u0105 na zarysowania i promieniowanie UV. <\/span><\/p>\t\t\t\t\t\t\t\t<\/div>\n\t\t\t\t<\/div>\n\t\t\t\t\t<\/div>\n\t\t<\/div>\n\t\t\t\t<div class=\"elementor-column elementor-col-25 elementor-top-column elementor-element elementor-element-8a642a0\" data-id=\"8a642a0\" data-element_type=\"column\">\n\t\t\t<div class=\"elementor-widget-wrap elementor-element-populated\">\n\t\t\t\t\t\t<div class=\"elementor-element elementor-element-b3425c8 elementor-widget elementor-widget-image\" data-id=\"b3425c8\" data-element_type=\"widget\" data-widget_type=\"image.default\">\n\t\t\t\t<div class=\"elementor-widget-container\">\n\t\t\t\t\t\t\t\t\t\t\t\t\t\t\t<img decoding=\"async\" src=\"https:\/\/m.media-amazon.com\/images\/S\/aplus-media-library-service-media\/1196917b-d844-48ff-8876-587315aebd36.__CR184,398,1333,1333_PT0_SX220_V1___.png\" title=\"\" alt=\"\" loading=\"lazy\" \/>\t\t\t\t\t\t\t\t\t\t\t\t\t\t\t<\/div>\n\t\t\t\t<\/div>\n\t\t\t\t<div class=\"elementor-element elementor-element-5eb0f8c elementor-widget elementor-widget-spacer\" data-id=\"5eb0f8c\" data-element_type=\"widget\" data-widget_type=\"spacer.default\">\n\t\t\t\t<div class=\"elementor-widget-container\">\n\t\t\t\t\t\t\t<div class=\"elementor-spacer\">\n\t\t\t<div class=\"elementor-spacer-inner\"><\/div>\n\t\t<\/div>\n\t\t\t\t\t\t<\/div>\n\t\t\t\t<\/div>\n\t\t\t\t<div class=\"elementor-element elementor-element-bc60fca elementor-widget elementor-widget-text-editor\" data-id=\"bc60fca\" data-element_type=\"widget\" data-widget_type=\"text-editor.default\">\n\t\t\t\t<div class=\"elementor-widget-container\">\n\t\t\t\t\t\t\t\t\t<h4 class=\"a-spacing-mini\">Panel tylny i wieszak (format poziomy i pionowy)<\/h4><p class=\"a-size-small\">Aby zapewni\u0107, \u017ce ramka zatrzaskowa <span class=\"a-text-bold\">COLLAGE <\/span>30 nie straci nic ze swojej stabilno\u015bci, nawet w przypadku ramek wielkoformatowych, wyposa\u017cyli\u015bmy ka\u017cd\u0105 ramk\u0119 w <span class=\"a-text-bold\">tylny panel o grubo\u015bci 2,5 mm wykonany z drewna HDF<\/span>. Ponadto ka\u017cda ramka jest wyposa\u017cona w <span class=\"a-text-bold\">2 solidne metalowe wieszaki<\/span> do monta\u017cu na \u015bcianie w <span class=\"a-text-bold\">formacie pionowym lub poziomym<\/span>. <\/p>\t\t\t\t\t\t\t\t<\/div>\n\t\t\t\t<\/div>\n\t\t\t\t\t<\/div>\n\t\t<\/div>\n\t\t\t\t<div class=\"elementor-column elementor-col-25 elementor-top-column elementor-element elementor-element-a3195c8\" data-id=\"a3195c8\" data-element_type=\"column\">\n\t\t\t<div class=\"elementor-widget-wrap elementor-element-populated\">\n\t\t\t\t\t\t<div class=\"elementor-element elementor-element-4fa7aea elementor-widget elementor-widget-image\" data-id=\"4fa7aea\" data-element_type=\"widget\" data-widget_type=\"image.default\">\n\t\t\t\t<div class=\"elementor-widget-container\">\n\t\t\t\t\t\t\t\t\t\t\t\t\t\t\t<img decoding=\"async\" src=\"https:\/\/m.media-amazon.com\/images\/S\/aplus-media-library-service-media\/f0f4f528-ad47-4cbf-88cb-818e2cdee1db.__CR1341,1162,488,488_PT0_SX220_V1___.png\" title=\"\" alt=\"\" loading=\"lazy\" \/>\t\t\t\t\t\t\t\t\t\t\t\t\t\t\t<\/div>\n\t\t\t\t<\/div>\n\t\t\t\t<div class=\"elementor-element elementor-element-bf8702a elementor-widget elementor-widget-spacer\" data-id=\"bf8702a\" data-element_type=\"widget\" data-widget_type=\"spacer.default\">\n\t\t\t\t<div class=\"elementor-widget-container\">\n\t\t\t\t\t\t\t<div class=\"elementor-spacer\">\n\t\t\t<div class=\"elementor-spacer-inner\"><\/div>\n\t\t<\/div>\n\t\t\t\t\t\t<\/div>\n\t\t\t\t<\/div>\n\t\t\t\t<div class=\"elementor-element elementor-element-20097da elementor-widget elementor-widget-text-editor\" data-id=\"20097da\" data-element_type=\"widget\" data-widget_type=\"text-editor.default\">\n\t\t\t\t<div class=\"elementor-widget-container\">\n\t\t\t\t\t\t\t\t\t<h4 class=\"a-spacing-mini\">METALOWE SWORZNIE GN\u0104CE &#8211; BEZ PO\u015aLIZGU<\/h4><p class=\"a-size-small\">Aby zapewni\u0107, \u017ce nic si\u0119 nie wy\u015blizgnie, do tylnej cz\u0119\u015bci listwy ramy przymocowana <span class=\"a-text-bold\">jest wystarczaj\u0105ca liczba mocnych metalowych ko\u0142k\u00f3w do gi\u0119cia<\/span>. Ko\u0142ki do gi\u0119cia przytrzymuj\u0105 i mocno dociskaj\u0105 ram\u0119, obraz, szk\u0142o akrylowe i tylny panel. Mo\u017cna je \u0142atwo wygi\u0105\u0107 za pomoc\u0105 mocnych paznokci lub cienkiego \u015brubokr\u0119ta p\u0142askiego.  <\/p>\t\t\t\t\t\t\t\t<\/div>\n\t\t\t\t<\/div>\n\t\t\t\t\t<\/div>\n\t\t<\/div>\n\t\t\t\t<div class=\"elementor-column elementor-col-25 elementor-top-column elementor-element elementor-element-ae2a026\" data-id=\"ae2a026\" data-element_type=\"column\">\n\t\t\t<div class=\"elementor-widget-wrap elementor-element-populated\">\n\t\t\t\t\t\t<div class=\"elementor-element elementor-element-9d720f7 elementor-widget elementor-widget-image\" data-id=\"9d720f7\" data-element_type=\"widget\" data-widget_type=\"image.default\">\n\t\t\t\t<div class=\"elementor-widget-container\">\n\t\t\t\t\t\t\t\t\t\t\t\t\t\t\t<img decoding=\"async\" src=\"https:\/\/m.media-amazon.com\/images\/S\/aplus-media-library-service-media\/ae728e20-2793-4470-ba1a-6ba87b6baa70.__CR501,1229,571,571_PT0_SX220_V1___.png\" title=\"\" alt=\"\" loading=\"lazy\" \/>\t\t\t\t\t\t\t\t\t\t\t\t\t\t\t<\/div>\n\t\t\t\t<\/div>\n\t\t\t\t<div class=\"elementor-element elementor-element-dc66634 elementor-widget elementor-widget-spacer\" data-id=\"dc66634\" data-element_type=\"widget\" data-widget_type=\"spacer.default\">\n\t\t\t\t<div class=\"elementor-widget-container\">\n\t\t\t\t\t\t\t<div class=\"elementor-spacer\">\n\t\t\t<div class=\"elementor-spacer-inner\"><\/div>\n\t\t<\/div>\n\t\t\t\t\t\t<\/div>\n\t\t\t\t<\/div>\n\t\t\t\t<div class=\"elementor-element elementor-element-abc77fd elementor-widget elementor-widget-text-editor\" data-id=\"abc77fd\" data-element_type=\"widget\" data-widget_type=\"text-editor.default\">\n\t\t\t\t<div class=\"elementor-widget-container\">\n\t\t\t\t\t\t\t\t\t<h4 class=\"a-spacing-mini\">Szk\u0142o akrylowe zamiast kruchego prawdziwego szk\u0142a<\/h4><p class=\"a-size-small\">Nie u\u017cywamy ci\u0119\u017ckiego i \u0142atwo t\u0142uk\u0105cego si\u0119 prawdziwego szk\u0142a. Nasze ramki s\u0105 wyposa\u017cone w <span class=\"a-text-bold\">wysoce przezroczyst\u0105 tafl\u0119 szk\u0142a artystycznego<\/span>. Dzi\u0119ki temu rama <span class=\"a-text-bold\">COLLAGE <\/span>30 jest znacznie <span class=\"a-text-bold\">l\u017cejsza ni\u017c szklane ramy do obraz\u00f3w<\/span>, a przede wszystkim znacznie <span class=\"a-text-bold\">ta\u0144sza i bezpieczniejsza w transporcie.<\/span>  <\/p>\t\t\t\t\t\t\t\t<\/div>\n\t\t\t\t<\/div>\n\t\t\t\t\t<\/div>\n\t\t<\/div>\n\t\t\t\t\t<\/div>\n\t\t<\/section>\n\t\t\t\t<section class=\"elementor-section elementor-top-section elementor-element elementor-element-9e8513f elementor-section-boxed elementor-section-height-default elementor-section-height-default qodef-elementor-content-no\" data-id=\"9e8513f\" data-element_type=\"section\">\n\t\t\t\t\t\t<div class=\"elementor-container elementor-column-gap-default\">\n\t\t\t\t\t<div class=\"elementor-column elementor-col-50 elementor-top-column elementor-element elementor-element-5c25395\" data-id=\"5c25395\" data-element_type=\"column\">\n\t\t\t<div class=\"elementor-widget-wrap elementor-element-populated\">\n\t\t\t\t\t\t<div class=\"elementor-element elementor-element-f659c06 elementor-widget elementor-widget-image\" data-id=\"f659c06\" data-element_type=\"widget\" data-widget_type=\"image.default\">\n\t\t\t\t<div class=\"elementor-widget-container\">\n\t\t\t\t\t\t\t\t\t\t\t\t\t\t\t<img fetchpriority=\"high\" decoding=\"async\" width=\"480\" height=\"295\" src=\"https:\/\/clamaro.eu\/wp-content\/uploads\/2023\/09\/Bildschirmfoto-2023-09-22-um-11.42.29.png\" class=\"attachment-large size-large wp-image-94575\" alt=\"\" srcset=\"https:\/\/clamaro.eu\/wp-content\/uploads\/2023\/09\/Bildschirmfoto-2023-09-22-um-11.42.29.png 480w, https:\/\/clamaro.eu\/wp-content\/uploads\/2023\/09\/Bildschirmfoto-2023-09-22-um-11.42.29-300x184.png 300w\" sizes=\"(max-width: 480px) 100vw, 480px\" \/>\t\t\t\t\t\t\t\t\t\t\t\t\t\t\t<\/div>\n\t\t\t\t<\/div>\n\t\t\t\t\t<\/div>\n\t\t<\/div>\n\t\t\t\t<div class=\"elementor-column elementor-col-50 elementor-top-column elementor-element elementor-element-c96f14c\" data-id=\"c96f14c\" data-element_type=\"column\">\n\t\t\t<div class=\"elementor-widget-wrap elementor-element-populated\">\n\t\t\t\t\t\t<div class=\"elementor-element elementor-element-90305b5 elementor-widget elementor-widget-text-editor\" data-id=\"90305b5\" data-element_type=\"widget\" data-widget_type=\"text-editor.default\">\n\t\t\t\t<div class=\"elementor-widget-container\">\n\t\t\t\t\t\t\t\t\t<h3 class=\"a-spacing-mini\">Szczeg\u00f3\u0142owa listwa ramy<\/h3><p>Nowoczesna, kanciasta listwa ma wsp\u00f3\u0142czesny, a jednocze\u015bnie klasycznie ponadczasowy design. Listwa ramowa <span class=\"a-text-bold\">Clamaro COLLAGE 30<\/span> ma<span class=\"a-text-bold\">30 mm szeroko\u015bci i 16 mm g\u0142\u0119boko\u015bci<\/span>. Wykonana jest z <span class=\"a-text-bold\">drewna MDF<\/span> i laminowana <span class=\"a-text-bold\">odporn\u0105 na zarysowania i promieniowanie UV foli\u0105 dekor<\/span> acyjn\u0105. Kolejn\u0105 specjaln\u0105 cech\u0105 naszej folii dekoracyjnej jest <span class=\"a-text-bold\">pe\u0142ne owini\u0119cie <\/span>listwy ramowej. Zapewnia to jednolite og\u00f3lne wra\u017cenie, a folia nie odkleja si\u0119, jak ma to miejsce w przypadku cz\u0119\u015bciowo owini\u0119tych listew ramowych.    <\/p>\t\t\t\t\t\t\t\t<\/div>\n\t\t\t\t<\/div>\n\t\t\t\t\t<\/div>\n\t\t<\/div>\n\t\t\t\t\t<\/div>\n\t\t<\/section>\n\t\t\t\t<section class=\"elementor-section elementor-top-section elementor-element elementor-element-71aef38 elementor-section-boxed elementor-section-height-default elementor-section-height-default qodef-elementor-content-no\" data-id=\"71aef38\" data-element_type=\"section\">\n\t\t\t\t\t\t<div class=\"elementor-container elementor-column-gap-default\">\n\t\t\t\t\t<div class=\"elementor-column elementor-col-100 elementor-top-column elementor-element elementor-element-744d97e\" data-id=\"744d97e\" data-element_type=\"column\">\n\t\t\t<div class=\"elementor-widget-wrap elementor-element-populated\">\n\t\t\t\t\t\t<div class=\"elementor-element elementor-element-a932895 elementor-widget elementor-widget-text-editor\" data-id=\"a932895\" data-element_type=\"widget\" data-widget_type=\"text-editor.default\">\n\t\t\t\t<div class=\"elementor-widget-container\">\n\t\t\t\t\t\t\t\t\t<p><span class=\"a-text-bold\">Wszystkie szczeg\u00f3\u0142y produktu w skr\u00f3cie:<\/span><\/p><p><span class=\"a-text-bold\">Bar:<\/span><\/p><p> <\/p><ul class=\"a-unordered-list a-vertical\"><li><span class=\"a-list-item\">P\u0142yty MDF z drewna pochodz\u0105cego ze zr\u00f3wnowa\u017conej i uczciwej produkcji le\u015bnej UE.<\/span><\/li><li><span class=\"a-list-item\">Pow\u0142oka: w pe\u0142ni powlekana, wytrzyma\u0142a, trwa\u0142a, odporna na zarysowania i promieniowanie UV.<\/span><\/li><li><span class=\"a-list-item\">Bezszwowe i wysoce precyzyjne skosy bez szczelin dzi\u0119ki naszym najnowocze\u015bniejszym maszynom.<\/span><\/li><\/ul><p> <\/p><p><span class=\"a-text-bold\">Dysk:<\/span><\/p><p> <\/p><ul class=\"a-unordered-list a-vertical\"><li><span class=\"a-list-item\">Wyposa\u017cona w szyb\u0119 z praktycznie niet\u0142uk\u0105cego szk\u0142a akrylowego o grubo\u015bci 0,5-2 mm, w zale\u017cno\u015bci od rozmiaru ramki.<\/span><\/li><li><span class=\"a-list-item\">Wyra\u017ana i autentyczna transmisja kolor\u00f3w &#8211; przepuszczalno\u015b\u0107 \u015bwiat\u0142a odpowiadaj\u0105ca prawdziwej szybie.<\/span><\/li><li><span class=\"a-list-item\">Obywamy si\u0119 bez delikatnych, trudnych w transporcie i \u0142atwo t\u0142uk\u0105cych si\u0119 tafli prawdziwego szk\u0142a.<\/span><\/li><\/ul><p> <\/p><p><span class=\"a-text-bold\">Panel tylny:<\/span><\/p><p> <\/p><ul class=\"a-unordered-list a-vertical\"><li><span class=\"a-list-item\">2 solidne metalowe klipsy do monta\u017cu poziomego (format poziomy) lub pionowego (format pionowy).<\/span><\/li><li><span class=\"a-list-item\">Z\u0105bkowane mocowanie w klipsach mocuj\u0105cych zapewnia szybkie i \u0142atwe wyr\u00f3wnanie.<\/span><\/li><li><span class=\"a-list-item\">P\u0142yta drewniana MDF o grubo\u015bci 2,5 mm jako stabilizuj\u0105cy i no\u015bny panel tylny.<\/span><\/li><li><span class=\"a-list-item\">Mocne metalowe ko\u0142ki do gi\u0119cia mocno dociskaj\u0105 ramk\u0119 do p\u0142yty i panelu MDF. Pozwala to r\u00f3wnie\u017c na szybk\u0105 wymian\u0119 zdj\u0119\u0107 bez u\u017cycia narz\u0119dzi. <\/span><\/li><\/ul><p> <\/p><p><span class=\"a-text-bold\">PRZED Z\u0141O\u017bENIEM <\/span>ZAM\u00d3WIENIA: Wszystkie ramki zakrywaj\u0105 cz\u0119\u015b\u0107 obrazu ze wszystkich stron (ok. 5-6 mm). Na przyk\u0142ad zdj\u0119cie o wymiarach 50&#215;70 cm wymaga r\u00f3wnie\u017c ramki o wymiarach 50&#215;70 cm. <\/p><p><span class=\"a-text-bold\">WA\u017bNA UWAGA DOTYCZ\u0104CA NASZYCH ZDJ\u0118\u0106:<\/span> Kolor u\u017cywanych przez nas zdj\u0119\u0107 produkt\u00f3w mo\u017ce si\u0119 nieznacznie r\u00f3\u017cni\u0107 od naszych zdj\u0119\u0107 ze wzgl\u0119du na ustawienia kolor\u00f3w i jasno\u015bci ekranu.<\/p>\t\t\t\t\t\t\t\t<\/div>\n\t\t\t\t<\/div>\n\t\t\t\t\t<\/div>\n\t\t<\/div>\n\t\t\t\t\t<\/div>\n\t\t<\/section>\n\t\t\t\t<\/div>\n\t\t","protected":false},"excerpt":{"rendered":"<p>Do monta\u017cu na \u015bcianie w formacie pionowym lub poziomym<\/p>\n<p><strong><span style=\"color: #808080;\"><a style=\"color: #808080;\" href=\"https:\/\/clamaro.eu\/wp-content\/uploads\/2023\/09\/Konfirmitaetserklaerung-Bilderrahmen-mit-Unterschrift.pdf-1.pdf\">Bezpiecze\u0144stwo ramek do zdj\u0119\u0107 i informacje o produkcie.pdf<\/a><\/span><\/strong><\/p>\n<p>&nbsp;<\/p>\n","protected":false},"featured_media":94563,"template":"","meta":{"om_disable_all_campaigns":false},"product_brand":[],"product_cat":[4807,4793],"product_tag":[],"class_list":{"0":"post-94560","1":"product","2":"type-product","3":"status-publish","4":"has-post-thumbnail","6":"product_cat-classic-design-m30-pl","7":"product_cat-ramka-na-zdjecia","9":"first","10":"instock","11":"taxable","12":"shipping-taxable","13":"purchasable","14":"product-type-simple"},"gallery_images":[34300,70597,66792,34312,34306,34318,33553,33547],"_links":{"self":[{"href":"https:\/\/clamaro.eu\/pl\/wp-json\/wp\/v2\/product\/94560","targetHints":{"allow":["GET"]}}],"collection":[{"href":"https:\/\/clamaro.eu\/pl\/wp-json\/wp\/v2\/product"}],"about":[{"href":"https:\/\/clamaro.eu\/pl\/wp-json\/wp\/v2\/types\/product"}],"version-history":[{"count":1,"href":"https:\/\/clamaro.eu\/pl\/wp-json\/wp\/v2\/product\/94560\/revisions"}],"predecessor-version":[{"id":94577,"href":"https:\/\/clamaro.eu\/pl\/wp-json\/wp\/v2\/product\/94560\/revisions\/94577"}],"wp:featuredmedia":[{"embeddable":true,"href":"https:\/\/clamaro.eu\/pl\/wp-json\/wp\/v2\/media\/94563"}],"wp:attachment":[{"href":"https:\/\/clamaro.eu\/pl\/wp-json\/wp\/v2\/media?parent=94560"}],"wp:term":[{"taxonomy":"product_brand","embeddable":true,"href":"https:\/\/clamaro.eu\/pl\/wp-json\/wp\/v2\/product_brand?post=94560"},{"taxonomy":"product_cat","embeddable":true,"href":"https:\/\/clamaro.eu\/pl\/wp-json\/wp\/v2\/product_cat?post=94560"},{"taxonomy":"product_tag","embeddable":true,"href":"https:\/\/clamaro.eu\/pl\/wp-json\/wp\/v2\/product_tag?post=94560"}],"curies":[{"name":"wp","href":"https:\/\/api.w.org\/{rel}","templated":true}]}}