{"id":94124,"date":"2025-03-21T06:27:43","date_gmt":"2025-03-21T06:27:43","guid":{"rendered":"https:\/\/clamaro.eu\/product\/memo-czarny-mat\/"},"modified":"2025-12-03T10:39:40","modified_gmt":"2025-12-03T10:39:40","slug":"memo-czarny-mat","status":"publish","type":"product","link":"https:\/\/clamaro.eu\/pl\/produkt\/memo-czarny-mat\/","title":{"rendered":"Memo czarny mat"},"content":{"rendered":"\t\t<div data-elementor-type=\"wp-post\" data-elementor-id=\"94124\" class=\"elementor elementor-94124 elementor-87438\">\n\t\t\t\t\t\t<section class=\"elementor-section elementor-top-section elementor-element elementor-element-28b5ed7 elementor-section-boxed elementor-section-height-default elementor-section-height-default qodef-elementor-content-no\" data-id=\"28b5ed7\" data-element_type=\"section\">\n\t\t\t\t\t\t<div class=\"elementor-container elementor-column-gap-default\">\n\t\t\t\t\t<div class=\"elementor-column elementor-col-100 elementor-top-column elementor-element elementor-element-53fe360\" data-id=\"53fe360\" data-element_type=\"column\">\n\t\t\t<div class=\"elementor-widget-wrap elementor-element-populated\">\n\t\t\t\t\t\t<div class=\"elementor-element elementor-element-d1395f6 elementor-widget elementor-widget-text-editor\" data-id=\"d1395f6\" data-element_type=\"widget\" data-widget_type=\"text-editor.default\">\n\t\t\t\t<div class=\"elementor-widget-container\">\n\t\t\t\t\t\t\t\t\t<h4><span style=\"font-size: large;\"><strong>Korkowa ramka na zdj\u0119cia Clamaro &#8211; ramka na pinezki z 10 pinezkami, 17 kolorami i korkiem o grubo\u015bci 7-8 mm<\/strong><\/span><\/h4><div><ul><li><div><h4 data-end=\"162\" data-start=\"73\"><strong data-end=\"160\" data-start=\"77\">Korkowe ramki na zdj\u0119cia Clamaro &#8211; naturalna elegancja dla zdj\u0119\u0107 i wspomnie\u0144<\/strong><br><br>Zaprezentuj swoje ulubione chwile w dobrym stylu dzi\u0119ki naszej wysokiej jako\u015bci korkowej ramce na zdj\u0119cia. Dzi\u0119ki naturalnemu wygl\u0105dowi, wytrzyma\u0142emu materia\u0142owi o grubo\u015bci ok. 7-8 mm i mo\u017cliwo\u015bci wyboru spo\u015br\u00f3d <strong data-end=\"390\" data-start=\"363\">17 r\u00f3\u017cnych kolor\u00f3w<\/strong>, ramka ta oferuje trwa\u0142e i przyjazne dla \u015brodowiska rozwi\u0105zanie dla zdj\u0119\u0107, plakat\u00f3w lub dzie\u0142 sztuki. <br><br><strong data-end=\"555\" data-start=\"515\">Optymalna prezentacja i elastyczno\u015b\u0107<\/strong><br><br>Ramka wykonana z wysokiej jako\u015bci korka nadaje zdj\u0119ciom ciep\u0142y, naturalny charakter i harmonijnie komponuje si\u0119 z ka\u017cdym wn\u0119trzem domu lub biura. Dzi\u0119ki <strong data-end=\"750\" data-start=\"732\">10<\/strong> do\u0142\u0105czonym <strong data-end=\"750\" data-start=\"732\">pinezkom<\/strong> mo\u017cna elastycznie uk\u0142ada\u0107 lub zamienia\u0107 zdj\u0119cia &#8211; idealne do notatek, wspomnie\u0144 lub kreatywnych projekt\u00f3w. <br><br><strong data-end=\"900\" data-start=\"880\">Prosty monta\u017c<\/strong><br><br>Wytrzyma\u0142y panel tylny i zintegrowane wieszaki umo\u017cliwiaj\u0105 bezpieczny monta\u017c na \u015bcianie &#8211; zar\u00f3wno w pionie, jak i w poziomie.<br><br><strong data-end=\"1081\" data-start=\"1038\">R\u00f3\u017cne rozmiary dostosowane do potrzeb<\/strong><br><br>Dost\u0119pne w r\u00f3\u017cnych formatach dla maksymalnej elastyczno\u015bci:<br><br>\u2705 <strong data-end=\"1167\" data-start=\"1153\">30 x 20 cm<\/strong><br data-end=\"1170\" data-start=\"1167\">\u2705 <strong data-end=\"1186\" data-start=\"1172\">40 x 30 cm<\/strong><br data-end=\"1189\" data-start=\"1186\">\u2705 <strong data-end=\"1205\" data-start=\"1191\">60 x 40 cm<\/strong><br data-end=\"1208\" data-start=\"1205\">\u2705 <strong data-end=\"1224\" data-start=\"1210\">80 x 40 cm<\/strong><br data-end=\"1227\" data-start=\"1224\">\u2705 <strong data-end=\"1243\" data-start=\"1229\">90 x 60 cm<\/strong><br data-end=\"1246\" data-start=\"1243\">\u2705 <strong data-end=\"1263\" data-start=\"1248\">100 x 40 cm<\/strong><br data-end=\"1266\" data-start=\"1263\">\u2705 <strong data-end=\"1283\" data-start=\"1268\">100 x 50 cm<\/strong><br data-end=\"1286\" data-start=\"1283\">\u2705 <strong data-end=\"1303\" data-start=\"1288\">100 x 80 cm<\/strong><br data-end=\"1306\" data-is-only-node=\"\" data-start=\"1303\">\u2705 <strong data-end=\"1323\" data-start=\"1308\">120 x 80 cm<\/strong><br data-end=\"1326\" data-start=\"1323\">\u2705           <strong data-end=\"1343\" data-start=\"1328\">120 x 90 cm<\/strong><br><br><strong data-end=\"1401\" data-start=\"1351\">Wysoka jako\u015b\u0107 wykonania i wszechstronne zastosowanie<\/strong><br><br>\u2714 Naturalny korek o grubo\u015bci ok. 7-8 mm<br data-end=\"1447\" data-start=\"1444\">\u2714 17 r\u00f3\u017cnych kolor\u00f3w do wyboru<br data-end=\"1486\" data-start=\"1483\">\u2714 Zawiera <strong data-end=\"1516\" data-start=\"1498\">10 pinezek<\/strong> do indywidualnego projektowania<br data-end=\"1547\" data-start=\"1544\">\u2714 Solidna i trwa\u0142a rama<br data-end=\"1583\" data-start=\"1580\">\u2714 \u0141atwy i bezpieczny monta\u017c na \u015bcianie<br data-end=\"1620\" data-start=\"1617\">\u2714 Wszechstronne zastosowanie do zdj\u0119\u0107, plakat\u00f3w, notatek, certyfikat\u00f3w lub kola\u017cy<br><br>Poka\u017c swoje ulubione zdj\u0119cia z najlepszej strony i ciesz si\u0119 stylow\u0105 estetyk\u0105 naszej korkowej ramki na zdj\u0119cia. <strong data-end=\"1840\" data-start=\"1817\">Zam\u00f3w teraz<\/strong> i nadaj swoim \u015bcianom naturalny i kreatywny wygl\u0105d!<\/h4><\/div><\/li><\/ul><\/div>\t\t\t\t\t\t\t\t<\/div>\n\t\t\t\t<\/div>\n\t\t\t\t\t<\/div>\n\t\t<\/div>\n\t\t\t\t\t<\/div>\n\t\t<\/section>\n\t\t\t\t<section class=\"elementor-section elementor-top-section elementor-element elementor-element-81f2a08 elementor-section-boxed elementor-section-height-default elementor-section-height-default qodef-elementor-content-no\" data-id=\"81f2a08\" data-element_type=\"section\">\n\t\t\t\t\t\t<div class=\"elementor-container elementor-column-gap-default\">\n\t\t\t\t\t<div class=\"elementor-column elementor-col-100 elementor-top-column elementor-element elementor-element-98bec6d\" data-id=\"98bec6d\" data-element_type=\"column\">\n\t\t\t<div class=\"elementor-widget-wrap elementor-element-populated\">\n\t\t\t\t\t\t<div class=\"elementor-element elementor-element-ca5457a elementor-widget elementor-widget-image\" data-id=\"ca5457a\" data-element_type=\"widget\" data-widget_type=\"image.default\">\n\t\t\t\t<div class=\"elementor-widget-container\">\n\t\t\t\t\t\t\t\t\t\t\t\t\t\t\t<img decoding=\"async\" src=\"https:\/\/m.media-amazon.com\/images\/S\/aplus-media-library-service-media\/8a7af628-f583-4702-8d22-927f8f7f49e2.__CR0,0,600,180_PT0_SX600_V1___.png\" title=\"\" alt=\"\" loading=\"lazy\" \/>\t\t\t\t\t\t\t\t\t\t\t\t\t\t\t<\/div>\n\t\t\t\t<\/div>\n\t\t\t\t\t<\/div>\n\t\t<\/div>\n\t\t\t\t\t<\/div>\n\t\t<\/section>\n\t\t\t\t<section class=\"elementor-section elementor-top-section elementor-element elementor-element-7fec561 elementor-section-boxed elementor-section-height-default elementor-section-height-default qodef-elementor-content-no\" data-id=\"7fec561\" data-element_type=\"section\">\n\t\t\t\t\t\t<div class=\"elementor-container elementor-column-gap-default\">\n\t\t\t\t\t<div class=\"elementor-column elementor-col-50 elementor-top-column elementor-element elementor-element-4323722\" data-id=\"4323722\" data-element_type=\"column\">\n\t\t\t<div class=\"elementor-widget-wrap elementor-element-populated\">\n\t\t\t\t\t\t<div class=\"elementor-element elementor-element-1b88a64 elementor-widget elementor-widget-image\" data-id=\"1b88a64\" data-element_type=\"widget\" data-widget_type=\"image.default\">\n\t\t\t\t<div class=\"elementor-widget-container\">\n\t\t\t\t\t\t\t\t\t\t\t\t\t\t\t<img decoding=\"async\" src=\"https:\/\/clamaro.eu\/wp-content\/uploads\/2023\/04\/Clamaro-collage-bilderrahmen-rahmen-rahmenleiste-querschnitt.png\" title=\"\" alt=\"\" loading=\"lazy\" \/>\t\t\t\t\t\t\t\t\t\t\t\t\t\t\t<\/div>\n\t\t\t\t<\/div>\n\t\t\t\t\t<\/div>\n\t\t<\/div>\n\t\t\t\t<div class=\"elementor-column elementor-col-50 elementor-top-column elementor-element elementor-element-eeb2416\" data-id=\"eeb2416\" data-element_type=\"column\">\n\t\t\t<div class=\"elementor-widget-wrap elementor-element-populated\">\n\t\t\t\t\t\t<div class=\"elementor-element elementor-element-028b91e elementor-widget elementor-widget-spacer\" data-id=\"028b91e\" data-element_type=\"widget\" data-widget_type=\"spacer.default\">\n\t\t\t\t<div class=\"elementor-widget-container\">\n\t\t\t\t\t\t\t<div class=\"elementor-spacer\">\n\t\t\t<div class=\"elementor-spacer-inner\"><\/div>\n\t\t<\/div>\n\t\t\t\t\t\t<\/div>\n\t\t\t\t<\/div>\n\t\t\t\t<div class=\"elementor-element elementor-element-c450c65 elementor-widget elementor-widget-spacer\" data-id=\"c450c65\" data-element_type=\"widget\" data-widget_type=\"spacer.default\">\n\t\t\t\t<div class=\"elementor-widget-container\">\n\t\t\t\t\t\t\t<div class=\"elementor-spacer\">\n\t\t\t<div class=\"elementor-spacer-inner\"><\/div>\n\t\t<\/div>\n\t\t\t\t\t\t<\/div>\n\t\t\t\t<\/div>\n\t\t\t\t<div class=\"elementor-element elementor-element-e7fd784 elementor-widget elementor-widget-text-editor\" data-id=\"e7fd784\" data-element_type=\"widget\" data-widget_type=\"text-editor.default\">\n\t\t\t\t<div class=\"elementor-widget-container\">\n\t\t\t\t\t\t\t\t\t<h3 class=\"a-spacing-mini\">Szczeg\u00f3\u0142owa listwa ramy<\/h3><p>Nowoczesna, kanciasta listwa ma wsp\u00f3\u0142czesny, a jednocze\u015bnie klasycznie ponadczasowy design. Listwa ramowa <span class=\"a-text-bold\">Clamaro COLLAGE 30<\/span> ma<span class=\"a-text-bold\">30 mm szeroko\u015bci i 16 mm g\u0142\u0119boko\u015bci<\/span>. Wykonana z <span class=\"a-text-bold\">drewna MDF<\/span> i laminowana <span class=\"a-text-bold\">foli\u0105 dekoracyjn\u0105 odporn\u0105 na zarysowania i promieniowanie UV<\/span>.   Kolejn\u0105 specjaln\u0105 cech\u0105 naszej folii dekoracyjnej jest <span class=\"a-text-bold\">pe\u0142ne owini\u0119cie <\/span>listwy ramowej. Zapewnia to jednolite og\u00f3lne wra\u017cenie, a folia nie odkleja si\u0119, jak ma to miejsce w przypadku cz\u0119\u015bciowo owini\u0119tych listew ramowych. <\/p>\t\t\t\t\t\t\t\t<\/div>\n\t\t\t\t<\/div>\n\t\t\t\t\t<\/div>\n\t\t<\/div>\n\t\t\t\t\t<\/div>\n\t\t<\/section>\n\t\t\t\t<section class=\"elementor-section elementor-top-section elementor-element elementor-element-3b1ca91 elementor-section-boxed elementor-section-height-default elementor-section-height-default qodef-elementor-content-no\" data-id=\"3b1ca91\" data-element_type=\"section\">\n\t\t\t\t\t\t<div class=\"elementor-container elementor-column-gap-default\">\n\t\t\t\t\t<div class=\"elementor-column elementor-col-100 elementor-top-column elementor-element elementor-element-1b19b9d\" data-id=\"1b19b9d\" data-element_type=\"column\">\n\t\t\t<div class=\"elementor-widget-wrap elementor-element-populated\">\n\t\t\t\t\t\t<div class=\"elementor-element elementor-element-1e24007 elementor-widget elementor-widget-text-editor\" data-id=\"1e24007\" data-element_type=\"widget\" data-widget_type=\"text-editor.default\">\n\t\t\t\t<div class=\"elementor-widget-container\">\n\t\t\t\t\t\t\t\t\t<p><span class=\"a-text-bold\">Wszystkie szczeg\u00f3\u0142y produktu w skr\u00f3cie:<\/span><\/p><p><span class=\"a-text-bold\"> <\/span><\/p><p><span class=\"a-text-bold\">Bar:<\/span><\/p><ul class=\"a-unordered-list a-vertical\"><li><span class=\"a-list-item\">P\u0142yty MDF z drewna pochodz\u0105cego ze zr\u00f3wnowa\u017conej i uczciwej produkcji le\u015bnej UE.<\/span><\/li><li><span class=\"a-list-item\">Pow\u0142oka: w pe\u0142ni powlekana, wytrzyma\u0142a, trwa\u0142a, odporna na zarysowania i promieniowanie UV.<\/span><\/li><li><span class=\"a-list-item\">Bezszwowe i wysoce precyzyjne skosy bez szczelin dzi\u0119ki naszym najnowocze\u015bniejszym maszynom.<\/span><\/li><li><span class=\"a-list-item\">Ramka na zdj\u0119cia z gumkami i drewnianymi klipsami.<\/span><\/li><\/ul><p> <\/p>\t\t\t\t\t\t\t\t<\/div>\n\t\t\t\t<\/div>\n\t\t\t\t\t<\/div>\n\t\t<\/div>\n\t\t\t\t\t<\/div>\n\t\t<\/section>\n\t\t\t\t<section class=\"elementor-section elementor-top-section elementor-element elementor-element-7e54370 elementor-section-boxed elementor-section-height-default elementor-section-height-default qodef-elementor-content-no\" data-id=\"7e54370\" data-element_type=\"section\">\n\t\t\t\t\t\t<div class=\"elementor-container elementor-column-gap-default\">\n\t\t\t\t\t<div class=\"elementor-column elementor-col-100 elementor-top-column elementor-element elementor-element-fdd97ec\" data-id=\"fdd97ec\" data-element_type=\"column\">\n\t\t\t<div class=\"elementor-widget-wrap elementor-element-populated\">\n\t\t\t\t\t\t<div class=\"elementor-element elementor-element-e28fa6c elementor-widget elementor-widget-text-editor\" data-id=\"e28fa6c\" data-element_type=\"widget\" data-widget_type=\"text-editor.default\">\n\t\t\t\t<div class=\"elementor-widget-container\">\n\t\t\t\t\t\t\t\t\t<p> <\/p><h3><strong style=\"color: var( --e-global-color-text ); font-family: var( --e-global-typography-text-font-family ), Sans-serif;\">Produkcja w Niemczech<\/strong><\/h3><p><span style=\"font-size: 20px;\"><strong>W\u0142asny warsztat z ponad 35-letnim do\u015bwiadczeniem.<\/strong><\/span><\/p><p> <\/p><p><img decoding=\"async\" style=\"height: 80px; width: 350px;\" src=\"https:\/\/cdn03.plentymarkets.com\/mmx8yrv4qndt\/item\/images\/204\/full\/Wir-sind-Mitglied-bei-der--2-.jpg\" alt=\"\" data-cke-saved-src=\"https:\/\/cdn03.plentymarkets.com\/mmx8yrv4qndt\/item\/images\/204\/full\/Wir-sind-Mitglied-bei-der--2-.jpg\"><img decoding=\"async\" style=\"width: 114px; height: 70px;\" src=\"https:\/\/cdn03.plentymarkets.com\/mmx8yrv4qndt\/item\/images\/204\/full\/kaeufersiegel.png\" alt=\"\" data-cke-saved-src=\"https:\/\/cdn03.plentymarkets.com\/mmx8yrv4qndt\/item\/images\/204\/full\/kaeufersiegel.png\"> <img decoding=\"async\" style=\"width: 150px; height: 84px;\" src=\"https:\/\/cdn03.plentymarkets.com\/mmx8yrv4qndt\/item\/images\/204\/full\/haendlerbund.png\" alt=\"\" data-cke-saved-src=\"https:\/\/cdn03.plentymarkets.com\/mmx8yrv4qndt\/item\/images\/204\/full\/haendlerbund.png\"><\/p><p> <\/p>\t\t\t\t\t\t\t\t<\/div>\n\t\t\t\t<\/div>\n\t\t\t\t\t<\/div>\n\t\t<\/div>\n\t\t\t\t\t<\/div>\n\t\t<\/section>\n\t\t\t\t<\/div>\n\t\t","protected":false},"excerpt":{"rendered":"<p>do monta\u017cu na \u015bcianie w formacie pionowym lub poziomym.<\/p>\n<p>&nbsp;<\/p>\n<p><strong><span style=\"color: #808080;\"><a style=\"color: #808080;\" href=\"https:\/\/clamaro.eu\/wp-content\/uploads\/2023\/09\/Konfirmitaetserklaerung-Bilderrahmen-mit-Unterschrift.pdf-1.pdf\" target=\"_blank\" rel=\"noopener\">Bezpiecze\u0144stwo ramek do zdj\u0119\u0107 i zasoby dotycz\u0105ce produkt\u00f3w.pdf  <\/a><\/span><\/strong><\/p>\n","protected":false},"featured_media":94125,"template":"","meta":{"om_disable_all_campaigns":false},"product_brand":[],"product_cat":[4793,4797],"product_tag":[4799,4798,4800],"class_list":{"0":"post-94124","1":"product","2":"type-product","3":"status-publish","4":"has-post-thumbnail","6":"product_cat-ramka-na-zdjecia","7":"product_cat-tablica-korkowa","8":"product_tag-korek","9":"product_tag-pinboard","10":"product_tag-sciana-luwru","12":"first","13":"instock","14":"taxable","15":"shipping-taxable","16":"purchasable","17":"product-type-simple"},"gallery_images":[87448,87454,87442,87123,87220,87135,87129],"_links":{"self":[{"href":"https:\/\/clamaro.eu\/pl\/wp-json\/wp\/v2\/product\/94124","targetHints":{"allow":["GET"]}}],"collection":[{"href":"https:\/\/clamaro.eu\/pl\/wp-json\/wp\/v2\/product"}],"about":[{"href":"https:\/\/clamaro.eu\/pl\/wp-json\/wp\/v2\/types\/product"}],"version-history":[{"count":1,"href":"https:\/\/clamaro.eu\/pl\/wp-json\/wp\/v2\/product\/94124\/revisions"}],"predecessor-version":[{"id":94129,"href":"https:\/\/clamaro.eu\/pl\/wp-json\/wp\/v2\/product\/94124\/revisions\/94129"}],"wp:featuredmedia":[{"embeddable":true,"href":"https:\/\/clamaro.eu\/pl\/wp-json\/wp\/v2\/media\/94125"}],"wp:attachment":[{"href":"https:\/\/clamaro.eu\/pl\/wp-json\/wp\/v2\/media?parent=94124"}],"wp:term":[{"taxonomy":"product_brand","embeddable":true,"href":"https:\/\/clamaro.eu\/pl\/wp-json\/wp\/v2\/product_brand?post=94124"},{"taxonomy":"product_cat","embeddable":true,"href":"https:\/\/clamaro.eu\/pl\/wp-json\/wp\/v2\/product_cat?post=94124"},{"taxonomy":"product_tag","embeddable":true,"href":"https:\/\/clamaro.eu\/pl\/wp-json\/wp\/v2\/product_tag?post=94124"}],"curies":[{"name":"wp","href":"https:\/\/api.w.org\/{rel}","templated":true}]}}