{"id":94058,"date":"2024-10-29T11:45:13","date_gmt":"2024-10-29T11:45:13","guid":{"rendered":"https:\/\/clamaro.eu\/product\/uchwyt-na-zdjecie\/"},"modified":"2025-05-28T17:13:36","modified_gmt":"2025-05-28T17:13:36","slug":"uchwyt-na-zdjecie","status":"publish","type":"product","link":"https:\/\/clamaro.eu\/pl\/produkt\/uchwyt-na-zdjecie\/","title":{"rendered":"Uchwyt na zdj\u0119cie"},"content":{"rendered":"\t\t<div data-elementor-type=\"wp-post\" data-elementor-id=\"94058\" class=\"elementor elementor-94058 elementor-75538\">\n\t\t\t\t\t\t<section class=\"elementor-section elementor-top-section elementor-element elementor-element-3375b062 elementor-section-boxed elementor-section-height-default elementor-section-height-default qodef-elementor-content-no\" data-id=\"3375b062\" data-element_type=\"section\">\n\t\t\t\t\t\t<div class=\"elementor-container elementor-column-gap-default\">\n\t\t\t\t\t<div class=\"elementor-column elementor-col-100 elementor-top-column elementor-element elementor-element-2ade6d6d\" data-id=\"2ade6d6d\" data-element_type=\"column\">\n\t\t\t<div class=\"elementor-widget-wrap\">\n\t\t\t\t\t\t\t<\/div>\n\t\t<\/div>\n\t\t\t\t\t<\/div>\n\t\t<\/section>\n\t\t\t\t<section class=\"elementor-section elementor-top-section elementor-element elementor-element-5dc6166 elementor-section-boxed elementor-section-height-default elementor-section-height-default qodef-elementor-content-no\" data-id=\"5dc6166\" data-element_type=\"section\">\n\t\t\t\t\t\t<div class=\"elementor-container elementor-column-gap-default\">\n\t\t\t\t\t<div class=\"elementor-column elementor-col-100 elementor-top-column elementor-element elementor-element-ade8803\" data-id=\"ade8803\" data-element_type=\"column\">\n\t\t\t<div class=\"elementor-widget-wrap elementor-element-populated\">\n\t\t\t\t\t\t<div class=\"elementor-element elementor-element-bd7324c elementor-widget elementor-widget-text-editor\" data-id=\"bd7324c\" data-element_type=\"widget\" data-widget_type=\"text-editor.default\">\n\t\t\t\t<div class=\"elementor-widget-container\">\n\t\t\t\t\t\t\t\t\t<p style=\"text-align: left;\">Nasze uchwyty na zdj\u0119cia s\u0105 dost\u0119pne w trzech r\u00f3\u017cnych rozmiarach, aby umo\u017cliwi\u0107 stabilne pozycjonowanie ramek do zdj\u0119\u0107 o maksymalnej grubo\u015bci tylnej \u015bcianki wynosz\u0105cej 2,5 mm. Uchwyt na zdj\u0119cie jest umieszczany na \u015brodku dolnej cz\u0119\u015bci tylnej \u015bciany i mo\u017ce by\u0107 indywidualnie regulowany zar\u00f3wno w formacie pionowym, jak i poziomym, a tak\u017ce pod k\u0105tem. <\/p><h3 style=\"text-align: left;\">Rozmiary i przydatno\u015b\u0107 uchwyt\u00f3w na zdj\u0119cia:<\/h3><ol style=\"text-align: left;\"><li><p><strong>Uchwyt na zdj\u0119cie 3 x 9 cm<\/strong><\/p><ul><li><strong>Nadaje si\u0119 do ramek na zdj\u0119cia o wymiarach do 20 x 30 cm<\/strong><\/li><li>Idealny do ma\u0142ych i \u015brednich ramek na zdj\u0119cia, kt\u00f3re wymagaj\u0105 kompaktowego i dyskretnego wsparcia.<\/li><\/ul><\/li><li><p><strong>Uchwyt na zdj\u0119cie 3 x 12 cm<\/strong><\/p><ul><li><strong>Nadaje si\u0119 do ramek na zdj\u0119cia o wymiarach do 30 x 40 cm<\/strong><\/li><li>Idealny do \u015brednich rozmiar\u00f3w ramek i oferuje bardziej stabiln\u0105 konfiguracj\u0119 dla nieco wi\u0119kszych ramek do zdj\u0119\u0107.<\/li><\/ul><\/li><li><p><strong>Uchwyt na zdj\u0119cie 3 x 14 cm<\/strong><\/p><ul><li><strong>Nadaje si\u0119 do ramek na zdj\u0119cia o wymiarach do 35 x 50 cm<\/strong><\/li><li>Idealny do wi\u0119kszych ramek na zdj\u0119cia w celu bezpiecznego i stabilnego ustawienia wi\u0119kszych format\u00f3w.<\/li><\/ul><\/li><\/ol><div style=\"text-align: left;\" data-cke-filler-webkit=\"end\" data-cke-temp=\"1\"> <\/div>\t\t\t\t\t\t\t\t<\/div>\n\t\t\t\t<\/div>\n\t\t\t\t\t<\/div>\n\t\t<\/div>\n\t\t\t\t\t<\/div>\n\t\t<\/section>\n\t\t\t\t<section class=\"elementor-section elementor-top-section elementor-element elementor-element-5203ee62 elementor-section-boxed elementor-section-height-default elementor-section-height-default qodef-elementor-content-no\" data-id=\"5203ee62\" data-element_type=\"section\">\n\t\t\t\t\t\t<div class=\"elementor-container elementor-column-gap-default\">\n\t\t\t\t\t<div class=\"elementor-column elementor-col-100 elementor-top-column elementor-element elementor-element-788a7bc3\" data-id=\"788a7bc3\" data-element_type=\"column\">\n\t\t\t<div class=\"elementor-widget-wrap elementor-element-populated\">\n\t\t\t\t\t\t<div class=\"elementor-element elementor-element-17f9e4d0 elementor-widget elementor-widget-image\" data-id=\"17f9e4d0\" data-element_type=\"widget\" data-widget_type=\"image.default\">\n\t\t\t\t<div class=\"elementor-widget-container\">\n\t\t\t\t\t\t\t\t\t\t\t\t\t\t\t<img decoding=\"async\" src=\"https:\/\/m.media-amazon.com\/images\/S\/aplus-media-library-service-media\/8a7af628-f583-4702-8d22-927f8f7f49e2.__CR0,0,600,180_PT0_SX600_V1___.png\" title=\"\" alt=\"\" loading=\"lazy\" \/>\t\t\t\t\t\t\t\t\t\t\t\t\t\t\t<\/div>\n\t\t\t\t<\/div>\n\t\t\t\t<div class=\"elementor-element elementor-element-61be6912 elementor-widget-divider--view-line elementor-widget elementor-widget-divider\" data-id=\"61be6912\" data-element_type=\"widget\" data-widget_type=\"divider.default\">\n\t\t\t\t<div class=\"elementor-widget-container\">\n\t\t\t\t\t\t\t<div class=\"elementor-divider\">\n\t\t\t<span class=\"elementor-divider-separator\">\n\t\t\t\t\t\t<\/span>\n\t\t<\/div>\n\t\t\t\t\t\t<\/div>\n\t\t\t\t<\/div>\n\t\t\t\t\t<\/div>\n\t\t<\/div>\n\t\t\t\t\t<\/div>\n\t\t<\/section>\n\t\t\t\t<\/div>\n\t\t","protected":false},"excerpt":{"rendered":"<p>Nasze uchwyty na zdj\u0119cia s\u0105 dost\u0119pne w trzech r\u00f3\u017cnych rozmiarach, aby umo\u017cliwi\u0107 stabilne pozycjonowanie ramek do zdj\u0119\u0107 o maksymalnej grubo\u015bci tylnej \u015bcianki wynosz\u0105cej 2,5 mm. Uchwyt na zdj\u0119cie jest umieszczany na \u015brodku dolnej cz\u0119\u015bci tylnej \u015bciany i mo\u017ce by\u0107 indywidualnie regulowany zar\u00f3wno w formacie pionowym, jak i poziomym, a tak\u017ce pod k\u0105tem. Rozmiary i przydatno\u015b\u0107 [&hellip;]<\/p>\n","protected":false},"featured_media":94052,"template":"","meta":{"om_disable_all_campaigns":false},"product_brand":[],"product_cat":[4823,4793],"product_tag":[],"class_list":{"0":"post-94058","1":"product","2":"type-product","3":"status-publish","4":"has-post-thumbnail","6":"product_cat-akcesoria","7":"product_cat-ramka-na-zdjecia","8":"product_shipping_class-ramki-do-zdjec-i-lustra","10":"first","11":"instock","12":"taxable","13":"shipping-taxable","14":"purchasable","15":"product-type-simple"},"gallery_images":[75515,75509,75503,75497,75491,75485],"_links":{"self":[{"href":"https:\/\/clamaro.eu\/pl\/wp-json\/wp\/v2\/product\/94058","targetHints":{"allow":["GET"]}}],"collection":[{"href":"https:\/\/clamaro.eu\/pl\/wp-json\/wp\/v2\/product"}],"about":[{"href":"https:\/\/clamaro.eu\/pl\/wp-json\/wp\/v2\/types\/product"}],"version-history":[{"count":1,"href":"https:\/\/clamaro.eu\/pl\/wp-json\/wp\/v2\/product\/94058\/revisions"}],"predecessor-version":[{"id":94062,"href":"https:\/\/clamaro.eu\/pl\/wp-json\/wp\/v2\/product\/94058\/revisions\/94062"}],"wp:featuredmedia":[{"embeddable":true,"href":"https:\/\/clamaro.eu\/pl\/wp-json\/wp\/v2\/media\/94052"}],"wp:attachment":[{"href":"https:\/\/clamaro.eu\/pl\/wp-json\/wp\/v2\/media?parent=94058"}],"wp:term":[{"taxonomy":"product_brand","embeddable":true,"href":"https:\/\/clamaro.eu\/pl\/wp-json\/wp\/v2\/product_brand?post=94058"},{"taxonomy":"product_cat","embeddable":true,"href":"https:\/\/clamaro.eu\/pl\/wp-json\/wp\/v2\/product_cat?post=94058"},{"taxonomy":"product_tag","embeddable":true,"href":"https:\/\/clamaro.eu\/pl\/wp-json\/wp\/v2\/product_tag?post=94058"}],"curies":[{"name":"wp","href":"https:\/\/api.w.org\/{rel}","templated":true}]}}