{"id":93996,"date":"2024-05-02T10:52:39","date_gmt":"2024-05-02T10:52:39","guid":{"rendered":"https:\/\/clamaro.eu\/product\/lustro-artur\/"},"modified":"2025-12-18T10:23:07","modified_gmt":"2025-12-18T10:23:07","slug":"lustro-artur","status":"publish","type":"product","link":"https:\/\/clamaro.eu\/pl\/produkt\/lustro-artur\/","title":{"rendered":"Lustro ARTUR"},"content":{"rendered":"\t\t<div data-elementor-type=\"wp-post\" data-elementor-id=\"93996\" class=\"elementor elementor-93996 elementor-55704\">\n\t\t\t\t\t\t<section class=\"elementor-section elementor-top-section elementor-element elementor-element-3375b062 elementor-section-boxed elementor-section-height-default elementor-section-height-default qodef-elementor-content-no\" data-id=\"3375b062\" data-element_type=\"section\">\n\t\t\t\t\t\t<div class=\"elementor-container elementor-column-gap-default\">\n\t\t\t\t\t<div class=\"elementor-column elementor-col-100 elementor-top-column elementor-element elementor-element-2ade6d6d\" data-id=\"2ade6d6d\" data-element_type=\"column\">\n\t\t\t<div class=\"elementor-widget-wrap elementor-element-populated\">\n\t\t\t\t\t\t<div class=\"elementor-element elementor-element-17f9e4d0 elementor-widget elementor-widget-image\" data-id=\"17f9e4d0\" data-element_type=\"widget\" data-widget_type=\"image.default\">\n\t\t\t\t<div class=\"elementor-widget-container\">\n\t\t\t\t\t\t\t\t\t\t\t\t\t\t\t<img decoding=\"async\" src=\"https:\/\/m.media-amazon.com\/images\/S\/aplus-media-library-service-media\/8a7af628-f583-4702-8d22-927f8f7f49e2.__CR0,0,600,180_PT0_SX600_V1___.png\" title=\"\" alt=\"\" loading=\"lazy\" \/>\t\t\t\t\t\t\t\t\t\t\t\t\t\t\t<\/div>\n\t\t\t\t<\/div>\n\t\t\t\t\t<\/div>\n\t\t<\/div>\n\t\t\t\t\t<\/div>\n\t\t<\/section>\n\t\t\t\t<section class=\"elementor-section elementor-top-section elementor-element elementor-element-5dc6166 elementor-section-boxed elementor-section-height-default elementor-section-height-default qodef-elementor-content-no\" data-id=\"5dc6166\" data-element_type=\"section\">\n\t\t\t\t\t\t<div class=\"elementor-container elementor-column-gap-default\">\n\t\t\t\t\t<div class=\"elementor-column elementor-col-100 elementor-top-column elementor-element elementor-element-ade8803\" data-id=\"ade8803\" data-element_type=\"column\">\n\t\t\t<div class=\"elementor-widget-wrap elementor-element-populated\">\n\t\t\t\t\t\t<div class=\"elementor-element elementor-element-bd7324c elementor-widget elementor-widget-text-editor\" data-id=\"bd7324c\" data-element_type=\"widget\" data-widget_type=\"text-editor.default\">\n\t\t\t\t<div class=\"elementor-widget-container\">\n\t\t\t\t\t\t\t\t\t<h3 style=\"background-color: #ffffff;\"><span class=\"a-text-bold\">CLAMARO BAROKOWE LUSTRO ARTUR WYKONANE Z LITEGO DREWNA \u015aWIERKOWEGO &#8211; R\u0118CZNIE ROBIONE I 100% MADE IN GERMANY<\/span><\/h3><p style=\"background-color: #ffffff; color: #7a7a7a; font-family: Roboto, sans-serif; font-size: 15px; font-weight: 400; letter-spacing: normal; text-transform: none;\">Lustro o ponadczasowym, klasycznym designie, dost\u0119pne w niemal wszystkich standardowych rozmiarach, z mo\u017cliwo\u015bci\u0105 zawieszenia wzd\u0142u\u017c lub w poprzek \u015bciany&#8230; Gwarantowany efekt przyci\u0105gaj\u0105cy wzrok! <\/p><p style=\"background-color: #ffffff; color: #7a7a7a; font-family: Roboto, sans-serif; font-size: 15px; font-weight: 400; letter-spacing: normal; text-transform: none;\">Lustro \u015bcienne mo\u017ce optycznie powi\u0119kszy\u0107 pomieszczenie, a jednocze\u015bnie sprawi\u0107, \u017ce dom stanie si\u0119 ja\u015bniejszy i bardziej przestronny. Oczywi\u015bcie lustro jest i musi r\u00f3wnie\u017c przyczynia\u0107 si\u0119 do dekoracji i ujawnia\u0107 na pierwszy rzut oka, czy str\u00f3j pasuje lub fryzura jest odpowiednia. <\/p><p style=\"background-color: #ffffff; color: #7a7a7a; font-family: Roboto, sans-serif; font-size: 15px; font-weight: 400; letter-spacing: normal; text-transform: none;\">W zale\u017cno\u015bci od rozmiaru, lustra Clamaro mog\u0105 by\u0107 u\u017cywane jako lustra \u0142azienkowe lub lustra do salonu, jako lustra do przedpokoju lub lustra do garderoby i oczywi\u015bcie jako lustra do sypialni w postaci luster pe\u0142nometra\u017cowych lub luster do garderoby, lub po prostu jako dekoracyjne lustra stoj\u0105ce.<\/p><p style=\"background-color: #ffffff; color: #7a7a7a; font-family: Roboto, sans-serif; font-size: 15px; font-weight: 400; letter-spacing: normal; text-transform: none;\">Bez wzgl\u0119du na to, do czego wykorzystasz swoje nowe lustro Clamaro, dzi\u0119ki licznym rozmiarom z pewno\u015bci\u0105 znajdziesz lustro w po\u017c\u0105danym rozmiarze.<\/p><p style=\"background-color: #ffffff; color: #7a7a7a; font-family: Roboto, sans-serif; font-size: 15px; font-weight: 400; letter-spacing: normal; text-transform: none;\">Najwy\u017csza jako\u015b\u0107 i precyzja: wykonane r\u0119cznie i w 100% wyprodukowane w Niemczech<\/p>\t\t\t\t\t\t\t\t<\/div>\n\t\t\t\t<\/div>\n\t\t\t\t\t<\/div>\n\t\t<\/div>\n\t\t\t\t\t<\/div>\n\t\t<\/section>\n\t\t\t\t<section class=\"elementor-section elementor-top-section elementor-element elementor-element-5203ee62 elementor-section-boxed elementor-section-height-default elementor-section-height-default qodef-elementor-content-no\" data-id=\"5203ee62\" data-element_type=\"section\">\n\t\t\t\t\t\t<div class=\"elementor-container elementor-column-gap-default\">\n\t\t\t\t\t<div class=\"elementor-column elementor-col-100 elementor-top-column elementor-element elementor-element-788a7bc3\" data-id=\"788a7bc3\" data-element_type=\"column\">\n\t\t\t<div class=\"elementor-widget-wrap elementor-element-populated\">\n\t\t\t\t\t\t<div class=\"elementor-element elementor-element-61be6912 elementor-widget-divider--view-line elementor-widget elementor-widget-divider\" data-id=\"61be6912\" data-element_type=\"widget\" data-widget_type=\"divider.default\">\n\t\t\t\t<div class=\"elementor-widget-container\">\n\t\t\t\t\t\t\t<div class=\"elementor-divider\">\n\t\t\t<span class=\"elementor-divider-separator\">\n\t\t\t\t\t\t<\/span>\n\t\t<\/div>\n\t\t\t\t\t\t<\/div>\n\t\t\t\t<\/div>\n\t\t\t\t\t<\/div>\n\t\t<\/div>\n\t\t\t\t\t<\/div>\n\t\t<\/section>\n\t\t\t\t<section class=\"elementor-section elementor-top-section elementor-element elementor-element-254f1d32 elementor-section-boxed elementor-section-height-default elementor-section-height-default qodef-elementor-content-no\" data-id=\"254f1d32\" data-element_type=\"section\">\n\t\t\t\t\t\t<div class=\"elementor-container elementor-column-gap-default\">\n\t\t\t\t\t<div class=\"elementor-column elementor-col-33 elementor-top-column elementor-element elementor-element-54cd401e\" data-id=\"54cd401e\" data-element_type=\"column\">\n\t\t\t<div class=\"elementor-widget-wrap elementor-element-populated\">\n\t\t\t\t\t\t<div class=\"elementor-element elementor-element-63506157 elementor-widget elementor-widget-image\" data-id=\"63506157\" data-element_type=\"widget\" data-widget_type=\"image.default\">\n\t\t\t\t<div class=\"elementor-widget-container\">\n\t\t\t\t\t\t\t\t\t\t\t\t\t\t\t<img decoding=\"async\" src=\"https:\/\/m.media-amazon.com\/images\/I\/612RWGEAzkL._AC_SL1500_.jpg\" title=\"\" alt=\"\" loading=\"lazy\" \/>\t\t\t\t\t\t\t\t\t\t\t\t\t\t\t<\/div>\n\t\t\t\t<\/div>\n\t\t\t\t<div class=\"elementor-element elementor-element-1b7d745 elementor-widget elementor-widget-spacer\" data-id=\"1b7d745\" data-element_type=\"widget\" data-widget_type=\"spacer.default\">\n\t\t\t\t<div class=\"elementor-widget-container\">\n\t\t\t\t\t\t\t<div class=\"elementor-spacer\">\n\t\t\t<div class=\"elementor-spacer-inner\"><\/div>\n\t\t<\/div>\n\t\t\t\t\t\t<\/div>\n\t\t\t\t<\/div>\n\t\t\t\t<div class=\"elementor-element elementor-element-7ab72096 elementor-widget elementor-widget-text-editor\" data-id=\"7ab72096\" data-element_type=\"widget\" data-widget_type=\"text-editor.default\">\n\t\t\t\t<div class=\"elementor-widget-container\">\n\t\t\t\t\t\t\t\t\t<h4 class=\"a-spacing-mini\">Rama lustra w szczeg\u00f3\u0142ach<\/h4><p><span class=\"a-text-bold\">Klasyczna list<\/span> wa przypod\u0142ogowa o nowoczesnym, a jednocze\u015bnie <span class=\"a-text-bold\">klasycznie ponadczasowym<\/span> designie. Wykonana z <span class=\"a-text-bold\">litego drewna<\/span> \u015bwierkowego i laminowana <span class=\"a-text-bold\">odporn\u0105 na zarysowania i promieniowanie UV foli\u0105 dekoracyjn\u0105<\/span>. <\/p><p>Kolejn\u0105 specjaln\u0105 cech\u0105 naszej folii dekoracyjnej jest <span class=\"a-text-bold\">pe\u0142ne owini\u0119cie (bez odwrotnej strony) <\/span>drewnianej listwy ramowej. Zapewnia to jednolite og\u00f3lne wra\u017cenie, a folia nie odkleja si\u0119, jak ma to miejsce w przypadku cz\u0119\u015bciowo owini\u0119tych listew ramowych. <\/p>\t\t\t\t\t\t\t\t<\/div>\n\t\t\t\t<\/div>\n\t\t\t\t\t<\/div>\n\t\t<\/div>\n\t\t\t\t<div class=\"elementor-column elementor-col-33 elementor-top-column elementor-element elementor-element-78f0fb1c\" data-id=\"78f0fb1c\" data-element_type=\"column\">\n\t\t\t<div class=\"elementor-widget-wrap elementor-element-populated\">\n\t\t\t\t\t\t<div class=\"elementor-element elementor-element-46aa2d63 elementor-widget elementor-widget-image\" data-id=\"46aa2d63\" data-element_type=\"widget\" data-widget_type=\"image.default\">\n\t\t\t\t<div class=\"elementor-widget-container\">\n\t\t\t\t\t\t\t\t\t\t\t\t\t\t\t<img decoding=\"async\" src=\"https:\/\/m.media-amazon.com\/images\/S\/aplus-media-library-service-media\/12faf656-846b-4ab7-8d5e-2f90bc984b17.__CR129,235,1667,1667_PT0_SX300_V1___.png\" title=\"\" alt=\"\" loading=\"lazy\" \/>\t\t\t\t\t\t\t\t\t\t\t\t\t\t\t<\/div>\n\t\t\t\t<\/div>\n\t\t\t\t<div class=\"elementor-element elementor-element-5ed67fad elementor-widget elementor-widget-spacer\" data-id=\"5ed67fad\" data-element_type=\"widget\" data-widget_type=\"spacer.default\">\n\t\t\t\t<div class=\"elementor-widget-container\">\n\t\t\t\t\t\t\t<div class=\"elementor-spacer\">\n\t\t\t<div class=\"elementor-spacer-inner\"><\/div>\n\t\t<\/div>\n\t\t\t\t\t\t<\/div>\n\t\t\t\t<\/div>\n\t\t\t\t<div class=\"elementor-element elementor-element-7522d48d elementor-widget elementor-widget-text-editor\" data-id=\"7522d48d\" data-element_type=\"widget\" data-widget_type=\"text-editor.default\">\n\t\t\t\t<div class=\"elementor-widget-container\">\n\t\t\t\t\t\t\t\t\t<h4 class=\"a-spacing-mini\">Szklana tafla lustra i panel tylny<\/h4><p>Lustro \u015bcienne Clamaro jest wyposa\u017cone w <span class=\"a-text-bold\">lustrzan\u0105 szyb\u0119<\/span>. Jest to zwyk\u0142e szk\u0142o z metalow\u0105 pow\u0142ok\u0105 odbijaj\u0105c\u0105 \u015bwiat\u0142o. <\/p><p>Szk\u0142o lustra jest przyklejone do <span class=\"a-text-bold\">drewnianego panelu tylnego HDF<\/span>, aby uzyska\u0107 niezb\u0119dn\u0105 <span class=\"a-text-bold\">stabilno\u015b\u0107<\/span>, nawet w przypadku wi\u0119kszych format\u00f3w ram lustrzanych. Zapewnia to niezb\u0119dn\u0105 dodatkow\u0105 <span class=\"a-text-bold\">stabilno\u015b\u0107 i trwa\u0142o\u015b\u0107.<\/span> <\/p>\t\t\t\t\t\t\t\t<\/div>\n\t\t\t\t<\/div>\n\t\t\t\t\t<\/div>\n\t\t<\/div>\n\t\t\t\t<div class=\"elementor-column elementor-col-33 elementor-top-column elementor-element elementor-element-5a9db234\" data-id=\"5a9db234\" data-element_type=\"column\">\n\t\t\t<div class=\"elementor-widget-wrap elementor-element-populated\">\n\t\t\t\t\t\t<div class=\"elementor-element elementor-element-14c2f7ca elementor-widget elementor-widget-image\" data-id=\"14c2f7ca\" data-element_type=\"widget\" data-widget_type=\"image.default\">\n\t\t\t\t<div class=\"elementor-widget-container\">\n\t\t\t\t\t\t\t\t\t\t\t\t\t\t\t<img decoding=\"async\" src=\"https:\/\/m.media-amazon.com\/images\/S\/aplus-media-library-service-media\/b9fe052d-8405-49e0-8e95-97b57307d72f.__CR437,105,1212,1212_PT0_SX300_V1___.jpg\" title=\"\" alt=\"\" loading=\"lazy\" \/>\t\t\t\t\t\t\t\t\t\t\t\t\t\t\t<\/div>\n\t\t\t\t<\/div>\n\t\t\t\t<div class=\"elementor-element elementor-element-68d00744 elementor-widget elementor-widget-spacer\" data-id=\"68d00744\" data-element_type=\"widget\" data-widget_type=\"spacer.default\">\n\t\t\t\t<div class=\"elementor-widget-container\">\n\t\t\t\t\t\t\t<div class=\"elementor-spacer\">\n\t\t\t<div class=\"elementor-spacer-inner\"><\/div>\n\t\t<\/div>\n\t\t\t\t\t\t<\/div>\n\t\t\t\t<\/div>\n\t\t\t\t<div class=\"elementor-element elementor-element-b220f27 elementor-widget elementor-widget-text-editor\" data-id=\"b220f27\" data-element_type=\"widget\" data-widget_type=\"text-editor.default\">\n\t\t\t\t<div class=\"elementor-widget-container\">\n\t\t\t\t\t\t\t\t\t<h4 class=\"a-spacing-mini\">Poziomo lub pionowo na \u015bcianie lub jako lustro stoj\u0105ce<\/h4><p><span class=\"a-text-bold\">Jako lustro \u015bcienne lub stoj\u0105ce&#8230;<\/span><\/p><p>Clamaro wyposa\u017ca wszystkie swoje lustra w <span class=\"a-text-bold\">solidne metalowe uchwyty <\/span>.<\/p><p>Wymagane do tego <span class=\"a-text-bold\">wsporniki s\u0105 dostarczane i wymagaj\u0105 jedynie przykr\u0119cenia do ramy<\/span>.<\/p>\t\t\t\t\t\t\t\t<\/div>\n\t\t\t\t<\/div>\n\t\t\t\t\t<\/div>\n\t\t<\/div>\n\t\t\t\t\t<\/div>\n\t\t<\/section>\n\t\t\t\t<section class=\"elementor-section elementor-top-section elementor-element elementor-element-14987d5d elementor-section-boxed elementor-section-height-default elementor-section-height-default qodef-elementor-content-no\" data-id=\"14987d5d\" data-element_type=\"section\">\n\t\t\t\t\t\t<div class=\"elementor-container elementor-column-gap-default\">\n\t\t\t\t\t<div class=\"elementor-column elementor-col-50 elementor-top-column elementor-element elementor-element-61f6c142\" data-id=\"61f6c142\" data-element_type=\"column\">\n\t\t\t<div class=\"elementor-widget-wrap elementor-element-populated\">\n\t\t\t\t\t\t<div class=\"elementor-element elementor-element-68cb69cf elementor-widget elementor-widget-image\" data-id=\"68cb69cf\" data-element_type=\"widget\" data-widget_type=\"image.default\">\n\t\t\t\t<div class=\"elementor-widget-container\">\n\t\t\t\t\t\t\t\t\t\t\t\t\t\t\t<img decoding=\"async\" src=\"https:\/\/m.media-amazon.com\/images\/S\/aplus-media-library-service-media\/91eb8584-443f-47af-9901-88ffb44c57b5.__CR0,0,2000,2000_PT0_SX300_V1___.png\" title=\"\" alt=\"\" loading=\"lazy\" \/>\t\t\t\t\t\t\t\t\t\t\t\t\t\t\t<\/div>\n\t\t\t\t<\/div>\n\t\t\t\t\t<\/div>\n\t\t<\/div>\n\t\t\t\t<div class=\"elementor-column elementor-col-50 elementor-top-column elementor-element elementor-element-21128189\" data-id=\"21128189\" data-element_type=\"column\">\n\t\t\t<div class=\"elementor-widget-wrap elementor-element-populated\">\n\t\t\t\t\t\t<div class=\"elementor-element elementor-element-7720ed53 elementor-widget elementor-widget-text-editor\" data-id=\"7720ed53\" data-element_type=\"widget\" data-widget_type=\"text-editor.default\">\n\t\t\t\t<div class=\"elementor-widget-container\">\n\t\t\t\t\t\t\t\t\t<h3 class=\"a-spacing-mini\">Najwy\u017csza jako\u015b\u0107 i precyzja: wykonane r\u0119cznie i w 100% wyprodukowane w Niemczech<\/h3><p>Wszystkie <span class=\"a-text-bold\">lustra Clamaro <\/span>s\u0105 wykonywane na zam\u00f3wienie w naszej fabryce ram, indywidualnie i r\u0119cznie dostosowywane do po\u017c\u0105danych wymiar\u00f3w.<span class=\"a-text-bold\"> Precyzja i jako\u015b\u0107 100% Made in Germany<\/span><\/p><p><span class=\"a-text-bold\">WA\u017bNA UWAGA DOTYCZ\u0104CA NASZYCH ZDJ\u0118\u0106:<\/span> Kolor u\u017cywanych przez nas zdj\u0119\u0107 produkt\u00f3w mo\u017ce si\u0119 nieznacznie r\u00f3\u017cni\u0107 od naszych zdj\u0119\u0107 ze wzgl\u0119du na ustawienia kolor\u00f3w i jasno\u015bci ekranu.<\/p>\t\t\t\t\t\t\t\t<\/div>\n\t\t\t\t<\/div>\n\t\t\t\t\t<\/div>\n\t\t<\/div>\n\t\t\t\t\t<\/div>\n\t\t<\/section>\n\t\t\t\t<section class=\"elementor-section elementor-top-section elementor-element elementor-element-66dfc01 elementor-section-boxed elementor-section-height-default elementor-section-height-default qodef-elementor-content-no\" data-id=\"66dfc01\" data-element_type=\"section\">\n\t\t\t\t\t\t<div class=\"elementor-container elementor-column-gap-default\">\n\t\t\t\t\t<div class=\"elementor-column elementor-col-100 elementor-top-column elementor-element elementor-element-be81eb1\" data-id=\"be81eb1\" data-element_type=\"column\">\n\t\t\t<div class=\"elementor-widget-wrap elementor-element-populated\">\n\t\t\t\t\t\t<div class=\"elementor-element elementor-element-da99ab0 elementor-widget elementor-widget-text-editor\" data-id=\"da99ab0\" data-element_type=\"widget\" data-widget_type=\"text-editor.default\">\n\t\t\t\t<div class=\"elementor-widget-container\">\n\t\t\t\t\t\t\t\t\t<p> <\/p><h3><strong style=\"color: var( --e-global-color-text ); font-family: var( --e-global-typography-text-font-family ), Sans-serif;\">Produkcja w Niemczech<\/strong><\/h3><p><span style=\"font-size: 20px;\"><strong>W\u0142asny warsztat z ponad 35-letnim do\u015bwiadczeniem.<\/strong><\/span><\/p><p> <\/p><p><img decoding=\"async\" style=\"height: 80px; width: 350px;\" src=\"https:\/\/cdn03.plentymarkets.com\/mmx8yrv4qndt\/item\/images\/204\/full\/Wir-sind-Mitglied-bei-der--2-.jpg\" alt=\"\" data-cke-saved-src=\"https:\/\/cdn03.plentymarkets.com\/mmx8yrv4qndt\/item\/images\/204\/full\/Wir-sind-Mitglied-bei-der--2-.jpg\"><img decoding=\"async\" style=\"width: 114px; height: 70px;\" src=\"https:\/\/cdn03.plentymarkets.com\/mmx8yrv4qndt\/item\/images\/204\/full\/kaeufersiegel.png\" alt=\"\" data-cke-saved-src=\"https:\/\/cdn03.plentymarkets.com\/mmx8yrv4qndt\/item\/images\/204\/full\/kaeufersiegel.png\"> <img decoding=\"async\" style=\"width: 150px; height: 84px;\" src=\"https:\/\/cdn03.plentymarkets.com\/mmx8yrv4qndt\/item\/images\/204\/full\/haendlerbund.png\" alt=\"\" data-cke-saved-src=\"https:\/\/cdn03.plentymarkets.com\/mmx8yrv4qndt\/item\/images\/204\/full\/haendlerbund.png\"><\/p><p> <\/p>\t\t\t\t\t\t\t\t<\/div>\n\t\t\t\t<\/div>\n\t\t\t\t\t<\/div>\n\t\t<\/div>\n\t\t\t\t\t<\/div>\n\t\t<\/section>\n\t\t\t\t<\/div>\n\t\t","protected":false},"excerpt":{"rendered":"<p><span style=\"color: #808080;\"><strong><a style=\"color: #808080;\" href=\"https:\/\/clamaro.eu\/wp-content\/uploads\/2024\/05\/Konformitaetserklaerung-Spiegel-mit-Unterschrift.pdf.pdf\">Zasoby dotycz\u0105ce bezpiecze\u0144stwa i produkt\u00f3w dla luster \u015bciennych.pdf<\/a><\/strong><\/span><\/p>\n","protected":false},"featured_media":93997,"template":"","meta":{"om_disable_all_campaigns":false},"product_brand":[],"product_cat":[4809,4808],"product_tag":[],"class_list":{"0":"post-93996","1":"product","2":"type-product","3":"status-publish","4":"has-post-thumbnail","6":"product_cat-lite-drewno-vintage-pl","7":"product_cat-lustro","9":"first","10":"instock","11":"taxable","12":"shipping-taxable","13":"purchasable","14":"product-type-simple"},"gallery_images":[93998,93999,94000,94001,94002,93156],"_links":{"self":[{"href":"https:\/\/clamaro.eu\/pl\/wp-json\/wp\/v2\/product\/93996","targetHints":{"allow":["GET"]}}],"collection":[{"href":"https:\/\/clamaro.eu\/pl\/wp-json\/wp\/v2\/product"}],"about":[{"href":"https:\/\/clamaro.eu\/pl\/wp-json\/wp\/v2\/types\/product"}],"version-history":[{"count":1,"href":"https:\/\/clamaro.eu\/pl\/wp-json\/wp\/v2\/product\/93996\/revisions"}],"predecessor-version":[{"id":94005,"href":"https:\/\/clamaro.eu\/pl\/wp-json\/wp\/v2\/product\/93996\/revisions\/94005"}],"wp:featuredmedia":[{"embeddable":true,"href":"https:\/\/clamaro.eu\/pl\/wp-json\/wp\/v2\/media\/93997"}],"wp:attachment":[{"href":"https:\/\/clamaro.eu\/pl\/wp-json\/wp\/v2\/media?parent=93996"}],"wp:term":[{"taxonomy":"product_brand","embeddable":true,"href":"https:\/\/clamaro.eu\/pl\/wp-json\/wp\/v2\/product_brand?post=93996"},{"taxonomy":"product_cat","embeddable":true,"href":"https:\/\/clamaro.eu\/pl\/wp-json\/wp\/v2\/product_cat?post=93996"},{"taxonomy":"product_tag","embeddable":true,"href":"https:\/\/clamaro.eu\/pl\/wp-json\/wp\/v2\/product_tag?post=93996"}],"curies":[{"name":"wp","href":"https:\/\/api.w.org\/{rel}","templated":true}]}}