{"id":93434,"date":"2024-07-08T09:41:06","date_gmt":"2024-07-08T09:41:06","guid":{"rendered":"https:\/\/clamaro.eu\/product\/oak-wotan-275x46x1-8cm\/"},"modified":"2025-05-28T17:12:37","modified_gmt":"2025-05-28T17:12:37","slug":"oak-wotan-275x46x1-8cm","status":"publish","type":"product","link":"https:\/\/clamaro.eu\/pl\/produkt\/oak-wotan-275x46x1-8cm\/","title":{"rendered":"Oak Wotan | 275x46x1.8cm"},"content":{"rendered":"\t\t<div data-elementor-type=\"wp-post\" data-elementor-id=\"93434\" class=\"elementor elementor-93434 elementor-62837\">\n\t\t\t\t\t\t<section class=\"elementor-section elementor-top-section elementor-element elementor-element-36f7155 elementor-section-boxed elementor-section-height-default elementor-section-height-default qodef-elementor-content-no\" data-id=\"36f7155\" data-element_type=\"section\">\n\t\t\t\t\t\t<div class=\"elementor-container elementor-column-gap-default\">\n\t\t\t\t\t<div class=\"elementor-column elementor-col-100 elementor-top-column elementor-element elementor-element-b627356\" data-id=\"b627356\" data-element_type=\"column\">\n\t\t\t<div class=\"elementor-widget-wrap elementor-element-populated\">\n\t\t\t\t\t\t<div class=\"elementor-element elementor-element-65f6ab9 elementor-widget elementor-widget-text-editor\" data-id=\"65f6ab9\" data-element_type=\"widget\" data-widget_type=\"text-editor.default\">\n\t\t\t\t<div class=\"elementor-widget-container\">\n\t\t\t\t\t\t\t\t\t<p style=\"margin-bottom: 1rem; color: #212529; font-family: custom-font, helvetica, arial, sans-serif; font-size: 14px; text-align: left; background-color: #ffffff;\"><span style=\"font-weight: bolder;\">Pionowe panele dekoracyjne: nowoczesno\u015b\u0107 i styl we wn\u0119trzach<\/span><\/p><p style=\"margin-bottom: 1rem; color: #212529; font-family: custom-font, helvetica, arial, sans-serif; font-size: 14px; text-align: left; background-color: #ffffff;\">Pionowe panele dekoracyjne to popularny trend w aran\u017cacji wn\u0119trz, wnosz\u0105cy nowoczesno\u015b\u0107 i styl do ka\u017cdego pomieszczenia. Podkre\u015blaj\u0105 styl mebli, optycznie powi\u0119kszaj\u0105 pomieszczenie i poprawiaj\u0105 izolacj\u0119 akustyczn\u0105.  Nasze panele akustyczne zapewniaj\u0105 skuteczne poch\u0142anianie d\u017awi\u0119ku, poprawiaj\u0105 jako\u015b\u0107 d\u017awi\u0119ku i redukuj\u0105 ha\u0142as. Dzi\u0119ki r\u00f3\u017cnym rozmiarom, kolorom i wzorom idealnie pasuj\u0105 do ka\u017cdej atmosfery. <\/p><p style=\"margin-bottom: 1rem; color: #212529; font-family: custom-font, helvetica, arial, sans-serif; font-size: 14px; text-align: left; background-color: #ffffff;\">Nasze panele \u015bcienne sk\u0142adaj\u0105 si\u0119 z czarnej maty filcowej z przymocowanymi do niej listwami. Niezale\u017cnie od tego, czy jest zamontowany poziomo, pionowo czy uko\u015bnie, wzbogaca przestrze\u0144 mieszkaln\u0105 i zachwyca swoim niezwyk\u0142ym wygl\u0105dem. <\/p><p style=\"margin-bottom: 1rem; color: #212529; font-family: custom-font, helvetica, arial, sans-serif; font-size: 14px; text-align: left; background-color: #ffffff;\"><img decoding=\"async\" style=\"height: 500px; width: 500px;\" src=\"https:\/\/cdn03.plentymarkets.com\/mmx8yrv4qndt\/item\/images\/1055\/full\/-13.jpg\" alt=\"\"><\/p><p style=\"margin-bottom: 1rem; color: #212529; font-family: custom-font, helvetica, arial, sans-serif; font-size: 14px; background-color: #ffffff;\"><br> <\/p><p style=\"margin-bottom: 1rem; color: #212529; font-family: custom-font, helvetica, arial, sans-serif; font-size: 14px; text-align: left; background-color: #ffffff;\">*Aby unikn\u0105\u0107 ewentualnych uszkodze\u0144 kraw\u0119dzi i ko\u0144c\u00f3w listew podczas transportu, dostarczamy listwy o d\u0142ugo\u015bci 280 cm. Listwy mo\u017cna nast\u0119pnie samodzielnie przyci\u0105\u0107 do \u017c\u0105danej d\u0142ugo\u015bci. <\/p><p style=\"margin-bottom: 1rem; color: #212529; font-family: custom-font, helvetica, arial, sans-serif; font-size: 14px; text-align: left; background-color: #ffffff;\"><span style=\"font-weight: bolder;\">Wa\u017cne uwagi:<\/span><\/p><ul style=\"margin-bottom: 1rem; color: #212529; font-family: custom-font, helvetica, arial, sans-serif; font-size: 14px; text-align: left; background-color: #ffffff;\"><li>Nie nadaje si\u0119 do wilgotnych pomieszcze\u0144.<\/li><li>Pozycja pierwszej listwy wp\u0142ywa na wyr\u00f3wnanie ka\u017cdej kolejnej listwy.<\/li><li>Listwy zakupione w r\u00f3\u017cnym czasie mog\u0105 r\u00f3\u017cni\u0107 si\u0119 us\u0142ojeniem, wygl\u0105dem, odcieniem i s\u0119kami ze wzgl\u0119du na r\u00f3\u017cne partie produkcyjne.<\/li><\/ul><hr style=\"box-sizing: content-box; height: 0px; overflow: visible; margin-top: 1rem; margin-bottom: 1rem; border-top: 1px solid #dee2e6; color: #212529; font-family: custom-font, helvetica, arial, sans-serif; font-size: 14px; text-align: left; background-color: #ffffff;\"><p style=\"margin-bottom: 1rem; color: #212529; font-family: custom-font, helvetica, arial, sans-serif; font-size: 14px; text-align: left; background-color: #ffffff;\">Poznaj idealne po\u0142\u0105czenie stylu i funkcjonalno\u015bci dzi\u0119ki naszym pionowym panelom dekoracyjnym. Zam\u00f3w zestaw pr\u00f3bek ju\u017c teraz i przekonaj si\u0119 o jako\u015bci i wzornictwie naszych produkt\u00f3w! <\/p>\t\t\t\t\t\t\t\t<\/div>\n\t\t\t\t<\/div>\n\t\t\t\t<div class=\"elementor-element elementor-element-b52d33d elementor-widget elementor-widget-text-editor\" data-id=\"b52d33d\" data-element_type=\"widget\" data-widget_type=\"text-editor.default\">\n\t\t\t\t<div class=\"elementor-widget-container\">\n\t\t\t\t\t\t\t\t\t<p> <\/p><h3><strong style=\"color: var( --e-global-color-text ); font-family: var( --e-global-typography-text-font-family ), Sans-serif;\">Produkcja w Niemczech<\/strong><\/h3><p><span style=\"font-size: 20px;\"><strong>W\u0142asny warsztat z ponad 35-letnim do\u015bwiadczeniem.<\/strong><\/span><\/p><p> <\/p><p><img decoding=\"async\" style=\"height: 80px; width: 350px;\" src=\"https:\/\/cdn03.plentymarkets.com\/mmx8yrv4qndt\/item\/images\/204\/full\/Wir-sind-Mitglied-bei-der--2-.jpg\" alt=\"\" data-cke-saved-src=\"https:\/\/cdn03.plentymarkets.com\/mmx8yrv4qndt\/item\/images\/204\/full\/Wir-sind-Mitglied-bei-der--2-.jpg\"><img decoding=\"async\" style=\"width: 114px; height: 70px;\" src=\"https:\/\/cdn03.plentymarkets.com\/mmx8yrv4qndt\/item\/images\/204\/full\/kaeufersiegel.png\" alt=\"\" data-cke-saved-src=\"https:\/\/cdn03.plentymarkets.com\/mmx8yrv4qndt\/item\/images\/204\/full\/kaeufersiegel.png\"> <img decoding=\"async\" style=\"width: 150px; height: 84px;\" src=\"https:\/\/cdn03.plentymarkets.com\/mmx8yrv4qndt\/item\/images\/204\/full\/haendlerbund.png\" alt=\"\" data-cke-saved-src=\"https:\/\/cdn03.plentymarkets.com\/mmx8yrv4qndt\/item\/images\/204\/full\/haendlerbund.png\"><\/p><p> <\/p>\t\t\t\t\t\t\t\t<\/div>\n\t\t\t\t<\/div>\n\t\t\t\t\t<\/div>\n\t\t<\/div>\n\t\t\t\t\t<\/div>\n\t\t<\/section>\n\t\t\t\t<\/div>\n\t\t","protected":false},"excerpt":{"rendered":"<div class=\"woocommerce-product-details__short-description\">\n<div class=\"woocommerce-product-details__short-description\">\n<div class=\"woocommerce-product-details__short-description\">\n<div class=\"woocommerce-product-details__short-description\">\n<div class=\"woocommerce-product-details__short-description\">\n<div class=\"woocommerce-product-details__short-description\">\n<div class=\"woocommerce-product-details__short-description\">\n<div class=\"woocommerce-product-details__short-description\">\n<div class=\"woocommerce-product-details__short-description\">\n<p style=\"text-align: left;\"><strong>Do optymalnego przymocowania listew do \u015bciany zalecamy nasz odpowiedni klej monta\u017cowy: <span style=\"color: #800000;\"><a class=\"underline-button\" style=\"color: #800000;\" href=\"https:\/\/clamaro.eu\/produkt\/montagekleber-mamut-weiss\/\" target=\"_blank\" rel=\"noopener\">Klej monta\u017cowy Mamut<\/a>. <\/span>(Jeden klej wystarcza na <span style=\"color: #808080;\">dwa panele<\/span>!).<\/strong><\/p>\n<p>&nbsp;<\/p>\n<h5><strong><span style=\"color: #808080;\">Zakres dostawy:<\/span><\/strong><\/h5>\n<ul>\n<li>10x listwy<\/li>\n<li>Listwy s\u0105 ju\u017c zszyte na filcu.<\/li>\n<\/ul>\n<h5><\/h5>\n<h5><span style=\"color: #808080;\"><strong><br \/>\nCechy produktu:<\/strong><\/span><\/h5>\n<ul>\n<li>Dost\u0119pne w oko\u0142o 20 kolorach.<\/li>\n<li>D\u0142ugo\u015b\u0107: 2750 mm*<\/li>\n<li>Szeroko\u015b\u0107: 460 mm<\/li>\n<li>Grubo\u015b\u0107: 12 mm listwa + 6 mm filc<\/li>\n<li>Ka\u017cda listwa ma szeroko\u015b\u0107 28 mm i odleg\u0142o\u015b\u0107 17 mm od nast\u0119pnej.<\/li>\n<\/ul>\n<p>* Ze wzgl\u0119du na mo\u017cliwe uszkodzenia podczas transportu na kraw\u0119dziach i ko\u0144cach listew &#8211; otrzymasz listwy o d\u0142ugo\u015bci <span style=\"color: #800000;\">280 cm<\/span> do samodzielnego przyci\u0119cia do dowolnego rozmiaru.<\/p>\n<\/div>\n<div class=\"woocommerce-product-details__short-description\">\n<h5><strong><span style=\"color: #808080;\">Czas dostawy:<\/span><br \/>\n<\/strong><\/h5>\n<ul>\n<li>Dostawa nast\u0119puje w ci\u0105gu 10 dni.<\/li>\n<\/ul>\n<div class=\"woocommerce-product-details__short-description\">\n<div class=\"group\/conversation-turn relative flex w-full min-w-0 flex-col agent-turn\">\n<div class=\"flex-col gap-1 md:gap-3\">\n<div class=\"flex max-w-full flex-col flex-grow\">\n<div class=\"min-h-8 text-message flex w-full flex-col items-end gap-2 whitespace-normal break-words text-start [.text-message+&amp;]:mt-5\" dir=\"auto\" data-message-author-role=\"assistant\" data-message-id=\"74a84a11-d5f4-41ab-842e-29e014575ce3\" data-message-model-slug=\"gpt-4o\">\n<div class=\"flex w-full flex-col gap-1 empty:hidden first:pt-[3px]\">\n<div class=\"markdown prose w-full break-words dark:prose-invert dark\">\n<p><strong>Wy\u015blemy ci <span style=\"color: #808080;\"><span style=\"color: #800000;\"><a style=\"color: #800000;\" href=\"https:\/\/clamaro.eu\/produkt\/lamellenwand-slim-musterset\/\" target=\"_blank\" rel=\"noopener\">przyk\u0142adowy zestaw<\/a><\/span><\/span> przed faktyczn\u0105 wysy\u0142k\u0105, aby\u015b m\u00f3g\u0142 sprawdzi\u0107 produkty z wyprzedzeniem; prosimy o poinformowanie nas p\u00f3\u017aniej, czy spe\u0142nia Twoje oczekiwania, a my wy\u015blemy Ci rzeczywisty towar.<\/strong><\/p>\n<p>&nbsp;<\/p>\n<\/div>\n<\/div>\n<\/div>\n<\/div>\n<\/div>\n<\/div>\n<\/div>\n<p><span style=\"color: #000000;\"><strong><a style=\"color: #000000;\" href=\"https:\/\/clamaro.eu\/wp-content\/uploads\/2024\/07\/Lamellen-Sicherheits-und-Produktressource-.pdf\" target=\"_blank\" rel=\"noopener\">Slats Safety and Product Resource.pdf<\/a><\/strong><\/span><\/p>\n<\/div>\n<\/div>\n<\/div>\n<\/div>\n<\/div>\n<\/div>\n<div class=\"woocommerce-product-details__short-description\">\n<p>&nbsp;<\/p>\n<\/div>\n<\/div>\n<\/div>\n<\/div>\n","protected":false},"featured_media":93437,"template":"","meta":{"om_disable_all_campaigns":false},"product_brand":[],"product_cat":[4817,4818],"product_tag":[4800],"class_list":{"0":"post-93434","1":"product","2":"type-product","3":"status-publish","4":"has-post-thumbnail","6":"product_cat-dekoracja-scienna","7":"product_cat-listwy","8":"product_tag-sciana-luwru","9":"product_shipping_class-listwy","11":"first","12":"instock","13":"taxable","14":"shipping-taxable","15":"purchasable","16":"product-type-simple"},"gallery_images":[93390,93439,93393,93396,93401,93403,93405,93408,93410],"_links":{"self":[{"href":"https:\/\/clamaro.eu\/pl\/wp-json\/wp\/v2\/product\/93434","targetHints":{"allow":["GET"]}}],"collection":[{"href":"https:\/\/clamaro.eu\/pl\/wp-json\/wp\/v2\/product"}],"about":[{"href":"https:\/\/clamaro.eu\/pl\/wp-json\/wp\/v2\/types\/product"}],"version-history":[{"count":1,"href":"https:\/\/clamaro.eu\/pl\/wp-json\/wp\/v2\/product\/93434\/revisions"}],"predecessor-version":[{"id":93443,"href":"https:\/\/clamaro.eu\/pl\/wp-json\/wp\/v2\/product\/93434\/revisions\/93443"}],"wp:featuredmedia":[{"embeddable":true,"href":"https:\/\/clamaro.eu\/pl\/wp-json\/wp\/v2\/media\/93437"}],"wp:attachment":[{"href":"https:\/\/clamaro.eu\/pl\/wp-json\/wp\/v2\/media?parent=93434"}],"wp:term":[{"taxonomy":"product_brand","embeddable":true,"href":"https:\/\/clamaro.eu\/pl\/wp-json\/wp\/v2\/product_brand?post=93434"},{"taxonomy":"product_cat","embeddable":true,"href":"https:\/\/clamaro.eu\/pl\/wp-json\/wp\/v2\/product_cat?post=93434"},{"taxonomy":"product_tag","embeddable":true,"href":"https:\/\/clamaro.eu\/pl\/wp-json\/wp\/v2\/product_tag?post=93434"}],"curies":[{"name":"wp","href":"https:\/\/api.w.org\/{rel}","templated":true}]}}