{"id":92683,"date":"2025-04-08T09:25:03","date_gmt":"2025-04-08T09:25:03","guid":{"rendered":"https:\/\/clamaro.eu\/product\/split\/"},"modified":"2025-05-28T17:11:07","modified_gmt":"2025-05-28T17:11:07","slug":"split","status":"publish","type":"product","link":"https:\/\/clamaro.eu\/pl\/produkt\/split\/","title":{"rendered":"SPLIT"},"content":{"rendered":"\t\t<div data-elementor-type=\"wp-post\" data-elementor-id=\"92683\" class=\"elementor elementor-92683 elementor-88752\">\n\t\t\t\t\t\t<section class=\"elementor-section elementor-top-section elementor-element elementor-element-3375b062 elementor-section-boxed elementor-section-height-default elementor-section-height-default qodef-elementor-content-no\" data-id=\"3375b062\" data-element_type=\"section\">\n\t\t\t\t\t\t<div class=\"elementor-container elementor-column-gap-default\">\n\t\t\t\t\t<div class=\"elementor-column elementor-col-100 elementor-top-column elementor-element elementor-element-2ade6d6d\" data-id=\"2ade6d6d\" data-element_type=\"column\">\n\t\t\t<div class=\"elementor-widget-wrap elementor-element-populated\">\n\t\t\t\t\t\t<div class=\"elementor-element elementor-element-17f9e4d0 elementor-widget elementor-widget-image\" data-id=\"17f9e4d0\" data-element_type=\"widget\" data-widget_type=\"image.default\">\n\t\t\t\t<div class=\"elementor-widget-container\">\n\t\t\t\t\t\t\t\t\t\t\t\t\t\t\t<img decoding=\"async\" src=\"https:\/\/m.media-amazon.com\/images\/S\/aplus-media-library-service-media\/8a7af628-f583-4702-8d22-927f8f7f49e2.__CR0,0,600,180_PT0_SX600_V1___.png\" title=\"\" alt=\"\" loading=\"lazy\" \/>\t\t\t\t\t\t\t\t\t\t\t\t\t\t\t<\/div>\n\t\t\t\t<\/div>\n\t\t\t\t\t<\/div>\n\t\t<\/div>\n\t\t\t\t\t<\/div>\n\t\t<\/section>\n\t\t\t\t<section class=\"elementor-section elementor-top-section elementor-element elementor-element-5dc6166 elementor-section-boxed elementor-section-height-default elementor-section-height-default qodef-elementor-content-no\" data-id=\"5dc6166\" data-element_type=\"section\">\n\t\t\t\t\t\t<div class=\"elementor-container elementor-column-gap-default\">\n\t\t\t\t\t<div class=\"elementor-column elementor-col-100 elementor-top-column elementor-element elementor-element-ade8803\" data-id=\"ade8803\" data-element_type=\"column\">\n\t\t\t<div class=\"elementor-widget-wrap elementor-element-populated\">\n\t\t\t\t\t\t<div class=\"elementor-element elementor-element-bd7324c elementor-widget elementor-widget-text-editor\" data-id=\"bd7324c\" data-element_type=\"widget\" data-widget_type=\"text-editor.default\">\n\t\t\t\t<div class=\"elementor-widget-container\">\n\t\t\t\t\t\t\t\t\t<h3 style=\"background-color: #ffffff;\">CLAMARO VINTAGE BAROKOWA RAMA SPLIT WYKONANA Z LITEGO DREWNA \u015aWIERKOWEGO &#8211; R\u0118CZNIE ROBIONA I W 100% WYPRODUKOWANA W NIEMCZECH<\/h3><p style=\"margin: 0cm; background-position: initial; background-color: white; line-height: 21.6pt; letter-spacing: normal; text-transform: none; font-size: 12pt; font-family: 'Times New Roman', serif; color: #000000;\" align=\"center\"><span style=\"font-size: 11.5pt; font-family: Roboto; color: #7a7a7a;\"><span style=\"font-weight: 400;\">Ramka Clamaro Vintage Baroque <\/span><strong>SPLIT<\/strong><span style=\"font-weight: 400;\"> wykonana z litego drewna z wysoce przezroczystym szk\u0142em artystycznym, tylnym panelem HDF i wieszakami z ramk\u0105 na zdj\u0119cia <\/span><span style=\"font-weight: bold;\">optycznie powi\u0119ksza pomieszczenie<\/span><span style=\"font-weight: 400;\">  a jednocze\u015bnie ramka na zdj\u0119cia mo\u017ce sprawi\u0107, \u017ce Tw\u00f3j dom b\u0119dzie wygl\u0105da\u0142 ja\u015bniej i bardziej przestronnie. Oczywi\u015bcie rama jest i musi r\u00f3wnie\u017c przyczynia\u0107 si\u0119 do dekoracji i umiej\u0119tnie prezentowa\u0107 najpi\u0119kniejsze zdj\u0119cia, obrazy lub zdj\u0119cia. <\/span><\/span><\/p><p style=\"margin: 0cm; background-position: initial; background-color: white; line-height: 21.6pt; font-weight: 400; letter-spacing: normal; text-transform: none; font-size: 12pt; font-family: 'Times New Roman', serif; color: #000000;\" align=\"center\"><span style=\"font-size: 11.5pt; font-family: Roboto; color: #7a7a7a;\"> <\/span><\/p><p style=\"margin: 0cm; background-position: initial; background-color: white; line-height: 21.6pt; font-weight: 400; letter-spacing: normal; text-transform: none; font-size: 12pt; font-family: 'Times New Roman', serif; color: #000000;\" align=\"center\"><span style=\"font-size: 11.5pt; font-family: Roboto; color: #7a7a7a;\"><span style=\"font-weight: bold;\">Ramki do zdj\u0119\u0107 z prawdziwego drewna<\/span> Clamaro mog\u0105 by\u0107 <span style=\"font-weight: bold;\">u\u017cywane<\/span> jako ramki do zdj\u0119\u0107, ramki do puzzli, ramki do kola\u017cy lub jako ramki do certyfikat\u00f3w, ramki do portret\u00f3w, a w bardzo du\u017cych formatach r\u00f3wnie\u017c jako ramki do plakat\u00f3w kinowych maxi, w zale\u017cno\u015bci od rozmiaru.<\/span><\/p>\t\t\t\t\t\t\t\t<\/div>\n\t\t\t\t<\/div>\n\t\t\t\t\t<\/div>\n\t\t<\/div>\n\t\t\t\t\t<\/div>\n\t\t<\/section>\n\t\t\t\t<section class=\"elementor-section elementor-top-section elementor-element elementor-element-5203ee62 elementor-section-boxed elementor-section-height-default elementor-section-height-default qodef-elementor-content-no\" data-id=\"5203ee62\" data-element_type=\"section\">\n\t\t\t\t\t\t<div class=\"elementor-container elementor-column-gap-default\">\n\t\t\t\t\t<div class=\"elementor-column elementor-col-100 elementor-top-column elementor-element elementor-element-788a7bc3\" data-id=\"788a7bc3\" data-element_type=\"column\">\n\t\t\t<div class=\"elementor-widget-wrap elementor-element-populated\">\n\t\t\t\t\t\t<div class=\"elementor-element elementor-element-61be6912 elementor-widget-divider--view-line elementor-widget elementor-widget-divider\" data-id=\"61be6912\" data-element_type=\"widget\" data-widget_type=\"divider.default\">\n\t\t\t\t<div class=\"elementor-widget-container\">\n\t\t\t\t\t\t\t<div class=\"elementor-divider\">\n\t\t\t<span class=\"elementor-divider-separator\">\n\t\t\t\t\t\t<\/span>\n\t\t<\/div>\n\t\t\t\t\t\t<\/div>\n\t\t\t\t<\/div>\n\t\t\t\t\t<\/div>\n\t\t<\/div>\n\t\t\t\t\t<\/div>\n\t\t<\/section>\n\t\t\t\t<section class=\"elementor-section elementor-top-section elementor-element elementor-element-254f1d32 elementor-section-boxed elementor-section-height-default elementor-section-height-default qodef-elementor-content-no\" data-id=\"254f1d32\" data-element_type=\"section\">\n\t\t\t\t\t\t<div class=\"elementor-container elementor-column-gap-default\">\n\t\t\t\t\t<div class=\"elementor-column elementor-col-25 elementor-top-column elementor-element elementor-element-54cd401e\" data-id=\"54cd401e\" data-element_type=\"column\">\n\t\t\t<div class=\"elementor-widget-wrap elementor-element-populated\">\n\t\t\t\t\t\t<div class=\"elementor-element elementor-element-1b7d745 elementor-widget elementor-widget-spacer\" data-id=\"1b7d745\" data-element_type=\"widget\" data-widget_type=\"spacer.default\">\n\t\t\t\t<div class=\"elementor-widget-container\">\n\t\t\t\t\t\t\t<div class=\"elementor-spacer\">\n\t\t\t<div class=\"elementor-spacer-inner\"><\/div>\n\t\t<\/div>\n\t\t\t\t\t\t<\/div>\n\t\t\t\t<\/div>\n\t\t\t\t<div class=\"elementor-element elementor-element-63506157 elementor-widget elementor-widget-image\" data-id=\"63506157\" data-element_type=\"widget\" data-widget_type=\"image.default\">\n\t\t\t\t<div class=\"elementor-widget-container\">\n\t\t\t\t\t\t\t\t\t\t\t\t\t\t\t<img decoding=\"async\" src=\"https:\/\/m.media-amazon.com\/images\/I\/71SjCxAoi2L._AC_SL1250_.jpg\" title=\"\" alt=\"\" loading=\"lazy\" \/>\t\t\t\t\t\t\t\t\t\t\t\t\t\t\t<\/div>\n\t\t\t\t<\/div>\n\t\t\t\t<div class=\"elementor-element elementor-element-7ab72096 elementor-widget elementor-widget-text-editor\" data-id=\"7ab72096\" data-element_type=\"widget\" data-widget_type=\"text-editor.default\">\n\t\t\t\t<div class=\"elementor-widget-container\">\n\t\t\t\t\t\t\t\t\t<h4><strong><br><\/strong><br>RAMKA NA ZDJ\u0118CIA W SZCZEG\u00d3\u0141ACH<\/h4><p style=\"background-color: #ffffff; color: #7a7a7a; font-family: Roboto, sans-serif; font-size: 15px; font-weight: 400; letter-spacing: normal; text-transform: none;\"><span class=\"a-text-bold\">Klasyczna listwa przypod\u0142ogowa<\/span> o nowoczesnym, a jednocze\u015bnie <span class=\"a-text-bold\">klasycznie ponadczasowym<\/span> designie. Wykonana z <span class=\"a-text-bold\">litego drewna<\/span> i laminowana <span class=\"a-text-bold\">foli\u0105 dekoracyjn\u0105 odporn\u0105 na zarysowania i promieniowanie UV<\/span>. <\/p><p style=\"background-color: #ffffff; color: #7a7a7a; font-family: Roboto, sans-serif; font-size: 15px; font-weight: 400; letter-spacing: normal; text-transform: none;\">Kolejn\u0105 specjaln\u0105 cech\u0105 naszej folii dekoracyjnej jest <span class=\"a-text-bold\">pe\u0142ne owini\u0119cie (bez odwrotnej strony) <\/span>drewnianej listwy ramowej. Zapewnia to jednolite og\u00f3lne wra\u017cenie, a folia nie odkleja si\u0119, jak ma to miejsce w przypadku cz\u0119\u015bciowo owini\u0119tych listew ramowych. <\/p>\t\t\t\t\t\t\t\t<\/div>\n\t\t\t\t<\/div>\n\t\t\t\t\t<\/div>\n\t\t<\/div>\n\t\t\t\t<div class=\"elementor-column elementor-col-25 elementor-top-column elementor-element elementor-element-59ddf0a\" data-id=\"59ddf0a\" data-element_type=\"column\">\n\t\t\t<div class=\"elementor-widget-wrap elementor-element-populated\">\n\t\t\t\t\t\t<div class=\"elementor-element elementor-element-e446008 elementor-widget elementor-widget-spacer\" data-id=\"e446008\" data-element_type=\"widget\" data-widget_type=\"spacer.default\">\n\t\t\t\t<div class=\"elementor-widget-container\">\n\t\t\t\t\t\t\t<div class=\"elementor-spacer\">\n\t\t\t<div class=\"elementor-spacer-inner\"><\/div>\n\t\t<\/div>\n\t\t\t\t\t\t<\/div>\n\t\t\t\t<\/div>\n\t\t\t\t<div class=\"elementor-element elementor-element-aa2d5e2 elementor-widget elementor-widget-image\" data-id=\"aa2d5e2\" data-element_type=\"widget\" data-widget_type=\"image.default\">\n\t\t\t\t<div class=\"elementor-widget-container\">\n\t\t\t\t\t\t\t\t\t\t\t\t\t\t\t<img decoding=\"async\" src=\"https:\/\/m.media-amazon.com\/images\/S\/aplus-media-library-service-media\/f0f4f528-ad47-4cbf-88cb-818e2cdee1db.__CR1192,556,476,476_PT0_SX220_V1___.png\" title=\"\" alt=\"\" loading=\"lazy\" \/>\t\t\t\t\t\t\t\t\t\t\t\t\t\t\t<\/div>\n\t\t\t\t<\/div>\n\t\t\t\t<div class=\"elementor-element elementor-element-c1793a9 elementor-widget elementor-widget-spacer\" data-id=\"c1793a9\" data-element_type=\"widget\" data-widget_type=\"spacer.default\">\n\t\t\t\t<div class=\"elementor-widget-container\">\n\t\t\t\t\t\t\t<div class=\"elementor-spacer\">\n\t\t\t<div class=\"elementor-spacer-inner\"><\/div>\n\t\t<\/div>\n\t\t\t\t\t\t<\/div>\n\t\t\t\t<\/div>\n\t\t\t\t<div class=\"elementor-element elementor-element-9c0ac9a elementor-widget elementor-widget-text-editor\" data-id=\"9c0ac9a\" data-element_type=\"widget\" data-widget_type=\"text-editor.default\">\n\t\t\t\t<div class=\"elementor-widget-container\">\n\t\t\t\t\t\t\t\t\t<h4 style=\"margin-top: 0px; text-rendering: optimizelegibility; font-weight: normal; font-size: 17px; line-height: 1.255; font-family: 'Amazon Ember', Arial, sans-serif; color: #0f1111; letter-spacing: normal; text-align: center; text-transform: none; background-color: #ffffff; margin-bottom: 6px !important;\">&nbsp;<\/h4>\n<h4 style=\"margin-top: 0px; text-rendering: optimizelegibility; font-weight: normal; font-size: 17px; line-height: 1.255; font-family: 'Amazon Ember', Arial, sans-serif; color: #0f1111; letter-spacing: normal; text-align: center; text-transform: none; background-color: #ffffff; margin-bottom: 6px !important;\"><span style=\"background-color: #ffffff; color: #1d1d1d; font-family: 'Josefin Sans', sans-serif; font-size: 16px; font-weight: 600; letter-spacing: 0.12em; text-transform: uppercase;\">Ko\u0142ki do gi\u0119cia metalu &#8211; BEZ B\u0141\u0118D\u00d3W<\/span><\/h4>\n<div><span style=\"background-color: #ffffff; color: #1d1d1d; font-family: 'Josefin Sans', sans-serif; font-size: 16px; font-weight: 600; letter-spacing: 0.12em; text-transform: uppercase;\">&nbsp;<\/span><\/div>\n<div><span style=\"background-color: #ffffff; color: var( --e-global-color-text ); font-family: var( --e-global-typography-text-font-family ), Sans-serif; font-weight: var( --e-global-typography-text-font-weight );\">Aby zapobiec \u015blizganiu si\u0119, do tylnej cz\u0119\u015bci listwy ramy przymocowana jest wystarczaj\u0105ca liczba mocnych metalowych ko\u0142k\u00f3w gn\u0105cych. Ko\u0142ki do gi\u0119cia przytrzymuj\u0105 i mocno dociskaj\u0105 ram\u0119, obraz, szk\u0142o akrylowe i tylny panel. Mo\u017cna je \u0142atwo wygi\u0105\u0107 za pomoc\u0105 mocnych paznokci lub alternatywnie za pomoc\u0105 cienkiego, spiczastego \u015brubokr\u0119ta.  <\/span>&nbsp;<\/div>\n<div>&nbsp;<\/div>\n<h4 style=\"background-color: #ffffff;\">&nbsp;<\/h4>\n<p style=\"margin-bottom: 14px; color: #0f1111; font-family: 'Amazon Ember', Arial, sans-serif; font-weight: 400; letter-spacing: normal; text-align: start; text-transform: none; background-color: #ffffff; font-size: 12px !important; line-height: 16px !important;\">\n<\/p>\t\t\t\t\t\t\t\t<\/div>\n\t\t\t\t<\/div>\n\t\t\t\t\t<\/div>\n\t\t<\/div>\n\t\t\t\t<div class=\"elementor-column elementor-col-25 elementor-top-column elementor-element elementor-element-7921d95\" data-id=\"7921d95\" data-element_type=\"column\">\n\t\t\t<div class=\"elementor-widget-wrap elementor-element-populated\">\n\t\t\t\t\t\t<div class=\"elementor-element elementor-element-1ec7101 elementor-widget elementor-widget-spacer\" data-id=\"1ec7101\" data-element_type=\"widget\" data-widget_type=\"spacer.default\">\n\t\t\t\t<div class=\"elementor-widget-container\">\n\t\t\t\t\t\t\t<div class=\"elementor-spacer\">\n\t\t\t<div class=\"elementor-spacer-inner\"><\/div>\n\t\t<\/div>\n\t\t\t\t\t\t<\/div>\n\t\t\t\t<\/div>\n\t\t\t\t<div class=\"elementor-element elementor-element-64cec60 elementor-widget elementor-widget-image\" data-id=\"64cec60\" data-element_type=\"widget\" data-widget_type=\"image.default\">\n\t\t\t\t<div class=\"elementor-widget-container\">\n\t\t\t\t\t\t\t\t\t\t\t\t\t\t\t<img decoding=\"async\" src=\"https:\/\/m.media-amazon.com\/images\/S\/aplus-media-library-service-media\/6d458837-6af4-4a48-b211-c6dc50ecb0f5.__CR51,56,1115,1115_PT0_SX220_V1___.jpg\" title=\"\" alt=\"\" loading=\"lazy\" \/>\t\t\t\t\t\t\t\t\t\t\t\t\t\t\t<\/div>\n\t\t\t\t<\/div>\n\t\t\t\t<div class=\"elementor-element elementor-element-c1c4c55 elementor-widget elementor-widget-spacer\" data-id=\"c1c4c55\" data-element_type=\"widget\" data-widget_type=\"spacer.default\">\n\t\t\t\t<div class=\"elementor-widget-container\">\n\t\t\t\t\t\t\t<div class=\"elementor-spacer\">\n\t\t\t<div class=\"elementor-spacer-inner\"><\/div>\n\t\t<\/div>\n\t\t\t\t\t\t<\/div>\n\t\t\t\t<\/div>\n\t\t\t\t<div class=\"elementor-element elementor-element-2973f2a elementor-widget elementor-widget-text-editor\" data-id=\"2973f2a\" data-element_type=\"widget\" data-widget_type=\"text-editor.default\">\n\t\t\t\t<div class=\"elementor-widget-container\">\n\t\t\t\t\t\t\t\t\t<h4 class=\"a-spacing-mini\">Tylna \u015bcianka i wieszak (format poziomy i pionowy)<\/h4><p>Ka\u017cd\u0105 ramk\u0119 wyposa\u017camy w tylny panel o grubo\u015bci 2,5 mm wykonany z drewna HDF, dzi\u0119ki czemu ramki zatrzaskowe z litego drewna nie trac\u0105 stabilno\u015bci nawet w przypadku ramek o du\u017cym formacie. Ka\u017cda ramka posiada r\u00f3wnie\u017c 2 solidne metalowe wieszaki do monta\u017cu na \u015bcianie w formacie pionowym lub poziomym. <\/p>\t\t\t\t\t\t\t\t<\/div>\n\t\t\t\t<\/div>\n\t\t\t\t\t<\/div>\n\t\t<\/div>\n\t\t\t\t<div class=\"elementor-column elementor-col-25 elementor-top-column elementor-element elementor-element-7ad7019\" data-id=\"7ad7019\" data-element_type=\"column\">\n\t\t\t<div class=\"elementor-widget-wrap elementor-element-populated\">\n\t\t\t\t\t\t<div class=\"elementor-element elementor-element-729a1a6 elementor-widget elementor-widget-spacer\" data-id=\"729a1a6\" data-element_type=\"widget\" data-widget_type=\"spacer.default\">\n\t\t\t\t<div class=\"elementor-widget-container\">\n\t\t\t\t\t\t\t<div class=\"elementor-spacer\">\n\t\t\t<div class=\"elementor-spacer-inner\"><\/div>\n\t\t<\/div>\n\t\t\t\t\t\t<\/div>\n\t\t\t\t<\/div>\n\t\t\t\t<div class=\"elementor-element elementor-element-3d67206 elementor-widget elementor-widget-image\" data-id=\"3d67206\" data-element_type=\"widget\" data-widget_type=\"image.default\">\n\t\t\t\t<div class=\"elementor-widget-container\">\n\t\t\t\t\t\t\t\t\t\t\t\t\t\t\t<img decoding=\"async\" src=\"https:\/\/m.media-amazon.com\/images\/S\/aplus-media-library-service-media\/91eb8584-443f-47af-9901-88ffb44c57b5.__CR0,0,2000,2000_PT0_SX300_V1___.png\" title=\"\" alt=\"\" loading=\"lazy\" \/>\t\t\t\t\t\t\t\t\t\t\t\t\t\t\t<\/div>\n\t\t\t\t<\/div>\n\t\t\t\t<div class=\"elementor-element elementor-element-38a9216 elementor-widget elementor-widget-text-editor\" data-id=\"38a9216\" data-element_type=\"widget\" data-widget_type=\"text-editor.default\">\n\t\t\t\t<div class=\"elementor-widget-container\">\n\t\t\t\t\t\t\t\t\t<h4 class=\"a-spacing-mini\"><br><br>Najwy\u017csza jako\u015b\u0107 i precyzja: wykonane r\u0119cznie i w 100% wyprodukowane w Niemczech<\/h4><p>Wszystkie <span class=\"a-text-bold\">lustra Clamaro <\/span>s\u0105 wykonywane na zam\u00f3wienie w naszej fabryce ram, indywidualnie i r\u0119cznie dostosowywane do po\u017c\u0105danych wymiar\u00f3w.<span class=\"a-text-bold\"> Precyzja i jako\u015b\u0107 100% Made in Germany<\/span><\/p><p><span class=\"a-text-bold\">WA\u017bNA UWAGA DOTYCZ\u0104CA NASZYCH ZDJ\u0118\u0106:<\/span> Kolor u\u017cywanych przez nas zdj\u0119\u0107 produkt\u00f3w mo\u017ce si\u0119 nieznacznie r\u00f3\u017cni\u0107 od naszych zdj\u0119\u0107 ze wzgl\u0119du na ustawienia kolor\u00f3w i jasno\u015bci ekranu.<\/p>\t\t\t\t\t\t\t\t<\/div>\n\t\t\t\t<\/div>\n\t\t\t\t\t<\/div>\n\t\t<\/div>\n\t\t\t\t\t<\/div>\n\t\t<\/section>\n\t\t\t\t<section class=\"elementor-section elementor-top-section elementor-element elementor-element-e811d2d elementor-section-boxed elementor-section-height-default elementor-section-height-default qodef-elementor-content-no\" data-id=\"e811d2d\" data-element_type=\"section\">\n\t\t\t\t\t\t<div class=\"elementor-container elementor-column-gap-default\">\n\t\t\t\t\t<div class=\"elementor-column elementor-col-100 elementor-top-column elementor-element elementor-element-5c48063\" data-id=\"5c48063\" data-element_type=\"column\">\n\t\t\t<div class=\"elementor-widget-wrap elementor-element-populated\">\n\t\t\t\t\t\t<div class=\"elementor-element elementor-element-da4f732 elementor-widget__width-initial elementor-widget elementor-widget-image\" data-id=\"da4f732\" data-element_type=\"widget\" data-widget_type=\"image.default\">\n\t\t\t\t<div class=\"elementor-widget-container\">\n\t\t\t\t\t\t\t\t\t\t\t\t\t\t\t<img decoding=\"async\" src=\"https:\/\/m.media-amazon.com\/images\/I\/71Bn49M1uvL._AC_SL1500_.jpg\" title=\"\" alt=\"\" loading=\"lazy\" \/>\t\t\t\t\t\t\t\t\t\t\t\t\t\t\t<\/div>\n\t\t\t\t<\/div>\n\t\t\t\t\t<\/div>\n\t\t<\/div>\n\t\t\t\t\t<\/div>\n\t\t<\/section>\n\t\t\t\t<\/div>\n\t\t","protected":false},"excerpt":{"rendered":"<p>do monta\u017cu na \u015bcianie w formacie pionowym lub poziomym.<\/p>\n<p>&nbsp;<\/p>\n<p><strong><span style=\"color: #808080;\"><a style=\"color: #808080;\" href=\"https:\/\/clamaro.eu\/wp-content\/uploads\/2023\/09\/Konfirmitaetserklaerung-Bilderrahmen-mit-Unterschrift.pdf-1.pdf\" target=\"_blank\" rel=\"noopener\">Bezpiecze\u0144stwo ramek do zdj\u0119\u0107 i zasoby dotycz\u0105ce produkt\u00f3w.pdf<\/a><\/span><\/strong><\/p>\n","protected":false},"featured_media":92684,"template":"","meta":{"om_disable_all_campaigns":false},"product_brand":[],"product_cat":[4796,4793],"product_tag":[],"class_list":{"0":"post-92683","1":"product","2":"type-product","3":"status-publish","4":"has-post-thumbnail","6":"product_cat-lite-drewno-vintage","7":"product_cat-ramka-na-zdjecia","9":"first","10":"instock","11":"taxable","12":"shipping-taxable","13":"purchasable","14":"product-type-simple"},"gallery_images":[92685,92686,92687,92688,92689,92690,92691,92692],"_links":{"self":[{"href":"https:\/\/clamaro.eu\/pl\/wp-json\/wp\/v2\/product\/92683","targetHints":{"allow":["GET"]}}],"collection":[{"href":"https:\/\/clamaro.eu\/pl\/wp-json\/wp\/v2\/product"}],"about":[{"href":"https:\/\/clamaro.eu\/pl\/wp-json\/wp\/v2\/types\/product"}],"version-history":[{"count":1,"href":"https:\/\/clamaro.eu\/pl\/wp-json\/wp\/v2\/product\/92683\/revisions"}],"predecessor-version":[{"id":92693,"href":"https:\/\/clamaro.eu\/pl\/wp-json\/wp\/v2\/product\/92683\/revisions\/92693"}],"wp:featuredmedia":[{"embeddable":true,"href":"https:\/\/clamaro.eu\/pl\/wp-json\/wp\/v2\/media\/92684"}],"wp:attachment":[{"href":"https:\/\/clamaro.eu\/pl\/wp-json\/wp\/v2\/media?parent=92683"}],"wp:term":[{"taxonomy":"product_brand","embeddable":true,"href":"https:\/\/clamaro.eu\/pl\/wp-json\/wp\/v2\/product_brand?post=92683"},{"taxonomy":"product_cat","embeddable":true,"href":"https:\/\/clamaro.eu\/pl\/wp-json\/wp\/v2\/product_cat?post=92683"},{"taxonomy":"product_tag","embeddable":true,"href":"https:\/\/clamaro.eu\/pl\/wp-json\/wp\/v2\/product_tag?post=92683"}],"curies":[{"name":"wp","href":"https:\/\/api.w.org\/{rel}","templated":true}]}}