{"id":92650,"date":"2025-05-28T08:19:44","date_gmt":"2025-05-28T08:19:44","guid":{"rendered":"https:\/\/clamaro.eu\/product\/czarne-zloto\/"},"modified":"2025-05-28T17:11:01","modified_gmt":"2025-05-28T17:11:01","slug":"czarne-zloto","status":"publish","type":"product","link":"https:\/\/clamaro.eu\/pl\/produkt\/czarne-zloto\/","title":{"rendered":"Czarne z\u0142oto"},"content":{"rendered":"\t\t<div data-elementor-type=\"wp-post\" data-elementor-id=\"92650\" class=\"elementor elementor-92650 elementor-92442\">\n\t\t\t\t\t\t<section class=\"elementor-section elementor-top-section elementor-element elementor-element-3375b062 elementor-section-boxed elementor-section-height-default elementor-section-height-default qodef-elementor-content-no\" data-id=\"3375b062\" data-element_type=\"section\">\n\t\t\t\t\t\t<div class=\"elementor-container elementor-column-gap-default\">\n\t\t\t\t\t<div class=\"elementor-column elementor-col-100 elementor-top-column elementor-element elementor-element-2ade6d6d\" data-id=\"2ade6d6d\" data-element_type=\"column\">\n\t\t\t<div class=\"elementor-widget-wrap elementor-element-populated\">\n\t\t\t\t\t\t<div class=\"elementor-element elementor-element-17f9e4d0 elementor-widget elementor-widget-image\" data-id=\"17f9e4d0\" data-element_type=\"widget\" data-widget_type=\"image.default\">\n\t\t\t\t<div class=\"elementor-widget-container\">\n\t\t\t\t\t\t\t\t\t\t\t\t\t\t\t<img decoding=\"async\" src=\"https:\/\/m.media-amazon.com\/images\/S\/aplus-media-library-service-media\/8a7af628-f583-4702-8d22-927f8f7f49e2.__CR0,0,600,180_PT0_SX600_V1___.png\" title=\"\" alt=\"\" loading=\"lazy\" \/>\t\t\t\t\t\t\t\t\t\t\t\t\t\t\t<\/div>\n\t\t\t\t<\/div>\n\t\t\t\t\t<\/div>\n\t\t<\/div>\n\t\t\t\t\t<\/div>\n\t\t<\/section>\n\t\t\t\t<section class=\"elementor-section elementor-top-section elementor-element elementor-element-5203ee62 elementor-section-boxed elementor-section-height-default elementor-section-height-default qodef-elementor-content-no\" data-id=\"5203ee62\" data-element_type=\"section\">\n\t\t\t\t\t\t<div class=\"elementor-container elementor-column-gap-default\">\n\t\t\t\t\t<div class=\"elementor-column elementor-col-100 elementor-top-column elementor-element elementor-element-788a7bc3\" data-id=\"788a7bc3\" data-element_type=\"column\">\n\t\t\t<div class=\"elementor-widget-wrap elementor-element-populated\">\n\t\t\t\t\t\t<div class=\"elementor-element elementor-element-61be6912 elementor-widget-divider--view-line elementor-widget elementor-widget-divider\" data-id=\"61be6912\" data-element_type=\"widget\" data-widget_type=\"divider.default\">\n\t\t\t\t<div class=\"elementor-widget-container\">\n\t\t\t\t\t\t\t<div class=\"elementor-divider\">\n\t\t\t<span class=\"elementor-divider-separator\">\n\t\t\t\t\t\t<\/span>\n\t\t<\/div>\n\t\t\t\t\t\t<\/div>\n\t\t\t\t<\/div>\n\t\t\t\t\t<\/div>\n\t\t<\/div>\n\t\t\t\t\t<\/div>\n\t\t<\/section>\n\t\t\t\t<section class=\"elementor-section elementor-top-section elementor-element elementor-element-931d16f elementor-section-boxed elementor-section-height-default elementor-section-height-default qodef-elementor-content-no\" data-id=\"931d16f\" data-element_type=\"section\">\n\t\t\t\t\t\t<div class=\"elementor-container elementor-column-gap-default\">\n\t\t\t\t\t<div class=\"elementor-column elementor-col-33 elementor-top-column elementor-element elementor-element-75d9017\" data-id=\"75d9017\" data-element_type=\"column\">\n\t\t\t<div class=\"elementor-widget-wrap elementor-element-populated\">\n\t\t\t\t\t\t<div class=\"elementor-element elementor-element-65c1130 elementor-widget elementor-widget-image\" data-id=\"65c1130\" data-element_type=\"widget\" data-widget_type=\"image.default\">\n\t\t\t\t<div class=\"elementor-widget-container\">\n\t\t\t\t\t\t\t\t\t\t\t\t\t\t\t<img decoding=\"async\" src=\"https:\/\/m.media-amazon.com\/images\/S\/aplus-media-library-service-media\/3758f6b9-d867-43c1-92fe-773c141dfd7c.__CR0,0,1080,1080_PT0_SX300_V1___.png\" title=\"\" alt=\"\" loading=\"lazy\" \/>\t\t\t\t\t\t\t\t\t\t\t\t\t\t\t<\/div>\n\t\t\t\t<\/div>\n\t\t\t\t<div class=\"elementor-element elementor-element-04c659f elementor-widget elementor-widget-text-editor\" data-id=\"04c659f\" data-element_type=\"widget\" data-widget_type=\"text-editor.default\">\n\t\t\t\t<div class=\"elementor-widget-container\">\n\t\t\t\t\t\t\t\t\t<h4 style=\"text-align: center;\">Szczeg\u00f3\u0142owa listwa ramy<\/h4><p style=\"text-align: left;\">Nowoczesna, kanciasta listwa ma wsp\u00f3\u0142czesny, a jednocze\u015bnie klasycznie ponadczasowy design.<\/p><p style=\"text-align: left;\">Listwa ramowa Clamaro SFR35 ma 35 mm szeroko\u015bci i 35 mm g\u0142\u0119boko\u015bci. Wykonana jest z wysokiej jako\u015bci drewna MDF i laminowana odporn\u0105 na zarysowania i promieniowanie UV foli\u0105 dekoracyjn\u0105. <\/p><p style=\"text-align: left;\">Wyj\u0105tkowa stabilno\u015b\u0107: Poszczeg\u00f3lne cz\u0119\u015bci ramy s\u0105 po\u0142\u0105czone ze sob\u0105 za pomoc\u0105 kilku zacisk\u00f3w i dodatkowo sklejone.<\/p>\t\t\t\t\t\t\t\t<\/div>\n\t\t\t\t<\/div>\n\t\t\t\t\t<\/div>\n\t\t<\/div>\n\t\t\t\t<div class=\"elementor-column elementor-col-33 elementor-top-column elementor-element elementor-element-801e123\" data-id=\"801e123\" data-element_type=\"column\">\n\t\t\t<div class=\"elementor-widget-wrap elementor-element-populated\">\n\t\t\t\t\t\t<div class=\"elementor-element elementor-element-5d3cdbb elementor-widget elementor-widget-image\" data-id=\"5d3cdbb\" data-element_type=\"widget\" data-widget_type=\"image.default\">\n\t\t\t\t<div class=\"elementor-widget-container\">\n\t\t\t\t\t\t\t\t\t\t\t\t\t\t\t<img decoding=\"async\" src=\"https:\/\/m.media-amazon.com\/images\/S\/aplus-media-library-service-media\/7aafa7f2-c815-4e76-a1c6-1ba491154bc2.__CR0,0,1250,1250_PT0_SX300_V1___.jpg\" title=\"\" alt=\"\" loading=\"lazy\" \/>\t\t\t\t\t\t\t\t\t\t\t\t\t\t\t<\/div>\n\t\t\t\t<\/div>\n\t\t\t\t<div class=\"elementor-element elementor-element-9ce541d elementor-widget elementor-widget-text-editor\" data-id=\"9ce541d\" data-element_type=\"widget\" data-widget_type=\"text-editor.default\">\n\t\t\t\t<div class=\"elementor-widget-container\">\n\t\t\t\t\t\t\t\t\t<h4>W zestawie materia\u0142 monta\u017cowy do ekranu <\/h4><p>Dzi\u0119ki do\u0142\u0105czonemu materia\u0142owi monta\u017cowemu i szczeg\u00f3\u0142owym instrukcjom monta\u017c ramy jest \u0142atwy, nawet dla pocz\u0105tkuj\u0105cych.<\/p><p>Aby unikn\u0105\u0107 b\u0142\u0119d\u00f3w podczas monta\u017cu, ramy Clamaro SFR35 s\u0105 dostarczane z nawierconymi otworami monta\u017cowymi. Gwarantuje to, \u017ce zawsze wybierzesz w\u0142a\u015bciw\u0105 pozycj\u0119 do zamocowania ramy. <\/p>\t\t\t\t\t\t\t\t<\/div>\n\t\t\t\t<\/div>\n\t\t\t\t\t<\/div>\n\t\t<\/div>\n\t\t\t\t<div class=\"elementor-column elementor-col-33 elementor-top-column elementor-element elementor-element-e0831d3\" data-id=\"e0831d3\" data-element_type=\"column\">\n\t\t\t<div class=\"elementor-widget-wrap elementor-element-populated\">\n\t\t\t\t\t\t<div class=\"elementor-element elementor-element-1b16210 elementor-widget elementor-widget-image\" data-id=\"1b16210\" data-element_type=\"widget\" data-widget_type=\"image.default\">\n\t\t\t\t<div class=\"elementor-widget-container\">\n\t\t\t\t\t\t\t\t\t\t\t\t\t\t\t<img decoding=\"async\" src=\"https:\/\/m.media-amazon.com\/images\/S\/aplus-media-library-service-media\/8e8dbd1e-c9ad-4f68-a83c-c01ecb53df39.__CR469,307,781,781_PT0_SX300_V1___.jpg\" title=\"\" alt=\"\" loading=\"lazy\" \/>\t\t\t\t\t\t\t\t\t\t\t\t\t\t\t<\/div>\n\t\t\t\t<\/div>\n\t\t\t\t<div class=\"elementor-element elementor-element-783af85 elementor-widget elementor-widget-text-editor\" data-id=\"783af85\" data-element_type=\"widget\" data-widget_type=\"text-editor.default\">\n\t\t\t\t<div class=\"elementor-widget-container\">\n\t\t\t\t\t\t\t\t\t<h4>Szczelina cienia 7-8 mm<\/h4><p>Widoczna z przodu laminowana cz\u0119\u015b\u0107 listwy ma szeroko\u015b\u0107 ok. 7 mm, a szczelina cienia b\u0119dzie mia\u0142a szeroko\u015b\u0107 ok. 7-8 mm.<\/p><p>Powsta\u0142a w ten spos\u00f3b szczelina cienia oznacza, \u017ce grafika nie jest dociskana bezpo\u015brednio do ramy, co zapobiega uszkodzeniom kraw\u0119dzi i lepiej chroni p\u0142\u00f3tno.<\/p><p>Przerwa mi\u0119dzy cieniami tworzy r\u00f3wnie\u017c wizualn\u0105 g\u0142\u0119bi\u0119, kt\u00f3ra nadaje kompozycji wi\u0119cej wymiaru i czyni j\u0105 bardziej atrakcyjn\u0105.<\/p>\t\t\t\t\t\t\t\t<\/div>\n\t\t\t\t<\/div>\n\t\t\t\t\t<\/div>\n\t\t<\/div>\n\t\t\t\t\t<\/div>\n\t\t<\/section>\n\t\t\t\t<section class=\"elementor-section elementor-top-section elementor-element elementor-element-7296a18 elementor-section-boxed elementor-section-height-default elementor-section-height-default qodef-elementor-content-no\" data-id=\"7296a18\" data-element_type=\"section\">\n\t\t\t\t\t\t<div class=\"elementor-container elementor-column-gap-default\">\n\t\t\t\t\t<div class=\"elementor-column elementor-col-100 elementor-top-column elementor-element elementor-element-bb83b9d\" data-id=\"bb83b9d\" data-element_type=\"column\">\n\t\t\t<div class=\"elementor-widget-wrap elementor-element-populated\">\n\t\t\t\t\t\t<div class=\"elementor-element elementor-element-1a80f84 elementor-widget-divider--view-line elementor-widget elementor-widget-divider\" data-id=\"1a80f84\" data-element_type=\"widget\" data-widget_type=\"divider.default\">\n\t\t\t\t<div class=\"elementor-widget-container\">\n\t\t\t\t\t\t\t<div class=\"elementor-divider\">\n\t\t\t<span class=\"elementor-divider-separator\">\n\t\t\t\t\t\t<\/span>\n\t\t<\/div>\n\t\t\t\t\t\t<\/div>\n\t\t\t\t<\/div>\n\t\t\t\t\t<\/div>\n\t\t<\/div>\n\t\t\t\t\t<\/div>\n\t\t<\/section>\n\t\t\t\t<section class=\"elementor-section elementor-top-section elementor-element elementor-element-d5b2640 elementor-section-boxed elementor-section-height-default elementor-section-height-default qodef-elementor-content-no\" data-id=\"d5b2640\" data-element_type=\"section\">\n\t\t\t\t\t\t<div class=\"elementor-container elementor-column-gap-default\">\n\t\t\t\t\t<div class=\"elementor-column elementor-col-50 elementor-top-column elementor-element elementor-element-a3aba94\" data-id=\"a3aba94\" data-element_type=\"column\">\n\t\t\t<div class=\"elementor-widget-wrap elementor-element-populated\">\n\t\t\t\t\t\t<div class=\"elementor-element elementor-element-881765f elementor-widget elementor-widget-image\" data-id=\"881765f\" data-element_type=\"widget\" data-widget_type=\"image.default\">\n\t\t\t\t<div class=\"elementor-widget-container\">\n\t\t\t\t\t\t\t\t\t\t\t\t\t\t\t<img fetchpriority=\"high\" decoding=\"async\" width=\"851\" height=\"1024\" src=\"https:\/\/clamaro.eu\/wp-content\/uploads\/2024\/05\/Schattenfugen-Schwarz-Webshop-Masse-2-scaled-e1719298178738-851x1024.jpg\" class=\"attachment-large size-large wp-image-93641\" alt=\"\" srcset=\"https:\/\/clamaro.eu\/wp-content\/uploads\/2024\/05\/Schattenfugen-Schwarz-Webshop-Masse-2-scaled-e1719298178738-851x1024.jpg 851w, https:\/\/clamaro.eu\/wp-content\/uploads\/2024\/05\/Schattenfugen-Schwarz-Webshop-Masse-2-scaled-e1719298178738-249x300.jpg 249w, https:\/\/clamaro.eu\/wp-content\/uploads\/2024\/05\/Schattenfugen-Schwarz-Webshop-Masse-2-scaled-e1719298178738-768x924.jpg 768w, https:\/\/clamaro.eu\/wp-content\/uploads\/2024\/05\/Schattenfugen-Schwarz-Webshop-Masse-2-scaled-e1719298178738-1276x1536.jpg 1276w, https:\/\/clamaro.eu\/wp-content\/uploads\/2024\/05\/Schattenfugen-Schwarz-Webshop-Masse-2-scaled-e1719298178738-1702x2048.jpg 1702w, https:\/\/clamaro.eu\/wp-content\/uploads\/2024\/05\/Schattenfugen-Schwarz-Webshop-Masse-2-scaled-e1719298178738-300x361.jpg 300w, https:\/\/clamaro.eu\/wp-content\/uploads\/2024\/05\/Schattenfugen-Schwarz-Webshop-Masse-2-scaled-e1719298178738-600x722.jpg 600w, https:\/\/clamaro.eu\/wp-content\/uploads\/2024\/05\/Schattenfugen-Schwarz-Webshop-Masse-2-scaled-e1719298178738.jpg 1920w\" sizes=\"(max-width: 851px) 100vw, 851px\" \/>\t\t\t\t\t\t\t\t\t\t\t\t\t\t\t<\/div>\n\t\t\t\t<\/div>\n\t\t\t\t\t<\/div>\n\t\t<\/div>\n\t\t\t\t<div class=\"elementor-column elementor-col-50 elementor-top-column elementor-element elementor-element-406930d\" data-id=\"406930d\" data-element_type=\"column\">\n\t\t\t<div class=\"elementor-widget-wrap elementor-element-populated\">\n\t\t\t\t\t\t<div class=\"elementor-element elementor-element-d5cbec3 elementor-widget elementor-widget-text-editor\" data-id=\"d5cbec3\" data-element_type=\"widget\" data-widget_type=\"text-editor.default\">\n\t\t\t\t<div class=\"elementor-widget-container\">\n\t\t\t\t\t\t\t\t\t<h3 style=\"text-align: left;\">Wa\u017cne informacje dotycz\u0105ce prawid\u0142owego rozmiaru zam\u00f3wienia:<\/h3>\n<p style=\"text-align: left;\">Wymiary zam\u00f3wienia podane w wyborze rozmiaru odnosz\u0105 si\u0119 do zewn\u0119trznych wymiar\u00f3w p\u0142\u00f3tna, kt\u00f3re ma zosta\u0107 oprawione.  <\/p>\n<p>Je\u015bli p\u0142\u00f3tno na blejtramie ma na przyk\u0142ad wymiary 50&#215;70 cm, zam\u00f3w r\u00f3wnie\u017c nasz\u0105 ram\u0119 do cieni w rozmiarze 50&#215;70 cm.  <\/p>\n<p>Szeroka na 7-8 mm szczelina cienia jest przez nas brana pod uwag\u0119 podczas produkcji ramy.<\/p>\n<p style=\"text-align: left;\">\n<\/p><p style=\"text-align: left;\">\n<\/p>\t\t\t\t\t\t\t\t<\/div>\n\t\t\t\t<\/div>\n\t\t\t\t\t<\/div>\n\t\t<\/div>\n\t\t\t\t\t<\/div>\n\t\t<\/section>\n\t\t\t\t<section class=\"elementor-section elementor-top-section elementor-element elementor-element-414ab22 elementor-section-boxed elementor-section-height-default elementor-section-height-default qodef-elementor-content-no\" data-id=\"414ab22\" data-element_type=\"section\">\n\t\t\t\t\t\t<div class=\"elementor-container elementor-column-gap-default\">\n\t\t\t\t\t<div class=\"elementor-column elementor-col-100 elementor-top-column elementor-element elementor-element-2c54f1c\" data-id=\"2c54f1c\" data-element_type=\"column\">\n\t\t\t<div class=\"elementor-widget-wrap elementor-element-populated\">\n\t\t\t\t\t\t<div class=\"elementor-element elementor-element-ef1260e elementor-widget elementor-widget-text-editor\" data-id=\"ef1260e\" data-element_type=\"widget\" data-widget_type=\"text-editor.default\">\n\t\t\t\t<div class=\"elementor-widget-container\">\n\t\t\t\t\t\t\t\t\t<p style=\"background-color: #ffffff; text-align: left;\"><strong><span style=\"background-color: #ffffff;\">Przyk\u0142adowe obliczenie ca\u0142kowitych wymiar\u00f3w zewn\u0119trznych ramy typu shadow gap, w kt\u00f3rej ma zosta\u0107 zamocowane p\u0142\u00f3tno na blejtramie o wymiarach 50&#215;70 cm:<\/span><\/strong><\/p>\n<p>Do rozmiaru ramy blejtramu (rozmiar zam\u00f3wienia) dodajemy ok. 7-8 mm na szczelin\u0119 cienia i 7 mm na szeroko\u015b\u0107 profilu ramy. W powy\u017cszym przyk\u0142adzie spowodowa\u0142oby to, \u017ce ca\u0142kowity wymiar zewn\u0119trzny ramy ze szczelin\u0105 cieni wynosi\u0142by oko\u0142o 52,9 cm x 72,9 cm. <\/p>\n<p style=\"background-color: #ffffff; text-align: left;\">WA\u017bNE przed z\u0142o\u017ceniem zam\u00f3wienia: Przed z\u0142o\u017ceniem zam\u00f3wienia nale\u017cy ponownie zmierzy\u0107 szeroko\u015b\u0107 i d\u0142ugo\u015b\u0107 p\u0142\u00f3tna. W ten spos\u00f3b mo\u017cesz mie\u0107 pewno\u015b\u0107, \u017ce rama z luk\u0105 na cienie b\u0119dzie idealnie pasowa\u0107 i zaprezentuje Twoje dzie\u0142o w najlepszy mo\u017cliwy spos\u00f3b. <\/p>\t\t\t\t\t\t\t\t<\/div>\n\t\t\t\t<\/div>\n\t\t\t\t\t<\/div>\n\t\t<\/div>\n\t\t\t\t\t<\/div>\n\t\t<\/section>\n\t\t\t\t<section class=\"elementor-section elementor-top-section elementor-element elementor-element-9b7273c elementor-section-boxed elementor-section-height-default elementor-section-height-default qodef-elementor-content-no\" data-id=\"9b7273c\" data-element_type=\"section\">\n\t\t\t\t\t\t<div class=\"elementor-container elementor-column-gap-default\">\n\t\t\t\t\t<div class=\"elementor-column elementor-col-100 elementor-top-column elementor-element elementor-element-6aea208\" data-id=\"6aea208\" data-element_type=\"column\">\n\t\t\t<div class=\"elementor-widget-wrap elementor-element-populated\">\n\t\t\t\t\t\t<div class=\"elementor-element elementor-element-8e799d5 elementor-widget-divider--view-line elementor-widget elementor-widget-divider\" data-id=\"8e799d5\" data-element_type=\"widget\" data-widget_type=\"divider.default\">\n\t\t\t\t<div class=\"elementor-widget-container\">\n\t\t\t\t\t\t\t<div class=\"elementor-divider\">\n\t\t\t<span class=\"elementor-divider-separator\">\n\t\t\t\t\t\t<\/span>\n\t\t<\/div>\n\t\t\t\t\t\t<\/div>\n\t\t\t\t<\/div>\n\t\t\t\t\t<\/div>\n\t\t<\/div>\n\t\t\t\t\t<\/div>\n\t\t<\/section>\n\t\t\t\t<section class=\"elementor-section elementor-top-section elementor-element elementor-element-0fd78e7 elementor-section-boxed elementor-section-height-default elementor-section-height-default qodef-elementor-content-no\" data-id=\"0fd78e7\" data-element_type=\"section\">\n\t\t\t\t\t\t<div class=\"elementor-container elementor-column-gap-default\">\n\t\t\t\t\t<div class=\"elementor-column elementor-col-100 elementor-top-column elementor-element elementor-element-5df3c4d\" data-id=\"5df3c4d\" data-element_type=\"column\">\n\t\t\t<div class=\"elementor-widget-wrap elementor-element-populated\">\n\t\t\t\t\t\t<div class=\"elementor-element elementor-element-74ffbd2 elementor-widget elementor-widget-text-editor\" data-id=\"74ffbd2\" data-element_type=\"widget\" data-widget_type=\"text-editor.default\">\n\t\t\t\t<div class=\"elementor-widget-container\">\n\t\t\t\t\t\t\t\t\t<p> <\/p><h3><strong style=\"color: var( --e-global-color-text ); font-family: var( --e-global-typography-text-font-family ), Sans-serif;\">Produkcja w Niemczech<\/strong><\/h3><p><span style=\"font-size: 20px;\"><strong>W\u0142asny warsztat z ponad 35-letnim do\u015bwiadczeniem.<\/strong><\/span><\/p><p> <\/p><p><img decoding=\"async\" style=\"height: 80px; width: 350px;\" src=\"https:\/\/cdn03.plentymarkets.com\/mmx8yrv4qndt\/item\/images\/204\/full\/Wir-sind-Mitglied-bei-der--2-.jpg\" alt=\"\" data-cke-saved-src=\"https:\/\/cdn03.plentymarkets.com\/mmx8yrv4qndt\/item\/images\/204\/full\/Wir-sind-Mitglied-bei-der--2-.jpg\"><img decoding=\"async\" style=\"width: 114px; height: 70px;\" src=\"https:\/\/cdn03.plentymarkets.com\/mmx8yrv4qndt\/item\/images\/204\/full\/kaeufersiegel.png\" alt=\"\" data-cke-saved-src=\"https:\/\/cdn03.plentymarkets.com\/mmx8yrv4qndt\/item\/images\/204\/full\/kaeufersiegel.png\"> <img decoding=\"async\" style=\"width: 150px; height: 84px;\" src=\"https:\/\/cdn03.plentymarkets.com\/mmx8yrv4qndt\/item\/images\/204\/full\/haendlerbund.png\" alt=\"\" data-cke-saved-src=\"https:\/\/cdn03.plentymarkets.com\/mmx8yrv4qndt\/item\/images\/204\/full\/haendlerbund.png\"><\/p><p> <\/p>\t\t\t\t\t\t\t\t<\/div>\n\t\t\t\t<\/div>\n\t\t\t\t\t<\/div>\n\t\t<\/div>\n\t\t\t\t\t<\/div>\n\t\t<\/section>\n\t\t\t\t<section class=\"elementor-section elementor-top-section elementor-element elementor-element-a6fd674 elementor-section-boxed elementor-section-height-default elementor-section-height-default qodef-elementor-content-no\" data-id=\"a6fd674\" data-element_type=\"section\">\n\t\t\t\t\t\t<div class=\"elementor-container elementor-column-gap-default\">\n\t\t\t\t\t<div class=\"elementor-column elementor-col-100 elementor-top-column elementor-element elementor-element-3d902c2\" data-id=\"3d902c2\" data-element_type=\"column\">\n\t\t\t<div class=\"elementor-widget-wrap elementor-element-populated\">\n\t\t\t\t\t\t<div class=\"elementor-element elementor-element-1c211d6 elementor-widget elementor-widget-text-editor\" data-id=\"1c211d6\" data-element_type=\"widget\" data-widget_type=\"text-editor.default\">\n\t\t\t\t<div class=\"elementor-widget-container\">\n\t\t\t\t\t\t\t\t\t<p><span class=\"a-text-bold\" style=\"color: var( --e-global-color-text ); font-family: var( --e-global-typography-text-font-family ), Sans-serif; font-weight: var( --e-global-typography-text-font-weight );\">WA\u017bNA UWAGA DOTYCZ\u0104CA NASZYCH ZDJ\u0118\u0106:<\/span><span style=\"color: var( --e-global-color-text ); font-family: var( --e-global-typography-text-font-family ), Sans-serif; font-weight: var( --e-global-typography-text-font-weight );\"> Kolor u\u017cywanych przez nas zdj\u0119\u0107 produkt\u00f3w mo\u017ce si\u0119 nieznacznie r\u00f3\u017cni\u0107 od naszych zdj\u0119\u0107 ze wzgl\u0119du na ustawienia kolor\u00f3w i jasno\u015bci ekranu.<\/span><\/p>\t\t\t\t\t\t\t\t<\/div>\n\t\t\t\t<\/div>\n\t\t\t\t\t<\/div>\n\t\t<\/div>\n\t\t\t\t\t<\/div>\n\t\t<\/section>\n\t\t\t\t<\/div>\n\t\t","protected":false},"excerpt":{"rendered":"<div class=\"woocommerce-product-details__short-description\">\n<div class=\"woocommerce-product-details__short-description\">\n<div class=\"woocommerce-product-details__short-description\">\n<p><strong>Wa\u017cna uwaga:<\/strong> Ramki Shadow gap s\u0105 dostarczane <span style=\"color: #800000;\"><strong>bez szyby i bez panelu tylnego<\/strong><\/span> dostarczane!<\/p>\n<\/div>\n<p><!--more--><\/p>\n<p>Do monta\u017cu na \u015bcianie w formacie pionowym lub poziomym.<\/p>\n<p>&nbsp;<\/p>\n<p><strong><span style=\"color: #808080;\"><a style=\"color: #808080;\" href=\"https:\/\/clamaro.eu\/wp-content\/uploads\/2023\/09\/Konfirmitaetserklaerung-Bilderrahmen-mit-Unterschrift.pdf-1.pdf\" target=\"_blank\" rel=\"noopener\">Bezpiecze\u0144stwo ramek do zdj\u0119\u0107 i zasoby dotycz\u0105ce produkt\u00f3w.pdf  <\/a><\/span><\/strong><\/p>\n<\/div>\n<\/div>\n","protected":false},"featured_media":92671,"template":"","meta":{"om_disable_all_campaigns":false},"product_brand":[],"product_cat":[4793,4794],"product_tag":[],"class_list":{"0":"post-92650","1":"product","2":"type-product","3":"status-publish","4":"has-post-thumbnail","6":"product_cat-ramka-na-zdjecia","7":"product_cat-ramka-szczeliny-cienia","9":"first","10":"instock","11":"taxable","12":"shipping-taxable","13":"purchasable","14":"product-type-simple"},"gallery_images":[92672,92673,92674,92676,92664,92666,92668],"_links":{"self":[{"href":"https:\/\/clamaro.eu\/pl\/wp-json\/wp\/v2\/product\/92650","targetHints":{"allow":["GET"]}}],"collection":[{"href":"https:\/\/clamaro.eu\/pl\/wp-json\/wp\/v2\/product"}],"about":[{"href":"https:\/\/clamaro.eu\/pl\/wp-json\/wp\/v2\/types\/product"}],"version-history":[{"count":1,"href":"https:\/\/clamaro.eu\/pl\/wp-json\/wp\/v2\/product\/92650\/revisions"}],"predecessor-version":[{"id":92681,"href":"https:\/\/clamaro.eu\/pl\/wp-json\/wp\/v2\/product\/92650\/revisions\/92681"}],"wp:featuredmedia":[{"embeddable":true,"href":"https:\/\/clamaro.eu\/pl\/wp-json\/wp\/v2\/media\/92671"}],"wp:attachment":[{"href":"https:\/\/clamaro.eu\/pl\/wp-json\/wp\/v2\/media?parent=92650"}],"wp:term":[{"taxonomy":"product_brand","embeddable":true,"href":"https:\/\/clamaro.eu\/pl\/wp-json\/wp\/v2\/product_brand?post=92650"},{"taxonomy":"product_cat","embeddable":true,"href":"https:\/\/clamaro.eu\/pl\/wp-json\/wp\/v2\/product_cat?post=92650"},{"taxonomy":"product_tag","embeddable":true,"href":"https:\/\/clamaro.eu\/pl\/wp-json\/wp\/v2\/product_tag?post=92650"}],"curies":[{"name":"wp","href":"https:\/\/api.w.org\/{rel}","templated":true}]}}