{"id":97175,"date":"2025-09-10T08:13:09","date_gmt":"2025-09-10T08:13:09","guid":{"rendered":"https:\/\/clamaro.eu\/?post_type=product&#038;p=97175"},"modified":"2026-01-08T09:42:49","modified_gmt":"2026-01-08T09:42:49","slug":"olivo","status":"publish","type":"product","link":"https:\/\/clamaro.eu\/it\/prodotto\/olivo\/","title":{"rendered":"Olivo"},"content":{"rendered":"\t\t<div data-elementor-type=\"wp-post\" data-elementor-id=\"97175\" class=\"elementor elementor-97175 elementor-96730\">\n\t\t\t\t\t\t<section class=\"elementor-section elementor-top-section elementor-element elementor-element-2f43799 elementor-section-boxed elementor-section-height-default elementor-section-height-default qodef-elementor-content-no\" data-id=\"2f43799\" data-element_type=\"section\">\n\t\t\t\t\t\t<div class=\"elementor-container elementor-column-gap-default\">\n\t\t\t\t\t<div class=\"elementor-column elementor-col-100 elementor-top-column elementor-element elementor-element-9ee3b90\" data-id=\"9ee3b90\" data-element_type=\"column\">\n\t\t\t<div class=\"elementor-widget-wrap elementor-element-populated\">\n\t\t\t\t\t\t<div class=\"elementor-element elementor-element-604ccfa elementor-widget elementor-widget-image\" data-id=\"604ccfa\" data-element_type=\"widget\" data-widget_type=\"image.default\">\n\t\t\t\t<div class=\"elementor-widget-container\">\n\t\t\t\t\t\t\t\t\t\t\t\t\t\t\t<img decoding=\"async\" src=\"https:\/\/m.media-amazon.com\/images\/S\/aplus-media-library-service-media\/8a7af628-f583-4702-8d22-927f8f7f49e2.__CR0,0,600,180_PT0_SX600_V1___.png\" title=\"\" alt=\"\" loading=\"lazy\" \/>\t\t\t\t\t\t\t\t\t\t\t\t\t\t\t<\/div>\n\t\t\t\t<\/div>\n\t\t\t\t\t<\/div>\n\t\t<\/div>\n\t\t\t\t\t<\/div>\n\t\t<\/section>\n\t\t\t\t<section class=\"elementor-section elementor-top-section elementor-element elementor-element-9574dbd elementor-section-boxed elementor-section-height-default elementor-section-height-default qodef-elementor-content-no\" data-id=\"9574dbd\" data-element_type=\"section\">\n\t\t\t\t\t\t<div class=\"elementor-container elementor-column-gap-default\">\n\t\t\t\t\t<div class=\"elementor-column elementor-col-100 elementor-top-column elementor-element elementor-element-31f4797\" data-id=\"31f4797\" data-element_type=\"column\">\n\t\t\t<div class=\"elementor-widget-wrap elementor-element-populated\">\n\t\t\t\t\t\t<div class=\"elementor-element elementor-element-9c24c87 elementor-widget elementor-widget-image\" data-id=\"9c24c87\" data-element_type=\"widget\" data-widget_type=\"image.default\">\n\t\t\t\t<div class=\"elementor-widget-container\">\n\t\t\t\t\t\t\t\t\t\t\t\t\t\t\t<img decoding=\"async\" src=\"https:\/\/cdn03.plentymarkets.com\/mmx8yrv4qndt\/item\/images\/1298\/full\/1.jpg\" title=\"\" alt=\"\" loading=\"lazy\" \/>\t\t\t\t\t\t\t\t\t\t\t\t\t\t\t<\/div>\n\t\t\t\t<\/div>\n\t\t\t\t<div class=\"elementor-element elementor-element-cd84e0b elementor-widget elementor-widget-image\" data-id=\"cd84e0b\" data-element_type=\"widget\" data-widget_type=\"image.default\">\n\t\t\t\t<div class=\"elementor-widget-container\">\n\t\t\t\t\t\t\t\t\t\t\t\t\t\t\t<img decoding=\"async\" src=\"https:\/\/cdn03.plentymarkets.com\/mmx8yrv4qndt\/item\/images\/1298\/full\/3.jpg\" title=\"\" alt=\"\" loading=\"lazy\" \/>\t\t\t\t\t\t\t\t\t\t\t\t\t\t\t<\/div>\n\t\t\t\t<\/div>\n\t\t\t\t\t<\/div>\n\t\t<\/div>\n\t\t\t\t\t<\/div>\n\t\t<\/section>\n\t\t\t\t<section class=\"elementor-section elementor-top-section elementor-element elementor-element-08b41b1 elementor-section-boxed elementor-section-height-default elementor-section-height-default qodef-elementor-content-no\" data-id=\"08b41b1\" data-element_type=\"section\">\n\t\t\t\t\t\t<div class=\"elementor-container elementor-column-gap-default\">\n\t\t\t\t\t<div class=\"elementor-column elementor-col-25 elementor-top-column elementor-element elementor-element-1a01898\" data-id=\"1a01898\" data-element_type=\"column\">\n\t\t\t<div class=\"elementor-widget-wrap elementor-element-populated\">\n\t\t\t\t\t\t<div class=\"elementor-element elementor-element-b25f7f4 elementor-widget elementor-widget-image\" data-id=\"b25f7f4\" data-element_type=\"widget\" data-widget_type=\"image.default\">\n\t\t\t\t<div class=\"elementor-widget-container\">\n\t\t\t\t\t\t\t\t\t\t\t\t\t\t\t<img decoding=\"async\" src=\"https:\/\/cdn03.plentymarkets.com\/mmx8yrv4qndt\/item\/images\/1298\/full\/58.jpg\" title=\"\" alt=\"\" loading=\"lazy\" \/>\t\t\t\t\t\t\t\t\t\t\t\t\t\t\t<\/div>\n\t\t\t\t<\/div>\n\t\t\t\t<div class=\"elementor-element elementor-element-85966c5 elementor-widget elementor-widget-spacer\" data-id=\"85966c5\" data-element_type=\"widget\" data-widget_type=\"spacer.default\">\n\t\t\t\t<div class=\"elementor-widget-container\">\n\t\t\t\t\t\t\t<div class=\"elementor-spacer\">\n\t\t\t<div class=\"elementor-spacer-inner\"><\/div>\n\t\t<\/div>\n\t\t\t\t\t\t<\/div>\n\t\t\t\t<\/div>\n\t\t\t\t<div class=\"elementor-element elementor-element-60c798a elementor-widget elementor-widget-text-editor\" data-id=\"60c798a\" data-element_type=\"widget\" data-widget_type=\"text-editor.default\">\n\t\t\t\t<div class=\"elementor-widget-container\">\n\t\t\t\t\t\t\t\t\t<h4 class=\"a-spacing-mini\">Variet\u00e0 personalizzata<\/h4><p class=\"a-size-small\">Scegli tra oltre<span class=\"a-text-bold\">400 dimensioni e 10 eleganti colori di cornici<\/span>, che si adattano perfettamente alla tua casa. <span class=\"a-text-bold\">Ogni cornice \u00e8 unica<\/span> e personalizzata in base ai tuoi desideri.<\/p>\t\t\t\t\t\t\t\t<\/div>\n\t\t\t\t<\/div>\n\t\t\t\t\t<\/div>\n\t\t<\/div>\n\t\t\t\t<div class=\"elementor-column elementor-col-25 elementor-top-column elementor-element elementor-element-963a3ae\" data-id=\"963a3ae\" data-element_type=\"column\">\n\t\t\t<div class=\"elementor-widget-wrap elementor-element-populated\">\n\t\t\t\t\t\t<div class=\"elementor-element elementor-element-cd47b67 elementor-widget elementor-widget-image\" data-id=\"cd47b67\" data-element_type=\"widget\" data-widget_type=\"image.default\">\n\t\t\t\t<div class=\"elementor-widget-container\">\n\t\t\t\t\t\t\t\t\t\t\t\t\t\t\t<img decoding=\"async\" src=\"https:\/\/m.media-amazon.com\/images\/S\/aplus-media-library-service-media\/e42750b7-d006-4dac-9550-041366113231.__CR0,0,2000,2000_PT0_SX220_V1___.png\" title=\"\" alt=\"\" loading=\"lazy\" \/>\t\t\t\t\t\t\t\t\t\t\t\t\t\t\t<\/div>\n\t\t\t\t<\/div>\n\t\t\t\t<div class=\"elementor-element elementor-element-d5f9c31 elementor-widget elementor-widget-spacer\" data-id=\"d5f9c31\" data-element_type=\"widget\" data-widget_type=\"spacer.default\">\n\t\t\t\t<div class=\"elementor-widget-container\">\n\t\t\t\t\t\t\t<div class=\"elementor-spacer\">\n\t\t\t<div class=\"elementor-spacer-inner\"><\/div>\n\t\t<\/div>\n\t\t\t\t\t\t<\/div>\n\t\t\t\t<\/div>\n\t\t\t\t<div class=\"elementor-element elementor-element-1c578c0 elementor-widget elementor-widget-text-editor\" data-id=\"1c578c0\" data-element_type=\"widget\" data-widget_type=\"text-editor.default\">\n\t\t\t\t<div class=\"elementor-widget-container\">\n\t\t\t\t\t\t\t\t\t<h4 class=\"a-spacing-mini\">Vetro acrilico resistente alla rottura:<\/h4><p class=\"a-size-small\">La lastra di vetro acrilico <span class=\"a-text-bold\">infrangibile <\/span>di 1 mm di spessore, laminata su entrambi i lati, offre una protezione UV ottimale e una visione chiara <span class=\"a-text-bold\">e altamente trasparente <\/span>della tua immagine.<\/p>\t\t\t\t\t\t\t\t<\/div>\n\t\t\t\t<\/div>\n\t\t\t\t\t<\/div>\n\t\t<\/div>\n\t\t\t\t<div class=\"elementor-column elementor-col-25 elementor-top-column elementor-element elementor-element-f458fc7\" data-id=\"f458fc7\" data-element_type=\"column\">\n\t\t\t<div class=\"elementor-widget-wrap elementor-element-populated\">\n\t\t\t\t\t\t<div class=\"elementor-element elementor-element-45c2eb5 elementor-widget elementor-widget-image\" data-id=\"45c2eb5\" data-element_type=\"widget\" data-widget_type=\"image.default\">\n\t\t\t\t<div class=\"elementor-widget-container\">\n\t\t\t\t\t\t\t\t\t\t\t\t\t\t\t<img decoding=\"async\" src=\"https:\/\/m.media-amazon.com\/images\/S\/aplus-media-library-service-media\/eaecea51-274b-4717-b826-653a79f263d9.__CR695,996,223,223_PT0_SX220_V1___.png\" title=\"\" alt=\"\" loading=\"lazy\" \/>\t\t\t\t\t\t\t\t\t\t\t\t\t\t\t<\/div>\n\t\t\t\t<\/div>\n\t\t\t\t<div class=\"elementor-element elementor-element-2816553 elementor-widget elementor-widget-spacer\" data-id=\"2816553\" data-element_type=\"widget\" data-widget_type=\"spacer.default\">\n\t\t\t\t<div class=\"elementor-widget-container\">\n\t\t\t\t\t\t\t<div class=\"elementor-spacer\">\n\t\t\t<div class=\"elementor-spacer-inner\"><\/div>\n\t\t<\/div>\n\t\t\t\t\t\t<\/div>\n\t\t\t\t<\/div>\n\t\t\t\t<div class=\"elementor-element elementor-element-8cc715c elementor-widget elementor-widget-text-editor\" data-id=\"8cc715c\" data-element_type=\"widget\" data-widget_type=\"text-editor.default\">\n\t\t\t\t<div class=\"elementor-widget-container\">\n\t\t\t\t\t\t\t\t\t<h4 class=\"a-spacing-mini\">Realizzato a mano in Germania<\/h4><p class=\"a-size-small\">Ogni telaio \u00e8 <span class=\"a-text-bold\">prodotto<\/span> nella <span class=\"a-text-bold\">nostra fabbrica<\/span> con tecnologie all&#8217;avanguardia e un grande lavoro manuale da parte di specialisti qualificati: una <span class=\"a-text-bold\">qualit\u00e0 che si vede e si sente<\/span>.<\/p>\t\t\t\t\t\t\t\t<\/div>\n\t\t\t\t<\/div>\n\t\t\t\t\t<\/div>\n\t\t<\/div>\n\t\t\t\t<div class=\"elementor-column elementor-col-25 elementor-top-column elementor-element elementor-element-37ac592\" data-id=\"37ac592\" data-element_type=\"column\">\n\t\t\t<div class=\"elementor-widget-wrap elementor-element-populated\">\n\t\t\t\t\t\t<div class=\"elementor-element elementor-element-7bd51b8 elementor-widget elementor-widget-image\" data-id=\"7bd51b8\" data-element_type=\"widget\" data-widget_type=\"image.default\">\n\t\t\t\t<div class=\"elementor-widget-container\">\n\t\t\t\t\t\t\t\t\t\t\t\t\t\t\t<img decoding=\"async\" src=\"https:\/\/m.media-amazon.com\/images\/S\/aplus-media-library-service-media\/e8a8e04f-18e6-4a33-8d60-b9c8c04d9d86.__CR1,780,300,300_PT0_SX220_V1___.png\" title=\"\" alt=\"\" loading=\"lazy\" \/>\t\t\t\t\t\t\t\t\t\t\t\t\t\t\t<\/div>\n\t\t\t\t<\/div>\n\t\t\t\t<div class=\"elementor-element elementor-element-ae6127c elementor-widget elementor-widget-spacer\" data-id=\"ae6127c\" data-element_type=\"widget\" data-widget_type=\"spacer.default\">\n\t\t\t\t<div class=\"elementor-widget-container\">\n\t\t\t\t\t\t\t<div class=\"elementor-spacer\">\n\t\t\t<div class=\"elementor-spacer-inner\"><\/div>\n\t\t<\/div>\n\t\t\t\t\t\t<\/div>\n\t\t\t\t<\/div>\n\t\t\t\t<div class=\"elementor-element elementor-element-a26116e elementor-widget elementor-widget-text-editor\" data-id=\"a26116e\" data-element_type=\"widget\" data-widget_type=\"text-editor.default\">\n\t\t\t\t<div class=\"elementor-widget-container\">\n\t\t\t\t\t\t\t\t\t<h4 class=\"a-spacing-mini\">La striscia di bolle in 10 colori<\/h4><p class=\"a-size-small\">La cornice BUBBLE \u00e8 realizzata in robusto e durevole <span class=\"a-text-bold\">legno MDF <\/span>e rifinita con una <span class=\"a-text-bold\">vernice resistente ai graffi e agli urti<\/span>.<\/p>\t\t\t\t\t\t\t\t<\/div>\n\t\t\t\t<\/div>\n\t\t\t\t\t<\/div>\n\t\t<\/div>\n\t\t\t\t\t<\/div>\n\t\t<\/section>\n\t\t\t\t<section class=\"elementor-section elementor-top-section elementor-element elementor-element-43306ae elementor-section-boxed elementor-section-height-default elementor-section-height-default qodef-elementor-content-no\" data-id=\"43306ae\" data-element_type=\"section\">\n\t\t\t\t\t\t<div class=\"elementor-container elementor-column-gap-default\">\n\t\t\t\t\t<div class=\"elementor-column elementor-col-100 elementor-top-column elementor-element elementor-element-dae46e5\" data-id=\"dae46e5\" data-element_type=\"column\">\n\t\t\t<div class=\"elementor-widget-wrap elementor-element-populated\">\n\t\t\t\t\t\t<div class=\"elementor-element elementor-element-82bfcb3 elementor-widget elementor-widget-text-editor\" data-id=\"82bfcb3\" data-element_type=\"widget\" data-widget_type=\"text-editor.default\">\n\t\t\t\t<div class=\"elementor-widget-container\">\n\t\t\t\t\t\t\t\t\t<h3 class=\"a-size-extra-large a-spacing-base a-text-center\" style=\"margin-top: 0px; text-rendering: optimizelegibility; font-size: 17px; line-height: 1.255; font-family: 'Amazon Ember', Arial, sans-serif; color: #0f1111; letter-spacing: normal; text-transform: none; background-color: #ffffff; margin-bottom: 14px !important;\">I tuoi vantaggi a colpo d&#8217;occhio:<\/h3><div class=\"a-row\" style=\"width: 969px; color: #0f1111; font-family: 'Amazon Ember', Arial, sans-serif; font-size: 14px; text-align: start; background-color: #ffffff;\"><div class=\"a-column a-span12 aplus-tech-spec-hide-loading\" style=\"width: 969px; margin-right: 19.375px; float: left; min-height: 1px; overflow: visible; visibility: visible !important;\"><table class=\"a-bordered a-horizontal-stripes aplus-tech-spec-table\" style=\"margin-bottom: 22px; border-collapse: separate; width: 969px; border-radius: 8px; overflow: hidden; word-break: initial; border: 1px solid #d5d9d9;\"><tbody><tr><td class=\"a-text-bold\" style=\"vertical-align: top; padding: 6px 12px; border-bottom: 1px solid #d5d9d9; background-color: #ffffff; font-weight: 700 !important;\">Variet\u00e0 senza compromessi:<\/td><td style=\"vertical-align: top; padding: 6px 12px; border-bottom: 1px solid #d5d9d9; background-color: #ffffff;\">Scegli tra oltre 400 formati &#8211; dal mini al XXL (ad esempio, dal DIN A5 al DIN A0) &#8211; e 10 eleganti colori che si adattano a ogni stile di arredamento.<\/td><\/tr><tr><td class=\"a-text-bold\" style=\"vertical-align: top; padding: 6px 12px; border-bottom: 1px solid #d5d9d9; background-color: #ffffff; font-weight: 700 !important;\">Qualit\u00e0 artigianale:<\/td><td style=\"vertical-align: top; padding: 6px 12px; border-bottom: 1px solid #d5d9d9; background-color: #ffffff;\">Ogni cornice \u00e8 realizzata con cura e precisione in robusto legno MDF, resistente, dimensionalmente stabile e rifinito secondo standard elevati.<\/td><\/tr><tr><td class=\"a-text-bold\" style=\"vertical-align: top; padding: 6px 12px; border-bottom: 1px solid #d5d9d9; background-color: #ffffff; font-weight: 700 !important;\">Design moderno:<\/td><td style=\"vertical-align: top; padding: 6px 12px; border-bottom: 1px solid #d5d9d9; background-color: #ffffff;\">La modanatura larga 20 mm, con la sua forma chiara e angolare e il suo motivo sferico, conferisce a ogni motivo un aspetto unico, dal minimalista al vintage.<\/td><\/tr><tr><td class=\"a-text-bold\" style=\"vertical-align: top; padding: 6px 12px; border-bottom: 1px solid #d5d9d9; background-color: #ffffff; font-weight: 700 !important;\">Protezione in vetro acrilico:<\/td><td style=\"vertical-align: top; padding: 6px 12px; border-bottom: 1px solid #d5d9d9; background-color: #ffffff;\">La lastra di vetro acrilico infrangibile di 1 mm di spessore, laminata su entrambi i lati, offre una protezione ottimale dai raggi UV e una visione chiara della tua immagine.<\/td><\/tr><tr><td class=\"a-text-bold\" style=\"vertical-align: top; padding: 6px 12px; border-bottom: 1px solid #d5d9d9; background-color: #ffffff; font-weight: 700 !important;\">Pannello posteriore robusto:<\/td><td style=\"vertical-align: top; padding: 6px 12px; border-bottom: 1px solid #d5d9d9; background-color: #ffffff;\">Un pannello in HDF di 2 mm di spessore con robusti perni di piegatura garantisce una tenuta sicura, anche in caso di frequenti cambi di motivo.<\/td><\/tr><tr><td class=\"a-text-bold\" style=\"vertical-align: top; padding: 6px 12px; border-bottom-width: initial; border-bottom-style: none; background-color: #ffffff; font-weight: 700 !important;\">Appendimento flessibile:<\/td><td style=\"vertical-align: top; padding: 6px 12px; border-bottom-width: initial; border-bottom-style: none; background-color: #ffffff;\">Grazie ai ganci preassemblati, la cornice pu\u00f2 essere montata a parete in formato verticale o orizzontale.<\/td><\/tr><\/tbody><\/table><\/div><\/div>\t\t\t\t\t\t\t\t<\/div>\n\t\t\t\t<\/div>\n\t\t\t\t\t<\/div>\n\t\t<\/div>\n\t\t\t\t\t<\/div>\n\t\t<\/section>\n\t\t\t\t<section class=\"elementor-section elementor-top-section elementor-element elementor-element-44cd685 elementor-section-boxed elementor-section-height-default elementor-section-height-default qodef-elementor-content-no\" data-id=\"44cd685\" data-element_type=\"section\">\n\t\t\t\t\t\t<div class=\"elementor-container elementor-column-gap-default\">\n\t\t\t\t\t<div class=\"elementor-column elementor-col-33 elementor-top-column elementor-element elementor-element-be5604f\" data-id=\"be5604f\" data-element_type=\"column\">\n\t\t\t<div class=\"elementor-widget-wrap elementor-element-populated\">\n\t\t\t\t\t\t<div class=\"elementor-element elementor-element-b956dc1 elementor-widget elementor-widget-image\" data-id=\"b956dc1\" data-element_type=\"widget\" data-widget_type=\"image.default\">\n\t\t\t\t<div class=\"elementor-widget-container\">\n\t\t\t\t\t\t\t\t\t\t\t\t\t\t\t<img fetchpriority=\"high\" decoding=\"async\" width=\"1024\" height=\"1024\" src=\"https:\/\/clamaro.eu\/wp-content\/uploads\/2025\/03\/Impression-Manufaktur-1-1024x1024.jpg\" class=\"attachment-large size-large wp-image-87254\" alt=\"\" srcset=\"https:\/\/clamaro.eu\/wp-content\/uploads\/2025\/03\/Impression-Manufaktur-1-1024x1024.jpg 1024w, https:\/\/clamaro.eu\/wp-content\/uploads\/2025\/03\/Impression-Manufaktur-1-300x300.jpg 300w, https:\/\/clamaro.eu\/wp-content\/uploads\/2025\/03\/Impression-Manufaktur-1-150x150.jpg 150w, https:\/\/clamaro.eu\/wp-content\/uploads\/2025\/03\/Impression-Manufaktur-1-768x768.jpg 768w, https:\/\/clamaro.eu\/wp-content\/uploads\/2025\/03\/Impression-Manufaktur-1-650x650.jpg 650w, https:\/\/clamaro.eu\/wp-content\/uploads\/2025\/03\/Impression-Manufaktur-1-600x600.jpg 600w, https:\/\/clamaro.eu\/wp-content\/uploads\/2025\/03\/Impression-Manufaktur-1.jpg 1250w\" sizes=\"(max-width: 1024px) 100vw, 1024px\" \/>\t\t\t\t\t\t\t\t\t\t\t\t\t\t\t<\/div>\n\t\t\t\t<\/div>\n\t\t\t\t\t<\/div>\n\t\t<\/div>\n\t\t\t\t<div class=\"elementor-column elementor-col-66 elementor-top-column elementor-element elementor-element-29dec50\" data-id=\"29dec50\" data-element_type=\"column\">\n\t\t\t<div class=\"elementor-widget-wrap elementor-element-populated\">\n\t\t\t\t\t\t<div class=\"elementor-element elementor-element-99653a0 elementor-widget elementor-widget-text-editor\" data-id=\"99653a0\" data-element_type=\"widget\" data-widget_type=\"text-editor.default\">\n\t\t\t\t<div class=\"elementor-widget-container\">\n\t\t\t\t\t\t\t\t\t<h3 class=\"a-spacing-mini\">H\u00f6chste Qualit\u00e4t und Pr\u00e4zision: handgefertigt und 100% Made in Germany<\/h3><p>Tutte le cornici Clamaro Bubble sono realizzate su ordinazione nella nostra fabbrica di cornici, <span class=\"a-text-bold\"> <strong>personalizzate a mano<\/strong><\/span> in base alle dimensioni desiderate. <span class=\"a-text-bold\">Precisione e qualit\u00e0 100% <strong>Made in Germany<\/strong><\/span><strong>.<\/strong><br><br><\/p><p><strong><span class=\"a-text-bold\">NOTA IMPORTANTE SULLE NOSTRE FOTO:<\/span><\/strong> I colori delle immagini dei prodotti che utilizziamo possono differire leggermente dalle nostre immagini a causa delle impostazioni di colore e luminosit\u00e0 del tuo schermo.<\/p>\t\t\t\t\t\t\t\t<\/div>\n\t\t\t\t<\/div>\n\t\t\t\t\t<\/div>\n\t\t<\/div>\n\t\t\t\t\t<\/div>\n\t\t<\/section>\n\t\t\t\t<section class=\"elementor-section elementor-top-section elementor-element elementor-element-27d7be9 elementor-section-boxed elementor-section-height-default elementor-section-height-default qodef-elementor-content-no\" data-id=\"27d7be9\" data-element_type=\"section\">\n\t\t\t\t\t\t<div class=\"elementor-container elementor-column-gap-default\">\n\t\t\t\t\t<div class=\"elementor-column elementor-col-100 elementor-top-column elementor-element elementor-element-87637cd\" data-id=\"87637cd\" data-element_type=\"column\">\n\t\t\t<div class=\"elementor-widget-wrap elementor-element-populated\">\n\t\t\t\t\t\t<div class=\"elementor-element elementor-element-1f379a5 elementor-widget elementor-widget-image\" data-id=\"1f379a5\" data-element_type=\"widget\" data-widget_type=\"image.default\">\n\t\t\t\t<div class=\"elementor-widget-container\">\n\t\t\t\t\t\t\t\t\t\t\t\t\t\t\t<img decoding=\"async\" src=\"https:\/\/cdn03.plentymarkets.com\/mmx8yrv4qndt\/item\/images\/1298\/full\/2.jpg\" title=\"\" alt=\"\" loading=\"lazy\" \/>\t\t\t\t\t\t\t\t\t\t\t\t\t\t\t<\/div>\n\t\t\t\t<\/div>\n\t\t\t\t\t<\/div>\n\t\t<\/div>\n\t\t\t\t\t<\/div>\n\t\t<\/section>\n\t\t\t\t<\/div>\n\t\t","protected":false},"excerpt":{"rendered":"<p>Per il montaggio a parete in formato verticale o orizzontale<\/p>\n<p><strong><a href=\"https:\/\/clamaro.eu\/wp-content\/uploads\/2023\/09\/Konfirmitaetserklaerung-Bilderrahmen-mit-Unterschrift.pdf-1.pdf\">Sicurezza delle cornici e risorse di prodotto.pdf<\/a><\/strong><\/p>\n","protected":false},"featured_media":96748,"template":"","meta":{"om_disable_all_campaigns":false},"product_brand":[],"product_cat":[4872,4921],"product_tag":[],"class_list":{"0":"post-97175","1":"product","2":"type-product","3":"status-publish","4":"has-post-thumbnail","6":"product_cat-bolla","7":"product_cat-cornice-per-foto","9":"first","10":"instock","11":"taxable","12":"shipping-taxable","13":"purchasable","14":"product-type-simple"},"gallery_images":[96762,97098,96755,96769,97091,97112,97105],"_links":{"self":[{"href":"https:\/\/clamaro.eu\/it\/wp-json\/wp\/v2\/product\/97175","targetHints":{"allow":["GET"]}}],"collection":[{"href":"https:\/\/clamaro.eu\/it\/wp-json\/wp\/v2\/product"}],"about":[{"href":"https:\/\/clamaro.eu\/it\/wp-json\/wp\/v2\/types\/product"}],"version-history":[{"count":4,"href":"https:\/\/clamaro.eu\/it\/wp-json\/wp\/v2\/product\/97175\/revisions"}],"predecessor-version":[{"id":109530,"href":"https:\/\/clamaro.eu\/it\/wp-json\/wp\/v2\/product\/97175\/revisions\/109530"}],"wp:featuredmedia":[{"embeddable":true,"href":"https:\/\/clamaro.eu\/it\/wp-json\/wp\/v2\/media\/96748"}],"wp:attachment":[{"href":"https:\/\/clamaro.eu\/it\/wp-json\/wp\/v2\/media?parent=97175"}],"wp:term":[{"taxonomy":"product_brand","embeddable":true,"href":"https:\/\/clamaro.eu\/it\/wp-json\/wp\/v2\/product_brand?post=97175"},{"taxonomy":"product_cat","embeddable":true,"href":"https:\/\/clamaro.eu\/it\/wp-json\/wp\/v2\/product_cat?post=97175"},{"taxonomy":"product_tag","embeddable":true,"href":"https:\/\/clamaro.eu\/it\/wp-json\/wp\/v2\/product_tag?post=97175"}],"curies":[{"name":"wp","href":"https:\/\/api.w.org\/{rel}","templated":true}]}}