{"id":88686,"date":"2025-04-08T09:18:42","date_gmt":"2025-04-08T09:18:42","guid":{"rendered":"https:\/\/clamaro.eu\/?post_type=product&#038;p=88686"},"modified":"2025-05-27T10:38:36","modified_gmt":"2025-05-27T10:38:36","slug":"genua","status":"publish","type":"product","link":"https:\/\/clamaro.eu\/it\/prodotto\/genua\/","title":{"rendered":"GENUA"},"content":{"rendered":"\t\t<div data-elementor-type=\"wp-post\" data-elementor-id=\"88686\" class=\"elementor elementor-88686 elementor-88676\">\n\t\t\t\t\t\t<section class=\"elementor-section elementor-top-section elementor-element elementor-element-3375b062 elementor-section-boxed elementor-section-height-default elementor-section-height-default qodef-elementor-content-no\" data-id=\"3375b062\" data-element_type=\"section\">\n\t\t\t\t\t\t<div class=\"elementor-container elementor-column-gap-default\">\n\t\t\t\t\t<div class=\"elementor-column elementor-col-100 elementor-top-column elementor-element elementor-element-2ade6d6d\" data-id=\"2ade6d6d\" data-element_type=\"column\">\n\t\t\t<div class=\"elementor-widget-wrap elementor-element-populated\">\n\t\t\t\t\t\t<div class=\"elementor-element elementor-element-17f9e4d0 elementor-widget elementor-widget-image\" data-id=\"17f9e4d0\" data-element_type=\"widget\" data-widget_type=\"image.default\">\n\t\t\t\t<div class=\"elementor-widget-container\">\n\t\t\t\t\t\t\t\t\t\t\t\t\t\t\t<img decoding=\"async\" src=\"https:\/\/m.media-amazon.com\/images\/S\/aplus-media-library-service-media\/8a7af628-f583-4702-8d22-927f8f7f49e2.__CR0,0,600,180_PT0_SX600_V1___.png\" title=\"\" alt=\"\" loading=\"lazy\" \/>\t\t\t\t\t\t\t\t\t\t\t\t\t\t\t<\/div>\n\t\t\t\t<\/div>\n\t\t\t\t\t<\/div>\n\t\t<\/div>\n\t\t\t\t\t<\/div>\n\t\t<\/section>\n\t\t\t\t<section class=\"elementor-section elementor-top-section elementor-element elementor-element-5dc6166 elementor-section-boxed elementor-section-height-default elementor-section-height-default qodef-elementor-content-no\" data-id=\"5dc6166\" data-element_type=\"section\">\n\t\t\t\t\t\t<div class=\"elementor-container elementor-column-gap-default\">\n\t\t\t\t\t<div class=\"elementor-column elementor-col-100 elementor-top-column elementor-element elementor-element-ade8803\" data-id=\"ade8803\" data-element_type=\"column\">\n\t\t\t<div class=\"elementor-widget-wrap elementor-element-populated\">\n\t\t\t\t\t\t<div class=\"elementor-element elementor-element-bd7324c elementor-widget elementor-widget-text-editor\" data-id=\"bd7324c\" data-element_type=\"widget\" data-widget_type=\"text-editor.default\">\n\t\t\t\t<div class=\"elementor-widget-container\">\n\t\t\t\t\t\t\t\t\t<h3 style=\"background-color: #ffffff;\">CLAMARO CORNICE BAROCCA VINTAGE VIENNA IN LEGNO MASSELLO DI ABETE &#8211; FATTA A MANO E 100% MADE IN GERMANY<\/h3><h3 style=\"background-color: #ffffff;\">\u00a0<\/h3><p style=\"margin: 0cm; background-position: initial; background-color: white; line-height: 21.6pt; font-weight: 400; letter-spacing: normal; text-transform: none; font-size: 12pt;\" align=\"center\"><span style=\"font-size: 11.5pt; font-family: Roboto; color: #7a7a7a;\">Cornice barocca vintage Clamaro\u00a0<span style=\"font-weight: bold;\">VIENNA<\/span>\u00a0Realizzato in legno massiccio con lastra di vetro artificiale altamente trasparente, pannello posteriore in HDF e ganci con cornice\u00a0<span style=\"font-weight: bold;\">allarga otticamente le tue stanze<\/span>\u00a0e allo stesso tempo una cornice pu\u00f2 far apparire la tua casa pi\u00f9 luminosa e ariosa. Naturalmente una cornice \u00e8 e deve anche contribuire alla decorazione e mettere in risalto abilmente i vostri quadri, dipinti o foto pi\u00f9 belli.<\/span><\/p><p style=\"margin: 0cm; background-position: initial; background-color: white; line-height: 21.6pt; font-weight: 400; letter-spacing: normal; text-transform: none; font-size: 12pt;\" align=\"center\"><span style=\"font-size: 11.5pt; font-family: Roboto; color: #7a7a7a;\">\u00a0<\/span><\/p><p style=\"margin: 0cm; background-position: initial; background-color: white; line-height: 21.6pt; font-weight: 400; letter-spacing: normal; text-transform: none; font-size: 12pt;\" align=\"center\"><span style=\"font-size: 11.5pt; font-family: Roboto; color: #7a7a7a;\">Il Clamaro\u00a0<span style=\"font-weight: bold;\">Cornice portafoto in vero legno<\/span>\u00a0A seconda delle dimensioni possono essere utilizzate come cornice per foto, cornice per puzzle, cornice per collage o come cornice per certificati, cornice per ritratti e, nei formati extra large, anche come maxi cornice per poster cinematografici.\u00a0<span style=\"font-weight: bold;\">utilizzo<\/span>.<\/span><\/p>\t\t\t\t\t\t\t\t<\/div>\n\t\t\t\t<\/div>\n\t\t\t\t\t<\/div>\n\t\t<\/div>\n\t\t\t\t\t<\/div>\n\t\t<\/section>\n\t\t\t\t<section class=\"elementor-section elementor-top-section elementor-element elementor-element-5203ee62 elementor-section-boxed elementor-section-height-default elementor-section-height-default qodef-elementor-content-no\" data-id=\"5203ee62\" data-element_type=\"section\">\n\t\t\t\t\t\t<div class=\"elementor-container elementor-column-gap-default\">\n\t\t\t\t\t<div class=\"elementor-column elementor-col-100 elementor-top-column elementor-element elementor-element-788a7bc3\" data-id=\"788a7bc3\" data-element_type=\"column\">\n\t\t\t<div class=\"elementor-widget-wrap elementor-element-populated\">\n\t\t\t\t\t\t<div class=\"elementor-element elementor-element-61be6912 elementor-widget-divider--view-line elementor-widget elementor-widget-divider\" data-id=\"61be6912\" data-element_type=\"widget\" data-widget_type=\"divider.default\">\n\t\t\t\t<div class=\"elementor-widget-container\">\n\t\t\t\t\t\t\t<div class=\"elementor-divider\">\n\t\t\t<span class=\"elementor-divider-separator\">\n\t\t\t\t\t\t<\/span>\n\t\t<\/div>\n\t\t\t\t\t\t<\/div>\n\t\t\t\t<\/div>\n\t\t\t\t\t<\/div>\n\t\t<\/div>\n\t\t\t\t\t<\/div>\n\t\t<\/section>\n\t\t\t\t<section class=\"elementor-section elementor-top-section elementor-element elementor-element-254f1d32 elementor-section-boxed elementor-section-height-default elementor-section-height-default qodef-elementor-content-no\" data-id=\"254f1d32\" data-element_type=\"section\">\n\t\t\t\t\t\t<div class=\"elementor-container elementor-column-gap-default\">\n\t\t\t\t\t<div class=\"elementor-column elementor-col-25 elementor-top-column elementor-element elementor-element-54cd401e\" data-id=\"54cd401e\" data-element_type=\"column\">\n\t\t\t<div class=\"elementor-widget-wrap elementor-element-populated\">\n\t\t\t\t\t\t<div class=\"elementor-element elementor-element-1b7d745 elementor-widget elementor-widget-spacer\" data-id=\"1b7d745\" data-element_type=\"widget\" data-widget_type=\"spacer.default\">\n\t\t\t\t<div class=\"elementor-widget-container\">\n\t\t\t\t\t\t\t<div class=\"elementor-spacer\">\n\t\t\t<div class=\"elementor-spacer-inner\"><\/div>\n\t\t<\/div>\n\t\t\t\t\t\t<\/div>\n\t\t\t\t<\/div>\n\t\t\t\t<div class=\"elementor-element elementor-element-63506157 elementor-widget elementor-widget-image\" data-id=\"63506157\" data-element_type=\"widget\" data-widget_type=\"image.default\">\n\t\t\t\t<div class=\"elementor-widget-container\">\n\t\t\t\t\t\t\t\t\t\t\t\t\t\t\t<img fetchpriority=\"high\" decoding=\"async\" width=\"300\" height=\"300\" src=\"https:\/\/clamaro.eu\/wp-content\/uploads\/2024\/05\/clamaro-wien-gold-bilderrahmen-barockrahmen-3-1-300x300.jpg\" class=\"attachment-medium size-medium wp-image-66965\" alt=\"\" srcset=\"https:\/\/clamaro.eu\/wp-content\/uploads\/2024\/05\/clamaro-wien-gold-bilderrahmen-barockrahmen-3-1-300x300.jpg 300w, https:\/\/clamaro.eu\/wp-content\/uploads\/2024\/05\/clamaro-wien-gold-bilderrahmen-barockrahmen-3-1-1024x1024.jpg 1024w, https:\/\/clamaro.eu\/wp-content\/uploads\/2024\/05\/clamaro-wien-gold-bilderrahmen-barockrahmen-3-1-150x150.jpg 150w, https:\/\/clamaro.eu\/wp-content\/uploads\/2024\/05\/clamaro-wien-gold-bilderrahmen-barockrahmen-3-1-768x768.jpg 768w, https:\/\/clamaro.eu\/wp-content\/uploads\/2024\/05\/clamaro-wien-gold-bilderrahmen-barockrahmen-3-1-650x650.jpg 650w, https:\/\/clamaro.eu\/wp-content\/uploads\/2024\/05\/clamaro-wien-gold-bilderrahmen-barockrahmen-3-1-1300x1300.jpg 1300w, https:\/\/clamaro.eu\/wp-content\/uploads\/2024\/05\/clamaro-wien-gold-bilderrahmen-barockrahmen-3-1-600x600.jpg 600w, https:\/\/clamaro.eu\/wp-content\/uploads\/2024\/05\/clamaro-wien-gold-bilderrahmen-barockrahmen-3-1.jpg 1500w\" sizes=\"(max-width: 300px) 100vw, 300px\" \/>\t\t\t\t\t\t\t\t\t\t\t\t\t\t\t<\/div>\n\t\t\t\t<\/div>\n\t\t\t\t<div class=\"elementor-element elementor-element-7ab72096 elementor-widget elementor-widget-text-editor\" data-id=\"7ab72096\" data-element_type=\"widget\" data-widget_type=\"text-editor.default\">\n\t\t\t\t<div class=\"elementor-widget-container\">\n\t\t\t\t\t\t\t\t\t<h4 class=\"a-spacing-mini\">La cornice dello specchio in dettaglio<\/h4>\n<p>Il <span class=\"a-text-bold\">bar classico<\/span> Il design \u00e8 al passo con i tempi, ma <span class=\"a-text-bold\">classico senza tempo<\/span>. Realizzato in legno <span class=\"a-text-bold\">massello<\/span> e laminato con pellicola decorativa <span class=\"a-text-bold\">antigraffio e resistente ai raggi UV.<\/span><\/p>\n<p>Un&#8217;altra caratteristica speciale della nostra pellicola decorativa \u00e8 la <span class=\"a-text-bold\">Guaina completa (senza retro) <\/span>la guida del telaio in legno. In questo modo si ottiene un&#8217;impressione complessiva perfetta e la pellicola non si sfalda, come invece accade con le modanature a telaio parzialmente avvolte.<\/p>\n\t\t\t\t\t\t\t\t<\/div>\n\t\t\t\t<\/div>\n\t\t\t\t\t<\/div>\n\t\t<\/div>\n\t\t\t\t<div class=\"elementor-column elementor-col-25 elementor-top-column elementor-element elementor-element-59ddf0a\" data-id=\"59ddf0a\" data-element_type=\"column\">\n\t\t\t<div class=\"elementor-widget-wrap elementor-element-populated\">\n\t\t\t\t\t\t<div class=\"elementor-element elementor-element-e446008 elementor-widget elementor-widget-spacer\" data-id=\"e446008\" data-element_type=\"widget\" data-widget_type=\"spacer.default\">\n\t\t\t\t<div class=\"elementor-widget-container\">\n\t\t\t\t\t\t\t<div class=\"elementor-spacer\">\n\t\t\t<div class=\"elementor-spacer-inner\"><\/div>\n\t\t<\/div>\n\t\t\t\t\t\t<\/div>\n\t\t\t\t<\/div>\n\t\t\t\t<div class=\"elementor-element elementor-element-aa2d5e2 elementor-widget elementor-widget-image\" data-id=\"aa2d5e2\" data-element_type=\"widget\" data-widget_type=\"image.default\">\n\t\t\t\t<div class=\"elementor-widget-container\">\n\t\t\t\t\t\t\t\t\t\t\t\t\t\t\t<img decoding=\"async\" src=\"https:\/\/m.media-amazon.com\/images\/S\/aplus-media-library-service-media\/f0f4f528-ad47-4cbf-88cb-818e2cdee1db.__CR1192,556,476,476_PT0_SX220_V1___.png\" title=\"\" alt=\"\" loading=\"lazy\" \/>\t\t\t\t\t\t\t\t\t\t\t\t\t\t\t<\/div>\n\t\t\t\t<\/div>\n\t\t\t\t<div class=\"elementor-element elementor-element-c1793a9 elementor-widget elementor-widget-spacer\" data-id=\"c1793a9\" data-element_type=\"widget\" data-widget_type=\"spacer.default\">\n\t\t\t\t<div class=\"elementor-widget-container\">\n\t\t\t\t\t\t\t<div class=\"elementor-spacer\">\n\t\t\t<div class=\"elementor-spacer-inner\"><\/div>\n\t\t<\/div>\n\t\t\t\t\t\t<\/div>\n\t\t\t\t<\/div>\n\t\t\t\t<div class=\"elementor-element elementor-element-9c0ac9a elementor-widget elementor-widget-text-editor\" data-id=\"9c0ac9a\" data-element_type=\"widget\" data-widget_type=\"text-editor.default\">\n\t\t\t\t<div class=\"elementor-widget-container\">\n\t\t\t\t\t\t\t\t\t<h4 style=\"margin-top: 0px; text-rendering: optimizelegibility; font-weight: normal; font-size: 17px; line-height: 1.255; font-family: 'Amazon Ember', Arial, sans-serif; color: #0f1111; letter-spacing: normal; text-align: center; text-transform: none; background-color: #ffffff; margin-bottom: 6px !important;\">&nbsp;<\/h4>\n<h4 style=\"margin-top: 0px; text-rendering: optimizelegibility; font-weight: normal; font-size: 17px; line-height: 1.255; font-family: 'Amazon Ember', Arial, sans-serif; color: #0f1111; letter-spacing: normal; text-align: center; text-transform: none; background-color: #ffffff; margin-bottom: 6px !important;\"><span style=\"background-color: #ffffff; color: #1d1d1d; font-family: 'Josefin Sans', sans-serif; font-size: 16px; font-weight: 600; letter-spacing: 0.12em; text-transform: uppercase;\">Perni di piegatura in metallo &#8211; NON SCORREVOLI<\/span><\/h4>\n<div><span style=\"background-color: #ffffff; color: #1d1d1d; font-family: 'Josefin Sans', sans-serif; font-size: 16px; font-weight: 600; letter-spacing: 0.12em; text-transform: uppercase;\">&nbsp;<\/span><\/div>\n<div><span style=\"background-color: #ffffff; color: var( --e-global-color-text ); font-family: var( --e-global-typography-text-font-family ), Sans-serif; font-weight: var( --e-global-typography-text-font-weight );\">Per evitare scivolamenti, sul retro delle strisce del telaio sono presenti una quantit\u00e0 sufficiente di robusti perni di piegatura in metallo. I perni di piegatura tengono e premono saldamente insieme la cornice, l&#8217;immagine, il vetro acrilico e la parete posteriore. Possono essere facilmente piegati con unghie robuste o in alternativa con un sottile cacciavite Schitz, ad esempio.<\/span>&nbsp;<\/div>\n<div>&nbsp;<\/div>\n<h4 style=\"background-color: #ffffff;\">&nbsp;<\/h4>\n<p style=\"margin-bottom: 14px; color: #0f1111; font-family: 'Amazon Ember', Arial, sans-serif; font-weight: 400; letter-spacing: normal; text-align: start; text-transform: none; background-color: #ffffff; font-size: 12px !important; line-height: 16px !important;\">\n<\/p>\t\t\t\t\t\t\t\t<\/div>\n\t\t\t\t<\/div>\n\t\t\t\t\t<\/div>\n\t\t<\/div>\n\t\t\t\t<div class=\"elementor-column elementor-col-25 elementor-top-column elementor-element elementor-element-7921d95\" data-id=\"7921d95\" data-element_type=\"column\">\n\t\t\t<div class=\"elementor-widget-wrap elementor-element-populated\">\n\t\t\t\t\t\t<div class=\"elementor-element elementor-element-1ec7101 elementor-widget elementor-widget-spacer\" data-id=\"1ec7101\" data-element_type=\"widget\" data-widget_type=\"spacer.default\">\n\t\t\t\t<div class=\"elementor-widget-container\">\n\t\t\t\t\t\t\t<div class=\"elementor-spacer\">\n\t\t\t<div class=\"elementor-spacer-inner\"><\/div>\n\t\t<\/div>\n\t\t\t\t\t\t<\/div>\n\t\t\t\t<\/div>\n\t\t\t\t<div class=\"elementor-element elementor-element-64cec60 elementor-widget elementor-widget-image\" data-id=\"64cec60\" data-element_type=\"widget\" data-widget_type=\"image.default\">\n\t\t\t\t<div class=\"elementor-widget-container\">\n\t\t\t\t\t\t\t\t\t\t\t\t\t\t\t<img decoding=\"async\" src=\"https:\/\/m.media-amazon.com\/images\/S\/aplus-media-library-service-media\/6d458837-6af4-4a48-b211-c6dc50ecb0f5.__CR51,56,1115,1115_PT0_SX220_V1___.jpg\" title=\"\" alt=\"\" loading=\"lazy\" \/>\t\t\t\t\t\t\t\t\t\t\t\t\t\t\t<\/div>\n\t\t\t\t<\/div>\n\t\t\t\t<div class=\"elementor-element elementor-element-c1c4c55 elementor-widget elementor-widget-spacer\" data-id=\"c1c4c55\" data-element_type=\"widget\" data-widget_type=\"spacer.default\">\n\t\t\t\t<div class=\"elementor-widget-container\">\n\t\t\t\t\t\t\t<div class=\"elementor-spacer\">\n\t\t\t<div class=\"elementor-spacer-inner\"><\/div>\n\t\t<\/div>\n\t\t\t\t\t\t<\/div>\n\t\t\t\t<\/div>\n\t\t\t\t<div class=\"elementor-element elementor-element-2973f2a elementor-widget elementor-widget-text-editor\" data-id=\"2973f2a\" data-element_type=\"widget\" data-widget_type=\"text-editor.default\">\n\t\t\t\t<div class=\"elementor-widget-container\">\n\t\t\t\t\t\t\t\t\t<h4 class=\"a-spacing-mini\">Parete posteriore e appendiabiti (formato orizzontale e verticale)<\/h4>\n<p>Affinch\u00e9 i telai rimovibili in legno massiccio non perdano stabilit\u00e0 anche nel caso di telai di grande formato, dotiamo ogni telaio di una parete posteriore in legno HDF dello spessore di circa 2,5 mm. Inoltre, ogni cornice viene fornita con 2 robusti ganci in metallo per il montaggio a parete in formato verticale o orizzontale.<\/p>\n\t\t\t\t\t\t\t\t<\/div>\n\t\t\t\t<\/div>\n\t\t\t\t\t<\/div>\n\t\t<\/div>\n\t\t\t\t<div class=\"elementor-column elementor-col-25 elementor-top-column elementor-element elementor-element-7ad7019\" data-id=\"7ad7019\" data-element_type=\"column\">\n\t\t\t<div class=\"elementor-widget-wrap elementor-element-populated\">\n\t\t\t\t\t\t<div class=\"elementor-element elementor-element-729a1a6 elementor-widget elementor-widget-spacer\" data-id=\"729a1a6\" data-element_type=\"widget\" data-widget_type=\"spacer.default\">\n\t\t\t\t<div class=\"elementor-widget-container\">\n\t\t\t\t\t\t\t<div class=\"elementor-spacer\">\n\t\t\t<div class=\"elementor-spacer-inner\"><\/div>\n\t\t<\/div>\n\t\t\t\t\t\t<\/div>\n\t\t\t\t<\/div>\n\t\t\t\t<div class=\"elementor-element elementor-element-3d67206 elementor-widget elementor-widget-image\" data-id=\"3d67206\" data-element_type=\"widget\" data-widget_type=\"image.default\">\n\t\t\t\t<div class=\"elementor-widget-container\">\n\t\t\t\t\t\t\t\t\t\t\t\t\t\t\t<img decoding=\"async\" src=\"https:\/\/m.media-amazon.com\/images\/S\/aplus-media-library-service-media\/91eb8584-443f-47af-9901-88ffb44c57b5.__CR0,0,2000,2000_PT0_SX300_V1___.png\" title=\"\" alt=\"\" loading=\"lazy\" \/>\t\t\t\t\t\t\t\t\t\t\t\t\t\t\t<\/div>\n\t\t\t\t<\/div>\n\t\t\t\t<div class=\"elementor-element elementor-element-38a9216 elementor-widget elementor-widget-text-editor\" data-id=\"38a9216\" data-element_type=\"widget\" data-widget_type=\"text-editor.default\">\n\t\t\t\t<div class=\"elementor-widget-container\">\n\t\t\t\t\t\t\t\t\t<h3 class=\"a-spacing-mini\">H\u00f6chste Qualit\u00e4t und Pr\u00e4zision: handgefertigt und 100% Made in Germany<\/h3>\n<p>Tutti <span class=\"a-text-bold\">Specchio Clamaro <\/span>sono realizzati su ordinazione nella nostra manifattura di cornici, singolarmente e a mano, nelle dimensioni desiderate.<span class=\"a-text-bold\"> Precisione e qualit\u00e0 100% Made in Germany<\/span><\/p>\n<p><span class=\"a-text-bold\">NOTA IMPORTANTE SULLE NOSTRE FOTO:<\/span> Il colore delle immagini dei prodotti utilizzati pu\u00f2 variare leggermente rispetto alle nostre immagini a causa delle impostazioni di colore e luminosit\u00e0 dello schermo.<\/p>\n\t\t\t\t\t\t\t\t<\/div>\n\t\t\t\t<\/div>\n\t\t\t\t\t<\/div>\n\t\t<\/div>\n\t\t\t\t\t<\/div>\n\t\t<\/section>\n\t\t\t\t<section class=\"elementor-section elementor-top-section elementor-element elementor-element-e811d2d elementor-section-boxed elementor-section-height-default elementor-section-height-default qodef-elementor-content-no\" data-id=\"e811d2d\" data-element_type=\"section\">\n\t\t\t\t\t\t<div class=\"elementor-container elementor-column-gap-default\">\n\t\t\t\t\t<div class=\"elementor-column elementor-col-100 elementor-top-column elementor-element elementor-element-5c48063\" data-id=\"5c48063\" data-element_type=\"column\">\n\t\t\t<div class=\"elementor-widget-wrap elementor-element-populated\">\n\t\t\t\t\t\t<div class=\"elementor-element elementor-element-da4f732 elementor-widget__width-initial elementor-widget elementor-widget-image\" data-id=\"da4f732\" data-element_type=\"widget\" data-widget_type=\"image.default\">\n\t\t\t\t<div class=\"elementor-widget-container\">\n\t\t\t\t\t\t\t\t\t\t\t\t\t\t\t<img decoding=\"async\" src=\"https:\/\/m.media-amazon.com\/images\/I\/71Bn49M1uvL._AC_SL1500_.jpg\" title=\"\" alt=\"\" loading=\"lazy\" \/>\t\t\t\t\t\t\t\t\t\t\t\t\t\t\t<\/div>\n\t\t\t\t<\/div>\n\t\t\t\t\t<\/div>\n\t\t<\/div>\n\t\t\t\t\t<\/div>\n\t\t<\/section>\n\t\t\t\t<\/div>\n\t\t","protected":false},"excerpt":{"rendered":"<p>CLAMARO CORNICE BAROCCA VINTAGE EMMA, ULRICH &amp; OSKAR IN LEGNO MASSELLO DI ABETE &#8211; FATTA A MANO E 100% MADE IN GERMANY Cornice barocca vintage Clamaro\u00a0EMMA, ULRICH &amp; OSKAR\u00a0Realizzato in legno massiccio con lastra di vetro artificiale altamente trasparente, pannello posteriore in HDF e ganci con cornice\u00a0allarga otticamente le tue stanze\u00a0e allo stesso tempo una [&hellip;]<\/p>\n","protected":false},"featured_media":88695,"template":"","meta":{"om_disable_all_campaigns":false},"product_brand":[],"product_cat":[4675],"product_tag":[],"class_list":{"0":"post-88686","1":"product","2":"type-product","3":"status-publish","4":"has-post-thumbnail","6":"product_cat-vintage-it","8":"first","9":"instock","10":"taxable","11":"shipping-taxable","12":"purchasable","13":"product-type-simple"},"gallery_images":[70695,88719,88701,88725,88707,88743,88749,88611,88605],"_links":{"self":[{"href":"https:\/\/clamaro.eu\/it\/wp-json\/wp\/v2\/product\/88686","targetHints":{"allow":["GET"]}}],"collection":[{"href":"https:\/\/clamaro.eu\/it\/wp-json\/wp\/v2\/product"}],"about":[{"href":"https:\/\/clamaro.eu\/it\/wp-json\/wp\/v2\/types\/product"}],"version-history":[{"count":2,"href":"https:\/\/clamaro.eu\/it\/wp-json\/wp\/v2\/product\/88686\/revisions"}],"predecessor-version":[{"id":90871,"href":"https:\/\/clamaro.eu\/it\/wp-json\/wp\/v2\/product\/88686\/revisions\/90871"}],"wp:featuredmedia":[{"embeddable":true,"href":"https:\/\/clamaro.eu\/it\/wp-json\/wp\/v2\/media\/88695"}],"wp:attachment":[{"href":"https:\/\/clamaro.eu\/it\/wp-json\/wp\/v2\/media?parent=88686"}],"wp:term":[{"taxonomy":"product_brand","embeddable":true,"href":"https:\/\/clamaro.eu\/it\/wp-json\/wp\/v2\/product_brand?post=88686"},{"taxonomy":"product_cat","embeddable":true,"href":"https:\/\/clamaro.eu\/it\/wp-json\/wp\/v2\/product_cat?post=88686"},{"taxonomy":"product_tag","embeddable":true,"href":"https:\/\/clamaro.eu\/it\/wp-json\/wp\/v2\/product_tag?post=88686"}],"curies":[{"name":"wp","href":"https:\/\/api.w.org\/{rel}","templated":true}]}}