{"id":45770,"date":"2023-09-21T10:55:33","date_gmt":"2023-09-21T10:55:33","guid":{"rendered":"https:\/\/clamaro.eu\/product\/elsa\/"},"modified":"2025-12-03T11:22:48","modified_gmt":"2025-12-03T11:22:48","slug":"elsa","status":"publish","type":"product","link":"https:\/\/clamaro.eu\/it\/prodotto\/elsa\/","title":{"rendered":"ELSA"},"content":{"rendered":"\t\t<div data-elementor-type=\"wp-post\" data-elementor-id=\"45770\" class=\"elementor elementor-45770 elementor-33746\">\n\t\t\t\t\t\t<section class=\"elementor-section elementor-top-section elementor-element elementor-element-3375b062 elementor-section-boxed elementor-section-height-default elementor-section-height-default qodef-elementor-content-no\" data-id=\"3375b062\" data-element_type=\"section\">\n\t\t\t\t\t\t<div class=\"elementor-container elementor-column-gap-default\">\n\t\t\t\t\t<div class=\"elementor-column elementor-col-100 elementor-top-column elementor-element elementor-element-2ade6d6d\" data-id=\"2ade6d6d\" data-element_type=\"column\">\n\t\t\t<div class=\"elementor-widget-wrap elementor-element-populated\">\n\t\t\t\t\t\t<div class=\"elementor-element elementor-element-17f9e4d0 elementor-widget elementor-widget-image\" data-id=\"17f9e4d0\" data-element_type=\"widget\" data-widget_type=\"image.default\">\n\t\t\t\t<div class=\"elementor-widget-container\">\n\t\t\t\t\t\t\t\t\t\t\t\t\t\t\t<img decoding=\"async\" src=\"https:\/\/m.media-amazon.com\/images\/S\/aplus-media-library-service-media\/8a7af628-f583-4702-8d22-927f8f7f49e2.__CR0,0,600,180_PT0_SX600_V1___.png\" title=\"\" alt=\"\" loading=\"lazy\" \/>\t\t\t\t\t\t\t\t\t\t\t\t\t\t\t<\/div>\n\t\t\t\t<\/div>\n\t\t\t\t\t<\/div>\n\t\t<\/div>\n\t\t\t\t\t<\/div>\n\t\t<\/section>\n\t\t\t\t<section class=\"elementor-section elementor-top-section elementor-element elementor-element-5dc6166 elementor-section-boxed elementor-section-height-default elementor-section-height-default qodef-elementor-content-no\" data-id=\"5dc6166\" data-element_type=\"section\">\n\t\t\t\t\t\t<div class=\"elementor-container elementor-column-gap-default\">\n\t\t\t\t\t<div class=\"elementor-column elementor-col-100 elementor-top-column elementor-element elementor-element-ade8803\" data-id=\"ade8803\" data-element_type=\"column\">\n\t\t\t<div class=\"elementor-widget-wrap elementor-element-populated\">\n\t\t\t\t\t\t<div class=\"elementor-element elementor-element-bd7324c elementor-widget elementor-widget-text-editor\" data-id=\"bd7324c\" data-element_type=\"widget\" data-widget_type=\"text-editor.default\">\n\t\t\t\t<div class=\"elementor-widget-container\">\n\t\t\t\t\t\t\t\t\t<h3>Cornice barocca Clamaro ELSA e VIKTOR in legno massello di abete rosso &#8211; fatta a mano e prodotta al 100% in Germania<\/h3>\n<p style=\"margin: 0cm; background-position: initial; background-color: white; line-height: 21.6pt; font-weight: 400; letter-spacing: normal; text-transform: none; font-size: 12pt; font-family: 'Times New Roman', serif; color: #000000;\" align=\"center\"><span style=\"font-size: 11.5pt; font-family: Roboto; color: #7a7a7a;\">Cornice barocca vintage Clamaro&nbsp;<span style=\"font-weight: bold;\">ELSA &amp; VIKTOR<\/span>&nbsp;Realizzato in legno massiccio con lastra di vetro artificiale altamente trasparente, pannello posteriore in HDF e ganci con cornice&nbsp;<span style=\"font-weight: bold;\">allarga otticamente le tue stanze<\/span>&nbsp;e allo stesso tempo una cornice pu\u00f2 far apparire la tua casa pi\u00f9 luminosa e ariosa. Naturalmente una cornice \u00e8 e deve anche contribuire alla decorazione e mettere in risalto abilmente i vostri quadri, dipinti o foto pi\u00f9 belli. <\/span><\/p>\n<p style=\"margin: 0cm; background-position: initial; background-color: white; line-height: 21.6pt; font-weight: 400; letter-spacing: normal; text-transform: none; font-size: 12pt; font-family: 'Times New Roman', serif; color: #000000;\" align=\"center\"><span style=\"font-size: 11.5pt; font-family: Roboto; color: #7a7a7a;\">&nbsp;<\/span><\/p>\n<p style=\"margin: 0cm; background-position: initial; background-color: white; line-height: 21.6pt; font-weight: 400; letter-spacing: normal; text-transform: none; font-size: 12pt; font-family: 'Times New Roman', serif; color: #000000;\" align=\"center\"><span style=\"font-size: 11.5pt; font-family: Roboto; color: #7a7a7a;\">Il Clamaro&nbsp;<span style=\"font-weight: bold;\">Cornice portafoto in vero legno<\/span>&nbsp;A seconda delle dimensioni possono essere utilizzate come cornice per foto, cornice per puzzle, cornice per collage o come cornice per certificati, cornice per ritratti e, nei formati extra large, anche come maxi cornice per poster cinematografici.&nbsp;<span style=\"font-weight: bold;\">utilizzo<\/span>.<\/span><\/p>\t\t\t\t\t\t\t\t<\/div>\n\t\t\t\t<\/div>\n\t\t\t\t\t<\/div>\n\t\t<\/div>\n\t\t\t\t\t<\/div>\n\t\t<\/section>\n\t\t\t\t<section class=\"elementor-section elementor-top-section elementor-element elementor-element-5203ee62 elementor-section-boxed elementor-section-height-default elementor-section-height-default qodef-elementor-content-no\" data-id=\"5203ee62\" data-element_type=\"section\">\n\t\t\t\t\t\t<div class=\"elementor-container elementor-column-gap-default\">\n\t\t\t\t\t<div class=\"elementor-column elementor-col-100 elementor-top-column elementor-element elementor-element-788a7bc3\" data-id=\"788a7bc3\" data-element_type=\"column\">\n\t\t\t<div class=\"elementor-widget-wrap elementor-element-populated\">\n\t\t\t\t\t\t<div class=\"elementor-element elementor-element-61be6912 elementor-widget-divider--view-line elementor-widget elementor-widget-divider\" data-id=\"61be6912\" data-element_type=\"widget\" data-widget_type=\"divider.default\">\n\t\t\t\t<div class=\"elementor-widget-container\">\n\t\t\t\t\t\t\t<div class=\"elementor-divider\">\n\t\t\t<span class=\"elementor-divider-separator\">\n\t\t\t\t\t\t<\/span>\n\t\t<\/div>\n\t\t\t\t\t\t<\/div>\n\t\t\t\t<\/div>\n\t\t\t\t\t<\/div>\n\t\t<\/div>\n\t\t\t\t\t<\/div>\n\t\t<\/section>\n\t\t\t\t<section class=\"elementor-section elementor-top-section elementor-element elementor-element-254f1d32 elementor-section-boxed elementor-section-height-default elementor-section-height-default qodef-elementor-content-no\" data-id=\"254f1d32\" data-element_type=\"section\">\n\t\t\t\t\t\t<div class=\"elementor-container elementor-column-gap-default\">\n\t\t\t\t\t<div class=\"elementor-column elementor-col-25 elementor-top-column elementor-element elementor-element-54cd401e\" data-id=\"54cd401e\" data-element_type=\"column\">\n\t\t\t<div class=\"elementor-widget-wrap elementor-element-populated\">\n\t\t\t\t\t\t<div class=\"elementor-element elementor-element-1b7d745 elementor-widget elementor-widget-spacer\" data-id=\"1b7d745\" data-element_type=\"widget\" data-widget_type=\"spacer.default\">\n\t\t\t\t<div class=\"elementor-widget-container\">\n\t\t\t\t\t\t\t<div class=\"elementor-spacer\">\n\t\t\t<div class=\"elementor-spacer-inner\"><\/div>\n\t\t<\/div>\n\t\t\t\t\t\t<\/div>\n\t\t\t\t<\/div>\n\t\t\t\t<div class=\"elementor-element elementor-element-63506157 elementor-widget elementor-widget-image\" data-id=\"63506157\" data-element_type=\"widget\" data-widget_type=\"image.default\">\n\t\t\t\t<div class=\"elementor-widget-container\">\n\t\t\t\t\t\t\t\t\t\t\t\t\t\t\t<img decoding=\"async\" src=\"https:\/\/m.media-amazon.com\/images\/I\/71pxeacc0jL._AC_SL1500_.jpg\" title=\"\" alt=\"\" loading=\"lazy\" \/>\t\t\t\t\t\t\t\t\t\t\t\t\t\t\t<\/div>\n\t\t\t\t<\/div>\n\t\t\t\t<div class=\"elementor-element elementor-element-7ab72096 elementor-widget elementor-widget-text-editor\" data-id=\"7ab72096\" data-element_type=\"widget\" data-widget_type=\"text-editor.default\">\n\t\t\t\t<div class=\"elementor-widget-container\">\n\t\t\t\t\t\t\t\t\t<h4>La striscia di cornice \u201celsa\u201d.<\/h4>\n<p style=\"background-color: rgb(255, 255, 255);\">IL&nbsp;<span class=\"a-text-bold\">barra classica<\/span>&nbsp;Il design sembra molto aggiornato e tuttavia&nbsp;<span class=\"a-text-bold\">classicamente senza tempo. Fatto di<\/span> &nbsp;<span class=\"a-text-bold\">Legno massiccio<\/span>&nbsp;e con uno&nbsp;<span class=\"a-text-bold\">Pellicola decorativa antigraffio e resistente ai raggi UV<\/span>&nbsp;laminato.<\/p><p style=\"background-color: rgb(255, 255, 255);\">Un&#8217;altra particolarit\u00e0 della nostra pellicola decorativa \u00e8 questa&nbsp;<span class=\"a-text-bold\">Rivestimento completo (senza schienale)&nbsp;<\/span>la striscia di cornice in legno. In questo modo si ottiene un&#8217;impressione complessiva perfetta e la pellicola non si sfalda, come invece accade con le modanature a telaio parzialmente avvolte. <\/p>\t\t\t\t\t\t\t\t<\/div>\n\t\t\t\t<\/div>\n\t\t\t\t\t<\/div>\n\t\t<\/div>\n\t\t\t\t<div class=\"elementor-column elementor-col-25 elementor-top-column elementor-element elementor-element-78f0fb1c\" data-id=\"78f0fb1c\" data-element_type=\"column\">\n\t\t\t<div class=\"elementor-widget-wrap elementor-element-populated\">\n\t\t\t\t\t\t<div class=\"elementor-element elementor-element-5ed67fad elementor-widget elementor-widget-spacer\" data-id=\"5ed67fad\" data-element_type=\"widget\" data-widget_type=\"spacer.default\">\n\t\t\t\t<div class=\"elementor-widget-container\">\n\t\t\t\t\t\t\t<div class=\"elementor-spacer\">\n\t\t\t<div class=\"elementor-spacer-inner\"><\/div>\n\t\t<\/div>\n\t\t\t\t\t\t<\/div>\n\t\t\t\t<\/div>\n\t\t\t\t<div class=\"elementor-element elementor-element-46aa2d63 elementor-widget elementor-widget-image\" data-id=\"46aa2d63\" data-element_type=\"widget\" data-widget_type=\"image.default\">\n\t\t\t\t<div class=\"elementor-widget-container\">\n\t\t\t\t\t\t\t\t\t\t\t\t\t\t\t<img decoding=\"async\" src=\"https:\/\/m.media-amazon.com\/images\/S\/aplus-media-library-service-media\/6d458837-6af4-4a48-b211-c6dc50ecb0f5.__CR51,56,1115,1115_PT0_SX220_V1___.jpg\" title=\"\" alt=\"\" loading=\"lazy\" \/>\t\t\t\t\t\t\t\t\t\t\t\t\t\t\t<\/div>\n\t\t\t\t<\/div>\n\t\t\t\t<div class=\"elementor-element elementor-element-7522d48d elementor-widget elementor-widget-text-editor\" data-id=\"7522d48d\" data-element_type=\"widget\" data-widget_type=\"text-editor.default\">\n\t\t\t\t<div class=\"elementor-widget-container\">\n\t\t\t\t\t\t\t\t\t<h4 class=\"a-spacing-mini\">Parete posteriore e appendiabiti (formato orizzontale e verticale)<\/h4><p>Affinch\u00e9 i telai rimovibili in legno massiccio non perdano stabilit\u00e0 anche nel caso di telai di grande formato, dotiamo ogni telaio di una parete posteriore in legno HDF dello spessore di circa 2,5 mm. Inoltre, ogni cornice viene fornita con 2 robusti ganci in metallo per il montaggio a parete in formato verticale o orizzontale. <\/p>\t\t\t\t\t\t\t\t<\/div>\n\t\t\t\t<\/div>\n\t\t\t\t\t<\/div>\n\t\t<\/div>\n\t\t\t\t<div class=\"elementor-column elementor-col-25 elementor-top-column elementor-element elementor-element-5b1bfd3\" data-id=\"5b1bfd3\" data-element_type=\"column\">\n\t\t\t<div class=\"elementor-widget-wrap elementor-element-populated\">\n\t\t\t\t\t\t<div class=\"elementor-element elementor-element-9ec7418 elementor-widget elementor-widget-spacer\" data-id=\"9ec7418\" data-element_type=\"widget\" data-widget_type=\"spacer.default\">\n\t\t\t\t<div class=\"elementor-widget-container\">\n\t\t\t\t\t\t\t<div class=\"elementor-spacer\">\n\t\t\t<div class=\"elementor-spacer-inner\"><\/div>\n\t\t<\/div>\n\t\t\t\t\t\t<\/div>\n\t\t\t\t<\/div>\n\t\t\t\t<div class=\"elementor-element elementor-element-79c0ad7 elementor-widget elementor-widget-image\" data-id=\"79c0ad7\" data-element_type=\"widget\" data-widget_type=\"image.default\">\n\t\t\t\t<div class=\"elementor-widget-container\">\n\t\t\t\t\t\t\t\t\t\t\t\t\t\t\t<img decoding=\"async\" src=\"https:\/\/m.media-amazon.com\/images\/S\/aplus-media-library-service-media\/f0f4f528-ad47-4cbf-88cb-818e2cdee1db.__CR1192,556,476,476_PT0_SX220_V1___.png\" title=\"\" alt=\"\" loading=\"lazy\" \/>\t\t\t\t\t\t\t\t\t\t\t\t\t\t\t<\/div>\n\t\t\t\t<\/div>\n\t\t\t\t<div class=\"elementor-element elementor-element-16a575e elementor-widget elementor-widget-text-editor\" data-id=\"16a575e\" data-element_type=\"widget\" data-widget_type=\"text-editor.default\">\n\t\t\t\t<div class=\"elementor-widget-container\">\n\t\t\t\t\t\t\t\t\t<h4 style=\"margin-top: 0px; text-rendering: optimizelegibility; font-weight: normal; font-size: 17px; line-height: 1.255; font-family: 'Amazon Ember', Arial, sans-serif; color: #0f1111; letter-spacing: normal; text-align: center; text-transform: none; background-color: #ffffff; margin-bottom: 6px !important;\"> <\/h4><h4 style=\"margin-top: 0px; text-rendering: optimizelegibility; font-weight: normal; font-size: 17px; line-height: 1.255; font-family: 'Amazon Ember', Arial, sans-serif; color: #0f1111; letter-spacing: normal; text-align: center; text-transform: none; background-color: #ffffff; margin-bottom: 6px !important;\"><span style=\"background-color: #ffffff; color: #1d1d1d; font-family: 'Josefin Sans', sans-serif; font-size: 16px; font-weight: 600; letter-spacing: 0.12em; text-transform: uppercase;\">Formato verticale in metallo &#8211; NON SCORREVOLE<\/span><\/h4><div><span style=\"background-color: #ffffff; color: #1d1d1d; font-family: 'Josefin Sans', sans-serif; font-size: 16px; font-weight: 600; letter-spacing: 0.12em; text-transform: uppercase;\"> <\/span><\/div><div><span style=\"background-color: #ffffff; color: var( --e-global-color-text ); font-family: var( --e-global-typography-text-font-family ), Sans-serif; font-weight: var( --e-global-typography-text-font-weight );\">Per evitare scivolamenti, sul retro delle strisce del telaio sono presenti una quantit\u00e0 sufficiente di robusti perni di piegatura in metallo. I perni di piegatura tengono e premono saldamente insieme la cornice, l&#8217;immagine, il vetro acrilico e la parete posteriore. Possono essere facilmente piegati con unghie robuste o in alternativa con un sottile cacciavite Schitz, ad esempio.  <\/span> <\/div><div> <\/div><h4 style=\"background-color: #ffffff;\"> <\/h4><p style=\"margin-bottom: 14px; color: #0f1111; font-family: 'Amazon Ember', Arial, sans-serif; font-weight: 400; letter-spacing: normal; text-align: start; text-transform: none; background-color: #ffffff; font-size: 12px !important; line-height: 16px !important;\"> <\/p>\t\t\t\t\t\t\t\t<\/div>\n\t\t\t\t<\/div>\n\t\t\t\t\t<\/div>\n\t\t<\/div>\n\t\t\t\t<div class=\"elementor-column elementor-col-25 elementor-top-column elementor-element elementor-element-9ac0133\" data-id=\"9ac0133\" data-element_type=\"column\">\n\t\t\t<div class=\"elementor-widget-wrap elementor-element-populated\">\n\t\t\t\t\t\t<div class=\"elementor-element elementor-element-a7fb830 elementor-widget elementor-widget-spacer\" data-id=\"a7fb830\" data-element_type=\"widget\" data-widget_type=\"spacer.default\">\n\t\t\t\t<div class=\"elementor-widget-container\">\n\t\t\t\t\t\t\t<div class=\"elementor-spacer\">\n\t\t\t<div class=\"elementor-spacer-inner\"><\/div>\n\t\t<\/div>\n\t\t\t\t\t\t<\/div>\n\t\t\t\t<\/div>\n\t\t\t\t<div class=\"elementor-element elementor-element-2378dc3 elementor-widget elementor-widget-image\" data-id=\"2378dc3\" data-element_type=\"widget\" data-widget_type=\"image.default\">\n\t\t\t\t<div class=\"elementor-widget-container\">\n\t\t\t\t\t\t\t\t\t\t\t\t\t\t\t<img decoding=\"async\" src=\"https:\/\/m.media-amazon.com\/images\/S\/aplus-media-library-service-media\/91eb8584-443f-47af-9901-88ffb44c57b5.__CR0,0,2000,2000_PT0_SX300_V1___.png\" title=\"\" alt=\"\" loading=\"lazy\" \/>\t\t\t\t\t\t\t\t\t\t\t\t\t\t\t<\/div>\n\t\t\t\t<\/div>\n\t\t\t\t<div class=\"elementor-element elementor-element-1413a72 elementor-widget elementor-widget-text-editor\" data-id=\"1413a72\" data-element_type=\"widget\" data-widget_type=\"text-editor.default\">\n\t\t\t\t<div class=\"elementor-widget-container\">\n\t\t\t\t\t\t\t\t\t<h3 class=\"a-spacing-mini\">H\u00f6chste Qualit\u00e4t und Pr\u00e4zision: handgefertigt und 100% Made in Germany<\/h3><p>Tutti <span class=\"a-text-bold\">Specchio Clamaro <\/span>sono realizzati su ordinazione nella nostra manifattura di cornici, singolarmente e a mano, nelle dimensioni desiderate.<span class=\"a-text-bold\"> Precisione e qualit\u00e0 100% Made in Germany<\/span><\/p><p><span class=\"a-text-bold\">NOTA IMPORTANTE SULLE NOSTRE FOTO:<\/span> Il colore delle immagini dei prodotti utilizzati pu\u00f2 variare leggermente rispetto alle nostre immagini a causa delle impostazioni di colore e luminosit\u00e0 dello schermo.<\/p>\t\t\t\t\t\t\t\t<\/div>\n\t\t\t\t<\/div>\n\t\t\t\t\t<\/div>\n\t\t<\/div>\n\t\t\t\t\t<\/div>\n\t\t<\/section>\n\t\t\t\t<section class=\"elementor-section elementor-top-section elementor-element elementor-element-84fb5f7 elementor-section-boxed elementor-section-height-default elementor-section-height-default qodef-elementor-content-no\" data-id=\"84fb5f7\" data-element_type=\"section\">\n\t\t\t\t\t\t<div class=\"elementor-container elementor-column-gap-default\">\n\t\t\t\t\t<div class=\"elementor-column elementor-col-100 elementor-top-column elementor-element elementor-element-708108e\" data-id=\"708108e\" data-element_type=\"column\">\n\t\t\t<div class=\"elementor-widget-wrap elementor-element-populated\">\n\t\t\t\t\t\t<div class=\"elementor-element elementor-element-66e230e elementor-widget__width-initial elementor-widget elementor-widget-image\" data-id=\"66e230e\" data-element_type=\"widget\" data-widget_type=\"image.default\">\n\t\t\t\t<div class=\"elementor-widget-container\">\n\t\t\t\t\t\t\t\t\t\t\t\t\t\t\t<img decoding=\"async\" src=\"https:\/\/m.media-amazon.com\/images\/I\/71G3VUcCJtL._AC_SL1500_.jpg\" title=\"\" alt=\"\" loading=\"lazy\" \/>\t\t\t\t\t\t\t\t\t\t\t\t\t\t\t<\/div>\n\t\t\t\t<\/div>\n\t\t\t\t\t<\/div>\n\t\t<\/div>\n\t\t\t\t\t<\/div>\n\t\t<\/section>\n\t\t\t\t<section class=\"elementor-section elementor-top-section elementor-element elementor-element-3802996 elementor-section-boxed elementor-section-height-default elementor-section-height-default qodef-elementor-content-no\" data-id=\"3802996\" data-element_type=\"section\">\n\t\t\t\t\t\t<div class=\"elementor-container elementor-column-gap-default\">\n\t\t\t\t\t<div class=\"elementor-column elementor-col-100 elementor-top-column elementor-element elementor-element-e40caf1\" data-id=\"e40caf1\" data-element_type=\"column\">\n\t\t\t<div class=\"elementor-widget-wrap\">\n\t\t\t\t\t\t\t<\/div>\n\t\t<\/div>\n\t\t\t\t\t<\/div>\n\t\t<\/section>\n\t\t\t\t<section class=\"elementor-section elementor-top-section elementor-element elementor-element-a19c0d8 elementor-section-boxed elementor-section-height-default elementor-section-height-default qodef-elementor-content-no\" data-id=\"a19c0d8\" data-element_type=\"section\">\n\t\t\t\t\t\t<div class=\"elementor-container elementor-column-gap-default\">\n\t\t\t\t\t<div class=\"elementor-column elementor-col-100 elementor-top-column elementor-element elementor-element-c635153\" data-id=\"c635153\" data-element_type=\"column\">\n\t\t\t<div class=\"elementor-widget-wrap elementor-element-populated\">\n\t\t\t\t\t\t<div class=\"elementor-element elementor-element-ec8d46a elementor-widget elementor-widget-text-editor\" data-id=\"ec8d46a\" data-element_type=\"widget\" data-widget_type=\"text-editor.default\">\n\t\t\t\t<div class=\"elementor-widget-container\">\n\t\t\t\t\t\t\t\t\t<p> <\/p><h3><strong style=\"color: var( --e-global-color-text ); font-family: var( --e-global-typography-text-font-family ), Sans-serif;\">Prodotto in Germania<\/strong><\/h3><p><span style=\"font-size: 20px;\"><strong>Laboratorio proprio con oltre 35 anni di esperienza.<\/strong><\/span><\/p><p> <\/p><p><img decoding=\"async\" style=\"height: 80px; width: 350px;\" src=\"https:\/\/cdn03.plentymarkets.com\/mmx8yrv4qndt\/item\/images\/204\/full\/Wir-sind-Mitglied-bei-der--2-.jpg\" alt=\"\" data-cke-saved-src=\"https:\/\/cdn03.plentymarkets.com\/mmx8yrv4qndt\/item\/images\/204\/full\/Wir-sind-Mitglied-bei-der--2-.jpg\"><img decoding=\"async\" style=\"width: 114px; height: 70px;\" src=\"https:\/\/cdn03.plentymarkets.com\/mmx8yrv4qndt\/item\/images\/204\/full\/kaeufersiegel.png\" alt=\"\" data-cke-saved-src=\"https:\/\/cdn03.plentymarkets.com\/mmx8yrv4qndt\/item\/images\/204\/full\/kaeufersiegel.png\"> <img decoding=\"async\" style=\"width: 150px; height: 84px;\" src=\"https:\/\/cdn03.plentymarkets.com\/mmx8yrv4qndt\/item\/images\/204\/full\/haendlerbund.png\" alt=\"\" data-cke-saved-src=\"https:\/\/cdn03.plentymarkets.com\/mmx8yrv4qndt\/item\/images\/204\/full\/haendlerbund.png\"><\/p><p> <\/p>\t\t\t\t\t\t\t\t<\/div>\n\t\t\t\t<\/div>\n\t\t\t\t\t<\/div>\n\t\t<\/div>\n\t\t\t\t\t<\/div>\n\t\t<\/section>\n\t\t\t\t<\/div>\n\t\t","protected":false},"excerpt":{"rendered":"<p>per il montaggio a parete in formato verticale o orizzontale.<\/p>\n<p>&nbsp;<\/p>\n<p><strong><span style=\"color: #808080;\"><a style=\"color: #808080;\" href=\"https:\/\/clamaro.eu\/wp-content\/uploads\/2023\/09\/Konfirmitaetserklaerung-Bilderrahmen-mit-Unterschrift.pdf-1.pdf\">Sicurezza delle cornici e risorse sui prodotti.pdf<\/a><\/span><\/strong><\/p>\n","protected":false},"featured_media":39629,"template":"","meta":{"om_disable_all_campaigns":false},"product_brand":[],"product_cat":[4921,4675],"product_tag":[4674],"class_list":{"0":"post-45770","1":"product","2":"type-product","3":"status-publish","4":"has-post-thumbnail","6":"product_cat-cornice-per-foto","7":"product_cat-vintage-it","8":"product_tag-cornice-per-foto","10":"first","11":"outofstock","12":"taxable","13":"shipping-taxable","14":"purchasable","15":"product-type-simple"},"gallery_images":[33774,33792,33780,67632,33768,67638,33786,33553,33547],"_links":{"self":[{"href":"https:\/\/clamaro.eu\/it\/wp-json\/wp\/v2\/product\/45770","targetHints":{"allow":["GET"]}}],"collection":[{"href":"https:\/\/clamaro.eu\/it\/wp-json\/wp\/v2\/product"}],"about":[{"href":"https:\/\/clamaro.eu\/it\/wp-json\/wp\/v2\/types\/product"}],"version-history":[{"count":3,"href":"https:\/\/clamaro.eu\/it\/wp-json\/wp\/v2\/product\/45770\/revisions"}],"predecessor-version":[{"id":107840,"href":"https:\/\/clamaro.eu\/it\/wp-json\/wp\/v2\/product\/45770\/revisions\/107840"}],"wp:featuredmedia":[{"embeddable":true,"href":"https:\/\/clamaro.eu\/it\/wp-json\/wp\/v2\/media\/39629"}],"wp:attachment":[{"href":"https:\/\/clamaro.eu\/it\/wp-json\/wp\/v2\/media?parent=45770"}],"wp:term":[{"taxonomy":"product_brand","embeddable":true,"href":"https:\/\/clamaro.eu\/it\/wp-json\/wp\/v2\/product_brand?post=45770"},{"taxonomy":"product_cat","embeddable":true,"href":"https:\/\/clamaro.eu\/it\/wp-json\/wp\/v2\/product_cat?post=45770"},{"taxonomy":"product_tag","embeddable":true,"href":"https:\/\/clamaro.eu\/it\/wp-json\/wp\/v2\/product_tag?post=45770"}],"curies":[{"name":"wp","href":"https:\/\/api.w.org\/{rel}","templated":true}]}}