{"id":45662,"date":"2023-11-13T07:21:23","date_gmt":"2023-11-13T07:21:23","guid":{"rendered":"https:\/\/clamaro.eu\/product\/mirror-vision-bianco-vintage\/"},"modified":"2024-05-02T11:23:45","modified_gmt":"2024-05-02T11:23:45","slug":"mirror-vision-bianco-vintage","status":"publish","type":"product","link":"https:\/\/clamaro.eu\/it\/prodotto\/mirror-vision-bianco-vintage\/","title":{"rendered":"Mirror Vision Bianco Vintage"},"content":{"rendered":"\t\t<div data-elementor-type=\"wp-post\" data-elementor-id=\"45662\" class=\"elementor elementor-45662\">\n\t\t\t\t\t\t<section class=\"elementor-section elementor-top-section elementor-element elementor-element-3375b062 elementor-section-boxed elementor-section-height-default elementor-section-height-default qodef-elementor-content-no\" data-id=\"3375b062\" data-element_type=\"section\">\n\t\t\t\t\t\t<div class=\"elementor-container elementor-column-gap-default\">\n\t\t\t\t\t<div class=\"elementor-column elementor-col-100 elementor-top-column elementor-element elementor-element-2ade6d6d\" data-id=\"2ade6d6d\" data-element_type=\"column\">\n\t\t\t<div class=\"elementor-widget-wrap elementor-element-populated\">\n\t\t\t\t\t\t<div class=\"elementor-element elementor-element-17f9e4d0 elementor-widget elementor-widget-image\" data-id=\"17f9e4d0\" data-element_type=\"widget\" data-widget_type=\"image.default\">\n\t\t\t\t<div class=\"elementor-widget-container\">\n\t\t\t\t\t\t\t\t\t\t\t\t\t\t\t<img decoding=\"async\" src=\"https:\/\/m.media-amazon.com\/images\/S\/aplus-media-library-service-media\/8a7af628-f583-4702-8d22-927f8f7f49e2.__CR0,0,600,180_PT0_SX600_V1___.png\" title=\"\" alt=\"\" loading=\"lazy\" \/>\t\t\t\t\t\t\t\t\t\t\t\t\t\t\t<\/div>\n\t\t\t\t<\/div>\n\t\t\t\t\t<\/div>\n\t\t<\/div>\n\t\t\t\t\t<\/div>\n\t\t<\/section>\n\t\t\t\t<section class=\"elementor-section elementor-top-section elementor-element elementor-element-5dc6166 elementor-section-boxed elementor-section-height-default elementor-section-height-default qodef-elementor-content-no\" data-id=\"5dc6166\" data-element_type=\"section\">\n\t\t\t\t\t\t<div class=\"elementor-container elementor-column-gap-default\">\n\t\t\t\t\t<div class=\"elementor-column elementor-col-100 elementor-top-column elementor-element elementor-element-ade8803\" data-id=\"ade8803\" data-element_type=\"column\">\n\t\t\t<div class=\"elementor-widget-wrap elementor-element-populated\">\n\t\t\t\t\t\t<div class=\"elementor-element elementor-element-bd7324c elementor-widget elementor-widget-text-editor\" data-id=\"bd7324c\" data-element_type=\"widget\" data-widget_type=\"text-editor.default\">\n\t\t\t\t<div class=\"elementor-widget-container\">\n\t\t\t\t\t\t\t\t\t<p style=\"background-color: #ffffff; color: #7a7a7a; font-family: Roboto, sans-serif; font-size: 15px; font-weight: 400; letter-spacing: normal; text-transform: none;\">Uno specchio nel <span class=\"a-text-bold\">Design moderno e senza tempo<\/span>, ordinabile in quasi <span class=\"a-text-bold\">tutte le dimensioni comuni<\/span> e pu\u00f2 anche <span class=\"a-text-bold\">trasversalmente o longitudinalmente alla parete<\/span> essere impiccato&#8230;<span class=\"a-text-bold\">Garantito un efficace richiamo visivo!<\/span><\/p>\n<p style=\"background-color: #ffffff; color: #7a7a7a; font-family: Roboto, sans-serif; font-size: 15px; font-weight: 400; letter-spacing: normal; text-transform: none;\">Con uno specchio a parete <span class=\"a-text-bold\">ingrandire visivamente gli ambienti<\/span> e allo stesso tempo uno specchio pu\u00f2 far sembrare la casa pi\u00f9 luminosa e pi\u00f9 ariosa. Naturalmente, anche lo specchio \u00e8 e deve contribuire alla decorazione e rivelare a colpo d&#8217;occhio se l&#8217;abito \u00e8 adatto o l&#8217;acconciatura \u00e8 giusta.<\/p>\n<p style=\"background-color: #ffffff; color: #7a7a7a; font-family: Roboto, sans-serif; font-size: 15px; font-weight: 400; letter-spacing: normal; text-transform: none;\">In base alle loro dimensioni, gli specchi Clamaro possono essere utilizzati come <span class=\"a-text-bold\">Specchio da bagno o da salotto<\/span> uso, come<span class=\"a-text-bold\">Specchio della sala <\/span>o <span class=\"a-text-bold\">Specchio a pavimento <\/span>risp. <span class=\"a-text-bold\">Specchio per armadio<\/span>, naturalmente anche come <span class=\"a-text-bold\">Specchio per camera da letto <\/span>sotto forma di un<span class=\"a-text-bold\">Specchio integrale <\/span>risp. <span class=\"a-text-bold\">Specchio da toilette <\/span>o semplicemente come decorazione <span class=\"a-text-bold\">Specchio verticale<\/span>.<\/p>\n<p style=\"background-color: #ffffff; color: #7a7a7a; font-family: Roboto, sans-serif; font-size: 15px; font-weight: 400; letter-spacing: normal; text-transform: none;\">Indipendentemente dall&#8217;uso che ne farete, il vostro nuovo<span class=\"a-text-bold\">Specchio Clamaro<\/span> Grazie alle numerose dimensioni, c&#8217;\u00e8 sicuramente uno specchio anche per il vostro<span class=\"a-text-bold\">Dimensione desiderata <\/span>con esso.<\/p>\n\t\t\t\t\t\t\t\t<\/div>\n\t\t\t\t<\/div>\n\t\t\t\t\t<\/div>\n\t\t<\/div>\n\t\t\t\t\t<\/div>\n\t\t<\/section>\n\t\t\t\t<section class=\"elementor-section elementor-top-section elementor-element elementor-element-5203ee62 elementor-section-boxed elementor-section-height-default elementor-section-height-default qodef-elementor-content-no\" data-id=\"5203ee62\" data-element_type=\"section\">\n\t\t\t\t\t\t<div class=\"elementor-container elementor-column-gap-default\">\n\t\t\t\t\t<div class=\"elementor-column elementor-col-100 elementor-top-column elementor-element elementor-element-788a7bc3\" data-id=\"788a7bc3\" data-element_type=\"column\">\n\t\t\t<div class=\"elementor-widget-wrap elementor-element-populated\">\n\t\t\t\t\t\t<div class=\"elementor-element elementor-element-61be6912 elementor-widget-divider--view-line elementor-widget elementor-widget-divider\" data-id=\"61be6912\" data-element_type=\"widget\" data-widget_type=\"divider.default\">\n\t\t\t\t<div class=\"elementor-widget-container\">\n\t\t\t\t\t\t\t<div class=\"elementor-divider\">\n\t\t\t<span class=\"elementor-divider-separator\">\n\t\t\t\t\t\t<\/span>\n\t\t<\/div>\n\t\t\t\t\t\t<\/div>\n\t\t\t\t<\/div>\n\t\t\t\t\t<\/div>\n\t\t<\/div>\n\t\t\t\t\t<\/div>\n\t\t<\/section>\n\t\t\t\t<section class=\"elementor-section elementor-top-section elementor-element elementor-element-e7959dc elementor-section-boxed elementor-section-height-default elementor-section-height-default qodef-elementor-content-no\" data-id=\"e7959dc\" data-element_type=\"section\">\n\t\t\t\t\t\t<div class=\"elementor-container elementor-column-gap-default\">\n\t\t\t\t\t<div class=\"elementor-column elementor-col-33 elementor-top-column elementor-element elementor-element-6d97a7c\" data-id=\"6d97a7c\" data-element_type=\"column\">\n\t\t\t<div class=\"elementor-widget-wrap elementor-element-populated\">\n\t\t\t\t\t\t<div class=\"elementor-element elementor-element-13679b3 elementor-widget elementor-widget-image\" data-id=\"13679b3\" data-element_type=\"widget\" data-widget_type=\"image.default\">\n\t\t\t\t<div class=\"elementor-widget-container\">\n\t\t\t\t\t\t\t\t\t\t\t\t\t\t\t<img decoding=\"async\" src=\"https:\/\/m.media-amazon.com\/images\/S\/aplus-media-library-service-media\/4d17aa6c-4388-4b9f-a5ad-c05870ac800d.__CR617,1299,1053,1053_PT0_SX300_V1___.png\" title=\"\" alt=\"\" loading=\"lazy\" \/>\t\t\t\t\t\t\t\t\t\t\t\t\t\t\t<\/div>\n\t\t\t\t<\/div>\n\t\t\t\t<div class=\"elementor-element elementor-element-7277161 elementor-widget elementor-widget-spacer\" data-id=\"7277161\" data-element_type=\"widget\" data-widget_type=\"spacer.default\">\n\t\t\t\t<div class=\"elementor-widget-container\">\n\t\t\t\t\t\t\t<div class=\"elementor-spacer\">\n\t\t\t<div class=\"elementor-spacer-inner\"><\/div>\n\t\t<\/div>\n\t\t\t\t\t\t<\/div>\n\t\t\t\t<\/div>\n\t\t\t\t<div class=\"elementor-element elementor-element-e0f1c10 elementor-widget elementor-widget-text-editor\" data-id=\"e0f1c10\" data-element_type=\"widget\" data-widget_type=\"text-editor.default\">\n\t\t\t\t<div class=\"elementor-widget-container\">\n\t\t\t\t\t\t\t\t\t<h4 class=\"a-spacing-mini\">La cornice dello specchio in dettaglio<\/h4>\n<p>Il <span class=\"a-text-bold\">bar moderno angolare<\/span> Il design \u00e8 al passo con i tempi, ma <span class=\"a-text-bold\">classico senza tempo<\/span>.<\/p>\n<p>Il Clamaro<span class=\"a-text-bold\">VISIONE <\/span>La guida del telaio \u00e8 <span class=\"a-text-bold\">30 mm di larghezza e 16 mm di profondit\u00e0<\/span>. Realizzato in <span class=\"a-text-bold\">legno MDF<\/span> e laminato con una <span class=\"a-text-bold\">pellicola decorativa antigraffio e resistente ai raggi UV<\/span>.<\/p>\n<p>Un&#8217;altra caratteristica speciale della nostra pellicola decorativa \u00e8 la <span class=\"a-text-bold\">copertura completa<\/span>della cornice. Ci\u00f2 garantisce un&#8217;impressione generale senza soluzione di continuit\u00e0 e la pellicola non si sfalda, come nel caso delle strisce del telaio parzialmente rivestite. <\/p>\n\t\t\t\t\t\t\t\t<\/div>\n\t\t\t\t<\/div>\n\t\t\t\t\t<\/div>\n\t\t<\/div>\n\t\t\t\t<div class=\"elementor-column elementor-col-33 elementor-top-column elementor-element elementor-element-7852c47\" data-id=\"7852c47\" data-element_type=\"column\">\n\t\t\t<div class=\"elementor-widget-wrap elementor-element-populated\">\n\t\t\t\t\t\t<div class=\"elementor-element elementor-element-dfaa681 elementor-widget elementor-widget-image\" data-id=\"dfaa681\" data-element_type=\"widget\" data-widget_type=\"image.default\">\n\t\t\t\t<div class=\"elementor-widget-container\">\n\t\t\t\t\t\t\t\t\t\t\t\t\t\t\t<img decoding=\"async\" src=\"https:\/\/m.media-amazon.com\/images\/S\/aplus-media-library-service-media\/6d458837-6af4-4a48-b211-c6dc50ecb0f5.__CR0,0,1227,1227_PT0_SX300_V1___.jpg\" title=\"\" alt=\"\" loading=\"lazy\" \/>\t\t\t\t\t\t\t\t\t\t\t\t\t\t\t<\/div>\n\t\t\t\t<\/div>\n\t\t\t\t<div class=\"elementor-element elementor-element-1b98cf7 elementor-widget elementor-widget-spacer\" data-id=\"1b98cf7\" data-element_type=\"widget\" data-widget_type=\"spacer.default\">\n\t\t\t\t<div class=\"elementor-widget-container\">\n\t\t\t\t\t\t\t<div class=\"elementor-spacer\">\n\t\t\t<div class=\"elementor-spacer-inner\"><\/div>\n\t\t<\/div>\n\t\t\t\t\t\t<\/div>\n\t\t\t\t<\/div>\n\t\t\t\t<div class=\"elementor-element elementor-element-8df39a9 elementor-widget elementor-widget-text-editor\" data-id=\"8df39a9\" data-element_type=\"widget\" data-widget_type=\"text-editor.default\">\n\t\t\t\t<div class=\"elementor-widget-container\">\n\t\t\t\t\t\t\t\t\t<h4 class=\"a-spacing-mini\">In orizzontale o in verticale sulla parete o come specchio da appoggio<\/h4>\n<p><span class=\"a-text-bold\">Sia come specchio da parete che come specchio da appoggio&#8230;<\/span><\/p>\n<p>Clamaro equipaggia tutti i suoi specchi con <span class=\"a-text-bold\">Robuste staffe in metallo <\/span>on off.<\/p>\n<p>Le staffe necessarie sono fornite in dotazione e devono essere avvitate brevemente al telaio.<\/p>\n\t\t\t\t\t\t\t\t<\/div>\n\t\t\t\t<\/div>\n\t\t\t\t\t<\/div>\n\t\t<\/div>\n\t\t\t\t<div class=\"elementor-column elementor-col-33 elementor-top-column elementor-element elementor-element-6a207df\" data-id=\"6a207df\" data-element_type=\"column\">\n\t\t\t<div class=\"elementor-widget-wrap elementor-element-populated\">\n\t\t\t\t\t\t<div class=\"elementor-element elementor-element-0cb381d elementor-widget elementor-widget-image\" data-id=\"0cb381d\" data-element_type=\"widget\" data-widget_type=\"image.default\">\n\t\t\t\t<div class=\"elementor-widget-container\">\n\t\t\t\t\t\t\t\t\t\t\t\t\t\t\t<img decoding=\"async\" src=\"https:\/\/m.media-amazon.com\/images\/S\/aplus-media-library-service-media\/12faf656-846b-4ab7-8d5e-2f90bc984b17.__CR142,264,909,909_PT0_SX300_V1___.png\" title=\"\" alt=\"\" loading=\"lazy\" \/>\t\t\t\t\t\t\t\t\t\t\t\t\t\t\t<\/div>\n\t\t\t\t<\/div>\n\t\t\t\t<div class=\"elementor-element elementor-element-7fde103 elementor-widget elementor-widget-spacer\" data-id=\"7fde103\" data-element_type=\"widget\" data-widget_type=\"spacer.default\">\n\t\t\t\t<div class=\"elementor-widget-container\">\n\t\t\t\t\t\t\t<div class=\"elementor-spacer\">\n\t\t\t<div class=\"elementor-spacer-inner\"><\/div>\n\t\t<\/div>\n\t\t\t\t\t\t<\/div>\n\t\t\t\t<\/div>\n\t\t\t\t<div class=\"elementor-element elementor-element-f5b6f30 elementor-widget elementor-widget-text-editor\" data-id=\"f5b6f30\" data-element_type=\"widget\" data-widget_type=\"text-editor.default\">\n\t\t\t\t<div class=\"elementor-widget-container\">\n\t\t\t\t\t\t\t\t\t<h4 class=\"a-spacing-mini\">Vetro a specchio e pannello posteriore<\/h4>\n<p>Lo specchio da parete Clamaro viene fornito con un<span class=\"a-text-bold\">Vetro a specchio <\/span>attrezzato. Si intende <span class=\"a-text-bold\">Vetro normale con rivestimento metallico riflettente<\/span>.<\/p>\n<p>Per ottenere la stabilit\u00e0 necessaria anche con formati di cornice pi\u00f9 grandi, il vetro dello specchio viene <span class=\"a-text-bold\">Pannello posteriore in legno HDF incollato<\/span>. Questo fornisce il necessario <span class=\"a-text-bold\">Maggiore stabilit\u00e0 e durata<\/span>.<\/p>\n\t\t\t\t\t\t\t\t<\/div>\n\t\t\t\t<\/div>\n\t\t\t\t\t<\/div>\n\t\t<\/div>\n\t\t\t\t\t<\/div>\n\t\t<\/section>\n\t\t\t\t<section class=\"elementor-section elementor-top-section elementor-element elementor-element-14987d5d elementor-section-boxed elementor-section-height-default elementor-section-height-default qodef-elementor-content-no\" data-id=\"14987d5d\" data-element_type=\"section\">\n\t\t\t\t\t\t<div class=\"elementor-container elementor-column-gap-default\">\n\t\t\t\t\t<div class=\"elementor-column elementor-col-50 elementor-top-column elementor-element elementor-element-61f6c142\" data-id=\"61f6c142\" data-element_type=\"column\">\n\t\t\t<div class=\"elementor-widget-wrap elementor-element-populated\">\n\t\t\t\t\t\t<div class=\"elementor-element elementor-element-68cb69cf elementor-widget elementor-widget-image\" data-id=\"68cb69cf\" data-element_type=\"widget\" data-widget_type=\"image.default\">\n\t\t\t\t<div class=\"elementor-widget-container\">\n\t\t\t\t\t\t\t\t\t\t\t\t\t\t\t<img decoding=\"async\" src=\"https:\/\/m.media-amazon.com\/images\/S\/aplus-media-library-service-media\/91eb8584-443f-47af-9901-88ffb44c57b5.__CR0,0,2000,2000_PT0_SX300_V1___.png\" title=\"\" alt=\"\" loading=\"lazy\" \/>\t\t\t\t\t\t\t\t\t\t\t\t\t\t\t<\/div>\n\t\t\t\t<\/div>\n\t\t\t\t\t<\/div>\n\t\t<\/div>\n\t\t\t\t<div class=\"elementor-column elementor-col-50 elementor-top-column elementor-element elementor-element-21128189\" data-id=\"21128189\" data-element_type=\"column\">\n\t\t\t<div class=\"elementor-widget-wrap elementor-element-populated\">\n\t\t\t\t\t\t<div class=\"elementor-element elementor-element-7720ed53 elementor-widget elementor-widget-text-editor\" data-id=\"7720ed53\" data-element_type=\"widget\" data-widget_type=\"text-editor.default\">\n\t\t\t\t<div class=\"elementor-widget-container\">\n\t\t\t\t\t\t\t\t\t<h3 class=\"a-spacing-mini\">H\u00f6chste Qualit\u00e4t und Pr\u00e4zision: handgefertigt und 100% Made in Germany<\/h3>\n<p>Tutti <span class=\"a-text-bold\">Specchio Clamaro <\/span>sono realizzati su ordinazione nella nostra manifattura di cornici, singolarmente e a mano, nelle dimensioni desiderate.<span class=\"a-text-bold\"> Precisione e qualit\u00e0 100% Made in Germany<\/span><\/p>\n<p><span class=\"a-text-bold\">NOTA IMPORTANTE SULLE NOSTRE FOTO:<\/span> Il colore delle immagini dei prodotti utilizzati pu\u00f2 variare leggermente rispetto alle nostre immagini a causa delle impostazioni di colore e luminosit\u00e0 dello schermo.<\/p>\n\t\t\t\t\t\t\t\t<\/div>\n\t\t\t\t<\/div>\n\t\t\t\t\t<\/div>\n\t\t<\/div>\n\t\t\t\t\t<\/div>\n\t\t<\/section>\n\t\t\t\t<section class=\"elementor-section elementor-top-section elementor-element elementor-element-66dfc01 elementor-section-boxed elementor-section-height-default elementor-section-height-default qodef-elementor-content-no\" data-id=\"66dfc01\" data-element_type=\"section\">\n\t\t\t\t\t\t<div class=\"elementor-container elementor-column-gap-default\">\n\t\t\t\t\t<div class=\"elementor-column elementor-col-100 elementor-top-column elementor-element elementor-element-be81eb1\" data-id=\"be81eb1\" data-element_type=\"column\">\n\t\t\t<div class=\"elementor-widget-wrap elementor-element-populated\">\n\t\t\t\t\t\t<div class=\"elementor-element elementor-element-da99ab0 elementor-widget elementor-widget-text-editor\" data-id=\"da99ab0\" data-element_type=\"widget\" data-widget_type=\"text-editor.default\">\n\t\t\t\t<div class=\"elementor-widget-container\">\n\t\t\t\t\t\t\t\t\t<\/p>\n<h3><strong style=\"color: var( --e-global-color-text ); font-family: var( --e-global-typography-text-font-family ), Sans-serif;\">Prodotto in Germania<\/strong><\/h3>\n<p><span style=\"font-size: 20px;\"><strong>Laboratorio proprio con oltre 35 anni di esperienza.<\/strong><\/span><\/p>\n<\/p>\n<p><img decoding=\"async\" style=\"height: 80px; width: 350px;\" src=\"https:\/\/cdn03.plentymarkets.com\/mmx8yrv4qndt\/item\/images\/204\/full\/Wir-sind-Mitglied-bei-der--2-.jpg\" alt=\"\" data-cke-saved-src=\"https:\/\/cdn03.plentymarkets.com\/mmx8yrv4qndt\/item\/images\/204\/full\/Wir-sind-Mitglied-bei-der--2-.jpg\"><img decoding=\"async\" style=\"width: 114px; height: 70px;\" src=\"https:\/\/cdn03.plentymarkets.com\/mmx8yrv4qndt\/item\/images\/204\/full\/kaeufersiegel.png\" alt=\"\" data-cke-saved-src=\"https:\/\/cdn03.plentymarkets.com\/mmx8yrv4qndt\/item\/images\/204\/full\/kaeufersiegel.png\"> <img decoding=\"async\" style=\"width: 150px; height: 84px;\" src=\"https:\/\/cdn03.plentymarkets.com\/mmx8yrv4qndt\/item\/images\/204\/full\/haendlerbund.png\" alt=\"\" data-cke-saved-src=\"https:\/\/cdn03.plentymarkets.com\/mmx8yrv4qndt\/item\/images\/204\/full\/haendlerbund.png\"><\/p><\/p>\n\t\t\t\t\t\t\t\t<\/div>\n\t\t\t\t<\/div>\n\t\t\t\t\t<\/div>\n\t\t<\/div>\n\t\t\t\t\t<\/div>\n\t\t<\/section>\n\t\t\t\t<\/div>\n\t\t","protected":false},"excerpt":{"rendered":"<p>Uno specchio nel Design moderno e senza tempo, ordinabile in quasi tutte le dimensioni comuni e pu\u00f2 anche trasversalmente o longitudinalmente alla parete essere impiccato&#8230;Garantito un efficace richiamo visivo! Con uno specchio a parete ingrandire visivamente gli ambienti e allo stesso tempo uno specchio pu\u00f2 far sembrare la casa pi\u00f9 luminosa e pi\u00f9 ariosa. Naturalmente, [&hellip;]<\/p>\n","protected":false},"featured_media":41471,"template":"","meta":{"om_disable_all_campaigns":false},"product_brand":[],"product_cat":[4721,4340],"product_tag":[],"class_list":{"0":"post-45662","1":"product","2":"type-product","3":"status-publish","4":"has-post-thumbnail","6":"product_cat-spechhio-design-cassico","7":"product_cat-vision-matt-weisser-spiegel","9":"first","10":"instock","11":"taxable","12":"shipping-taxable","13":"purchasable","14":"product-type-simple"},"gallery_images":[41485,41479,41183,41473,41491,40914],"_links":{"self":[{"href":"https:\/\/clamaro.eu\/it\/wp-json\/wp\/v2\/product\/45662","targetHints":{"allow":["GET"]}}],"collection":[{"href":"https:\/\/clamaro.eu\/it\/wp-json\/wp\/v2\/product"}],"about":[{"href":"https:\/\/clamaro.eu\/it\/wp-json\/wp\/v2\/types\/product"}],"version-history":[{"count":2,"href":"https:\/\/clamaro.eu\/it\/wp-json\/wp\/v2\/product\/45662\/revisions"}],"predecessor-version":[{"id":48135,"href":"https:\/\/clamaro.eu\/it\/wp-json\/wp\/v2\/product\/45662\/revisions\/48135"}],"wp:featuredmedia":[{"embeddable":true,"href":"https:\/\/clamaro.eu\/it\/wp-json\/wp\/v2\/media\/41471"}],"wp:attachment":[{"href":"https:\/\/clamaro.eu\/it\/wp-json\/wp\/v2\/media?parent=45662"}],"wp:term":[{"taxonomy":"product_brand","embeddable":true,"href":"https:\/\/clamaro.eu\/it\/wp-json\/wp\/v2\/product_brand?post=45662"},{"taxonomy":"product_cat","embeddable":true,"href":"https:\/\/clamaro.eu\/it\/wp-json\/wp\/v2\/product_cat?post=45662"},{"taxonomy":"product_tag","embeddable":true,"href":"https:\/\/clamaro.eu\/it\/wp-json\/wp\/v2\/product_tag?post=45662"}],"curies":[{"name":"wp","href":"https:\/\/api.w.org\/{rel}","templated":true}]}}