{"id":97189,"date":"2025-09-10T08:13:08","date_gmt":"2025-09-10T08:13:08","guid":{"rendered":"https:\/\/clamaro.eu\/?post_type=product&#038;p=97189"},"modified":"2026-01-08T09:11:44","modified_gmt":"2026-01-08T09:11:44","slug":"vert","status":"publish","type":"product","link":"https:\/\/clamaro.eu\/fr\/produit\/vert\/","title":{"rendered":"Vert"},"content":{"rendered":"\t\t<div data-elementor-type=\"wp-post\" data-elementor-id=\"97189\" class=\"elementor elementor-97189 elementor-97120\">\n\t\t\t\t\t\t<section class=\"elementor-section elementor-top-section elementor-element elementor-element-2f43799 elementor-section-boxed elementor-section-height-default elementor-section-height-default qodef-elementor-content-no\" data-id=\"2f43799\" data-element_type=\"section\">\n\t\t\t\t\t\t<div class=\"elementor-container elementor-column-gap-default\">\n\t\t\t\t\t<div class=\"elementor-column elementor-col-100 elementor-top-column elementor-element elementor-element-9ee3b90\" data-id=\"9ee3b90\" data-element_type=\"column\">\n\t\t\t<div class=\"elementor-widget-wrap elementor-element-populated\">\n\t\t\t\t\t\t<div class=\"elementor-element elementor-element-604ccfa elementor-widget elementor-widget-image\" data-id=\"604ccfa\" data-element_type=\"widget\" data-widget_type=\"image.default\">\n\t\t\t\t<div class=\"elementor-widget-container\">\n\t\t\t\t\t\t\t\t\t\t\t\t\t\t\t<img decoding=\"async\" src=\"https:\/\/m.media-amazon.com\/images\/S\/aplus-media-library-service-media\/8a7af628-f583-4702-8d22-927f8f7f49e2.__CR0,0,600,180_PT0_SX600_V1___.png\" title=\"\" alt=\"\" loading=\"lazy\" \/>\t\t\t\t\t\t\t\t\t\t\t\t\t\t\t<\/div>\n\t\t\t\t<\/div>\n\t\t\t\t\t<\/div>\n\t\t<\/div>\n\t\t\t\t\t<\/div>\n\t\t<\/section>\n\t\t\t\t<section class=\"elementor-section elementor-top-section elementor-element elementor-element-9574dbd elementor-section-boxed elementor-section-height-default elementor-section-height-default qodef-elementor-content-no\" data-id=\"9574dbd\" data-element_type=\"section\">\n\t\t\t\t\t\t<div class=\"elementor-container elementor-column-gap-default\">\n\t\t\t\t\t<div class=\"elementor-column elementor-col-100 elementor-top-column elementor-element elementor-element-31f4797\" data-id=\"31f4797\" data-element_type=\"column\">\n\t\t\t<div class=\"elementor-widget-wrap elementor-element-populated\">\n\t\t\t\t\t\t<div class=\"elementor-element elementor-element-9c24c87 elementor-widget elementor-widget-image\" data-id=\"9c24c87\" data-element_type=\"widget\" data-widget_type=\"image.default\">\n\t\t\t\t<div class=\"elementor-widget-container\">\n\t\t\t\t\t\t\t\t\t\t\t\t\t\t\t<img decoding=\"async\" src=\"https:\/\/cdn03.plentymarkets.com\/mmx8yrv4qndt\/item\/images\/1298\/full\/1.jpg\" title=\"\" alt=\"\" loading=\"lazy\" \/>\t\t\t\t\t\t\t\t\t\t\t\t\t\t\t<\/div>\n\t\t\t\t<\/div>\n\t\t\t\t<div class=\"elementor-element elementor-element-cd84e0b elementor-widget elementor-widget-image\" data-id=\"cd84e0b\" data-element_type=\"widget\" data-widget_type=\"image.default\">\n\t\t\t\t<div class=\"elementor-widget-container\">\n\t\t\t\t\t\t\t\t\t\t\t\t\t\t\t<img decoding=\"async\" src=\"https:\/\/cdn03.plentymarkets.com\/mmx8yrv4qndt\/item\/images\/1298\/full\/3.jpg\" title=\"\" alt=\"\" loading=\"lazy\" \/>\t\t\t\t\t\t\t\t\t\t\t\t\t\t\t<\/div>\n\t\t\t\t<\/div>\n\t\t\t\t\t<\/div>\n\t\t<\/div>\n\t\t\t\t\t<\/div>\n\t\t<\/section>\n\t\t\t\t<section class=\"elementor-section elementor-top-section elementor-element elementor-element-08b41b1 elementor-section-boxed elementor-section-height-default elementor-section-height-default qodef-elementor-content-no\" data-id=\"08b41b1\" data-element_type=\"section\">\n\t\t\t\t\t\t<div class=\"elementor-container elementor-column-gap-default\">\n\t\t\t\t\t<div class=\"elementor-column elementor-col-25 elementor-top-column elementor-element elementor-element-1a01898\" data-id=\"1a01898\" data-element_type=\"column\">\n\t\t\t<div class=\"elementor-widget-wrap elementor-element-populated\">\n\t\t\t\t\t\t<div class=\"elementor-element elementor-element-b25f7f4 elementor-widget elementor-widget-image\" data-id=\"b25f7f4\" data-element_type=\"widget\" data-widget_type=\"image.default\">\n\t\t\t\t<div class=\"elementor-widget-container\">\n\t\t\t\t\t\t\t\t\t\t\t\t\t\t\t<img decoding=\"async\" src=\"https:\/\/cdn03.plentymarkets.com\/mmx8yrv4qndt\/item\/images\/1298\/full\/58.jpg\" title=\"\" alt=\"\" loading=\"lazy\" \/>\t\t\t\t\t\t\t\t\t\t\t\t\t\t\t<\/div>\n\t\t\t\t<\/div>\n\t\t\t\t<div class=\"elementor-element elementor-element-85966c5 elementor-widget elementor-widget-spacer\" data-id=\"85966c5\" data-element_type=\"widget\" data-widget_type=\"spacer.default\">\n\t\t\t\t<div class=\"elementor-widget-container\">\n\t\t\t\t\t\t\t<div class=\"elementor-spacer\">\n\t\t\t<div class=\"elementor-spacer-inner\"><\/div>\n\t\t<\/div>\n\t\t\t\t\t\t<\/div>\n\t\t\t\t<\/div>\n\t\t\t\t<div class=\"elementor-element elementor-element-60c798a elementor-widget elementor-widget-text-editor\" data-id=\"60c798a\" data-element_type=\"widget\" data-widget_type=\"text-editor.default\">\n\t\t\t\t<div class=\"elementor-widget-container\">\n\t\t\t\t\t\t\t\t\t<h4 class=\"a-spacing-mini\">Diversit\u00e9 sur mesure<\/h4><p class=\"a-size-small\">Choisissez parmi plus de<span class=\"a-text-bold\">400 tailles et 10 couleurs de cadre \u00e9l\u00e9gantes<\/span> &#8211; parfaitement adapt\u00e9es \u00e0 votre int\u00e9rieur. <span class=\"a-text-bold\">Chaque cadre est unique<\/span> et r\u00e9alis\u00e9 selon vos souhaits.<\/p>\t\t\t\t\t\t\t\t<\/div>\n\t\t\t\t<\/div>\n\t\t\t\t\t<\/div>\n\t\t<\/div>\n\t\t\t\t<div class=\"elementor-column elementor-col-25 elementor-top-column elementor-element elementor-element-963a3ae\" data-id=\"963a3ae\" data-element_type=\"column\">\n\t\t\t<div class=\"elementor-widget-wrap elementor-element-populated\">\n\t\t\t\t\t\t<div class=\"elementor-element elementor-element-cd47b67 elementor-widget elementor-widget-image\" data-id=\"cd47b67\" data-element_type=\"widget\" data-widget_type=\"image.default\">\n\t\t\t\t<div class=\"elementor-widget-container\">\n\t\t\t\t\t\t\t\t\t\t\t\t\t\t\t<img decoding=\"async\" src=\"https:\/\/m.media-amazon.com\/images\/S\/aplus-media-library-service-media\/e42750b7-d006-4dac-9550-041366113231.__CR0,0,2000,2000_PT0_SX220_V1___.png\" title=\"\" alt=\"\" loading=\"lazy\" \/>\t\t\t\t\t\t\t\t\t\t\t\t\t\t\t<\/div>\n\t\t\t\t<\/div>\n\t\t\t\t<div class=\"elementor-element elementor-element-d5f9c31 elementor-widget elementor-widget-spacer\" data-id=\"d5f9c31\" data-element_type=\"widget\" data-widget_type=\"spacer.default\">\n\t\t\t\t<div class=\"elementor-widget-container\">\n\t\t\t\t\t\t\t<div class=\"elementor-spacer\">\n\t\t\t<div class=\"elementor-spacer-inner\"><\/div>\n\t\t<\/div>\n\t\t\t\t\t\t<\/div>\n\t\t\t\t<\/div>\n\t\t\t\t<div class=\"elementor-element elementor-element-1c578c0 elementor-widget elementor-widget-text-editor\" data-id=\"1c578c0\" data-element_type=\"widget\" data-widget_type=\"text-editor.default\">\n\t\t\t\t<div class=\"elementor-widget-container\">\n\t\t\t\t\t\t\t\t\t<h4 class=\"a-spacing-mini\">Verre acrylique incassable :<\/h4><p class=\"a-size-small\">La vitre en verre acrylique <span class=\"a-text-bold\">incassable <\/span>de 1 mm d&rsquo;\u00e9paisseur est recouverte d&rsquo;un film sur les deux faces, offrant une protection optimale contre les UV et une vue claire <span class=\"a-text-bold\">et hautement transparente <\/span>de votre image.<\/p>\t\t\t\t\t\t\t\t<\/div>\n\t\t\t\t<\/div>\n\t\t\t\t\t<\/div>\n\t\t<\/div>\n\t\t\t\t<div class=\"elementor-column elementor-col-25 elementor-top-column elementor-element elementor-element-f458fc7\" data-id=\"f458fc7\" data-element_type=\"column\">\n\t\t\t<div class=\"elementor-widget-wrap elementor-element-populated\">\n\t\t\t\t\t\t<div class=\"elementor-element elementor-element-45c2eb5 elementor-widget elementor-widget-image\" data-id=\"45c2eb5\" data-element_type=\"widget\" data-widget_type=\"image.default\">\n\t\t\t\t<div class=\"elementor-widget-container\">\n\t\t\t\t\t\t\t\t\t\t\t\t\t\t\t<img decoding=\"async\" src=\"https:\/\/m.media-amazon.com\/images\/S\/aplus-media-library-service-media\/eaecea51-274b-4717-b826-653a79f263d9.__CR695,996,223,223_PT0_SX220_V1___.png\" title=\"\" alt=\"\" loading=\"lazy\" \/>\t\t\t\t\t\t\t\t\t\t\t\t\t\t\t<\/div>\n\t\t\t\t<\/div>\n\t\t\t\t<div class=\"elementor-element elementor-element-2816553 elementor-widget elementor-widget-spacer\" data-id=\"2816553\" data-element_type=\"widget\" data-widget_type=\"spacer.default\">\n\t\t\t\t<div class=\"elementor-widget-container\">\n\t\t\t\t\t\t\t<div class=\"elementor-spacer\">\n\t\t\t<div class=\"elementor-spacer-inner\"><\/div>\n\t\t<\/div>\n\t\t\t\t\t\t<\/div>\n\t\t\t\t<\/div>\n\t\t\t\t<div class=\"elementor-element elementor-element-8cc715c elementor-widget elementor-widget-text-editor\" data-id=\"8cc715c\" data-element_type=\"widget\" data-widget_type=\"text-editor.default\">\n\t\t\t\t<div class=\"elementor-widget-container\">\n\t\t\t\t\t\t\t\t\t<h4 class=\"a-spacing-mini\">Fabriqu\u00e9 \u00e0 la main en Allemagne<\/h4><p class=\"a-size-small\">Chaque cadre est fabriqu\u00e9 dans <span class=\"a-text-bold\">notre manufacture<\/span> avec les techniques les plus modernes et beaucoup de travail manuel par un personnel qualifi\u00e9 et form\u00e9 &#8211; <span class=\"a-text-bold\">une qualit\u00e9 qui se voit et se sent<\/span>.<\/p>\t\t\t\t\t\t\t\t<\/div>\n\t\t\t\t<\/div>\n\t\t\t\t\t<\/div>\n\t\t<\/div>\n\t\t\t\t<div class=\"elementor-column elementor-col-25 elementor-top-column elementor-element elementor-element-37ac592\" data-id=\"37ac592\" data-element_type=\"column\">\n\t\t\t<div class=\"elementor-widget-wrap elementor-element-populated\">\n\t\t\t\t\t\t<div class=\"elementor-element elementor-element-7bd51b8 elementor-widget elementor-widget-image\" data-id=\"7bd51b8\" data-element_type=\"widget\" data-widget_type=\"image.default\">\n\t\t\t\t<div class=\"elementor-widget-container\">\n\t\t\t\t\t\t\t\t\t\t\t\t\t\t\t<img decoding=\"async\" src=\"https:\/\/m.media-amazon.com\/images\/S\/aplus-media-library-service-media\/e8a8e04f-18e6-4a33-8d60-b9c8c04d9d86.__CR1,780,300,300_PT0_SX220_V1___.png\" title=\"\" alt=\"\" loading=\"lazy\" \/>\t\t\t\t\t\t\t\t\t\t\t\t\t\t\t<\/div>\n\t\t\t\t<\/div>\n\t\t\t\t<div class=\"elementor-element elementor-element-ae6127c elementor-widget elementor-widget-spacer\" data-id=\"ae6127c\" data-element_type=\"widget\" data-widget_type=\"spacer.default\">\n\t\t\t\t<div class=\"elementor-widget-container\">\n\t\t\t\t\t\t\t<div class=\"elementor-spacer\">\n\t\t\t<div class=\"elementor-spacer-inner\"><\/div>\n\t\t<\/div>\n\t\t\t\t\t\t<\/div>\n\t\t\t\t<\/div>\n\t\t\t\t<div class=\"elementor-element elementor-element-a26116e elementor-widget elementor-widget-text-editor\" data-id=\"a26116e\" data-element_type=\"widget\" data-widget_type=\"text-editor.default\">\n\t\t\t\t<div class=\"elementor-widget-container\">\n\t\t\t\t\t\t\t\t\t<h4 class=\"a-spacing-mini\">La barre Bubble en 10 couleurs<\/h4><p class=\"a-size-small\">La barre d&rsquo;encadrement BUBBLE est fabriqu\u00e9e en <span class=\"a-text-bold\">bois MDF <\/span>solide et durable et est <span class=\"a-text-bold\">recouverte<\/span> d&rsquo;une <span class=\"a-text-bold\">peinture r\u00e9sistante aux rayures et aux chocs<\/span>.<\/p>\t\t\t\t\t\t\t\t<\/div>\n\t\t\t\t<\/div>\n\t\t\t\t\t<\/div>\n\t\t<\/div>\n\t\t\t\t\t<\/div>\n\t\t<\/section>\n\t\t\t\t<section class=\"elementor-section elementor-top-section elementor-element elementor-element-43306ae elementor-section-boxed elementor-section-height-default elementor-section-height-default qodef-elementor-content-no\" data-id=\"43306ae\" data-element_type=\"section\">\n\t\t\t\t\t\t<div class=\"elementor-container elementor-column-gap-default\">\n\t\t\t\t\t<div class=\"elementor-column elementor-col-100 elementor-top-column elementor-element elementor-element-dae46e5\" data-id=\"dae46e5\" data-element_type=\"column\">\n\t\t\t<div class=\"elementor-widget-wrap elementor-element-populated\">\n\t\t\t\t\t\t<div class=\"elementor-element elementor-element-82bfcb3 elementor-widget elementor-widget-text-editor\" data-id=\"82bfcb3\" data-element_type=\"widget\" data-widget_type=\"text-editor.default\">\n\t\t\t\t<div class=\"elementor-widget-container\">\n\t\t\t\t\t\t\t\t\t<h3 class=\"a-size-extra-large a-spacing-base a-text-center\" style=\"margin-top: 0px; text-rendering: optimizelegibility; font-size: 17px; line-height: 1.255; font-family: 'Amazon Ember', Arial, sans-serif; color: #0f1111; letter-spacing: normal; text-transform: none; background-color: #ffffff; margin-bottom: 14px !important;\">Vos avantages en un coup d&rsquo;\u0153il :<\/h3><div class=\"a-row\" style=\"width: 969px; color: #0f1111; font-family: 'Amazon Ember', Arial, sans-serif; font-size: 14px; text-align: start; background-color: #ffffff;\"><div class=\"a-column a-span12 aplus-tech-spec-hide-loading\" style=\"width: 969px; margin-right: 19.375px; float: left; min-height: 1px; overflow: visible; visibility: visible !important;\"><table class=\"a-bordered a-horizontal-stripes aplus-tech-spec-table\" style=\"margin-bottom: 22px; border-collapse: separate; width: 969px; border-radius: 8px; overflow: hidden; word-break: initial; border: 1px solid #d5d9d9;\"><tbody><tr><td class=\"a-text-bold\" style=\"vertical-align: top; padding: 6px 12px; border-bottom: 1px solid #d5d9d9; background-color: #ffffff; font-weight: 700 !important;\">La diversit\u00e9 sans compromis :<\/td><td style=\"vertical-align: top; padding: 6px 12px; border-bottom: 1px solid #d5d9d9; background-color: #ffffff;\">Choisissez parmi plus de 400 tailles &#8211; de Mini \u00e0 XXL (par ex. DIN A5 \u00e0 DIN A0) &#8211; et 10 couleurs \u00e9l\u00e9gantes, adapt\u00e9es \u00e0 tous les styles d&rsquo;int\u00e9rieur.<\/td><\/tr><tr><td class=\"a-text-bold\" style=\"vertical-align: top; padding: 6px 12px; border-bottom: 1px solid #d5d9d9; background-color: #ffffff; font-weight: 700 !important;\">Qualit\u00e9 de fabrication artisanale :<\/td><td style=\"vertical-align: top; padding: 6px 12px; border-bottom: 1px solid #d5d9d9; background-color: #ffffff;\">Chaque cadre est fabriqu\u00e9 avec soin et pr\u00e9cision en bois MDF robuste &#8211; durable, ind\u00e9formable et de haute qualit\u00e9.<\/td><\/tr><tr><td class=\"a-text-bold\" style=\"vertical-align: top; padding: 6px 12px; border-bottom: 1px solid #d5d9d9; background-color: #ffffff; font-weight: 700 !important;\">Un design moderne :<\/td><td style=\"vertical-align: top; padding: 6px 12px; border-bottom: 1px solid #d5d9d9; background-color: #ffffff;\">La barre de 20 mm de large avec sa forme carr\u00e9e claire et son motif sph\u00e9rique donne \u00e0 chaque motif un look unique &#8211; du minimaliste au vintage.<\/td><\/tr><tr><td class=\"a-text-bold\" style=\"vertical-align: top; padding: 6px 12px; border-bottom: 1px solid #d5d9d9; background-color: #ffffff; font-weight: 700 !important;\">Protection en verre acrylique :<\/td><td style=\"vertical-align: top; padding: 6px 12px; border-bottom: 1px solid #d5d9d9; background-color: #ffffff;\">La vitre en verre acrylique incassable de 1 mm d&rsquo;\u00e9paisseur est recouverte d&rsquo;un film sur les deux faces, offrant une protection optimale contre les UV et une vision claire de votre image.<\/td><\/tr><tr><td class=\"a-text-bold\" style=\"vertical-align: top; padding: 6px 12px; border-bottom: 1px solid #d5d9d9; background-color: #ffffff; font-weight: 700 !important;\">Panneau arri\u00e8re solide :<\/td><td style=\"vertical-align: top; padding: 6px 12px; border-bottom: 1px solid #d5d9d9; background-color: #ffffff;\">Un panneau HDF de 2 mm d&rsquo;\u00e9paisseur avec des goupilles de pliage robustes assure un maintien s\u00fbr &#8211; m\u00eame en cas de changements fr\u00e9quents de motifs.<\/td><\/tr><tr><td class=\"a-text-bold\" style=\"vertical-align: top; padding: 6px 12px; border-bottom-width: initial; border-bottom-style: none; background-color: #ffffff; font-weight: 700 !important;\">Une suspension flexible :<\/td><td style=\"vertical-align: top; padding: 6px 12px; border-bottom-width: initial; border-bottom-style: none; background-color: #ffffff;\">Gr\u00e2ce aux crochets pr\u00e9mont\u00e9s, le cadre peut \u00eatre fix\u00e9 au mur en mode portrait ou paysage.<\/td><\/tr><\/tbody><\/table><\/div><\/div>\t\t\t\t\t\t\t\t<\/div>\n\t\t\t\t<\/div>\n\t\t\t\t\t<\/div>\n\t\t<\/div>\n\t\t\t\t\t<\/div>\n\t\t<\/section>\n\t\t\t\t<section class=\"elementor-section elementor-top-section elementor-element elementor-element-44cd685 elementor-section-boxed elementor-section-height-default elementor-section-height-default qodef-elementor-content-no\" data-id=\"44cd685\" data-element_type=\"section\">\n\t\t\t\t\t\t<div class=\"elementor-container elementor-column-gap-default\">\n\t\t\t\t\t<div class=\"elementor-column elementor-col-33 elementor-top-column elementor-element elementor-element-be5604f\" data-id=\"be5604f\" data-element_type=\"column\">\n\t\t\t<div class=\"elementor-widget-wrap elementor-element-populated\">\n\t\t\t\t\t\t<div class=\"elementor-element elementor-element-b956dc1 elementor-widget elementor-widget-image\" data-id=\"b956dc1\" data-element_type=\"widget\" data-widget_type=\"image.default\">\n\t\t\t\t<div class=\"elementor-widget-container\">\n\t\t\t\t\t\t\t\t\t\t\t\t\t\t\t<img fetchpriority=\"high\" decoding=\"async\" width=\"1024\" height=\"1024\" src=\"https:\/\/clamaro.eu\/wp-content\/uploads\/2025\/03\/Impression-Manufaktur-1-1024x1024.jpg\" class=\"attachment-large size-large wp-image-87253\" alt=\"\" srcset=\"https:\/\/clamaro.eu\/wp-content\/uploads\/2025\/03\/Impression-Manufaktur-1-1024x1024.jpg 1024w, https:\/\/clamaro.eu\/wp-content\/uploads\/2025\/03\/Impression-Manufaktur-1-300x300.jpg 300w, https:\/\/clamaro.eu\/wp-content\/uploads\/2025\/03\/Impression-Manufaktur-1-150x150.jpg 150w, https:\/\/clamaro.eu\/wp-content\/uploads\/2025\/03\/Impression-Manufaktur-1-768x768.jpg 768w, https:\/\/clamaro.eu\/wp-content\/uploads\/2025\/03\/Impression-Manufaktur-1-650x650.jpg 650w, https:\/\/clamaro.eu\/wp-content\/uploads\/2025\/03\/Impression-Manufaktur-1-600x600.jpg 600w, https:\/\/clamaro.eu\/wp-content\/uploads\/2025\/03\/Impression-Manufaktur-1.jpg 1250w\" sizes=\"(max-width: 1024px) 100vw, 1024px\" \/>\t\t\t\t\t\t\t\t\t\t\t\t\t\t\t<\/div>\n\t\t\t\t<\/div>\n\t\t\t\t\t<\/div>\n\t\t<\/div>\n\t\t\t\t<div class=\"elementor-column elementor-col-66 elementor-top-column elementor-element elementor-element-29dec50\" data-id=\"29dec50\" data-element_type=\"column\">\n\t\t\t<div class=\"elementor-widget-wrap elementor-element-populated\">\n\t\t\t\t\t\t<div class=\"elementor-element elementor-element-99653a0 elementor-widget elementor-widget-text-editor\" data-id=\"99653a0\" data-element_type=\"widget\" data-widget_type=\"text-editor.default\">\n\t\t\t\t<div class=\"elementor-widget-container\">\n\t\t\t\t\t\t\t\t\t<h3 class=\"a-spacing-mini\">H\u00f6chste Qualit\u00e4t und Pr\u00e4zision: handgefertigt und 100% Made in Germany<\/h3><p>Tous les cadres Clamaro Bubble sont fabriqu\u00e9s sur commande dans notre manufacture de cadres, <span class=\"a-text-bold\"> <strong>individuellement<\/strong> et <strong>\u00e0 la main<\/strong><\/span>, dans les dimensions que vous souhaitez. <span class=\"a-text-bold\">Pr\u00e9cision et qualit\u00e9 100% <strong>Made in Germany<\/strong><\/span><strong>.<\/strong><br><br><\/p><p><strong><span class=\"a-text-bold\">NOTE IMPORTANTE CONCERNANT NOS PHOTOS :<\/span><\/strong> Les couleurs des photos de produits que nous utilisons peuvent varier l\u00e9g\u00e8rement par rapport \u00e0 nos images en raison des param\u00e8tres de couleur et de luminosit\u00e9 de votre \u00e9cran.<\/p>\t\t\t\t\t\t\t\t<\/div>\n\t\t\t\t<\/div>\n\t\t\t\t\t<\/div>\n\t\t<\/div>\n\t\t\t\t\t<\/div>\n\t\t<\/section>\n\t\t\t\t<section class=\"elementor-section elementor-top-section elementor-element elementor-element-27d7be9 elementor-section-boxed elementor-section-height-default elementor-section-height-default qodef-elementor-content-no\" data-id=\"27d7be9\" data-element_type=\"section\">\n\t\t\t\t\t\t<div class=\"elementor-container elementor-column-gap-default\">\n\t\t\t\t\t<div class=\"elementor-column elementor-col-100 elementor-top-column elementor-element elementor-element-87637cd\" data-id=\"87637cd\" data-element_type=\"column\">\n\t\t\t<div class=\"elementor-widget-wrap elementor-element-populated\">\n\t\t\t\t\t\t<div class=\"elementor-element elementor-element-1f379a5 elementor-widget elementor-widget-image\" data-id=\"1f379a5\" data-element_type=\"widget\" data-widget_type=\"image.default\">\n\t\t\t\t<div class=\"elementor-widget-container\">\n\t\t\t\t\t\t\t\t\t\t\t\t\t\t\t<img decoding=\"async\" src=\"https:\/\/cdn03.plentymarkets.com\/mmx8yrv4qndt\/item\/images\/1298\/full\/2.jpg\" title=\"\" alt=\"\" loading=\"lazy\" \/>\t\t\t\t\t\t\t\t\t\t\t\t\t\t\t<\/div>\n\t\t\t\t<\/div>\n\t\t\t\t\t<\/div>\n\t\t<\/div>\n\t\t\t\t\t<\/div>\n\t\t<\/section>\n\t\t\t\t<\/div>\n\t\t","protected":false},"excerpt":{"rendered":"<p>pour fixation murale en format portrait ou paysage<\/p>\n<p><strong><a href=\"https:\/\/clamaro.eu\/wp-content\/uploads\/2023\/09\/Konfirmitaetserklaerung-Bilderrahmen-mit-Unterschrift.pdf-1.pdf\">Cadre photo ressource s\u00e9curit\u00e9 et produit.pdf<\/a><\/strong><\/p>\n","protected":false},"featured_media":96887,"template":"","meta":{"om_disable_all_campaigns":false},"product_brand":[],"product_cat":[4871,4922],"product_tag":[],"class_list":{"0":"post-97189","1":"product","2":"type-product","3":"status-publish","4":"has-post-thumbnail","6":"product_cat-bulle","7":"product_cat-cadre-photo","9":"first","10":"instock","11":"taxable","12":"shipping-taxable","13":"purchasable","14":"product-type-simple"},"gallery_images":[96901,97097,96894,96908,97090,97104,97111],"_links":{"self":[{"href":"https:\/\/clamaro.eu\/fr\/wp-json\/wp\/v2\/product\/97189","targetHints":{"allow":["GET"]}}],"collection":[{"href":"https:\/\/clamaro.eu\/fr\/wp-json\/wp\/v2\/product"}],"about":[{"href":"https:\/\/clamaro.eu\/fr\/wp-json\/wp\/v2\/types\/product"}],"version-history":[{"count":5,"href":"https:\/\/clamaro.eu\/fr\/wp-json\/wp\/v2\/product\/97189\/revisions"}],"predecessor-version":[{"id":113186,"href":"https:\/\/clamaro.eu\/fr\/wp-json\/wp\/v2\/product\/97189\/revisions\/113186"}],"wp:featuredmedia":[{"embeddable":true,"href":"https:\/\/clamaro.eu\/fr\/wp-json\/wp\/v2\/media\/96887"}],"wp:attachment":[{"href":"https:\/\/clamaro.eu\/fr\/wp-json\/wp\/v2\/media?parent=97189"}],"wp:term":[{"taxonomy":"product_brand","embeddable":true,"href":"https:\/\/clamaro.eu\/fr\/wp-json\/wp\/v2\/product_brand?post=97189"},{"taxonomy":"product_cat","embeddable":true,"href":"https:\/\/clamaro.eu\/fr\/wp-json\/wp\/v2\/product_cat?post=97189"},{"taxonomy":"product_tag","embeddable":true,"href":"https:\/\/clamaro.eu\/fr\/wp-json\/wp\/v2\/product_tag?post=97189"}],"curies":[{"name":"wp","href":"https:\/\/api.w.org\/{rel}","templated":true}]}}