{"id":92401,"date":"2025-05-28T08:09:46","date_gmt":"2025-05-28T08:09:46","guid":{"rendered":"https:\/\/clamaro.eu\/?post_type=product&#038;p=92401"},"modified":"2025-05-28T09:49:36","modified_gmt":"2025-05-28T09:49:36","slug":"noir-argent","status":"publish","type":"product","link":"https:\/\/clamaro.eu\/fr\/produit\/noir-argent\/","title":{"rendered":"Noir Argent"},"content":{"rendered":"\t\t<div data-elementor-type=\"wp-post\" data-elementor-id=\"92401\" class=\"elementor elementor-92401 elementor-92395\">\n\t\t\t\t\t\t<section class=\"elementor-section elementor-top-section elementor-element elementor-element-3375b062 elementor-section-boxed elementor-section-height-default elementor-section-height-default qodef-elementor-content-no\" data-id=\"3375b062\" data-element_type=\"section\">\n\t\t\t\t\t\t<div class=\"elementor-container elementor-column-gap-default\">\n\t\t\t\t\t<div class=\"elementor-column elementor-col-100 elementor-top-column elementor-element elementor-element-2ade6d6d\" data-id=\"2ade6d6d\" data-element_type=\"column\">\n\t\t\t<div class=\"elementor-widget-wrap elementor-element-populated\">\n\t\t\t\t\t\t<div class=\"elementor-element elementor-element-17f9e4d0 elementor-widget elementor-widget-image\" data-id=\"17f9e4d0\" data-element_type=\"widget\" data-widget_type=\"image.default\">\n\t\t\t\t<div class=\"elementor-widget-container\">\n\t\t\t\t\t\t\t\t\t\t\t\t\t\t\t<img decoding=\"async\" src=\"https:\/\/m.media-amazon.com\/images\/S\/aplus-media-library-service-media\/8a7af628-f583-4702-8d22-927f8f7f49e2.__CR0,0,600,180_PT0_SX600_V1___.png\" title=\"\" alt=\"\" loading=\"lazy\" \/>\t\t\t\t\t\t\t\t\t\t\t\t\t\t\t<\/div>\n\t\t\t\t<\/div>\n\t\t\t\t\t<\/div>\n\t\t<\/div>\n\t\t\t\t\t<\/div>\n\t\t<\/section>\n\t\t\t\t<section class=\"elementor-section elementor-top-section elementor-element elementor-element-5203ee62 elementor-section-boxed elementor-section-height-default elementor-section-height-default qodef-elementor-content-no\" data-id=\"5203ee62\" data-element_type=\"section\">\n\t\t\t\t\t\t<div class=\"elementor-container elementor-column-gap-default\">\n\t\t\t\t\t<div class=\"elementor-column elementor-col-100 elementor-top-column elementor-element elementor-element-788a7bc3\" data-id=\"788a7bc3\" data-element_type=\"column\">\n\t\t\t<div class=\"elementor-widget-wrap elementor-element-populated\">\n\t\t\t\t\t\t<div class=\"elementor-element elementor-element-61be6912 elementor-widget-divider--view-line elementor-widget elementor-widget-divider\" data-id=\"61be6912\" data-element_type=\"widget\" data-widget_type=\"divider.default\">\n\t\t\t\t<div class=\"elementor-widget-container\">\n\t\t\t\t\t\t\t<div class=\"elementor-divider\">\n\t\t\t<span class=\"elementor-divider-separator\">\n\t\t\t\t\t\t<\/span>\n\t\t<\/div>\n\t\t\t\t\t\t<\/div>\n\t\t\t\t<\/div>\n\t\t\t\t\t<\/div>\n\t\t<\/div>\n\t\t\t\t\t<\/div>\n\t\t<\/section>\n\t\t\t\t<section class=\"elementor-section elementor-top-section elementor-element elementor-element-931d16f elementor-section-boxed elementor-section-height-default elementor-section-height-default qodef-elementor-content-no\" data-id=\"931d16f\" data-element_type=\"section\">\n\t\t\t\t\t\t<div class=\"elementor-container elementor-column-gap-default\">\n\t\t\t\t\t<div class=\"elementor-column elementor-col-33 elementor-top-column elementor-element elementor-element-75d9017\" data-id=\"75d9017\" data-element_type=\"column\">\n\t\t\t<div class=\"elementor-widget-wrap elementor-element-populated\">\n\t\t\t\t\t\t<div class=\"elementor-element elementor-element-65c1130 elementor-widget elementor-widget-image\" data-id=\"65c1130\" data-element_type=\"widget\" data-widget_type=\"image.default\">\n\t\t\t\t<div class=\"elementor-widget-container\">\n\t\t\t\t\t\t\t\t\t\t\t\t\t\t\t<img decoding=\"async\" src=\"https:\/\/m.media-amazon.com\/images\/S\/aplus-media-library-service-media\/bd6aee27-7aeb-4b0e-8740-9d25e527f031.__CR0,0,2000,2000_PT0_SX300_V1___.png\" title=\"\" alt=\"\" loading=\"lazy\" \/>\t\t\t\t\t\t\t\t\t\t\t\t\t\t\t<\/div>\n\t\t\t\t<\/div>\n\t\t\t\t<div class=\"elementor-element elementor-element-9b9ef31 elementor-widget elementor-widget-spacer\" data-id=\"9b9ef31\" data-element_type=\"widget\" data-widget_type=\"spacer.default\">\n\t\t\t\t<div class=\"elementor-widget-container\">\n\t\t\t\t\t\t\t<div class=\"elementor-spacer\">\n\t\t\t<div class=\"elementor-spacer-inner\"><\/div>\n\t\t<\/div>\n\t\t\t\t\t\t<\/div>\n\t\t\t\t<\/div>\n\t\t\t\t<div class=\"elementor-element elementor-element-04c659f elementor-widget elementor-widget-text-editor\" data-id=\"04c659f\" data-element_type=\"widget\" data-widget_type=\"text-editor.default\">\n\t\t\t\t<div class=\"elementor-widget-container\">\n\t\t\t\t\t\t\t\t\t<h4 class=\"a-spacing-mini\">DES IMAGES ET DES PHOTOS EN PETIT FORMAT SUR VOTRE T\u00c9L\u00c9PHONE MOBILE ? ARR\u00caTE \u00c7A\u2026 <\/h4>\n<p>Montrez vos photos ou peintures pr\u00e9f\u00e9r\u00e9es dans un magnifique cadre photo. En un rien de temps, votre maison devient encore plus <span class=\"a-text-bold\">touche personnelle<\/span>. <\/p>\n<p>Plus de <span class=\"a-text-bold\">400 tailles et 7 \u00e9chantillons de couleurs de feuilles de placage tr\u00e8s tendance<\/span><\/p>\n\t\t\t\t\t\t\t\t<\/div>\n\t\t\t\t<\/div>\n\t\t\t\t\t<\/div>\n\t\t<\/div>\n\t\t\t\t<div class=\"elementor-column elementor-col-33 elementor-top-column elementor-element elementor-element-801e123\" data-id=\"801e123\" data-element_type=\"column\">\n\t\t\t<div class=\"elementor-widget-wrap elementor-element-populated\">\n\t\t\t\t\t\t<div class=\"elementor-element elementor-element-5d3cdbb elementor-widget elementor-widget-image\" data-id=\"5d3cdbb\" data-element_type=\"widget\" data-widget_type=\"image.default\">\n\t\t\t\t<div class=\"elementor-widget-container\">\n\t\t\t\t\t\t\t\t\t\t\t\t\t\t\t<img decoding=\"async\" src=\"https:\/\/m.media-amazon.com\/images\/S\/aplus-media-library-service-media\/91eb8584-443f-47af-9901-88ffb44c57b5.__CR0,0,2000,2000_PT0_SX300_V1___.png\" title=\"\" alt=\"\" loading=\"lazy\" \/>\t\t\t\t\t\t\t\t\t\t\t\t\t\t\t<\/div>\n\t\t\t\t<\/div>\n\t\t\t\t<div class=\"elementor-element elementor-element-2a6f5be elementor-widget elementor-widget-spacer\" data-id=\"2a6f5be\" data-element_type=\"widget\" data-widget_type=\"spacer.default\">\n\t\t\t\t<div class=\"elementor-widget-container\">\n\t\t\t\t\t\t\t<div class=\"elementor-spacer\">\n\t\t\t<div class=\"elementor-spacer-inner\"><\/div>\n\t\t<\/div>\n\t\t\t\t\t\t<\/div>\n\t\t\t\t<\/div>\n\t\t\t\t<div class=\"elementor-element elementor-element-9ce541d elementor-widget elementor-widget-text-editor\" data-id=\"9ce541d\" data-element_type=\"widget\" data-widget_type=\"text-editor.default\">\n\t\t\t\t<div class=\"elementor-widget-container\">\n\t\t\t\t\t\t\t\t\t<h4 class=\"a-spacing-mini\">QUALIT\u00c9 ET PR\u00c9CISION MAXIMALES : FABRIQU\u00c9 \u00c0 LA MAIN ET 100% MADE IN GERMANY<\/h4>\n<p>Tous les cadres photo muraux Clamaro sont fabriqu\u00e9s sur commande dans notre usine de cadres photo <span class=\"a-text-bold\">individuellement et individuellement \u00e0 la main dans la taille souhait\u00e9e.<\/span> Pr\u00e9cision et qualit\u00e9 <span class=\"a-text-bold\">100% Made in Germany<\/span> <\/p>\n\t\t\t\t\t\t\t\t<\/div>\n\t\t\t\t<\/div>\n\t\t\t\t\t<\/div>\n\t\t<\/div>\n\t\t\t\t<div class=\"elementor-column elementor-col-33 elementor-top-column elementor-element elementor-element-e0831d3\" data-id=\"e0831d3\" data-element_type=\"column\">\n\t\t\t<div class=\"elementor-widget-wrap elementor-element-populated\">\n\t\t\t\t\t\t<div class=\"elementor-element elementor-element-1b16210 elementor-widget elementor-widget-image\" data-id=\"1b16210\" data-element_type=\"widget\" data-widget_type=\"image.default\">\n\t\t\t\t<div class=\"elementor-widget-container\">\n\t\t\t\t\t\t\t\t\t\t\t\t\t\t\t<img decoding=\"async\" src=\"https:\/\/m.media-amazon.com\/images\/S\/aplus-media-library-service-media\/a6688ee5-aaed-49cb-a791-665ea034eb2e.__CR91,91,1818,1818_PT0_SX300_V1___.png\" title=\"\" alt=\"\" loading=\"lazy\" \/>\t\t\t\t\t\t\t\t\t\t\t\t\t\t\t<\/div>\n\t\t\t\t<\/div>\n\t\t\t\t<div class=\"elementor-element elementor-element-4fe3ef6 elementor-widget elementor-widget-spacer\" data-id=\"4fe3ef6\" data-element_type=\"widget\" data-widget_type=\"spacer.default\">\n\t\t\t\t<div class=\"elementor-widget-container\">\n\t\t\t\t\t\t\t<div class=\"elementor-spacer\">\n\t\t\t<div class=\"elementor-spacer-inner\"><\/div>\n\t\t<\/div>\n\t\t\t\t\t\t<\/div>\n\t\t\t\t<\/div>\n\t\t\t\t<div class=\"elementor-element elementor-element-783af85 elementor-widget elementor-widget-text-editor\" data-id=\"783af85\" data-element_type=\"widget\" data-widget_type=\"text-editor.default\">\n\t\t\t\t<div class=\"elementor-widget-container\">\n\t\t\t\t\t\t\t\t\t<h4 class=\"a-spacing-mini\">Encadrer un puzzle, un certificat ou une affiche de cin\u00e9ma ? Voici la bonne taille pour tout le monde&#8230; <\/h4>\n<p>Our&nbsp;<span class=\"a-text-bold\">Le cadre amovible Clamaro COLLAGE 30<\/span>&nbsp; est parfait comme un classique, selon la taille souhait\u00e9e&nbsp;<span class=\"a-text-bold\">Cadre photo, cadre photo, cadre de certificat ou, par exemple, comme cadre puzzle 50&#215;70&nbsp;<\/span>. Aussi les typiques&nbsp;<span class=\"a-text-bold\">Tailles des photos<\/span>&nbsp;tel que.&nbsp;<span class=\"a-text-bold\">10&#215;15<\/span>, tailles classiques comme&nbsp;<span class=\"a-text-bold\">DIN A3, DIN A4 und DIN A5<\/span>&nbsp;ou le maxi grand format&nbsp;<span class=\"a-text-bold\">Kinoposter DIN A0<\/span>&nbsp;Le format peut \u00eatre command\u00e9.<\/p>\t\t\t\t\t\t\t\t<\/div>\n\t\t\t\t<\/div>\n\t\t\t\t\t<\/div>\n\t\t<\/div>\n\t\t\t\t\t<\/div>\n\t\t<\/section>\n\t\t\t\t<section class=\"elementor-section elementor-top-section elementor-element elementor-element-d5b2640 elementor-section-boxed elementor-section-height-default elementor-section-height-default qodef-elementor-content-no\" data-id=\"d5b2640\" data-element_type=\"section\">\n\t\t\t\t\t\t<div class=\"elementor-container elementor-column-gap-default\">\n\t\t\t\t\t<div class=\"elementor-column elementor-col-50 elementor-top-column elementor-element elementor-element-a3aba94\" data-id=\"a3aba94\" data-element_type=\"column\">\n\t\t\t<div class=\"elementor-widget-wrap elementor-element-populated\">\n\t\t\t\t\t\t<div class=\"elementor-element elementor-element-881765f elementor-widget elementor-widget-image\" data-id=\"881765f\" data-element_type=\"widget\" data-widget_type=\"image.default\">\n\t\t\t\t<div class=\"elementor-widget-container\">\n\t\t\t\t\t\t\t\t\t\t\t\t\t\t\t<img fetchpriority=\"high\" decoding=\"async\" width=\"480\" height=\"295\" src=\"https:\/\/clamaro.eu\/wp-content\/uploads\/2023\/09\/Bildschirmfoto-2023-09-22-um-11.42.29.png\" class=\"attachment-large size-large wp-image-34387\" alt=\"\" srcset=\"https:\/\/clamaro.eu\/wp-content\/uploads\/2023\/09\/Bildschirmfoto-2023-09-22-um-11.42.29.png 480w, https:\/\/clamaro.eu\/wp-content\/uploads\/2023\/09\/Bildschirmfoto-2023-09-22-um-11.42.29-300x184.png 300w\" sizes=\"(max-width: 480px) 100vw, 480px\" \/>\t\t\t\t\t\t\t\t\t\t\t\t\t\t\t<\/div>\n\t\t\t\t<\/div>\n\t\t\t\t\t<\/div>\n\t\t<\/div>\n\t\t\t\t<div class=\"elementor-column elementor-col-50 elementor-top-column elementor-element elementor-element-406930d\" data-id=\"406930d\" data-element_type=\"column\">\n\t\t\t<div class=\"elementor-widget-wrap elementor-element-populated\">\n\t\t\t\t\t\t<div class=\"elementor-element elementor-element-d5cbec3 elementor-widget elementor-widget-text-editor\" data-id=\"d5cbec3\" data-element_type=\"widget\" data-widget_type=\"text-editor.default\">\n\t\t\t\t<div class=\"elementor-widget-container\">\n\t\t\t\t\t\t\t\t\t<h3 class=\"a-spacing-mini\">La baguette de cadre en d\u00e9tail<\/h3>\n<p>Le design de la baguette carr\u00e9e moderne est tr\u00e8s actuel tout en \u00e9tant classique et intemporel. La baguette de <span class=\"a-text-bold\">cadre Clamaro COLLAGE 30<\/span> mesure 3<span class=\"a-text-bold\">0 mm de large et 16 mm<\/span> de profondeur. Fabriqu\u00e9 en<span class=\"a-text-bold\">Bois MDF<\/span> et avec une <span class=\"a-text-bold\">feuille d\u00e9corative r\u00e9sistante aux rayures et aux UV<\/span> lamin\u00e9. Une autre particularit\u00e9 de notre film d\u00e9coratif est le <span class=\"a-text-bold\">recouvrement int\u00e9gral<\/span>de la bande de cadre. Cela garantit une impression globale homog\u00e8ne et la feuille ne s&rsquo;\u00e9caille pas, comme c&rsquo;est le cas avec les bandes de cadre partiellement rev\u00eatues. <\/p>\n\t\t\t\t\t\t\t\t<\/div>\n\t\t\t\t<\/div>\n\t\t\t\t\t<\/div>\n\t\t<\/div>\n\t\t\t\t\t<\/div>\n\t\t<\/section>\n\t\t\t\t<section class=\"elementor-section elementor-top-section elementor-element elementor-element-a6fd674 elementor-section-boxed elementor-section-height-default elementor-section-height-default qodef-elementor-content-no\" data-id=\"a6fd674\" data-element_type=\"section\">\n\t\t\t\t\t\t<div class=\"elementor-container elementor-column-gap-default\">\n\t\t\t\t\t<div class=\"elementor-column elementor-col-100 elementor-top-column elementor-element elementor-element-3d902c2\" data-id=\"3d902c2\" data-element_type=\"column\">\n\t\t\t<div class=\"elementor-widget-wrap elementor-element-populated\">\n\t\t\t\t\t\t<div class=\"elementor-element elementor-element-1c211d6 elementor-widget elementor-widget-text-editor\" data-id=\"1c211d6\" data-element_type=\"widget\" data-widget_type=\"text-editor.default\">\n\t\t\t\t<div class=\"elementor-widget-container\">\n\t\t\t\t\t\t\t\t\t<p><span class=\"a-text-bold\">Tous les d\u00e9tails du produit en un coup d&rsquo;\u0153il :<\/span><\/p>\n<p><span class=\"a-text-bold\">barrette :<\/span><\/p>\n<\/p>\n<ul class=\"a-unordered-list a-vertical\">\n<li><span class=\"a-list-item\">Moulure en bois MDF issue d&rsquo;une exploitation foresti\u00e8re durable et \u00e9quitable de l&rsquo;UE.<\/span><\/li>\n<li><span class=\"a-list-item\">Rev\u00eatement en film : Enti\u00e8rement recouvert, robuste, durable, r\u00e9sistant aux rayures et aux UV.<\/span><\/li>\n<li><span class=\"a-list-item\">Des onglets sans soudure et de haute pr\u00e9cision, sans espaces, gr\u00e2ce \u00e0 notre parc de machines ultramodernes.<\/span><\/li>\n<\/ul>\n<p><span class=\"a-text-bold\">Disque :<\/span><\/p>\n<\/p>\n<ul class=\"a-unordered-list a-vertical\">\n<li><span class=\"a-list-item\">\u00c9quip\u00e9 d&rsquo;une vitre en verre acrylique d&rsquo;une \u00e9paisseur de 0,5 \u00e0 2 mm, selon la taille du cadre, et pratiquement incassable.<\/span><\/li>\n<li><span class=\"a-list-item\">Transmission claire et authentique des couleurs &#8211; transmission de la lumi\u00e8re \u00e9quivalente \u00e0 celle d&rsquo;une vitre en verre v\u00e9ritable.<\/span><\/li>\n<li><span class=\"a-list-item\">Nous renon\u00e7ons aux vitres en verre v\u00e9ritable qui sont fragiles, difficiles \u00e0 transporter et facilement cassables.<\/span><\/li>\n<\/ul>\n<p><span class=\"a-text-bold\">paroi arri\u00e8re :<\/span><\/p>\n<\/p>\n<ul class=\"a-unordered-list a-vertical\">\n<li><span class=\"a-list-item\">2 pinces de maintien m\u00e9talliques stables pour une fixation horizontale (format paysage) ou verticale (format portrait).<\/span><\/li>\n<li><span class=\"a-list-item\">Logement des pointes dans les pinces de maintien pour un alignement aussi rapide et facile que possible.<\/span><\/li>\n<li><span class=\"a-list-item\">Panneau de bois MDF de 2,5 mm d&rsquo;\u00e9paisseur comme paroi arri\u00e8re stabilisante et porteuse.<\/span><\/li>\n<li><span class=\"a-list-item\">Goupilles m\u00e9talliques solides pour presser fermement le cadre contre la vitre et le panneau MDF. De plus, les images peuvent \u00eatre \u00e9chang\u00e9es rapidement et sans outils. <\/span><\/li>\n<\/ul>\n<p><span class=\"a-text-bold\">AVANT DE COMMANDER:<\/span> Tous les cadres auront une partie de l&rsquo;image superpos\u00e9e (environ 5-6 mm) sur tous les c\u00f4t\u00e9s. Par exemple, un tableau de 50&#215;70 cm n\u00e9cessite \u00e9galement un cadre de 50&#215;70 cm. <\/p>\n<p><span class=\"a-text-bold\">REMARQUE IMPORTANTE CONCERNANT NOS PHOTOS :<\/span> La couleur des images de produits que nous utilisons peut l\u00e9g\u00e8rement diff\u00e9rer de nos images en raison des r\u00e9glages de couleur et de luminosit\u00e9 de votre \u00e9cran.<\/p>\n\t\t\t\t\t\t\t\t<\/div>\n\t\t\t\t<\/div>\n\t\t\t\t\t<\/div>\n\t\t<\/div>\n\t\t\t\t\t<\/div>\n\t\t<\/section>\n\t\t\t\t<section class=\"elementor-section elementor-top-section elementor-element elementor-element-0fd78e7 elementor-section-boxed elementor-section-height-default elementor-section-height-default qodef-elementor-content-no\" data-id=\"0fd78e7\" data-element_type=\"section\">\n\t\t\t\t\t\t<div class=\"elementor-container elementor-column-gap-default\">\n\t\t\t\t\t<div class=\"elementor-column elementor-col-100 elementor-top-column elementor-element elementor-element-5df3c4d\" data-id=\"5df3c4d\" data-element_type=\"column\">\n\t\t\t<div class=\"elementor-widget-wrap elementor-element-populated\">\n\t\t\t\t\t\t<div class=\"elementor-element elementor-element-74ffbd2 elementor-widget elementor-widget-text-editor\" data-id=\"74ffbd2\" data-element_type=\"widget\" data-widget_type=\"text-editor.default\">\n\t\t\t\t<div class=\"elementor-widget-container\">\n\t\t\t\t\t\t\t\t\t<\/p>\n<h3><strong style=\"color: var( --e-global-color-text ); font-family: var( --e-global-typography-text-font-family ), Sans-serif;\">Fabriqu\u00e9 en Allemagne<\/strong><\/h3>\n<p><span style=\"font-size: 20px;\"><strong>Propre atelier de ma\u00eetre avec plus de 35 ans d&rsquo;exp\u00e9rience.<\/strong><\/span><\/p>\n<\/p>\n<p><img decoding=\"async\" style=\"height: 80px; width: 350px;\" src=\"https:\/\/cdn03.plentymarkets.com\/mmx8yrv4qndt\/item\/images\/204\/full\/Wir-sind-Mitglied-bei-der--2-.jpg\" alt=\"\" data-cke-saved-src=\"https:\/\/cdn03.plentymarkets.com\/mmx8yrv4qndt\/item\/images\/204\/full\/Wir-sind-Mitglied-bei-der--2-.jpg\"><img decoding=\"async\" style=\"width: 114px; height: 70px;\" src=\"https:\/\/cdn03.plentymarkets.com\/mmx8yrv4qndt\/item\/images\/204\/full\/kaeufersiegel.png\" alt=\"\" data-cke-saved-src=\"https:\/\/cdn03.plentymarkets.com\/mmx8yrv4qndt\/item\/images\/204\/full\/kaeufersiegel.png\"> <img decoding=\"async\" style=\"width: 150px; height: 84px;\" src=\"https:\/\/cdn03.plentymarkets.com\/mmx8yrv4qndt\/item\/images\/204\/full\/haendlerbund.png\" alt=\"\" data-cke-saved-src=\"https:\/\/cdn03.plentymarkets.com\/mmx8yrv4qndt\/item\/images\/204\/full\/haendlerbund.png\"><\/p><\/p>\n\t\t\t\t\t\t\t\t<\/div>\n\t\t\t\t<\/div>\n\t\t\t\t\t<\/div>\n\t\t<\/div>\n\t\t\t\t\t<\/div>\n\t\t<\/section>\n\t\t\t\t<\/div>\n\t\t","protected":false},"excerpt":{"rendered":"<p>DES IMAGES ET DES PHOTOS EN PETIT FORMAT SUR VOTRE T\u00c9L\u00c9PHONE MOBILE ? ARR\u00caTE \u00c7A\u2026 Montrez vos photos ou peintures pr\u00e9f\u00e9r\u00e9es dans un magnifique cadre photo. En un rien de temps, votre maison devient encore plus touche personnelle. Plus de 400 tailles et 7 \u00e9chantillons de couleurs de feuilles de placage tr\u00e8s tendance QUALIT\u00c9 ET [&hellip;]<\/p>\n","protected":false},"featured_media":92410,"template":"","meta":{"om_disable_all_campaigns":false},"product_brand":[],"product_cat":[4775],"product_tag":[],"class_list":{"0":"post-92401","1":"product","2":"type-product","3":"status-publish","4":"has-post-thumbnail","6":"product_cat-cadre-pour-joints-dombre","8":"first","9":"instock","10":"taxable","11":"shipping-taxable","12":"purchasable","13":"product-type-simple"},"gallery_images":[92431,92413,92419,92425,57068,57086,57080],"_links":{"self":[{"href":"https:\/\/clamaro.eu\/fr\/wp-json\/wp\/v2\/product\/92401","targetHints":{"allow":["GET"]}}],"collection":[{"href":"https:\/\/clamaro.eu\/fr\/wp-json\/wp\/v2\/product"}],"about":[{"href":"https:\/\/clamaro.eu\/fr\/wp-json\/wp\/v2\/types\/product"}],"version-history":[{"count":2,"href":"https:\/\/clamaro.eu\/fr\/wp-json\/wp\/v2\/product\/92401\/revisions"}],"predecessor-version":[{"id":92439,"href":"https:\/\/clamaro.eu\/fr\/wp-json\/wp\/v2\/product\/92401\/revisions\/92439"}],"wp:featuredmedia":[{"embeddable":true,"href":"https:\/\/clamaro.eu\/fr\/wp-json\/wp\/v2\/media\/92410"}],"wp:attachment":[{"href":"https:\/\/clamaro.eu\/fr\/wp-json\/wp\/v2\/media?parent=92401"}],"wp:term":[{"taxonomy":"product_brand","embeddable":true,"href":"https:\/\/clamaro.eu\/fr\/wp-json\/wp\/v2\/product_brand?post=92401"},{"taxonomy":"product_cat","embeddable":true,"href":"https:\/\/clamaro.eu\/fr\/wp-json\/wp\/v2\/product_cat?post=92401"},{"taxonomy":"product_tag","embeddable":true,"href":"https:\/\/clamaro.eu\/fr\/wp-json\/wp\/v2\/product_tag?post=92401"}],"curies":[{"name":"wp","href":"https:\/\/api.w.org\/{rel}","templated":true}]}}