{"id":60042,"date":"2024-06-24T11:00:51","date_gmt":"2024-06-24T11:00:51","guid":{"rendered":"https:\/\/clamaro.eu\/?post_type=product&#038;p=60042"},"modified":"2025-12-03T11:25:24","modified_gmt":"2025-12-03T11:25:24","slug":"ulrich-kopie-kopie-kopie-kopie-kopie-kopie-kopie-2","status":"publish","type":"product","link":"https:\/\/clamaro.eu\/fr\/produit\/ulrich-kopie-kopie-kopie-kopie-kopie-kopie-kopie-2\/","title":{"rendered":"PORTO"},"content":{"rendered":"\t\t<div data-elementor-type=\"wp-post\" data-elementor-id=\"60042\" class=\"elementor elementor-60042 elementor-60034\">\n\t\t\t\t\t\t<section class=\"elementor-section elementor-top-section elementor-element elementor-element-3375b062 elementor-section-boxed elementor-section-height-default elementor-section-height-default qodef-elementor-content-no\" data-id=\"3375b062\" data-element_type=\"section\">\n\t\t\t\t\t\t<div class=\"elementor-container elementor-column-gap-default\">\n\t\t\t\t\t<div class=\"elementor-column elementor-col-100 elementor-top-column elementor-element elementor-element-2ade6d6d\" data-id=\"2ade6d6d\" data-element_type=\"column\">\n\t\t\t<div class=\"elementor-widget-wrap elementor-element-populated\">\n\t\t\t\t\t\t<div class=\"elementor-element elementor-element-17f9e4d0 elementor-widget elementor-widget-image\" data-id=\"17f9e4d0\" data-element_type=\"widget\" data-widget_type=\"image.default\">\n\t\t\t\t<div class=\"elementor-widget-container\">\n\t\t\t\t\t\t\t\t\t\t\t\t\t\t\t<img decoding=\"async\" src=\"https:\/\/m.media-amazon.com\/images\/S\/aplus-media-library-service-media\/8a7af628-f583-4702-8d22-927f8f7f49e2.__CR0,0,600,180_PT0_SX600_V1___.png\" title=\"\" alt=\"\" loading=\"lazy\" \/>\t\t\t\t\t\t\t\t\t\t\t\t\t\t\t<\/div>\n\t\t\t\t<\/div>\n\t\t\t\t\t<\/div>\n\t\t<\/div>\n\t\t\t\t\t<\/div>\n\t\t<\/section>\n\t\t\t\t<section class=\"elementor-section elementor-top-section elementor-element elementor-element-5dc6166 elementor-section-boxed elementor-section-height-default elementor-section-height-default qodef-elementor-content-no\" data-id=\"5dc6166\" data-element_type=\"section\">\n\t\t\t\t\t\t<div class=\"elementor-container elementor-column-gap-default\">\n\t\t\t\t\t<div class=\"elementor-column elementor-col-100 elementor-top-column elementor-element elementor-element-ade8803\" data-id=\"ade8803\" data-element_type=\"column\">\n\t\t\t<div class=\"elementor-widget-wrap elementor-element-populated\">\n\t\t\t\t\t\t<div class=\"elementor-element elementor-element-bd7324c elementor-widget elementor-widget-text-editor\" data-id=\"bd7324c\" data-element_type=\"widget\" data-widget_type=\"text-editor.default\">\n\t\t\t\t<div class=\"elementor-widget-container\">\n\t\t\t\t\t\t\t\t\t<h3 style=\"background-color: #ffffff;\">CADRE BAROQUE VINTAGE CLAMARO PORTO EN BOIS D&rsquo;\u00c9PIC\u00c9A MASSIF &#8211; FAIT MAIN ET 100% FABRIQU\u00c9 EN ALLEMAGNE<\/h3><h3 style=\"background-color: #ffffff;\">\u00a0<\/h3><p style=\"margin: 0cm; background-position: initial; background-color: white; line-height: 21.6pt; font-weight: 400; letter-spacing: normal; text-transform: none; font-size: 12pt;\" align=\"center\"><span style=\"font-size: 11.5pt; font-family: Roboto; color: #7a7a7a;\">Cadre baroque vintage Clamaro\u00a0<span style=\"font-weight: bold;\">PORTO<\/span>\u00a0Fabriqu\u00e9 en bois massif avec vitre en verre artificiel hautement transparent, panneau arri\u00e8re HDF et cintres avec cadre photo\u00a0<span style=\"font-weight: bold;\">Agrandissez visuellement vos pi\u00e8ces<\/span>\u00a0et en m\u00eame temps, un cadre photo peut rendre votre maison plus lumineuse et plus a\u00e9r\u00e9e. Bien entendu, un cadre est et doit aussi contribuer \u00e0 la d\u00e9coration et mettre habilement en valeur vos plus beaux tableaux, tableaux ou photos.<\/span><\/p><p style=\"margin: 0cm; background-position: initial; background-color: white; line-height: 21.6pt; font-weight: 400; letter-spacing: normal; text-transform: none; font-size: 12pt;\" align=\"center\"><span style=\"font-size: 11.5pt; font-family: Roboto; color: #7a7a7a;\">\u00a0<\/span><\/p><p style=\"margin: 0cm; background-position: initial; background-color: white; line-height: 21.6pt; font-weight: 400; letter-spacing: normal; text-transform: none; font-size: 12pt;\" align=\"center\"><span style=\"font-size: 11.5pt; font-family: Roboto; color: #7a7a7a;\">Le Clamaro\u00a0<span style=\"font-weight: bold;\">Cadre photo en bois v\u00e9ritable<\/span>\u00a0Selon la taille, ils peuvent \u00eatre utilis\u00e9s comme cadre photo, cadre puzzle, cadre photo collage ou comme cadre de certificat, cadre portrait et dans les tr\u00e8s grands formats, \u00e9galement comme cadre pour maxi affiche de cin\u00e9ma\u00a0<span style=\"font-weight: bold;\">utiliser.<\/span><\/span><\/p>\t\t\t\t\t\t\t\t<\/div>\n\t\t\t\t<\/div>\n\t\t\t\t\t<\/div>\n\t\t<\/div>\n\t\t\t\t\t<\/div>\n\t\t<\/section>\n\t\t\t\t<section class=\"elementor-section elementor-top-section elementor-element elementor-element-5203ee62 elementor-section-boxed elementor-section-height-default elementor-section-height-default qodef-elementor-content-no\" data-id=\"5203ee62\" data-element_type=\"section\">\n\t\t\t\t\t\t<div class=\"elementor-container elementor-column-gap-default\">\n\t\t\t\t\t<div class=\"elementor-column elementor-col-100 elementor-top-column elementor-element elementor-element-788a7bc3\" data-id=\"788a7bc3\" data-element_type=\"column\">\n\t\t\t<div class=\"elementor-widget-wrap elementor-element-populated\">\n\t\t\t\t\t\t<div class=\"elementor-element elementor-element-61be6912 elementor-widget-divider--view-line elementor-widget elementor-widget-divider\" data-id=\"61be6912\" data-element_type=\"widget\" data-widget_type=\"divider.default\">\n\t\t\t\t<div class=\"elementor-widget-container\">\n\t\t\t\t\t\t\t<div class=\"elementor-divider\">\n\t\t\t<span class=\"elementor-divider-separator\">\n\t\t\t\t\t\t<\/span>\n\t\t<\/div>\n\t\t\t\t\t\t<\/div>\n\t\t\t\t<\/div>\n\t\t\t\t\t<\/div>\n\t\t<\/div>\n\t\t\t\t\t<\/div>\n\t\t<\/section>\n\t\t\t\t<section class=\"elementor-section elementor-top-section elementor-element elementor-element-254f1d32 elementor-section-boxed elementor-section-height-default elementor-section-height-default qodef-elementor-content-no\" data-id=\"254f1d32\" data-element_type=\"section\">\n\t\t\t\t\t\t<div class=\"elementor-container elementor-column-gap-default\">\n\t\t\t\t\t<div class=\"elementor-column elementor-col-25 elementor-top-column elementor-element elementor-element-54cd401e\" data-id=\"54cd401e\" data-element_type=\"column\">\n\t\t\t<div class=\"elementor-widget-wrap elementor-element-populated\">\n\t\t\t\t\t\t<div class=\"elementor-element elementor-element-1b7d745 elementor-widget elementor-widget-spacer\" data-id=\"1b7d745\" data-element_type=\"widget\" data-widget_type=\"spacer.default\">\n\t\t\t\t<div class=\"elementor-widget-container\">\n\t\t\t\t\t\t\t<div class=\"elementor-spacer\">\n\t\t\t<div class=\"elementor-spacer-inner\"><\/div>\n\t\t<\/div>\n\t\t\t\t\t\t<\/div>\n\t\t\t\t<\/div>\n\t\t\t\t<div class=\"elementor-element elementor-element-63506157 elementor-widget elementor-widget-image\" data-id=\"63506157\" data-element_type=\"widget\" data-widget_type=\"image.default\">\n\t\t\t\t<div class=\"elementor-widget-container\">\n\t\t\t\t\t\t\t\t\t\t\t\t\t\t\t<img decoding=\"async\" src=\"https:\/\/clamaro.eu\/wp-content\/uploads\/2024\/06\/clamaro-porto-silber-bilderrahmen-barockrahmen-3.jpg\" title=\"\" alt=\"\" loading=\"lazy\" \/>\t\t\t\t\t\t\t\t\t\t\t\t\t\t\t<\/div>\n\t\t\t\t<\/div>\n\t\t\t\t<div class=\"elementor-element elementor-element-7ab72096 elementor-widget elementor-widget-text-editor\" data-id=\"7ab72096\" data-element_type=\"widget\" data-widget_type=\"text-editor.default\">\n\t\t\t\t<div class=\"elementor-widget-container\">\n\t\t\t\t\t\t\t\t\t<h4 class=\"a-spacing-mini\">Le cadre du miroir en d\u00e9tail<\/h4><p>Le site<span class=\"a-text-bold\">barrette classique<\/span> son design est tr\u00e8s actuel et pourtant <span class=\"a-text-bold\">classique intemporel<\/span>. Fabriqu\u00e9 en <span class=\"a-text-bold\">bois massif<\/span> et lamin\u00e9 avec un film d\u00e9coratif <span class=\"a-text-bold\">r\u00e9sistant aux rayures et aux UV.<\/span><\/p><p>Une autre particularit\u00e9 de notre feuille d\u00e9corative est <span class=\"a-text-bold\">Enrobage complet (sans dos) <\/span>de la baguette du cadre en bois. Cela donne une impression d&rsquo;ensemble impeccable et le film ne s&rsquo;\u00e9caille pas, comme c&rsquo;est le cas avec les baguettes d&rsquo;encadrement partiellement rev\u00eatues.<\/p>\t\t\t\t\t\t\t\t<\/div>\n\t\t\t\t<\/div>\n\t\t\t\t\t<\/div>\n\t\t<\/div>\n\t\t\t\t<div class=\"elementor-column elementor-col-25 elementor-top-column elementor-element elementor-element-59ddf0a\" data-id=\"59ddf0a\" data-element_type=\"column\">\n\t\t\t<div class=\"elementor-widget-wrap elementor-element-populated\">\n\t\t\t\t\t\t<div class=\"elementor-element elementor-element-e446008 elementor-widget elementor-widget-spacer\" data-id=\"e446008\" data-element_type=\"widget\" data-widget_type=\"spacer.default\">\n\t\t\t\t<div class=\"elementor-widget-container\">\n\t\t\t\t\t\t\t<div class=\"elementor-spacer\">\n\t\t\t<div class=\"elementor-spacer-inner\"><\/div>\n\t\t<\/div>\n\t\t\t\t\t\t<\/div>\n\t\t\t\t<\/div>\n\t\t\t\t<div class=\"elementor-element elementor-element-aa2d5e2 elementor-widget elementor-widget-image\" data-id=\"aa2d5e2\" data-element_type=\"widget\" data-widget_type=\"image.default\">\n\t\t\t\t<div class=\"elementor-widget-container\">\n\t\t\t\t\t\t\t\t\t\t\t\t\t\t\t<img decoding=\"async\" src=\"https:\/\/m.media-amazon.com\/images\/S\/aplus-media-library-service-media\/f0f4f528-ad47-4cbf-88cb-818e2cdee1db.__CR1192,556,476,476_PT0_SX220_V1___.png\" title=\"\" alt=\"\" loading=\"lazy\" \/>\t\t\t\t\t\t\t\t\t\t\t\t\t\t\t<\/div>\n\t\t\t\t<\/div>\n\t\t\t\t<div class=\"elementor-element elementor-element-c1793a9 elementor-widget elementor-widget-spacer\" data-id=\"c1793a9\" data-element_type=\"widget\" data-widget_type=\"spacer.default\">\n\t\t\t\t<div class=\"elementor-widget-container\">\n\t\t\t\t\t\t\t<div class=\"elementor-spacer\">\n\t\t\t<div class=\"elementor-spacer-inner\"><\/div>\n\t\t<\/div>\n\t\t\t\t\t\t<\/div>\n\t\t\t\t<\/div>\n\t\t\t\t<div class=\"elementor-element elementor-element-9c0ac9a elementor-widget elementor-widget-text-editor\" data-id=\"9c0ac9a\" data-element_type=\"widget\" data-widget_type=\"text-editor.default\">\n\t\t\t\t<div class=\"elementor-widget-container\">\n\t\t\t\t\t\t\t\t\t<h4 style=\"margin-top: 0px; text-rendering: optimizelegibility; font-weight: normal; font-size: 17px; line-height: 1.255; font-family: 'Amazon Ember', Arial, sans-serif; color: #0f1111; letter-spacing: normal; text-align: center; text-transform: none; background-color: #ffffff; margin-bottom: 6px !important;\">&nbsp;<\/h4>\n<h4 style=\"margin-top: 0px; text-rendering: optimizelegibility; font-weight: normal; font-size: 17px; line-height: 1.255; font-family: 'Amazon Ember', Arial, sans-serif; color: #0f1111; letter-spacing: normal; text-align: center; text-transform: none; background-color: #ffffff; margin-bottom: 6px !important;\"><span style=\"background-color: #ffffff; color: #1d1d1d; font-family: 'Josefin Sans', sans-serif; font-size: 16px; font-weight: 600; letter-spacing: 0.12em; text-transform: uppercase;\">Goupilles de pliage en m\u00e9tal &#8211; PAS DE GLISSEMENT<\/span><\/h4>\n<div><span style=\"background-color: #ffffff; color: #1d1d1d; font-family: 'Josefin Sans', sans-serif; font-size: 16px; font-weight: 600; letter-spacing: 0.12em; text-transform: uppercase;\">&nbsp;<\/span><\/div>\n<div><span style=\"background-color: #ffffff; color: var( --e-global-color-text ); font-family: var( --e-global-typography-text-font-family ), Sans-serif; font-weight: var( --e-global-typography-text-font-weight );\">Pour \u00e9viter de glisser, il y a suffisamment de broches m\u00e9talliques robustes fix\u00e9es \u00e0 l&rsquo;arri\u00e8re des bandes du cadre. Les broches de pliage maintiennent et pressent fermement le cadre, l&rsquo;image, le verre acrylique et la paroi arri\u00e8re. Ils peuvent \u00eatre facilement pli\u00e9s avec des ongles forts ou avec un tournevis Schitz fin, par exemple.<\/span>&nbsp;<\/div>\n<div>&nbsp;<\/div>\n<h4 style=\"background-color: #ffffff;\">&nbsp;<\/h4>\n<p style=\"margin-bottom: 14px; color: #0f1111; font-family: 'Amazon Ember', Arial, sans-serif; font-weight: 400; letter-spacing: normal; text-align: start; text-transform: none; background-color: #ffffff; font-size: 12px !important; line-height: 16px !important;\">\n<\/p>\t\t\t\t\t\t\t\t<\/div>\n\t\t\t\t<\/div>\n\t\t\t\t\t<\/div>\n\t\t<\/div>\n\t\t\t\t<div class=\"elementor-column elementor-col-25 elementor-top-column elementor-element elementor-element-7921d95\" data-id=\"7921d95\" data-element_type=\"column\">\n\t\t\t<div class=\"elementor-widget-wrap elementor-element-populated\">\n\t\t\t\t\t\t<div class=\"elementor-element elementor-element-1ec7101 elementor-widget elementor-widget-spacer\" data-id=\"1ec7101\" data-element_type=\"widget\" data-widget_type=\"spacer.default\">\n\t\t\t\t<div class=\"elementor-widget-container\">\n\t\t\t\t\t\t\t<div class=\"elementor-spacer\">\n\t\t\t<div class=\"elementor-spacer-inner\"><\/div>\n\t\t<\/div>\n\t\t\t\t\t\t<\/div>\n\t\t\t\t<\/div>\n\t\t\t\t<div class=\"elementor-element elementor-element-64cec60 elementor-widget elementor-widget-image\" data-id=\"64cec60\" data-element_type=\"widget\" data-widget_type=\"image.default\">\n\t\t\t\t<div class=\"elementor-widget-container\">\n\t\t\t\t\t\t\t\t\t\t\t\t\t\t\t<img decoding=\"async\" src=\"https:\/\/m.media-amazon.com\/images\/S\/aplus-media-library-service-media\/6d458837-6af4-4a48-b211-c6dc50ecb0f5.__CR51,56,1115,1115_PT0_SX220_V1___.jpg\" title=\"\" alt=\"\" loading=\"lazy\" \/>\t\t\t\t\t\t\t\t\t\t\t\t\t\t\t<\/div>\n\t\t\t\t<\/div>\n\t\t\t\t<div class=\"elementor-element elementor-element-c1c4c55 elementor-widget elementor-widget-spacer\" data-id=\"c1c4c55\" data-element_type=\"widget\" data-widget_type=\"spacer.default\">\n\t\t\t\t<div class=\"elementor-widget-container\">\n\t\t\t\t\t\t\t<div class=\"elementor-spacer\">\n\t\t\t<div class=\"elementor-spacer-inner\"><\/div>\n\t\t<\/div>\n\t\t\t\t\t\t<\/div>\n\t\t\t\t<\/div>\n\t\t\t\t<div class=\"elementor-element elementor-element-2973f2a elementor-widget elementor-widget-text-editor\" data-id=\"2973f2a\" data-element_type=\"widget\" data-widget_type=\"text-editor.default\">\n\t\t\t\t<div class=\"elementor-widget-container\">\n\t\t\t\t\t\t\t\t\t<h4 class=\"a-spacing-mini\">Mur arri\u00e8re et cintre (format paysage et portrait)<\/h4>\n<p>Afin que les cadres amovibles en bois massif ne perdent pas leur stabilit\u00e9, m\u00eame avec des cadres de grand format, nous \u00e9quipons chaque cadre d&rsquo;une paroi arri\u00e8re en bois HDF d&rsquo;environ 2,5 mm d&rsquo;\u00e9paisseur. De plus, chaque cadre est livr\u00e9 avec 2 supports m\u00e9talliques robustes pour une fixation murale en format portrait ou paysage.<\/p>\n\t\t\t\t\t\t\t\t<\/div>\n\t\t\t\t<\/div>\n\t\t\t\t\t<\/div>\n\t\t<\/div>\n\t\t\t\t<div class=\"elementor-column elementor-col-25 elementor-top-column elementor-element elementor-element-7ad7019\" data-id=\"7ad7019\" data-element_type=\"column\">\n\t\t\t<div class=\"elementor-widget-wrap elementor-element-populated\">\n\t\t\t\t\t\t<div class=\"elementor-element elementor-element-729a1a6 elementor-widget elementor-widget-spacer\" data-id=\"729a1a6\" data-element_type=\"widget\" data-widget_type=\"spacer.default\">\n\t\t\t\t<div class=\"elementor-widget-container\">\n\t\t\t\t\t\t\t<div class=\"elementor-spacer\">\n\t\t\t<div class=\"elementor-spacer-inner\"><\/div>\n\t\t<\/div>\n\t\t\t\t\t\t<\/div>\n\t\t\t\t<\/div>\n\t\t\t\t<div class=\"elementor-element elementor-element-3d67206 elementor-widget elementor-widget-image\" data-id=\"3d67206\" data-element_type=\"widget\" data-widget_type=\"image.default\">\n\t\t\t\t<div class=\"elementor-widget-container\">\n\t\t\t\t\t\t\t\t\t\t\t\t\t\t\t<img decoding=\"async\" src=\"https:\/\/m.media-amazon.com\/images\/S\/aplus-media-library-service-media\/91eb8584-443f-47af-9901-88ffb44c57b5.__CR0,0,2000,2000_PT0_SX300_V1___.png\" title=\"\" alt=\"\" loading=\"lazy\" \/>\t\t\t\t\t\t\t\t\t\t\t\t\t\t\t<\/div>\n\t\t\t\t<\/div>\n\t\t\t\t<div class=\"elementor-element elementor-element-38a9216 elementor-widget elementor-widget-text-editor\" data-id=\"38a9216\" data-element_type=\"widget\" data-widget_type=\"text-editor.default\">\n\t\t\t\t<div class=\"elementor-widget-container\">\n\t\t\t\t\t\t\t\t\t<h3 class=\"a-spacing-mini\">H\u00f6chste Qualit\u00e4t und Pr\u00e4zision: handgefertigt und 100% Made in Germany<\/h3>\n<p>Tous les <span class=\"a-text-bold\">Clamaro Miroir <\/span>sont fabriqu\u00e9s sur commande dans notre manufacture de cadres, individuellement et \u00e0 la main, dans les dimensions que vous souhaitez.<span class=\"a-text-bold\"> Pr\u00e9cision et qualit\u00e9 100% Made in Germany<\/span><\/p>\n<p><span class=\"a-text-bold\">REMARQUE IMPORTANTE CONCERNANT NOS PHOTOS :<\/span> La couleur des images de produits que nous utilisons peut l\u00e9g\u00e8rement diff\u00e9rer de nos images en raison des r\u00e9glages de couleur et de luminosit\u00e9 de votre \u00e9cran.<\/p>\n\t\t\t\t\t\t\t\t<\/div>\n\t\t\t\t<\/div>\n\t\t\t\t\t<\/div>\n\t\t<\/div>\n\t\t\t\t\t<\/div>\n\t\t<\/section>\n\t\t\t\t<section class=\"elementor-section elementor-top-section elementor-element elementor-element-e811d2d elementor-section-boxed elementor-section-height-default elementor-section-height-default qodef-elementor-content-no\" data-id=\"e811d2d\" data-element_type=\"section\">\n\t\t\t\t\t\t<div class=\"elementor-container elementor-column-gap-default\">\n\t\t\t\t\t<div class=\"elementor-column elementor-col-100 elementor-top-column elementor-element elementor-element-5c48063\" data-id=\"5c48063\" data-element_type=\"column\">\n\t\t\t<div class=\"elementor-widget-wrap elementor-element-populated\">\n\t\t\t\t\t\t<div class=\"elementor-element elementor-element-da4f732 elementor-widget__width-initial elementor-widget elementor-widget-image\" data-id=\"da4f732\" data-element_type=\"widget\" data-widget_type=\"image.default\">\n\t\t\t\t<div class=\"elementor-widget-container\">\n\t\t\t\t\t\t\t\t\t\t\t\t\t\t\t<img decoding=\"async\" src=\"https:\/\/m.media-amazon.com\/images\/I\/71Bn49M1uvL._AC_SL1500_.jpg\" title=\"\" alt=\"\" loading=\"lazy\" \/>\t\t\t\t\t\t\t\t\t\t\t\t\t\t\t<\/div>\n\t\t\t\t<\/div>\n\t\t\t\t\t<\/div>\n\t\t<\/div>\n\t\t\t\t\t<\/div>\n\t\t<\/section>\n\t\t\t\t<\/div>\n\t\t","protected":false},"excerpt":{"rendered":"<p>pour une fixation murale en mode portrait ou paysage.<\/p>\n<p>&nbsp;<\/p>\n<p><strong><span style=\"color: #808080;\"><a style=\"color: #808080;\" href=\"https:\/\/clamaro.eu\/wp-content\/uploads\/2023\/09\/Konfirmitaetserklaerung-Bilderrahmen-mit-Unterschrift.pdf-1.pdf\" target=\"_blank\" rel=\"noopener\">Cadre photo ressource s\u00e9curit\u00e9 et produit.pdf<\/a><\/span><\/strong><\/p>\n","protected":false},"featured_media":60125,"template":"","meta":{"om_disable_all_campaigns":false},"product_brand":[],"product_cat":[4665],"product_tag":[],"class_list":{"0":"post-60042","1":"product","2":"type-product","3":"status-publish","4":"has-post-thumbnail","6":"product_cat-bois-massif-antique","8":"first","9":"instock","10":"taxable","11":"shipping-taxable","12":"purchasable","13":"product-type-simple"},"gallery_images":[70691,60104,60110,60116,60092,56820,59952],"_links":{"self":[{"href":"https:\/\/clamaro.eu\/fr\/wp-json\/wp\/v2\/product\/60042","targetHints":{"allow":["GET"]}}],"collection":[{"href":"https:\/\/clamaro.eu\/fr\/wp-json\/wp\/v2\/product"}],"about":[{"href":"https:\/\/clamaro.eu\/fr\/wp-json\/wp\/v2\/types\/product"}],"version-history":[{"count":12,"href":"https:\/\/clamaro.eu\/fr\/wp-json\/wp\/v2\/product\/60042\/revisions"}],"predecessor-version":[{"id":108230,"href":"https:\/\/clamaro.eu\/fr\/wp-json\/wp\/v2\/product\/60042\/revisions\/108230"}],"wp:featuredmedia":[{"embeddable":true,"href":"https:\/\/clamaro.eu\/fr\/wp-json\/wp\/v2\/media\/60125"}],"wp:attachment":[{"href":"https:\/\/clamaro.eu\/fr\/wp-json\/wp\/v2\/media?parent=60042"}],"wp:term":[{"taxonomy":"product_brand","embeddable":true,"href":"https:\/\/clamaro.eu\/fr\/wp-json\/wp\/v2\/product_brand?post=60042"},{"taxonomy":"product_cat","embeddable":true,"href":"https:\/\/clamaro.eu\/fr\/wp-json\/wp\/v2\/product_cat?post=60042"},{"taxonomy":"product_tag","embeddable":true,"href":"https:\/\/clamaro.eu\/fr\/wp-json\/wp\/v2\/product_tag?post=60042"}],"curies":[{"name":"wp","href":"https:\/\/api.w.org\/{rel}","templated":true}]}}