{"id":45536,"date":"2023-10-02T07:42:41","date_gmt":"2023-10-02T07:42:41","guid":{"rendered":"https:\/\/clamaro.eu\/product\/slatwall-slim-une-latte-sans-feutre\/"},"modified":"2024-02-19T11:45:03","modified_gmt":"2024-02-19T11:45:03","slug":"slatwall-slim-une-latte-sans-feutre","status":"publish","type":"product","link":"https:\/\/clamaro.eu\/fr\/produit\/slatwall-slim-une-latte-sans-feutre\/","title":{"rendered":"Slatwall Slim (Une latte sans feutre)"},"content":{"rendered":"\t\t<div data-elementor-type=\"wp-post\" data-elementor-id=\"45536\" class=\"elementor elementor-45536\">\n\t\t\t\t\t\t<section class=\"elementor-section elementor-top-section elementor-element elementor-element-4d1f61c elementor-section-boxed elementor-section-height-default elementor-section-height-default qodef-elementor-content-no\" data-id=\"4d1f61c\" data-element_type=\"section\">\n\t\t\t\t\t\t<div class=\"elementor-container elementor-column-gap-default\">\n\t\t\t\t\t<div class=\"elementor-column elementor-col-100 elementor-top-column elementor-element elementor-element-6e74f26\" data-id=\"6e74f26\" data-element_type=\"column\">\n\t\t\t<div class=\"elementor-widget-wrap elementor-element-populated\">\n\t\t\t\t\t\t<div class=\"elementor-element elementor-element-331943a elementor-widget elementor-widget-image\" data-id=\"331943a\" data-element_type=\"widget\" data-widget_type=\"image.default\">\n\t\t\t\t<div class=\"elementor-widget-container\">\n\t\t\t\t\t\t\t\t\t\t\t\t\t\t\t<img fetchpriority=\"high\" decoding=\"async\" width=\"650\" height=\"650\" src=\"https:\/\/clamaro.eu\/wp-content\/uploads\/2023\/09\/Weiss-1-650x650.jpg\" class=\"attachment-konsept_image_size_square size-konsept_image_size_square wp-image-50380\" alt=\"\" srcset=\"https:\/\/clamaro.eu\/wp-content\/uploads\/2023\/09\/Weiss-1-650x650.jpg 650w, https:\/\/clamaro.eu\/wp-content\/uploads\/2023\/09\/Weiss-1-150x150.jpg 150w, https:\/\/clamaro.eu\/wp-content\/uploads\/2023\/09\/Weiss-1-1300x1300.jpg 1300w\" sizes=\"(max-width: 650px) 100vw, 650px\" \/>\t\t\t\t\t\t\t\t\t\t\t\t\t\t\t<\/div>\n\t\t\t\t<\/div>\n\t\t\t\t\t<\/div>\n\t\t<\/div>\n\t\t\t\t\t<\/div>\n\t\t<\/section>\n\t\t\t\t<section class=\"elementor-section elementor-top-section elementor-element elementor-element-36f7155 elementor-section-boxed elementor-section-height-default elementor-section-height-default qodef-elementor-content-no\" data-id=\"36f7155\" data-element_type=\"section\">\n\t\t\t\t\t\t<div class=\"elementor-container elementor-column-gap-default\">\n\t\t\t\t\t<div class=\"elementor-column elementor-col-100 elementor-top-column elementor-element elementor-element-b627356\" data-id=\"b627356\" data-element_type=\"column\">\n\t\t\t<div class=\"elementor-widget-wrap elementor-element-populated\">\n\t\t\t\t\t\t<div class=\"elementor-element elementor-element-65f6ab9 elementor-widget elementor-widget-text-editor\" data-id=\"65f6ab9\" data-element_type=\"widget\" data-widget_type=\"text-editor.default\">\n\t\t\t\t<div class=\"elementor-widget-container\">\n\t\t\t\t\t\t\t\t\t<\/p>\n<h3><span style=\"color: #808080;\"><strong><span style=\"background-color: #ffffff;\">Description Latte murale Clamaro SLIM<\/span><\/strong><\/span><\/h3>\n<\/p>\n<p><span style=\"font-family: Arial,Helvetica,sans-serif;\"><span style=\"font-size: 12pt;\">Les panneaux d\u00e9coratifs en forme de lattes verticales sont un succ\u00e8s absolu dans l&rsquo;am\u00e9nagement int\u00e9rieur et dans les espaces publics. De nos jours, ils sont devenus une mani\u00e8re tr\u00e8s populaire de d\u00e9corer l&rsquo;int\u00e9rieur. Ils apportent de la modernit\u00e9 et un style unique aux pi\u00e8ces dans lesquelles ils sont install\u00e9s. Ils ajoutent du caract\u00e8re, soulignent le style des meubles et des accessoires, agrandissent visuellement la pi\u00e8ce et insonorisent la pi\u00e8ce.<\/span><\/span><\/p>\n<p><span style=\"font-family: Arial,Helvetica,sans-serif;\"><span style=\"font-size: 12pt;\"> <\/span><\/span><\/p>\n<p><span style=\"font-family: Arial,Helvetica,sans-serif;\"><span style=\"font-size: 12pt;\"> <\/span><\/span><\/p>\n<\/p>\n<p><span style=\"font-family: Arial,Helvetica,sans-serif;\">Nos panneaux acoustiques offrent une solution efficace pour l&rsquo;absorption du son dans les pi\u00e8ces, en am\u00e9liorant le son et en r\u00e9duisant les bruits ind\u00e9sirables. Avec une vari\u00e9t\u00e9 de tailles, de couleurs<\/span><span style=\"font-family: Arial, Helvetica, sans-serif; color: var( --e-global-color-text ); font-weight: var( --e-global-typography-text-font-weight );\"> et designs, ils s&rsquo;int\u00e8grent parfaitement dans n&rsquo;importe quelle ambiance et cr\u00e9ent un environnement acoustique agr\u00e9able.<\/span><\/p>\n<p><span style=\"font-family: Arial, Helvetica, sans-serif; color: var( --e-global-color-text ); font-weight: var( --e-global-typography-text-font-weight );\"> <\/span><\/p>\n<p><span style=\"font-family: Arial, Helvetica, sans-serif; color: var( --e-global-color-text ); font-weight: var( --e-global-typography-text-font-weight );\"> <\/span><\/p>\n<\/p>\n<p><span style=\"font-family: Arial,Helvetica,sans-serif;\">Notre rev\u00eatement mural d&rsquo;application universelle est un tapis noir en feutre sur lequel sont fix\u00e9es des lattes.<br \/>Qu&rsquo;il soit <strong>horizontal, vertical<\/strong> ou <strong>diagonal,<\/strong> son look hors du commun mettra en valeur votre espace de vie, c&rsquo;est pourquoi vous serez aux anges.<\/span><span style=\"font-family: Arial, Helvetica, sans-serif; color: var( --e-global-color-text ); font-weight: var( --e-global-typography-text-font-weight );\"> <\/span><\/p>\n<p><span style=\"font-family: Arial, Helvetica, sans-serif; color: var( --e-global-color-text ); font-weight: var( --e-global-typography-text-font-weight );\"> <\/span><\/p>\n<p><img decoding=\"async\" style=\"height: 650px; width: 867px;\" src=\"https:\/\/cdn03.plentymarkets.com\/mmx8yrv4qndt\/item\/images\/204\/full\/wood-battens-wall-idea-3d-render-decorate-with-loft-style-chair-sunlight-shining-wall-min.jpg\" alt=\"\" data-cke-saved-src=\"https:\/\/cdn03.plentymarkets.com\/mmx8yrv4qndt\/item\/images\/204\/full\/wood-battens-wall-idea-3d-render-decorate-with-loft-style-chair-sunlight-shining-wall-min.jpg\"><\/p>\n<\/p>\n<p><strong><span style=\"font-size: 12pt;\"><span style=\"font-family: Calibri,sans-serif;\"><span style=\"font-size: 16.0pt;\"><span style=\"font-family: Arial,sans-serif;\"><span style=\"text-transform: uppercase;\">Contenu de la livraison :<\/span><\/span><\/span><\/span><\/span><\/strong><\/p>\n<p><span style=\"font-size: 20px;\">Un sommier \u00e0 lattes sans feutre.<\/span><\/p>\n<p><span style=\"font-size: 20px;\"> <\/span><\/p>\n<p><span style=\"font-size: 20px;\"> <\/span><\/p>\n<\/p>\n<p><strong><span style=\"font-size: 12pt;\"><span style=\"font-family: Calibri,sans-serif;\"><span style=\"font-size: 16.0pt;\"><span style=\"font-family: Arial,sans-serif;\"><span style=\"text-transform: uppercase;\">CARACT\u00c9RISTIQUES DU PRODUIT:<\/span><\/span><\/span><\/span><\/span><\/strong><\/p>\n<ul>\n<li><span style=\"font-size: 20px;\"><span style=\"font-family: Arial,Helvetica,sans-serif;\"> Disponible en 6 couleurs et avec ou sans panneau arri\u00e8re<\/span><\/span><\/li>\n<li><span style=\"font-size: 20px;\"><span style=\"font-family: Arial,Helvetica,sans-serif;\"> Longueur : 275 cm*<\/span><\/span><\/li>\n<li><span style=\"font-size: 20px;\"><span style=\"font-family: Arial,Helvetica,sans-serif;\"> Largeur : 28 mm<\/span><\/span><\/li>\n<li><span style=\"font-size: 20px;\"><span style=\"font-family: Arial,Helvetica,sans-serif;\"> \u00c9paisseur : 16 mm<\/span><\/span><\/li>\n<li><span style=\"font-size: 20px;\"><span style=\"font-family: Arial,Helvetica,sans-serif;\"> Mat\u00e9riau : les lattes sont en panneau MDF recouvert d&rsquo;un placage d\u00e9coratif de haute qualit\u00e9.<\/span><\/span><\/li>\n<li><span style=\"font-size: 20px;\"><span style=\"font-family: Arial,Helvetica,sans-serif;\"> 28x16x275<\/span><\/span><\/li>\n<\/ul>\n<p><span style=\"font-size: 20px;\"><span style=\"font-family: Arial,Helvetica,sans-serif;\">* En raison d&rsquo;\u00e9ventuels dommages lors du transport, sur les bords et les extr\u00e9mit\u00e9s des lattes, vous recevrez des lattes d&rsquo;une longueur de 280 cm que vous pourrez d\u00e9couper vous-m\u00eame sur mesure. <\/span><\/span><span style=\"font-size: 20px;\"><span style=\"font-family: Arial,Helvetica,sans-serif;\">n&rsquo;importe quelle dimension.<\/span><\/span><\/p>\n<p><span style=\"font-size: 20px;\"><span style=\"font-family: Arial,Helvetica,sans-serif;\"> <\/span><\/span><\/p>\n<p><span style=\"font-size: 20px;\"><span style=\"font-family: Arial,Helvetica,sans-serif;\"> <\/span><\/span><\/p>\n<\/p>\n<p><span style=\"font-family: Arial,Helvetica,sans-serif;\"><span style=\"font-size: 12pt;\"><b><span style=\"font-size: 14.0pt;\">M\u00c9THODE DE MONTAGE :<\/span><\/b><\/span><\/span><\/p>\n<p><span style=\"font-family: Arial,Helvetica,sans-serif;\"><span style=\"font-size: 12pt;\">Le moyen le plus simple et le plus rapide d&rsquo;installer des lattes : <\/span><\/span><\/p>\n<ul>\n<li><span style=\"font-family: Arial,Helvetica,sans-serif;\"><span style=\"font-size: 12pt;\">Collez les lattes sur la feutrine noire avec de la colle de montage (colle disponible dans notre boutique)<\/span><\/span><\/li>\n<\/ul>\n<p><span style=\"font-family: Arial,Helvetica,sans-serif;\"><span style=\"font-size: 12pt;\">1. Couper la bande \u00e0 la bonne longueur<\/span><\/span><\/p>\n<p><span style=\"font-family: Arial,Helvetica,sans-serif;\"><span style=\"font-size: 12pt;\">2. Marquez la position parall\u00e8le des lamelles \u00e0 l&rsquo;aide de la barre d&rsquo;aide.<\/span><\/span><\/p>\n<p><span style=\"font-family: Arial,Helvetica,sans-serif;\"><span style=\"font-size: 12pt;\">3.  <span style=\"background-color: #ffffff;\">Collez de la colle \u00e0 la place de la latte. (au verso)<\/span><\/span><\/span><\/p>\n<p><span style=\"font-family: Arial,Helvetica,sans-serif;\"><span style=\"font-size: 12pt;\">4. Fixez les lamelles au mur. (il suffit d&rsquo;appuyer dessus)<\/span><\/span><\/p>\n<p><span style=\"font-family: Arial,Helvetica,sans-serif;\"><span style=\"font-size: 12pt;\">5. Appuyez bri\u00e8vement les lattes contre le mur jusqu&rsquo;\u00e0 ce que vous remarquiez que les lattes collent.<\/span><\/span><\/p>\n<p><span style=\"font-family: Arial,Helvetica,sans-serif;\"><span style=\"font-size: 12pt;\"> <\/span><\/span><\/p>\n<p><span style=\"font-family: Arial,Helvetica,sans-serif;\"><span style=\"font-size: 12pt;\"> <\/span><\/span><\/p>\n<\/p>\n<p><span style=\"font-size: 20px;\"><strong>ATTENTION !<\/strong><\/span><\/p>\n<p>Ne convient pas aux pi\u00e8ces humides<\/p>\n<p>L&rsquo;installation de la premi\u00e8re lamelle influence la position de chaque lamelle suivante.<\/p>\n<p>LES LAMELLES ACHET\u00c9ES \u00c0 DES MOMENTS DIFF\u00c9RENTS PEUVENT \u00caTRE ENDOMMAG\u00c9ES EN RAISON DE L&rsquo;USURE.<\/p>\n<p>DIFF\u00c9RENTS LOTS DE PRODUCTION EN TERMES DE GRAIN, D&rsquo;ASPECT, D&rsquo;OMBRES ET DE N\u0152UDS<\/p>\n<p>SOIS DIFF\u00c9RENT. <\/p><\/p>\n\t\t\t\t\t\t\t\t<\/div>\n\t\t\t\t<\/div>\n\t\t\t\t<div class=\"elementor-element elementor-element-b52d33d elementor-widget elementor-widget-text-editor\" data-id=\"b52d33d\" data-element_type=\"widget\" data-widget_type=\"text-editor.default\">\n\t\t\t\t<div class=\"elementor-widget-container\">\n\t\t\t\t\t\t\t\t\t<\/p>\n<h3><strong style=\"color: var( --e-global-color-text ); font-family: var( --e-global-typography-text-font-family ), Sans-serif;\">Fabriqu\u00e9 en Allemagne<\/strong><\/h3>\n<p><span style=\"font-size: 20px;\"><strong>Propre atelier de ma\u00eetre avec plus de 35 ans d&rsquo;exp\u00e9rience.<\/strong><\/span><\/p>\n<\/p>\n<p><img decoding=\"async\" style=\"height: 80px; width: 350px;\" src=\"https:\/\/cdn03.plentymarkets.com\/mmx8yrv4qndt\/item\/images\/204\/full\/Wir-sind-Mitglied-bei-der--2-.jpg\" alt=\"\" data-cke-saved-src=\"https:\/\/cdn03.plentymarkets.com\/mmx8yrv4qndt\/item\/images\/204\/full\/Wir-sind-Mitglied-bei-der--2-.jpg\"><img decoding=\"async\" style=\"width: 114px; height: 70px;\" src=\"https:\/\/cdn03.plentymarkets.com\/mmx8yrv4qndt\/item\/images\/204\/full\/kaeufersiegel.png\" alt=\"\" data-cke-saved-src=\"https:\/\/cdn03.plentymarkets.com\/mmx8yrv4qndt\/item\/images\/204\/full\/kaeufersiegel.png\"> <img decoding=\"async\" style=\"width: 150px; height: 84px;\" src=\"https:\/\/cdn03.plentymarkets.com\/mmx8yrv4qndt\/item\/images\/204\/full\/haendlerbund.png\" alt=\"\" data-cke-saved-src=\"https:\/\/cdn03.plentymarkets.com\/mmx8yrv4qndt\/item\/images\/204\/full\/haendlerbund.png\"><\/p><\/p>\n\t\t\t\t\t\t\t\t<\/div>\n\t\t\t\t<\/div>\n\t\t\t\t\t<\/div>\n\t\t<\/div>\n\t\t\t\t\t<\/div>\n\t\t<\/section>\n\t\t\t\t<\/div>\n\t\t","protected":false},"excerpt":{"rendered":"<p><b>Nous vous enverrons un \u00e9chantillon avant l\u2019exp\u00e9dition r\u00e9elle afin que vous puissiez v\u00e9rifier les produits \u00e0 l\u2019avance. Veuillez nous faire savoir ensuite s&rsquo;ils r\u00e9pondent \u00e0 vos attentes et nous vous enverrons la marchandise finale.<\/b><\/p>\n","protected":false},"featured_media":50380,"template":"","meta":{"om_disable_all_campaigns":false},"product_brand":[],"product_cat":[4401],"product_tag":[4402],"class_list":{"0":"post-45536","1":"product","2":"type-product","3":"status-publish","4":"has-post-thumbnail","6":"product_cat-panneaux-acoustiques","7":"product_tag-paroi-a-lamelles","8":"product_shipping_class-lattes","10":"first","11":"instock","12":"taxable","13":"shipping-taxable","14":"purchasable","15":"product-type-simple"},"gallery_images":[32666,32697,32703,35243],"_links":{"self":[{"href":"https:\/\/clamaro.eu\/fr\/wp-json\/wp\/v2\/product\/45536","targetHints":{"allow":["GET"]}}],"collection":[{"href":"https:\/\/clamaro.eu\/fr\/wp-json\/wp\/v2\/product"}],"about":[{"href":"https:\/\/clamaro.eu\/fr\/wp-json\/wp\/v2\/types\/product"}],"version-history":[{"count":3,"href":"https:\/\/clamaro.eu\/fr\/wp-json\/wp\/v2\/product\/45536\/revisions"}],"predecessor-version":[{"id":50503,"href":"https:\/\/clamaro.eu\/fr\/wp-json\/wp\/v2\/product\/45536\/revisions\/50503"}],"wp:featuredmedia":[{"embeddable":true,"href":"https:\/\/clamaro.eu\/fr\/wp-json\/wp\/v2\/media\/50380"}],"wp:attachment":[{"href":"https:\/\/clamaro.eu\/fr\/wp-json\/wp\/v2\/media?parent=45536"}],"wp:term":[{"taxonomy":"product_brand","embeddable":true,"href":"https:\/\/clamaro.eu\/fr\/wp-json\/wp\/v2\/product_brand?post=45536"},{"taxonomy":"product_cat","embeddable":true,"href":"https:\/\/clamaro.eu\/fr\/wp-json\/wp\/v2\/product_cat?post=45536"},{"taxonomy":"product_tag","embeddable":true,"href":"https:\/\/clamaro.eu\/fr\/wp-json\/wp\/v2\/product_tag?post=45536"}],"curies":[{"name":"wp","href":"https:\/\/api.w.org\/{rel}","templated":true}]}}