{"id":27688,"date":"2023-04-15T17:34:14","date_gmt":"2023-04-15T17:34:14","guid":{"rendered":"https:\/\/clamaro.eu\/product\/mirror-oskar\/"},"modified":"2024-02-19T11:58:44","modified_gmt":"2024-02-19T11:58:44","slug":"mirror-oskar","status":"publish","type":"product","link":"https:\/\/clamaro.eu\/fr\/produit\/mirror-oskar\/","title":{"rendered":"Mirror Oskar"},"content":{"rendered":"\t\t<div data-elementor-type=\"wp-post\" data-elementor-id=\"27688\" class=\"elementor elementor-27688\">\n\t\t\t\t\t\t<section class=\"elementor-section elementor-top-section elementor-element elementor-element-3375b062 elementor-section-boxed elementor-section-height-default elementor-section-height-default qodef-elementor-content-no\" data-id=\"3375b062\" data-element_type=\"section\">\n\t\t\t\t\t\t<div class=\"elementor-container elementor-column-gap-default\">\n\t\t\t\t\t<div class=\"elementor-column elementor-col-100 elementor-top-column elementor-element elementor-element-2ade6d6d\" data-id=\"2ade6d6d\" data-element_type=\"column\">\n\t\t\t<div class=\"elementor-widget-wrap elementor-element-populated\">\n\t\t\t\t\t\t<div class=\"elementor-element elementor-element-17f9e4d0 elementor-widget elementor-widget-image\" data-id=\"17f9e4d0\" data-element_type=\"widget\" data-widget_type=\"image.default\">\n\t\t\t\t<div class=\"elementor-widget-container\">\n\t\t\t\t\t\t\t\t\t\t\t\t\t\t\t<img decoding=\"async\" src=\"https:\/\/m.media-amazon.com\/images\/S\/aplus-media-library-service-media\/8a7af628-f583-4702-8d22-927f8f7f49e2.__CR0,0,600,180_PT0_SX600_V1___.png\" title=\"\" alt=\"\" loading=\"lazy\" \/>\t\t\t\t\t\t\t\t\t\t\t\t\t\t\t<\/div>\n\t\t\t\t<\/div>\n\t\t\t\t\t<\/div>\n\t\t<\/div>\n\t\t\t\t\t<\/div>\n\t\t<\/section>\n\t\t\t\t<section class=\"elementor-section elementor-top-section elementor-element elementor-element-5dc6166 elementor-section-boxed elementor-section-height-default elementor-section-height-default qodef-elementor-content-no\" data-id=\"5dc6166\" data-element_type=\"section\">\n\t\t\t\t\t\t<div class=\"elementor-container elementor-column-gap-default\">\n\t\t\t\t\t<div class=\"elementor-column elementor-col-100 elementor-top-column elementor-element elementor-element-ade8803\" data-id=\"ade8803\" data-element_type=\"column\">\n\t\t\t<div class=\"elementor-widget-wrap elementor-element-populated\">\n\t\t\t\t\t\t<div class=\"elementor-element elementor-element-bd7324c elementor-widget elementor-widget-text-editor\" data-id=\"bd7324c\" data-element_type=\"widget\" data-widget_type=\"text-editor.default\">\n\t\t\t\t<div class=\"elementor-widget-container\">\n\t\t\t\t\t\t\t\t\t<h3><span class=\"a-text-bold\">Miroirs baroques Clamaro EMMA, ULRICH et OSKAR en bois d&rsquo;\u00e9pic\u00e9a massif &#8211; Faits \u00e0 la main et 100% fabriqu\u00e9s en Allemagne<\/span><\/h3>\n<p>Un miroir dans le <span class=\"a-text-bold\">design intemporel<\/span>, \u00e0 commander dans presque tous les pays de l&rsquo;Union europ\u00e9enne <span class=\"a-text-bold\">toutes les dimensions communes<\/span> et peut \u00e9galement <span class=\"a-text-bold\">transversalement ou longitudinalement au mur<\/span> \u00eatre accroch\u00e9&#8230; <span class=\"a-text-bold\">Un accroche-regard efficace garanti !<\/span><\/p>\n<p>Avec un miroir mural <span class=\"a-text-bold\">agrandissez visuellement vos pi\u00e8ces<\/span> et en m\u00eame temps, un miroir peut rendre votre maison plus lumineuse et plus a\u00e9r\u00e9e. Bien s\u00fbr, un miroir est et doit aussi contribuer \u00e0 la d\u00e9coration et r\u00e9v\u00e9ler d&rsquo;un coup d&rsquo;\u0153il si la tenue convient ou si la coiffure est adapt\u00e9e.<\/p>\n<p>Les miroirs Clamaro peuvent \u00eatre utilis\u00e9s, selon leur taille, en tant que <span class=\"a-text-bold\">Miroir de salle de bain ou miroir de salon<\/span> comme <span class=\"a-text-bold\">Miroir d&rsquo;entr\u00e9e <\/span>ou <span class=\"a-text-bold\">Miroir de hal<\/span>ou. <span class=\"a-text-bold\">Miroir de vestiaire<\/span>, bien s\u00fbr aussi comme <span class=\"a-text-bold\">Miroir de chambre <\/span>sous la forme d&rsquo;un<span class=\"a-text-bold\">Miroir pour le corps entier <\/span>respectivement<span class=\"a-text-bold\">Miroir de dressing <\/span>simplement comme mode d\u00e9coratif<span class=\"a-text-bold\">Miroir sur pied<\/span>.<\/p>\n<p>Quelle que soit l&rsquo;utilisation de votre nouveau<span class=\"a-text-bold\">Clamaro Miroir<\/span> Gr\u00e2ce aux nombreuses tailles, vous trouverez certainement un miroir dans votre chambre. <span class=\"a-text-bold\">Mesure souhait\u00e9e <\/span>avec eux.<\/p>\n\t\t\t\t\t\t\t\t<\/div>\n\t\t\t\t<\/div>\n\t\t\t\t\t<\/div>\n\t\t<\/div>\n\t\t\t\t\t<\/div>\n\t\t<\/section>\n\t\t\t\t<section class=\"elementor-section elementor-top-section elementor-element elementor-element-5203ee62 elementor-section-boxed elementor-section-height-default elementor-section-height-default qodef-elementor-content-no\" data-id=\"5203ee62\" data-element_type=\"section\">\n\t\t\t\t\t\t<div class=\"elementor-container elementor-column-gap-default\">\n\t\t\t\t\t<div class=\"elementor-column elementor-col-100 elementor-top-column elementor-element elementor-element-788a7bc3\" data-id=\"788a7bc3\" data-element_type=\"column\">\n\t\t\t<div class=\"elementor-widget-wrap elementor-element-populated\">\n\t\t\t\t\t\t<div class=\"elementor-element elementor-element-61be6912 elementor-widget-divider--view-line elementor-widget elementor-widget-divider\" data-id=\"61be6912\" data-element_type=\"widget\" data-widget_type=\"divider.default\">\n\t\t\t\t<div class=\"elementor-widget-container\">\n\t\t\t\t\t\t\t<div class=\"elementor-divider\">\n\t\t\t<span class=\"elementor-divider-separator\">\n\t\t\t\t\t\t<\/span>\n\t\t<\/div>\n\t\t\t\t\t\t<\/div>\n\t\t\t\t<\/div>\n\t\t\t\t\t<\/div>\n\t\t<\/div>\n\t\t\t\t\t<\/div>\n\t\t<\/section>\n\t\t\t\t<section class=\"elementor-section elementor-top-section elementor-element elementor-element-254f1d32 elementor-section-boxed elementor-section-height-default elementor-section-height-default qodef-elementor-content-no\" data-id=\"254f1d32\" data-element_type=\"section\">\n\t\t\t\t\t\t<div class=\"elementor-container elementor-column-gap-default\">\n\t\t\t\t\t<div class=\"elementor-column elementor-col-33 elementor-top-column elementor-element elementor-element-54cd401e\" data-id=\"54cd401e\" data-element_type=\"column\">\n\t\t\t<div class=\"elementor-widget-wrap elementor-element-populated\">\n\t\t\t\t\t\t<div class=\"elementor-element elementor-element-63506157 elementor-widget elementor-widget-image\" data-id=\"63506157\" data-element_type=\"widget\" data-widget_type=\"image.default\">\n\t\t\t\t<div class=\"elementor-widget-container\">\n\t\t\t\t\t\t\t\t\t\t\t\t\t\t\t<img decoding=\"async\" src=\"https:\/\/m.media-amazon.com\/images\/S\/aplus-media-library-service-media\/4b3fc0e1-fabd-4f69-b44e-c3eb5dd101f9.__CR172,246,702,702_PT0_SX300_V1___.jpg\" title=\"\" alt=\"\" loading=\"lazy\" \/>\t\t\t\t\t\t\t\t\t\t\t\t\t\t\t<\/div>\n\t\t\t\t<\/div>\n\t\t\t\t<div class=\"elementor-element elementor-element-1b7d745 elementor-widget elementor-widget-spacer\" data-id=\"1b7d745\" data-element_type=\"widget\" data-widget_type=\"spacer.default\">\n\t\t\t\t<div class=\"elementor-widget-container\">\n\t\t\t\t\t\t\t<div class=\"elementor-spacer\">\n\t\t\t<div class=\"elementor-spacer-inner\"><\/div>\n\t\t<\/div>\n\t\t\t\t\t\t<\/div>\n\t\t\t\t<\/div>\n\t\t\t\t<div class=\"elementor-element elementor-element-7ab72096 elementor-widget elementor-widget-text-editor\" data-id=\"7ab72096\" data-element_type=\"widget\" data-widget_type=\"text-editor.default\">\n\t\t\t\t<div class=\"elementor-widget-container\">\n\t\t\t\t\t\t\t\t\t<h4 class=\"a-spacing-mini\">Le cadre du miroir en d\u00e9tail<\/h4>\n<p>Le site<span class=\"a-text-bold\">barrette classique<\/span> son design est tr\u00e8s actuel et pourtant <span class=\"a-text-bold\">classique intemporel<\/span>. Fabriqu\u00e9 en <span class=\"a-text-bold\">Bois massif<\/span> \u00e9pic\u00e9a et avec une <span class=\"a-text-bold\">feuille d\u00e9corative r\u00e9sistante aux rayures et aux UV<\/span> lamin\u00e9.<\/p>\n<p>Une autre particularit\u00e9 de notre feuille d\u00e9corative est <span class=\"a-text-bold\">Enrobage complet (sans dos) <\/span>de la baguette du cadre en bois. Dadurch entsteht ein makelloser Gesamteindruck und die Folie bl\u00e4ttert nicht ab, wie es bei teilweise beschichteten Rahmenleisten der Fall ist.<\/p>\n\t\t\t\t\t\t\t\t<\/div>\n\t\t\t\t<\/div>\n\t\t\t\t\t<\/div>\n\t\t<\/div>\n\t\t\t\t<div class=\"elementor-column elementor-col-33 elementor-top-column elementor-element elementor-element-78f0fb1c\" data-id=\"78f0fb1c\" data-element_type=\"column\">\n\t\t\t<div class=\"elementor-widget-wrap elementor-element-populated\">\n\t\t\t\t\t\t<div class=\"elementor-element elementor-element-46aa2d63 elementor-widget elementor-widget-image\" data-id=\"46aa2d63\" data-element_type=\"widget\" data-widget_type=\"image.default\">\n\t\t\t\t<div class=\"elementor-widget-container\">\n\t\t\t\t\t\t\t\t\t\t\t\t\t\t\t<img decoding=\"async\" src=\"https:\/\/m.media-amazon.com\/images\/S\/aplus-media-library-service-media\/12faf656-846b-4ab7-8d5e-2f90bc984b17.__CR129,235,1667,1667_PT0_SX300_V1___.png\" title=\"\" alt=\"\" loading=\"lazy\" \/>\t\t\t\t\t\t\t\t\t\t\t\t\t\t\t<\/div>\n\t\t\t\t<\/div>\n\t\t\t\t<div class=\"elementor-element elementor-element-5ed67fad elementor-widget elementor-widget-spacer\" data-id=\"5ed67fad\" data-element_type=\"widget\" data-widget_type=\"spacer.default\">\n\t\t\t\t<div class=\"elementor-widget-container\">\n\t\t\t\t\t\t\t<div class=\"elementor-spacer\">\n\t\t\t<div class=\"elementor-spacer-inner\"><\/div>\n\t\t<\/div>\n\t\t\t\t\t\t<\/div>\n\t\t\t\t<\/div>\n\t\t\t\t<div class=\"elementor-element elementor-element-7522d48d elementor-widget elementor-widget-text-editor\" data-id=\"7522d48d\" data-element_type=\"widget\" data-widget_type=\"text-editor.default\">\n\t\t\t\t<div class=\"elementor-widget-container\">\n\t\t\t\t\t\t\t\t\t<h4 class=\"a-spacing-mini\">Vitre en verre miroir et paroi arri\u00e8re<\/h4>\n<p>Le miroir mural Clamaro est livr\u00e9 avec une <span class=\"a-text-bold\">Vitre miroir <\/span> \u00e9quip\u00e9 On entend par l\u00e0 un verre normal recouvert d&rsquo;un rev\u00eatement m\u00e9tallique r\u00e9fl\u00e9chissant.<\/p>\n<p>Afin d&rsquo;obtenir la <span class=\"a-text-bold\">stabilit\u00e9<\/span> n\u00e9cessaire, m\u00eame pour les grands formats de cadre de miroir, le verre de miroir est Paroi arri\u00e8re <span class=\"a-text-bold\">en bois HDF coll\u00e9e.<\/span> Cela assure le Un suppl\u00e9ment de <span class=\"a-text-bold\">stabilit\u00e9 et de long\u00e9vit\u00e9.<\/span><\/p>\n\t\t\t\t\t\t\t\t<\/div>\n\t\t\t\t<\/div>\n\t\t\t\t\t<\/div>\n\t\t<\/div>\n\t\t\t\t<div class=\"elementor-column elementor-col-33 elementor-top-column elementor-element elementor-element-5a9db234\" data-id=\"5a9db234\" data-element_type=\"column\">\n\t\t\t<div class=\"elementor-widget-wrap elementor-element-populated\">\n\t\t\t\t\t\t<div class=\"elementor-element elementor-element-14c2f7ca elementor-widget elementor-widget-image\" data-id=\"14c2f7ca\" data-element_type=\"widget\" data-widget_type=\"image.default\">\n\t\t\t\t<div class=\"elementor-widget-container\">\n\t\t\t\t\t\t\t\t\t\t\t\t\t\t\t<img decoding=\"async\" src=\"https:\/\/m.media-amazon.com\/images\/S\/aplus-media-library-service-media\/b9fe052d-8405-49e0-8e95-97b57307d72f.__CR437,105,1212,1212_PT0_SX300_V1___.jpg\" title=\"\" alt=\"\" loading=\"lazy\" \/>\t\t\t\t\t\t\t\t\t\t\t\t\t\t\t<\/div>\n\t\t\t\t<\/div>\n\t\t\t\t<div class=\"elementor-element elementor-element-68d00744 elementor-widget elementor-widget-spacer\" data-id=\"68d00744\" data-element_type=\"widget\" data-widget_type=\"spacer.default\">\n\t\t\t\t<div class=\"elementor-widget-container\">\n\t\t\t\t\t\t\t<div class=\"elementor-spacer\">\n\t\t\t<div class=\"elementor-spacer-inner\"><\/div>\n\t\t<\/div>\n\t\t\t\t\t\t<\/div>\n\t\t\t\t<\/div>\n\t\t\t\t<div class=\"elementor-element elementor-element-b220f27 elementor-widget elementor-widget-text-editor\" data-id=\"b220f27\" data-element_type=\"widget\" data-widget_type=\"text-editor.default\">\n\t\t\t\t<div class=\"elementor-widget-container\">\n\t\t\t\t\t\t\t\t\t<h4 class=\"a-spacing-mini\">Horizontal ou vertical sur le mur ou comme miroir sur pied<\/h4>\n<p><span class=\"a-text-bold\">Que ce soit en tant que miroir mural ou miroir sur pied.<\/span><\/p>\n<p>Clamaro \u00e9quipe tous ses miroirs de <span class=\"a-text-bold\">supports m\u00e9talliques stables <\/span>an \u00e9teint.<\/p>\n<p>Les supports <span class=\"a-text-bold\">n\u00e9cessaires sont fournis et vous n&rsquo;avez plus qu&rsquo;\u00e0 les visser bri\u00e8vement sur le cadre<\/span>.<\/p>\n\t\t\t\t\t\t\t\t<\/div>\n\t\t\t\t<\/div>\n\t\t\t\t\t<\/div>\n\t\t<\/div>\n\t\t\t\t\t<\/div>\n\t\t<\/section>\n\t\t\t\t<section class=\"elementor-section elementor-top-section elementor-element elementor-element-14987d5d elementor-section-boxed elementor-section-height-default elementor-section-height-default qodef-elementor-content-no\" data-id=\"14987d5d\" data-element_type=\"section\">\n\t\t\t\t\t\t<div class=\"elementor-container elementor-column-gap-default\">\n\t\t\t\t\t<div class=\"elementor-column elementor-col-50 elementor-top-column elementor-element elementor-element-61f6c142\" data-id=\"61f6c142\" data-element_type=\"column\">\n\t\t\t<div class=\"elementor-widget-wrap elementor-element-populated\">\n\t\t\t\t\t\t<div class=\"elementor-element elementor-element-68cb69cf elementor-widget elementor-widget-image\" data-id=\"68cb69cf\" data-element_type=\"widget\" data-widget_type=\"image.default\">\n\t\t\t\t<div class=\"elementor-widget-container\">\n\t\t\t\t\t\t\t\t\t\t\t\t\t\t\t<img decoding=\"async\" src=\"https:\/\/m.media-amazon.com\/images\/S\/aplus-media-library-service-media\/91eb8584-443f-47af-9901-88ffb44c57b5.__CR0,0,2000,2000_PT0_SX300_V1___.png\" title=\"\" alt=\"\" loading=\"lazy\" \/>\t\t\t\t\t\t\t\t\t\t\t\t\t\t\t<\/div>\n\t\t\t\t<\/div>\n\t\t\t\t\t<\/div>\n\t\t<\/div>\n\t\t\t\t<div class=\"elementor-column elementor-col-50 elementor-top-column elementor-element elementor-element-21128189\" data-id=\"21128189\" data-element_type=\"column\">\n\t\t\t<div class=\"elementor-widget-wrap elementor-element-populated\">\n\t\t\t\t\t\t<div class=\"elementor-element elementor-element-7720ed53 elementor-widget elementor-widget-text-editor\" data-id=\"7720ed53\" data-element_type=\"widget\" data-widget_type=\"text-editor.default\">\n\t\t\t\t<div class=\"elementor-widget-container\">\n\t\t\t\t\t\t\t\t\t<h3 class=\"a-spacing-mini\">H\u00f6chste Qualit\u00e4t und Pr\u00e4zision: handgefertigt und 100% Made in Germany<\/h3>\n<p>Tous les <span class=\"a-text-bold\">Clamaro Miroir <\/span>sont fabriqu\u00e9s sur commande dans notre manufacture de cadres, individuellement et \u00e0 la main, dans les dimensions que vous souhaitez.<span class=\"a-text-bold\"> Pr\u00e9cision et qualit\u00e9 100% Made in Germany<\/span><\/p>\n<p><span class=\"a-text-bold\">REMARQUE IMPORTANTE CONCERNANT NOS PHOTOS :<\/span> La couleur des images de produits que nous utilisons peut l\u00e9g\u00e8rement diff\u00e9rer de nos images en raison des r\u00e9glages de couleur et de luminosit\u00e9 de votre \u00e9cran.<\/p>\n\t\t\t\t\t\t\t\t<\/div>\n\t\t\t\t<\/div>\n\t\t\t\t\t<\/div>\n\t\t<\/div>\n\t\t\t\t\t<\/div>\n\t\t<\/section>\n\t\t\t\t<\/div>\n\t\t","protected":false},"excerpt":{"rendered":"<p>Miroirs baroques Clamaro EMMA, ULRICH et OSKAR en bois d&rsquo;\u00e9pic\u00e9a massif &#8211; Faits \u00e0 la main et 100% fabriqu\u00e9s en Allemagne Un miroir dans le design intemporel, \u00e0 commander dans presque tous les pays de l&rsquo;Union europ\u00e9enne toutes les dimensions communes et peut \u00e9galement transversalement ou longitudinalement au mur \u00eatre accroch\u00e9&#8230; Un accroche-regard efficace garanti [&hellip;]<\/p>\n","protected":false},"featured_media":39863,"template":"","meta":{"om_disable_all_campaigns":false},"product_brand":[],"product_cat":[4338],"product_tag":[],"class_list":{"0":"post-27688","1":"product","2":"type-product","3":"status-publish","4":"has-post-thumbnail","6":"product_cat-miroir","8":"first","9":"instock","10":"taxable","11":"shipping-taxable","12":"purchasable","13":"product-type-simple"},"gallery_images":[39866,20188,20191,20192,20189],"_links":{"self":[{"href":"https:\/\/clamaro.eu\/fr\/wp-json\/wp\/v2\/product\/27688","targetHints":{"allow":["GET"]}}],"collection":[{"href":"https:\/\/clamaro.eu\/fr\/wp-json\/wp\/v2\/product"}],"about":[{"href":"https:\/\/clamaro.eu\/fr\/wp-json\/wp\/v2\/types\/product"}],"version-history":[{"count":1,"href":"https:\/\/clamaro.eu\/fr\/wp-json\/wp\/v2\/product\/27688\/revisions"}],"predecessor-version":[{"id":27689,"href":"https:\/\/clamaro.eu\/fr\/wp-json\/wp\/v2\/product\/27688\/revisions\/27689"}],"wp:featuredmedia":[{"embeddable":true,"href":"https:\/\/clamaro.eu\/fr\/wp-json\/wp\/v2\/media\/39863"}],"wp:attachment":[{"href":"https:\/\/clamaro.eu\/fr\/wp-json\/wp\/v2\/media?parent=27688"}],"wp:term":[{"taxonomy":"product_brand","embeddable":true,"href":"https:\/\/clamaro.eu\/fr\/wp-json\/wp\/v2\/product_brand?post=27688"},{"taxonomy":"product_cat","embeddable":true,"href":"https:\/\/clamaro.eu\/fr\/wp-json\/wp\/v2\/product_cat?post=27688"},{"taxonomy":"product_tag","embeddable":true,"href":"https:\/\/clamaro.eu\/fr\/wp-json\/wp\/v2\/product_tag?post=27688"}],"curies":[{"name":"wp","href":"https:\/\/api.w.org\/{rel}","templated":true}]}}