{"id":112744,"date":"2026-01-06T09:01:45","date_gmt":"2026-01-06T09:01:45","guid":{"rendered":"https:\/\/clamaro.eu\/?post_type=product&#038;p=112744"},"modified":"2026-01-06T11:31:37","modified_gmt":"2026-01-06T11:31:37","slug":"sable","status":"publish","type":"product","link":"https:\/\/clamaro.eu\/fr\/produit\/sable\/","title":{"rendered":"Sable"},"content":{"rendered":"\t\t<div data-elementor-type=\"wp-post\" data-elementor-id=\"112744\" class=\"elementor elementor-112744 elementor-112738\">\n\t\t\t\t\t\t<section class=\"elementor-section elementor-top-section elementor-element elementor-element-3375b062 elementor-section-boxed elementor-section-height-default elementor-section-height-default qodef-elementor-content-no\" data-id=\"3375b062\" data-element_type=\"section\">\n\t\t\t\t\t\t<div class=\"elementor-container elementor-column-gap-default\">\n\t\t\t\t\t<div class=\"elementor-column elementor-col-100 elementor-top-column elementor-element elementor-element-2ade6d6d\" data-id=\"2ade6d6d\" data-element_type=\"column\">\n\t\t\t<div class=\"elementor-widget-wrap elementor-element-populated\">\n\t\t\t\t\t\t<div class=\"elementor-element elementor-element-17f9e4d0 elementor-widget elementor-widget-image\" data-id=\"17f9e4d0\" data-element_type=\"widget\" data-widget_type=\"image.default\">\n\t\t\t\t<div class=\"elementor-widget-container\">\n\t\t\t\t\t\t\t\t\t\t\t\t\t\t\t<img decoding=\"async\" src=\"https:\/\/m.media-amazon.com\/images\/S\/aplus-media-library-service-media\/8a7af628-f583-4702-8d22-927f8f7f49e2.__CR0,0,600,180_PT0_SX600_V1___.png\" title=\"\" alt=\"\" loading=\"lazy\" \/>\t\t\t\t\t\t\t\t\t\t\t\t\t\t\t<\/div>\n\t\t\t\t<\/div>\n\t\t\t\t\t<\/div>\n\t\t<\/div>\n\t\t\t\t\t<\/div>\n\t\t<\/section>\n\t\t\t\t<section class=\"elementor-section elementor-top-section elementor-element elementor-element-5203ee62 elementor-section-boxed elementor-section-height-default elementor-section-height-default qodef-elementor-content-no\" data-id=\"5203ee62\" data-element_type=\"section\">\n\t\t\t\t\t\t<div class=\"elementor-container elementor-column-gap-default\">\n\t\t\t\t\t<div class=\"elementor-column elementor-col-100 elementor-top-column elementor-element elementor-element-788a7bc3\" data-id=\"788a7bc3\" data-element_type=\"column\">\n\t\t\t<div class=\"elementor-widget-wrap elementor-element-populated\">\n\t\t\t\t\t\t<div class=\"elementor-element elementor-element-61be6912 elementor-widget-divider--view-line elementor-widget elementor-widget-divider\" data-id=\"61be6912\" data-element_type=\"widget\" data-widget_type=\"divider.default\">\n\t\t\t\t<div class=\"elementor-widget-container\">\n\t\t\t\t\t\t\t<div class=\"elementor-divider\">\n\t\t\t<span class=\"elementor-divider-separator\">\n\t\t\t\t\t\t<\/span>\n\t\t<\/div>\n\t\t\t\t\t\t<\/div>\n\t\t\t\t<\/div>\n\t\t\t\t\t<\/div>\n\t\t<\/div>\n\t\t\t\t\t<\/div>\n\t\t<\/section>\n\t\t\t\t<section class=\"elementor-section elementor-top-section elementor-element elementor-element-3b83ce2 elementor-section-boxed elementor-section-height-default elementor-section-height-default qodef-elementor-content-no\" data-id=\"3b83ce2\" data-element_type=\"section\">\n\t\t\t\t\t\t<div class=\"elementor-container elementor-column-gap-default\">\n\t\t\t\t\t<div class=\"elementor-column elementor-col-100 elementor-top-column elementor-element elementor-element-2c736a8\" data-id=\"2c736a8\" data-element_type=\"column\">\n\t\t\t<div class=\"elementor-widget-wrap elementor-element-populated\">\n\t\t\t\t\t\t<div class=\"elementor-element elementor-element-d7c1f34 elementor-widget elementor-widget-text-editor\" data-id=\"d7c1f34\" data-element_type=\"widget\" data-widget_type=\"text-editor.default\">\n\t\t\t\t<div class=\"elementor-widget-container\">\n\t\t\t\t\t\t\t\t\t<\/p>\n<h3><strong style=\"color: var( --e-global-color-text ); font-family: var( --e-global-typography-text-font-family ), Sans-serif;\">Fabriqu\u00e9 en Allemagne<\/strong><\/h3>\n<p><span style=\"font-size: 20px;\"><strong>Propre atelier de ma\u00eetre avec plus de 35 ans d&rsquo;exp\u00e9rience.<\/strong><\/span><\/p>\n<\/p>\n<p><img decoding=\"async\" style=\"height: 80px; width: 350px;\" src=\"https:\/\/cdn03.plentymarkets.com\/mmx8yrv4qndt\/item\/images\/204\/full\/Wir-sind-Mitglied-bei-der--2-.jpg\" alt=\"\" data-cke-saved-src=\"https:\/\/cdn03.plentymarkets.com\/mmx8yrv4qndt\/item\/images\/204\/full\/Wir-sind-Mitglied-bei-der--2-.jpg\"><img decoding=\"async\" style=\"width: 114px; height: 70px;\" src=\"https:\/\/cdn03.plentymarkets.com\/mmx8yrv4qndt\/item\/images\/204\/full\/kaeufersiegel.png\" alt=\"\" data-cke-saved-src=\"https:\/\/cdn03.plentymarkets.com\/mmx8yrv4qndt\/item\/images\/204\/full\/kaeufersiegel.png\"> <img decoding=\"async\" style=\"width: 150px; height: 84px;\" src=\"https:\/\/cdn03.plentymarkets.com\/mmx8yrv4qndt\/item\/images\/204\/full\/haendlerbund.png\" alt=\"\" data-cke-saved-src=\"https:\/\/cdn03.plentymarkets.com\/mmx8yrv4qndt\/item\/images\/204\/full\/haendlerbund.png\"><\/p><\/p>\n\t\t\t\t\t\t\t\t<\/div>\n\t\t\t\t<\/div>\n\t\t\t\t\t<\/div>\n\t\t<\/div>\n\t\t\t\t\t<\/div>\n\t\t<\/section>\n\t\t\t\t<section class=\"elementor-section elementor-top-section elementor-element elementor-element-6828006 elementor-section-boxed elementor-section-height-default elementor-section-height-default qodef-elementor-content-no\" data-id=\"6828006\" data-element_type=\"section\">\n\t\t\t\t\t\t<div class=\"elementor-container elementor-column-gap-default\">\n\t\t\t\t\t<div class=\"elementor-column elementor-col-100 elementor-top-column elementor-element elementor-element-d5f7667\" data-id=\"d5f7667\" data-element_type=\"column\">\n\t\t\t<div class=\"elementor-widget-wrap elementor-element-populated\">\n\t\t\t\t\t\t<div class=\"elementor-element elementor-element-82db6be elementor-widget elementor-widget-text-editor\" data-id=\"82db6be\" data-element_type=\"widget\" data-widget_type=\"text-editor.default\">\n\t\t\t\t<div class=\"elementor-widget-container\">\n\t\t\t\t\t\t\t\t\t<p><strong>Fabrication sur mesure de passe-partout \u2013 Qualit\u00e9 et pr\u00e9cision exclusives<\/strong><\/p><p>\u00a0<\/p><p>Nous vous offrons la possibilit\u00e9 de faire r\u00e9aliser des passe-partout exactement selon vos dimensions individuelles, sans suppl\u00e9ment de prix ! Chaque passe-partout est fabriqu\u00e9 avec la plus grande pr\u00e9cision et le plus grand soin dans notre atelier et contr\u00f4l\u00e9 avant de quitter notre maison. Nous vous garantissons ainsi des produits d&rsquo;une qualit\u00e9 irr\u00e9prochable.<br \/><br \/><\/p><p><strong>\u00c0 propos de nos passe-partout<\/strong><\/p><p><strong>\u00c9paisseur et qualit\u00e9 du mat\u00e9riau : nos passe-partout ont une \u00e9paisseur de 2 mm.<br \/><br \/><\/strong><\/p><p><strong>Formats int\u00e9rieurs et ext\u00e9rieurs sur mesure<\/strong><\/p><p>D\u00e9coupe int\u00e9rieure : la d\u00e9coupe int\u00e9rieure du passe-partout est r\u00e9alis\u00e9e exactement selon vos sp\u00e9cifications.<br \/>Nous recommandons de choisir une d\u00e9coupe de 6 \u00e0 10 mm plus petite que le format de l&rsquo;image afin de pouvoir fixer celle-ci en toute s\u00e9curit\u00e9 derri\u00e8re le passe-partout.<br \/><br \/><\/p><p><strong>Format ext\u00e9rieur<\/strong> : choisissez un format standard ou faites d\u00e9couper le format ext\u00e9rieur selon vos souhaits.<br \/><br \/><strong>Exemple<\/strong> : pour un passe-partout au format ext\u00e9rieur 38 x 46 cm, veuillez choisir le format standard sup\u00e9rieur 40 x 50 cm et nous communiquer les dimensions souhait\u00e9es apr\u00e8s l&rsquo;achat.<br \/><br \/><\/p><p><strong>Nous sommes \u00e0 votre disposition pour toute question.<\/strong><\/p><p>Optez pour la qualit\u00e9 et la pr\u00e9cision : vos photos m\u00e9ritent le meilleur cadre !<br \/><br \/><\/p><p><strong>IMPORTANT<\/strong> : veuillez ne pas acheter chaque article s\u00e9par\u00e9ment, mais ajoutez tous les articles souhait\u00e9s \u00e0 votre panier et payez l&rsquo;ensemble de vos achats en une seule fois. C&rsquo;est la seule fa\u00e7on pour nous de ne vous facturer les frais d&rsquo;exp\u00e9dition qu&rsquo;une seule fois par commande.<\/p>\t\t\t\t\t\t\t\t<\/div>\n\t\t\t\t<\/div>\n\t\t\t\t\t<\/div>\n\t\t<\/div>\n\t\t\t\t\t<\/div>\n\t\t<\/section>\n\t\t\t\t<\/div>\n\t\t","protected":false},"excerpt":{"rendered":"<p>Fabriqu\u00e9 en Allemagne Propre atelier de ma\u00eetre avec plus de 35 ans d&rsquo;exp\u00e9rience. Fabrication sur mesure de passe-partout \u2013 Qualit\u00e9 et pr\u00e9cision exclusives Nous vous offrons la possibilit\u00e9 de faire r\u00e9aliser des passe-partout exactement selon vos dimensions individuelles, sans suppl\u00e9ment de prix ! Chaque passe-partout est fabriqu\u00e9 avec la plus grande pr\u00e9cision et le plus [&hellip;]<\/p>\n","protected":false},"featured_media":112761,"template":"","meta":{"om_disable_all_campaigns":false},"product_brand":[],"product_cat":[4935],"product_tag":[],"class_list":{"0":"post-112744","1":"product","2":"type-product","3":"status-publish","4":"has-post-thumbnail","6":"product_cat-passe_partout","8":"first","9":"instock","10":"taxable","11":"shipping-taxable","12":"purchasable","13":"product-type-simple"},"gallery_images":[112713,112651,112665],"_links":{"self":[{"href":"https:\/\/clamaro.eu\/fr\/wp-json\/wp\/v2\/product\/112744","targetHints":{"allow":["GET"]}}],"collection":[{"href":"https:\/\/clamaro.eu\/fr\/wp-json\/wp\/v2\/product"}],"about":[{"href":"https:\/\/clamaro.eu\/fr\/wp-json\/wp\/v2\/types\/product"}],"version-history":[{"count":7,"href":"https:\/\/clamaro.eu\/fr\/wp-json\/wp\/v2\/product\/112744\/revisions"}],"predecessor-version":[{"id":113050,"href":"https:\/\/clamaro.eu\/fr\/wp-json\/wp\/v2\/product\/112744\/revisions\/113050"}],"wp:featuredmedia":[{"embeddable":true,"href":"https:\/\/clamaro.eu\/fr\/wp-json\/wp\/v2\/media\/112761"}],"wp:attachment":[{"href":"https:\/\/clamaro.eu\/fr\/wp-json\/wp\/v2\/media?parent=112744"}],"wp:term":[{"taxonomy":"product_brand","embeddable":true,"href":"https:\/\/clamaro.eu\/fr\/wp-json\/wp\/v2\/product_brand?post=112744"},{"taxonomy":"product_cat","embeddable":true,"href":"https:\/\/clamaro.eu\/fr\/wp-json\/wp\/v2\/product_cat?post=112744"},{"taxonomy":"product_tag","embeddable":true,"href":"https:\/\/clamaro.eu\/fr\/wp-json\/wp\/v2\/product_tag?post=112744"}],"curies":[{"name":"wp","href":"https:\/\/api.w.org\/{rel}","templated":true}]}}