{"id":110844,"date":"2024-07-16T08:16:42","date_gmt":"2024-07-16T08:16:42","guid":{"rendered":"https:\/\/clamaro.eu\/product\/miroir-florenz\/"},"modified":"2025-12-22T09:51:28","modified_gmt":"2025-12-22T09:51:28","slug":"miroir-florenz","status":"publish","type":"product","link":"https:\/\/clamaro.eu\/fr\/produit\/miroir-florenz\/","title":{"rendered":"Miroir FLORENZ"},"content":{"rendered":"\t\t<div data-elementor-type=\"wp-post\" data-elementor-id=\"110844\" class=\"elementor elementor-110844 elementor-63966\">\n\t\t\t\t\t\t<section class=\"elementor-section elementor-top-section elementor-element elementor-element-3375b062 elementor-section-boxed elementor-section-height-default elementor-section-height-default qodef-elementor-content-no\" data-id=\"3375b062\" data-element_type=\"section\">\n\t\t\t\t\t\t<div class=\"elementor-container elementor-column-gap-default\">\n\t\t\t\t\t<div class=\"elementor-column elementor-col-100 elementor-top-column elementor-element elementor-element-2ade6d6d\" data-id=\"2ade6d6d\" data-element_type=\"column\">\n\t\t\t<div class=\"elementor-widget-wrap elementor-element-populated\">\n\t\t\t\t\t\t<div class=\"elementor-element elementor-element-17f9e4d0 elementor-widget elementor-widget-image\" data-id=\"17f9e4d0\" data-element_type=\"widget\" data-widget_type=\"image.default\">\n\t\t\t\t<div class=\"elementor-widget-container\">\n\t\t\t\t\t\t\t\t\t\t\t\t\t\t\t<img decoding=\"async\" src=\"https:\/\/m.media-amazon.com\/images\/S\/aplus-media-library-service-media\/8a7af628-f583-4702-8d22-927f8f7f49e2.__CR0,0,600,180_PT0_SX600_V1___.png\" title=\"\" alt=\"\" loading=\"lazy\" \/>\t\t\t\t\t\t\t\t\t\t\t\t\t\t\t<\/div>\n\t\t\t\t<\/div>\n\t\t\t\t\t<\/div>\n\t\t<\/div>\n\t\t\t\t\t<\/div>\n\t\t<\/section>\n\t\t\t\t<section class=\"elementor-section elementor-top-section elementor-element elementor-element-5dc6166 elementor-section-boxed elementor-section-height-default elementor-section-height-default qodef-elementor-content-no\" data-id=\"5dc6166\" data-element_type=\"section\">\n\t\t\t\t\t\t<div class=\"elementor-container elementor-column-gap-default\">\n\t\t\t\t\t<div class=\"elementor-column elementor-col-100 elementor-top-column elementor-element elementor-element-ade8803\" data-id=\"ade8803\" data-element_type=\"column\">\n\t\t\t<div class=\"elementor-widget-wrap elementor-element-populated\">\n\t\t\t\t\t\t<div class=\"elementor-element elementor-element-bd7324c elementor-widget elementor-widget-text-editor\" data-id=\"bd7324c\" data-element_type=\"widget\" data-widget_type=\"text-editor.default\">\n\t\t\t\t<div class=\"elementor-widget-container\">\n\t\t\t\t\t\t\t\t\t<h3 style=\"background-color: #ffffff;\"><span class=\"a-text-bold\">CLAMARO MIROIR BAROQUE ATHEN EN \u00c9PIC\u00c9A MASSIF &#8211; FAIT MAIN ET 100% MADE IN GERMANY<\/span><\/h3><p style=\"background-color: #ffffff; color: #7a7a7a; font-family: Roboto, sans-serif; font-size: 15px; font-weight: 400; letter-spacing: normal; text-transform: none;\">Un miroir au design classique intemporel, pouvant \u00eatre command\u00e9 dans presque toutes les dimensions courantes et pouvant en outre \u00eatre accroch\u00e9 au mur dans le sens de la largeur ou de la longueur&#8230; Un accroche-regard efficace garanti ! <\/p><p style=\"background-color: #ffffff; color: #7a7a7a; font-family: Roboto, sans-serif; font-size: 15px; font-weight: 400; letter-spacing: normal; text-transform: none;\">Un miroir mural permet d&rsquo;agrandir visuellement vos pi\u00e8ces et, en m\u00eame temps, un miroir peut rendre votre maison plus lumineuse et plus a\u00e9r\u00e9e. Bien s\u00fbr, un miroir est et doit aussi contribuer \u00e0 la d\u00e9coration et r\u00e9v\u00e9ler d&rsquo;un coup d&rsquo;\u0153il si la tenue convient ou si la coiffure est adapt\u00e9e. <\/p><p style=\"background-color: #ffffff; color: #7a7a7a; font-family: Roboto, sans-serif; font-size: 15px; font-weight: 400; letter-spacing: normal; text-transform: none;\">Les miroirs Clamaro peuvent \u00eatre utilis\u00e9s, selon leur taille, comme miroir de salle de bain ou miroir de salon, comme miroir d&rsquo;entr\u00e9e ou miroir de vestiaire, bien s\u00fbr aussi comme miroir de chambre \u00e0 coucher sous forme de miroir int\u00e9gral ou de miroir d&rsquo;habillage ou simplement comme miroir d\u00e9coratif sur pied.<\/p><p style=\"background-color: #ffffff; color: #7a7a7a; font-family: Roboto, sans-serif; font-size: 15px; font-weight: 400; letter-spacing: normal; text-transform: none;\">Quelle que soit l&rsquo;utilisation que vous ferez de votre nouveau miroir Clamaro, vous trouverez certainement un miroir aux dimensions que vous souhaitez gr\u00e2ce aux nombreuses tailles disponibles.<\/p><p style=\"background-color: #ffffff; color: #7a7a7a; font-family: Roboto, sans-serif; font-size: 15px; font-weight: 400; letter-spacing: normal; text-transform: none;\">Qualit\u00e9 et pr\u00e9cision maximales : fabriqu\u00e9 \u00e0 la main et 100% Made in Germany.<\/p>\t\t\t\t\t\t\t\t<\/div>\n\t\t\t\t<\/div>\n\t\t\t\t\t<\/div>\n\t\t<\/div>\n\t\t\t\t\t<\/div>\n\t\t<\/section>\n\t\t\t\t<section class=\"elementor-section elementor-top-section elementor-element elementor-element-5203ee62 elementor-section-boxed elementor-section-height-default elementor-section-height-default qodef-elementor-content-no\" data-id=\"5203ee62\" data-element_type=\"section\">\n\t\t\t\t\t\t<div class=\"elementor-container elementor-column-gap-default\">\n\t\t\t\t\t<div class=\"elementor-column elementor-col-100 elementor-top-column elementor-element elementor-element-788a7bc3\" data-id=\"788a7bc3\" data-element_type=\"column\">\n\t\t\t<div class=\"elementor-widget-wrap elementor-element-populated\">\n\t\t\t\t\t\t<div class=\"elementor-element elementor-element-61be6912 elementor-widget-divider--view-line elementor-widget elementor-widget-divider\" data-id=\"61be6912\" data-element_type=\"widget\" data-widget_type=\"divider.default\">\n\t\t\t\t<div class=\"elementor-widget-container\">\n\t\t\t\t\t\t\t<div class=\"elementor-divider\">\n\t\t\t<span class=\"elementor-divider-separator\">\n\t\t\t\t\t\t<\/span>\n\t\t<\/div>\n\t\t\t\t\t\t<\/div>\n\t\t\t\t<\/div>\n\t\t\t\t\t<\/div>\n\t\t<\/div>\n\t\t\t\t\t<\/div>\n\t\t<\/section>\n\t\t\t\t<section class=\"elementor-section elementor-top-section elementor-element elementor-element-254f1d32 elementor-section-boxed elementor-section-height-default elementor-section-height-default qodef-elementor-content-no\" data-id=\"254f1d32\" data-element_type=\"section\">\n\t\t\t\t\t\t<div class=\"elementor-container elementor-column-gap-default\">\n\t\t\t\t\t<div class=\"elementor-column elementor-col-33 elementor-top-column elementor-element elementor-element-54cd401e\" data-id=\"54cd401e\" data-element_type=\"column\">\n\t\t\t<div class=\"elementor-widget-wrap elementor-element-populated\">\n\t\t\t\t\t\t<div class=\"elementor-element elementor-element-63506157 elementor-widget elementor-widget-image\" data-id=\"63506157\" data-element_type=\"widget\" data-widget_type=\"image.default\">\n\t\t\t\t<div class=\"elementor-widget-container\">\n\t\t\t\t\t\t\t\t\t\t\t\t\t\t\t<img fetchpriority=\"high\" decoding=\"async\" width=\"1500\" height=\"1500\" src=\"https:\/\/clamaro.eu\/wp-content\/uploads\/2024\/07\/clamaro-athen-bilderrahmen-barockrahmen-3-1-1.jpg\" class=\"attachment-1536x1536 size-1536x1536 wp-image-64100\" alt=\"\" srcset=\"https:\/\/clamaro.eu\/wp-content\/uploads\/2024\/07\/clamaro-athen-bilderrahmen-barockrahmen-3-1-1.jpg 1500w, https:\/\/clamaro.eu\/wp-content\/uploads\/2024\/07\/clamaro-athen-bilderrahmen-barockrahmen-3-1-1-300x300.jpg 300w, https:\/\/clamaro.eu\/wp-content\/uploads\/2024\/07\/clamaro-athen-bilderrahmen-barockrahmen-3-1-1-1024x1024.jpg 1024w, https:\/\/clamaro.eu\/wp-content\/uploads\/2024\/07\/clamaro-athen-bilderrahmen-barockrahmen-3-1-1-150x150.jpg 150w, https:\/\/clamaro.eu\/wp-content\/uploads\/2024\/07\/clamaro-athen-bilderrahmen-barockrahmen-3-1-1-768x768.jpg 768w, https:\/\/clamaro.eu\/wp-content\/uploads\/2024\/07\/clamaro-athen-bilderrahmen-barockrahmen-3-1-1-650x650.jpg 650w, https:\/\/clamaro.eu\/wp-content\/uploads\/2024\/07\/clamaro-athen-bilderrahmen-barockrahmen-3-1-1-1300x1300.jpg 1300w, https:\/\/clamaro.eu\/wp-content\/uploads\/2024\/07\/clamaro-athen-bilderrahmen-barockrahmen-3-1-1-600x600.jpg 600w\" sizes=\"(max-width: 1500px) 100vw, 1500px\" \/>\t\t\t\t\t\t\t\t\t\t\t\t\t\t\t<\/div>\n\t\t\t\t<\/div>\n\t\t\t\t<div class=\"elementor-element elementor-element-1b7d745 elementor-widget elementor-widget-spacer\" data-id=\"1b7d745\" data-element_type=\"widget\" data-widget_type=\"spacer.default\">\n\t\t\t\t<div class=\"elementor-widget-container\">\n\t\t\t\t\t\t\t<div class=\"elementor-spacer\">\n\t\t\t<div class=\"elementor-spacer-inner\"><\/div>\n\t\t<\/div>\n\t\t\t\t\t\t<\/div>\n\t\t\t\t<\/div>\n\t\t\t\t<div class=\"elementor-element elementor-element-7ab72096 elementor-widget elementor-widget-text-editor\" data-id=\"7ab72096\" data-element_type=\"widget\" data-widget_type=\"text-editor.default\">\n\t\t\t\t<div class=\"elementor-widget-container\">\n\t\t\t\t\t\t\t\t\t<h4 class=\"a-spacing-mini\">Le cadre du miroir en d\u00e9tail<\/h4><p>Le site<span class=\"a-text-bold\">barrette classique<\/span> son design est tr\u00e8s actuel et pourtant <span class=\"a-text-bold\">classique intemporel<\/span>. Fabriqu\u00e9 en <span class=\"a-text-bold\">Bois massif<\/span> \u00e9pic\u00e9a et avec une <span class=\"a-text-bold\">feuille d\u00e9corative r\u00e9sistante aux rayures et aux UV<\/span> lamin\u00e9. <\/p><p>Une autre particularit\u00e9 de notre feuille d\u00e9corative est <span class=\"a-text-bold\">Enrobage complet (sans dos) <\/span>de la baguette du cadre en bois. Dadurch entsteht ein makelloser Gesamteindruck und die Folie bl\u00e4ttert nicht ab, wie es bei teilweise beschichteten Rahmenleisten der Fall ist. <\/p>\t\t\t\t\t\t\t\t<\/div>\n\t\t\t\t<\/div>\n\t\t\t\t\t<\/div>\n\t\t<\/div>\n\t\t\t\t<div class=\"elementor-column elementor-col-33 elementor-top-column elementor-element elementor-element-78f0fb1c\" data-id=\"78f0fb1c\" data-element_type=\"column\">\n\t\t\t<div class=\"elementor-widget-wrap elementor-element-populated\">\n\t\t\t\t\t\t<div class=\"elementor-element elementor-element-46aa2d63 elementor-widget elementor-widget-image\" data-id=\"46aa2d63\" data-element_type=\"widget\" data-widget_type=\"image.default\">\n\t\t\t\t<div class=\"elementor-widget-container\">\n\t\t\t\t\t\t\t\t\t\t\t\t\t\t\t<img decoding=\"async\" src=\"https:\/\/m.media-amazon.com\/images\/S\/aplus-media-library-service-media\/12faf656-846b-4ab7-8d5e-2f90bc984b17.__CR129,235,1667,1667_PT0_SX300_V1___.png\" title=\"\" alt=\"\" loading=\"lazy\" \/>\t\t\t\t\t\t\t\t\t\t\t\t\t\t\t<\/div>\n\t\t\t\t<\/div>\n\t\t\t\t<div class=\"elementor-element elementor-element-5ed67fad elementor-widget elementor-widget-spacer\" data-id=\"5ed67fad\" data-element_type=\"widget\" data-widget_type=\"spacer.default\">\n\t\t\t\t<div class=\"elementor-widget-container\">\n\t\t\t\t\t\t\t<div class=\"elementor-spacer\">\n\t\t\t<div class=\"elementor-spacer-inner\"><\/div>\n\t\t<\/div>\n\t\t\t\t\t\t<\/div>\n\t\t\t\t<\/div>\n\t\t\t\t<div class=\"elementor-element elementor-element-7522d48d elementor-widget elementor-widget-text-editor\" data-id=\"7522d48d\" data-element_type=\"widget\" data-widget_type=\"text-editor.default\">\n\t\t\t\t<div class=\"elementor-widget-container\">\n\t\t\t\t\t\t\t\t\t<h4 class=\"a-spacing-mini\">Vitre en verre miroir et paroi arri\u00e8re<\/h4><p>Le miroir mural Clamaro est livr\u00e9 avec une <span class=\"a-text-bold\">Vitre miroir <\/span> \u00e9quip\u00e9 On entend par l\u00e0 un verre normal recouvert d&rsquo;un rev\u00eatement m\u00e9tallique r\u00e9fl\u00e9chissant. <\/p><p>Afin d&rsquo;obtenir la <span class=\"a-text-bold\">stabilit\u00e9<\/span> n\u00e9cessaire, m\u00eame pour les grands formats de cadre de miroir, le verre de miroir est Paroi arri\u00e8re <span class=\"a-text-bold\">en bois HDF coll\u00e9e.<\/span> Cela assure le Un suppl\u00e9ment de <span class=\"a-text-bold\">stabilit\u00e9 et de long\u00e9vit\u00e9.<\/span> <\/p>\t\t\t\t\t\t\t\t<\/div>\n\t\t\t\t<\/div>\n\t\t\t\t\t<\/div>\n\t\t<\/div>\n\t\t\t\t<div class=\"elementor-column elementor-col-33 elementor-top-column elementor-element elementor-element-5a9db234\" data-id=\"5a9db234\" data-element_type=\"column\">\n\t\t\t<div class=\"elementor-widget-wrap elementor-element-populated\">\n\t\t\t\t\t\t<div class=\"elementor-element elementor-element-14c2f7ca elementor-widget elementor-widget-image\" data-id=\"14c2f7ca\" data-element_type=\"widget\" data-widget_type=\"image.default\">\n\t\t\t\t<div class=\"elementor-widget-container\">\n\t\t\t\t\t\t\t\t\t\t\t\t\t\t\t<img decoding=\"async\" src=\"https:\/\/m.media-amazon.com\/images\/S\/aplus-media-library-service-media\/b9fe052d-8405-49e0-8e95-97b57307d72f.__CR437,105,1212,1212_PT0_SX300_V1___.jpg\" title=\"\" alt=\"\" loading=\"lazy\" \/>\t\t\t\t\t\t\t\t\t\t\t\t\t\t\t<\/div>\n\t\t\t\t<\/div>\n\t\t\t\t<div class=\"elementor-element elementor-element-68d00744 elementor-widget elementor-widget-spacer\" data-id=\"68d00744\" data-element_type=\"widget\" data-widget_type=\"spacer.default\">\n\t\t\t\t<div class=\"elementor-widget-container\">\n\t\t\t\t\t\t\t<div class=\"elementor-spacer\">\n\t\t\t<div class=\"elementor-spacer-inner\"><\/div>\n\t\t<\/div>\n\t\t\t\t\t\t<\/div>\n\t\t\t\t<\/div>\n\t\t\t\t<div class=\"elementor-element elementor-element-b220f27 elementor-widget elementor-widget-text-editor\" data-id=\"b220f27\" data-element_type=\"widget\" data-widget_type=\"text-editor.default\">\n\t\t\t\t<div class=\"elementor-widget-container\">\n\t\t\t\t\t\t\t\t\t<h4 class=\"a-spacing-mini\">Horizontal ou vertical sur le mur ou comme miroir sur pied<\/h4><p><span class=\"a-text-bold\">Que ce soit en tant que miroir mural ou miroir sur pied.<\/span><\/p><p>Clamaro \u00e9quipe tous ses miroirs de <span class=\"a-text-bold\">supports m\u00e9talliques stables <\/span>an \u00e9teint.<\/p><p>Les supports <span class=\"a-text-bold\">n\u00e9cessaires sont fournis et vous n&rsquo;avez plus qu&rsquo;\u00e0 les visser bri\u00e8vement sur le cadre<\/span>.<\/p>\t\t\t\t\t\t\t\t<\/div>\n\t\t\t\t<\/div>\n\t\t\t\t\t<\/div>\n\t\t<\/div>\n\t\t\t\t\t<\/div>\n\t\t<\/section>\n\t\t\t\t<section class=\"elementor-section elementor-top-section elementor-element elementor-element-14987d5d elementor-section-boxed elementor-section-height-default elementor-section-height-default qodef-elementor-content-no\" data-id=\"14987d5d\" data-element_type=\"section\">\n\t\t\t\t\t\t<div class=\"elementor-container elementor-column-gap-default\">\n\t\t\t\t\t<div class=\"elementor-column elementor-col-50 elementor-top-column elementor-element elementor-element-61f6c142\" data-id=\"61f6c142\" data-element_type=\"column\">\n\t\t\t<div class=\"elementor-widget-wrap elementor-element-populated\">\n\t\t\t\t\t\t<div class=\"elementor-element elementor-element-68cb69cf elementor-widget elementor-widget-image\" data-id=\"68cb69cf\" data-element_type=\"widget\" data-widget_type=\"image.default\">\n\t\t\t\t<div class=\"elementor-widget-container\">\n\t\t\t\t\t\t\t\t\t\t\t\t\t\t\t<img decoding=\"async\" src=\"https:\/\/m.media-amazon.com\/images\/S\/aplus-media-library-service-media\/91eb8584-443f-47af-9901-88ffb44c57b5.__CR0,0,2000,2000_PT0_SX300_V1___.png\" title=\"\" alt=\"\" loading=\"lazy\" \/>\t\t\t\t\t\t\t\t\t\t\t\t\t\t\t<\/div>\n\t\t\t\t<\/div>\n\t\t\t\t\t<\/div>\n\t\t<\/div>\n\t\t\t\t<div class=\"elementor-column elementor-col-50 elementor-top-column elementor-element elementor-element-21128189\" data-id=\"21128189\" data-element_type=\"column\">\n\t\t\t<div class=\"elementor-widget-wrap elementor-element-populated\">\n\t\t\t\t\t\t<div class=\"elementor-element elementor-element-7720ed53 elementor-widget elementor-widget-text-editor\" data-id=\"7720ed53\" data-element_type=\"widget\" data-widget_type=\"text-editor.default\">\n\t\t\t\t<div class=\"elementor-widget-container\">\n\t\t\t\t\t\t\t\t\t<h3 class=\"a-spacing-mini\">H\u00f6chste Qualit\u00e4t und Pr\u00e4zision: handgefertigt und 100% Made in Germany<\/h3><p>Tous les <span class=\"a-text-bold\">Clamaro Miroir <\/span>sont fabriqu\u00e9s sur commande dans notre manufacture de cadres, individuellement et \u00e0 la main, dans les dimensions que vous souhaitez.<span class=\"a-text-bold\"> Pr\u00e9cision et qualit\u00e9 100% Made in Germany<\/span><\/p><p><span class=\"a-text-bold\">REMARQUE IMPORTANTE CONCERNANT NOS PHOTOS :<\/span> La couleur des images de produits que nous utilisons peut l\u00e9g\u00e8rement diff\u00e9rer de nos images en raison des r\u00e9glages de couleur et de luminosit\u00e9 de votre \u00e9cran.<\/p>\t\t\t\t\t\t\t\t<\/div>\n\t\t\t\t<\/div>\n\t\t\t\t\t<\/div>\n\t\t<\/div>\n\t\t\t\t\t<\/div>\n\t\t<\/section>\n\t\t\t\t<section class=\"elementor-section elementor-top-section elementor-element elementor-element-66dfc01 elementor-section-boxed elementor-section-height-default elementor-section-height-default qodef-elementor-content-no\" data-id=\"66dfc01\" data-element_type=\"section\">\n\t\t\t\t\t\t<div class=\"elementor-container elementor-column-gap-default\">\n\t\t\t\t\t<div class=\"elementor-column elementor-col-100 elementor-top-column elementor-element elementor-element-be81eb1\" data-id=\"be81eb1\" data-element_type=\"column\">\n\t\t\t<div class=\"elementor-widget-wrap elementor-element-populated\">\n\t\t\t\t\t\t<div class=\"elementor-element elementor-element-da99ab0 elementor-widget elementor-widget-text-editor\" data-id=\"da99ab0\" data-element_type=\"widget\" data-widget_type=\"text-editor.default\">\n\t\t\t\t<div class=\"elementor-widget-container\">\n\t\t\t\t\t\t\t\t\t<p> <\/p><h3><strong style=\"color: var( --e-global-color-text ); font-family: var( --e-global-typography-text-font-family ), Sans-serif;\">Fabriqu\u00e9 en Allemagne<\/strong><\/h3><p><span style=\"font-size: 20px;\"><strong>Propre atelier de ma\u00eetre avec plus de 35 ans d&rsquo;exp\u00e9rience.<\/strong><\/span><\/p><p> <\/p><p><img decoding=\"async\" style=\"height: 80px; width: 350px;\" src=\"https:\/\/cdn03.plentymarkets.com\/mmx8yrv4qndt\/item\/images\/204\/full\/Wir-sind-Mitglied-bei-der--2-.jpg\" alt=\"\" data-cke-saved-src=\"https:\/\/cdn03.plentymarkets.com\/mmx8yrv4qndt\/item\/images\/204\/full\/Wir-sind-Mitglied-bei-der--2-.jpg\"><img decoding=\"async\" style=\"width: 114px; height: 70px;\" src=\"https:\/\/cdn03.plentymarkets.com\/mmx8yrv4qndt\/item\/images\/204\/full\/kaeufersiegel.png\" alt=\"\" data-cke-saved-src=\"https:\/\/cdn03.plentymarkets.com\/mmx8yrv4qndt\/item\/images\/204\/full\/kaeufersiegel.png\"> <img decoding=\"async\" style=\"width: 150px; height: 84px;\" src=\"https:\/\/cdn03.plentymarkets.com\/mmx8yrv4qndt\/item\/images\/204\/full\/haendlerbund.png\" alt=\"\" data-cke-saved-src=\"https:\/\/cdn03.plentymarkets.com\/mmx8yrv4qndt\/item\/images\/204\/full\/haendlerbund.png\"><\/p><p> <\/p>\t\t\t\t\t\t\t\t<\/div>\n\t\t\t\t<\/div>\n\t\t\t\t\t<\/div>\n\t\t<\/div>\n\t\t\t\t\t<\/div>\n\t\t<\/section>\n\t\t\t\t<\/div>\n\t\t","protected":false},"excerpt":{"rendered":"<p><span style=\"color: #808080;\"><strong><a style=\"color: #808080;\" href=\"https:\/\/clamaro.eu\/wp-content\/uploads\/2024\/05\/Konformitaetserklaerung-Spiegel-mit-Unterschrift.pdf.pdf\">miroir mural s\u00e9curit\u00e9 et ressource produit.pdf<\/a><\/strong><\/span><\/p>\n","protected":false},"featured_media":64772,"template":"","meta":{"om_disable_all_campaigns":false},"product_brand":[],"product_cat":[4917,4338],"product_tag":[],"class_list":{"0":"post-110844","1":"product","2":"type-product","3":"status-publish","4":"has-post-thumbnail","6":"product_cat-bois-massif-vintage","7":"product_cat-miroir","9":"first","10":"instock","11":"taxable","12":"shipping-taxable","13":"purchasable","14":"product-type-simple"},"gallery_images":[64790,64796,64778,64784,63803,63809],"_links":{"self":[{"href":"https:\/\/clamaro.eu\/fr\/wp-json\/wp\/v2\/product\/110844","targetHints":{"allow":["GET"]}}],"collection":[{"href":"https:\/\/clamaro.eu\/fr\/wp-json\/wp\/v2\/product"}],"about":[{"href":"https:\/\/clamaro.eu\/fr\/wp-json\/wp\/v2\/types\/product"}],"version-history":[{"count":5,"href":"https:\/\/clamaro.eu\/fr\/wp-json\/wp\/v2\/product\/110844\/revisions"}],"predecessor-version":[{"id":111488,"href":"https:\/\/clamaro.eu\/fr\/wp-json\/wp\/v2\/product\/110844\/revisions\/111488"}],"wp:featuredmedia":[{"embeddable":true,"href":"https:\/\/clamaro.eu\/fr\/wp-json\/wp\/v2\/media\/64772"}],"wp:attachment":[{"href":"https:\/\/clamaro.eu\/fr\/wp-json\/wp\/v2\/media?parent=110844"}],"wp:term":[{"taxonomy":"product_brand","embeddable":true,"href":"https:\/\/clamaro.eu\/fr\/wp-json\/wp\/v2\/product_brand?post=110844"},{"taxonomy":"product_cat","embeddable":true,"href":"https:\/\/clamaro.eu\/fr\/wp-json\/wp\/v2\/product_cat?post=110844"},{"taxonomy":"product_tag","embeddable":true,"href":"https:\/\/clamaro.eu\/fr\/wp-json\/wp\/v2\/product_tag?post=110844"}],"curies":[{"name":"wp","href":"https:\/\/api.w.org\/{rel}","templated":true}]}}