{"id":108321,"date":"2024-07-03T08:56:41","date_gmt":"2024-07-03T08:56:41","guid":{"rendered":"https:\/\/clamaro.eu\/product\/franz\/"},"modified":"2025-12-03T11:26:18","modified_gmt":"2025-12-03T11:26:18","slug":"franz","status":"publish","type":"product","link":"https:\/\/clamaro.eu\/fr\/produit\/franz\/","title":{"rendered":"Franz"},"content":{"rendered":"\t\t<div data-elementor-type=\"wp-post\" data-elementor-id=\"108321\" class=\"elementor elementor-108321 elementor-62148\">\n\t\t\t\t\t\t<section class=\"elementor-section elementor-top-section elementor-element elementor-element-01640d8 elementor-section-boxed elementor-section-height-default elementor-section-height-default qodef-elementor-content-no\" data-id=\"01640d8\" data-element_type=\"section\">\n\t\t\t\t\t\t<div class=\"elementor-container elementor-column-gap-default\">\n\t\t\t\t\t<div class=\"elementor-column elementor-col-100 elementor-top-column elementor-element elementor-element-075cc37\" data-id=\"075cc37\" data-element_type=\"column\">\n\t\t\t<div class=\"elementor-widget-wrap elementor-element-populated\">\n\t\t\t\t\t\t<div class=\"elementor-element elementor-element-20f8136 elementor-widget elementor-widget-image\" data-id=\"20f8136\" data-element_type=\"widget\" data-widget_type=\"image.default\">\n\t\t\t\t<div class=\"elementor-widget-container\">\n\t\t\t\t\t\t\t\t\t\t\t\t\t\t\t<img decoding=\"async\" src=\"https:\/\/m.media-amazon.com\/images\/S\/aplus-media-library-service-media\/8a7af628-f583-4702-8d22-927f8f7f49e2.__CR0,0,600,180_PT0_SX600_V1___.png\" title=\"\" alt=\"\" loading=\"lazy\" \/>\t\t\t\t\t\t\t\t\t\t\t\t\t\t\t<\/div>\n\t\t\t\t<\/div>\n\t\t\t\t<div class=\"elementor-element elementor-element-0e4b0e1 elementor-widget elementor-widget-text-editor\" data-id=\"0e4b0e1\" data-element_type=\"widget\" data-widget_type=\"text-editor.default\">\n\t\t\t\t<div class=\"elementor-widget-container\">\n\t\t\t\t\t\t\t\t\t<h3><span class=\"a-text-bold\">Clamaro VIntage cadre baroque Franz en bois massif de ch\u00eane &#8211; Fait \u00e0 la main et 100% Made in Germany<\/span><\/h3><p style=\"margin: 0cm; font-size: 12pt; font-family: 'Times New Roman', serif; color: #000000; font-weight: 400; letter-spacing: normal; text-transform: none; line-height: 21.6pt; background-position: initial; background-color: white;\" align=\"center\"><span style=\"font-size: 11.5pt; font-family: Roboto; color: #7a7a7a;\">Clamaro Cadre baroque vintage <b>FRANZ<\/b> en \u00e9pic\u00e9a massif avec vitre en verre synth\u00e9tique hautement transparent, panneau arri\u00e8re HDF et suspensions avec un cadre photo <b>, vous agrandissez visuellement vos pi\u00e8ces<\/b> et en m\u00eame temps, un cadre photo peut rendre votre maison plus lumineuse et plus a\u00e9r\u00e9e. Bien entendu, un cadre est et doit aussi contribuer \u00e0 la d\u00e9coration et mettre habilement en valeur vos plus beaux tableaux, tableaux ou photos.<\/span><\/p><p style=\"margin: 0cm; font-size: 12pt; font-family: 'Times New Roman', serif; color: #000000; font-weight: 400; letter-spacing: normal; text-transform: none; line-height: 21.6pt; background-position: initial; background-color: white;\" align=\"center\"><span style=\"font-size: 11.5pt; font-family: Roboto; color: #7a7a7a;\"> <\/span><\/p><p style=\"margin: 0cm; font-size: 12pt; font-family: 'Times New Roman', serif; color: #000000; font-weight: 400; letter-spacing: normal; text-transform: none; line-height: 21.6pt; background-position: initial; background-color: white;\" align=\"center\"><span style=\"font-size: 11.5pt; font-family: Roboto; color: #7a7a7a;\">Selon la taille, <b>les cadres photo en bois v\u00e9ritable<\/b> Clamaro peuvent \u00eatre utilis\u00e9s comme cadre photo, cadre puzzle, cadre photo collage ou comme cadre certificat, cadre portrait et dans les tr\u00e8s grands formats, \u00e9galement comme cadre pour maxi affiche de <b>cin\u00e9ma<\/b>.<\/span><\/p>\t\t\t\t\t\t\t\t<\/div>\n\t\t\t\t<\/div>\n\t\t\t\t\t<\/div>\n\t\t<\/div>\n\t\t\t\t\t<\/div>\n\t\t<\/section>\n\t\t\t\t<section class=\"elementor-section elementor-top-section elementor-element elementor-element-316e579 elementor-section-boxed elementor-section-height-default elementor-section-height-default qodef-elementor-content-no\" data-id=\"316e579\" data-element_type=\"section\">\n\t\t\t\t\t\t<div class=\"elementor-container elementor-column-gap-default\">\n\t\t\t\t\t<div class=\"elementor-column elementor-col-25 elementor-top-column elementor-element elementor-element-b65af6f\" data-id=\"b65af6f\" data-element_type=\"column\">\n\t\t\t<div class=\"elementor-widget-wrap elementor-element-populated\">\n\t\t\t\t\t\t<div class=\"elementor-element elementor-element-675ba3c elementor-widget elementor-widget-spacer\" data-id=\"675ba3c\" data-element_type=\"widget\" data-widget_type=\"spacer.default\">\n\t\t\t\t<div class=\"elementor-widget-container\">\n\t\t\t\t\t\t\t<div class=\"elementor-spacer\">\n\t\t\t<div class=\"elementor-spacer-inner\"><\/div>\n\t\t<\/div>\n\t\t\t\t\t\t<\/div>\n\t\t\t\t<\/div>\n\t\t\t\t<div class=\"elementor-element elementor-element-e27a5e6 elementor-widget elementor-widget-image\" data-id=\"e27a5e6\" data-element_type=\"widget\" data-widget_type=\"image.default\">\n\t\t\t\t<div class=\"elementor-widget-container\">\n\t\t\t\t\t\t\t\t\t\t\t\t\t\t\t<img decoding=\"async\" src=\"https:\/\/m.media-amazon.com\/images\/I\/81Z0f8lwYoL._AC_SL1500_.jpg\" title=\"\" alt=\"\" loading=\"lazy\" \/>\t\t\t\t\t\t\t\t\t\t\t\t\t\t\t<\/div>\n\t\t\t\t<\/div>\n\t\t\t\t<div class=\"elementor-element elementor-element-42e0d58 elementor-widget elementor-widget-text-editor\" data-id=\"42e0d58\" data-element_type=\"widget\" data-widget_type=\"text-editor.default\">\n\t\t\t\t<div class=\"elementor-widget-container\">\n\t\t\t\t\t\t\t\t\t<h4 class=\"a-spacing-mini\"><span style=\"letter-spacing: 0.12em;\"><br>Le cadre photo en d\u00e9tail<\/span><\/h4><p>Le site<span class=\"a-text-bold\">barrette classique<\/span> son design est tr\u00e8s actuel et pourtant <span class=\"a-text-bold\">classique intemporel<\/span>. Fabriqu\u00e9 en <span class=\"a-text-bold\">bois massif<\/span> et lamin\u00e9 avec un film d\u00e9coratif <span class=\"a-text-bold\">r\u00e9sistant aux rayures et aux UV.<\/span> <\/p><p>Une autre particularit\u00e9 de notre feuille d\u00e9corative est <span class=\"a-text-bold\">Enrobage complet (sans dos) <\/span>de la baguette du cadre en bois. Dadurch entsteht ein makelloser Gesamteindruck und die Folie bl\u00e4ttert nicht ab, wie es bei teilweise beschichteten Rahmenleisten der Fall ist. <\/p>\t\t\t\t\t\t\t\t<\/div>\n\t\t\t\t<\/div>\n\t\t\t\t\t<\/div>\n\t\t<\/div>\n\t\t\t\t<div class=\"elementor-column elementor-col-25 elementor-top-column elementor-element elementor-element-1164e56\" data-id=\"1164e56\" data-element_type=\"column\">\n\t\t\t<div class=\"elementor-widget-wrap elementor-element-populated\">\n\t\t\t\t\t\t<div class=\"elementor-element elementor-element-fe95db5 elementor-widget elementor-widget-spacer\" data-id=\"fe95db5\" data-element_type=\"widget\" data-widget_type=\"spacer.default\">\n\t\t\t\t<div class=\"elementor-widget-container\">\n\t\t\t\t\t\t\t<div class=\"elementor-spacer\">\n\t\t\t<div class=\"elementor-spacer-inner\"><\/div>\n\t\t<\/div>\n\t\t\t\t\t\t<\/div>\n\t\t\t\t<\/div>\n\t\t\t\t<div class=\"elementor-element elementor-element-2d58f18 elementor-widget elementor-widget-image\" data-id=\"2d58f18\" data-element_type=\"widget\" data-widget_type=\"image.default\">\n\t\t\t\t<div class=\"elementor-widget-container\">\n\t\t\t\t\t\t\t\t\t\t\t\t\t\t\t<img decoding=\"async\" src=\"https:\/\/m.media-amazon.com\/images\/S\/aplus-media-library-service-media\/f0f4f528-ad47-4cbf-88cb-818e2cdee1db.__CR1192,556,476,476_PT0_SX220_V1___.png\" title=\"\" alt=\"\" loading=\"lazy\" \/>\t\t\t\t\t\t\t\t\t\t\t\t\t\t\t<\/div>\n\t\t\t\t<\/div>\n\t\t\t\t<div class=\"elementor-element elementor-element-7a97e4a elementor-widget elementor-widget-text-editor\" data-id=\"7a97e4a\" data-element_type=\"widget\" data-widget_type=\"text-editor.default\">\n\t\t\t\t<div class=\"elementor-widget-container\">\n\t\t\t\t\t\t\t\t\t<h4 style=\"margin-top: 0px; text-rendering: optimizelegibility; font-weight: normal; font-size: 17px; line-height: 1.255; font-family: 'Amazon Ember', Arial, sans-serif; color: #0f1111; letter-spacing: normal; text-align: center; text-transform: none; background-color: #ffffff; margin-bottom: 6px !important;\"> <\/h4><h4 style=\"margin-top: 0px; text-rendering: optimizelegibility; font-weight: normal; font-size: 17px; line-height: 1.255; font-family: 'Amazon Ember', Arial, sans-serif; color: #0f1111; letter-spacing: normal; text-align: center; text-transform: none; background-color: #ffffff; margin-bottom: 6px !important;\"><span style=\"background-color: #ffffff; color: #1d1d1d; font-family: 'Josefin Sans', sans-serif; font-size: 16px; font-weight: 600; letter-spacing: 0.12em; text-transform: uppercase;\"> <\/span><\/h4><h4 style=\"margin-top: 0px; text-rendering: optimizelegibility; font-weight: normal; font-size: 17px; line-height: 1.255; font-family: 'Amazon Ember', Arial, sans-serif; color: #0f1111; letter-spacing: normal; text-align: center; text-transform: none; background-color: #ffffff; margin-bottom: 6px !important;\"><span style=\"background-color: #ffffff; color: #1d1d1d; font-family: 'Josefin Sans', sans-serif; font-size: 16px; font-weight: 600; letter-spacing: 0.12em; text-transform: uppercase;\"> <\/span><\/h4><h4 style=\"margin-top: 0px; text-rendering: optimizelegibility; font-weight: normal; font-size: 17px; line-height: 1.255; font-family: 'Amazon Ember', Arial, sans-serif; color: #0f1111; letter-spacing: normal; text-align: center; text-transform: none; background-color: #ffffff; margin-bottom: 6px !important;\"><span style=\"background-color: #ffffff; color: #1d1d1d; font-family: 'Josefin Sans', sans-serif; font-size: 16px; font-weight: 600; letter-spacing: 0.12em; text-transform: uppercase;\">Goupilles de pliage en m\u00e9tal &#8211; PAS DE GLISSEMENT<\/span><\/h4><div><span style=\"background-color: #ffffff; color: #1d1d1d; font-family: 'Josefin Sans', sans-serif; font-size: 16px; font-weight: 600; letter-spacing: 0.12em; text-transform: uppercase;\"> <\/span><\/div><div><span style=\"background-color: #ffffff; color: var( --e-global-color-text ); font-family: var( --e-global-typography-text-font-family ), Sans-serif; font-weight: var( --e-global-typography-text-font-weight );\">Pour \u00e9viter de glisser, il y a suffisamment de broches m\u00e9talliques robustes fix\u00e9es \u00e0 l&rsquo;arri\u00e8re des bandes du cadre. Les broches de pliage maintiennent et pressent fermement le cadre, l&rsquo;image, le verre acrylique et la paroi arri\u00e8re. Ils peuvent \u00eatre facilement pli\u00e9s avec des ongles forts ou avec un tournevis Schitz fin, par exemple.  <\/span> <\/div><div> <\/div><h4 style=\"background-color: #ffffff;\"> <\/h4><p style=\"margin-bottom: 14px; color: #0f1111; font-family: 'Amazon Ember', Arial, sans-serif; font-weight: 400; letter-spacing: normal; text-align: start; text-transform: none; background-color: #ffffff; font-size: 12px !important; line-height: 16px !important;\"> <\/p>\t\t\t\t\t\t\t\t<\/div>\n\t\t\t\t<\/div>\n\t\t\t\t\t<\/div>\n\t\t<\/div>\n\t\t\t\t<div class=\"elementor-column elementor-col-25 elementor-top-column elementor-element elementor-element-dfe1a74\" data-id=\"dfe1a74\" data-element_type=\"column\">\n\t\t\t<div class=\"elementor-widget-wrap elementor-element-populated\">\n\t\t\t\t\t\t<div class=\"elementor-element elementor-element-c9ec82d elementor-widget elementor-widget-spacer\" data-id=\"c9ec82d\" data-element_type=\"widget\" data-widget_type=\"spacer.default\">\n\t\t\t\t<div class=\"elementor-widget-container\">\n\t\t\t\t\t\t\t<div class=\"elementor-spacer\">\n\t\t\t<div class=\"elementor-spacer-inner\"><\/div>\n\t\t<\/div>\n\t\t\t\t\t\t<\/div>\n\t\t\t\t<\/div>\n\t\t\t\t<div class=\"elementor-element elementor-element-dd3a519 elementor-widget elementor-widget-image\" data-id=\"dd3a519\" data-element_type=\"widget\" data-widget_type=\"image.default\">\n\t\t\t\t<div class=\"elementor-widget-container\">\n\t\t\t\t\t\t\t\t\t\t\t\t\t\t\t<img decoding=\"async\" src=\"https:\/\/m.media-amazon.com\/images\/S\/aplus-media-library-service-media\/6d458837-6af4-4a48-b211-c6dc50ecb0f5.__CR51,56,1115,1115_PT0_SX220_V1___.jpg\" title=\"\" alt=\"\" loading=\"lazy\" \/>\t\t\t\t\t\t\t\t\t\t\t\t\t\t\t<\/div>\n\t\t\t\t<\/div>\n\t\t\t\t<div class=\"elementor-element elementor-element-6818723 elementor-widget elementor-widget-text-editor\" data-id=\"6818723\" data-element_type=\"widget\" data-widget_type=\"text-editor.default\">\n\t\t\t\t<div class=\"elementor-widget-container\">\n\t\t\t\t\t\t\t\t\t<h4 class=\"a-spacing-mini\"> <\/h4><h4 class=\"a-spacing-mini\">Mur arri\u00e8re et cintre (format paysage et portrait)<\/h4><p>Afin que les cadres amovibles en bois massif ne perdent pas leur stabilit\u00e9, m\u00eame avec des cadres de grand format, nous \u00e9quipons chaque cadre d&rsquo;une paroi arri\u00e8re en bois HDF d&rsquo;environ 2,5 mm d&rsquo;\u00e9paisseur. De plus, chaque cadre est livr\u00e9 avec 2 supports m\u00e9talliques robustes pour une fixation murale en format portrait ou paysage. <\/p>\t\t\t\t\t\t\t\t<\/div>\n\t\t\t\t<\/div>\n\t\t\t\t\t<\/div>\n\t\t<\/div>\n\t\t\t\t<div class=\"elementor-column elementor-col-25 elementor-top-column elementor-element elementor-element-e63bb44\" data-id=\"e63bb44\" data-element_type=\"column\">\n\t\t\t<div class=\"elementor-widget-wrap elementor-element-populated\">\n\t\t\t\t\t\t<div class=\"elementor-element elementor-element-15de1f3 elementor-widget elementor-widget-spacer\" data-id=\"15de1f3\" data-element_type=\"widget\" data-widget_type=\"spacer.default\">\n\t\t\t\t<div class=\"elementor-widget-container\">\n\t\t\t\t\t\t\t<div class=\"elementor-spacer\">\n\t\t\t<div class=\"elementor-spacer-inner\"><\/div>\n\t\t<\/div>\n\t\t\t\t\t\t<\/div>\n\t\t\t\t<\/div>\n\t\t\t\t<div class=\"elementor-element elementor-element-7ad6711 elementor-widget elementor-widget-image\" data-id=\"7ad6711\" data-element_type=\"widget\" data-widget_type=\"image.default\">\n\t\t\t\t<div class=\"elementor-widget-container\">\n\t\t\t\t\t\t\t\t\t\t\t\t\t\t\t<img decoding=\"async\" src=\"https:\/\/m.media-amazon.com\/images\/S\/aplus-media-library-service-media\/91eb8584-443f-47af-9901-88ffb44c57b5.__CR0,0,2000,2000_PT0_SX300_V1___.png\" title=\"\" alt=\"\" loading=\"lazy\" \/>\t\t\t\t\t\t\t\t\t\t\t\t\t\t\t<\/div>\n\t\t\t\t<\/div>\n\t\t\t\t<div class=\"elementor-element elementor-element-bec305a elementor-widget elementor-widget-text-editor\" data-id=\"bec305a\" data-element_type=\"widget\" data-widget_type=\"text-editor.default\">\n\t\t\t\t<div class=\"elementor-widget-container\">\n\t\t\t\t\t\t\t\t\t<h3 class=\"a-spacing-mini\">H\u00f6chste Qualit\u00e4t und Pr\u00e4zision: handgefertigt und 100% Made in Germany<\/h3><p>Tous les <span class=\"a-text-bold\">Clamaro Miroir <\/span>sont fabriqu\u00e9s sur commande dans notre manufacture de cadres, individuellement et \u00e0 la main, dans les dimensions que vous souhaitez.<span class=\"a-text-bold\"> Pr\u00e9cision et qualit\u00e9 100% Made in Germany<\/span><\/p><p><span class=\"a-text-bold\">REMARQUE IMPORTANTE CONCERNANT NOS PHOTOS :<\/span> La couleur des images de produits que nous utilisons peut l\u00e9g\u00e8rement diff\u00e9rer de nos images en raison des r\u00e9glages de couleur et de luminosit\u00e9 de votre \u00e9cran.<\/p>\t\t\t\t\t\t\t\t<\/div>\n\t\t\t\t<\/div>\n\t\t\t\t\t<\/div>\n\t\t<\/div>\n\t\t\t\t\t<\/div>\n\t\t<\/section>\n\t\t\t\t<section class=\"elementor-section elementor-top-section elementor-element elementor-element-06022d3 elementor-section-boxed elementor-section-height-default elementor-section-height-default qodef-elementor-content-no\" data-id=\"06022d3\" data-element_type=\"section\">\n\t\t\t\t\t\t<div class=\"elementor-container elementor-column-gap-default\">\n\t\t\t\t\t<div class=\"elementor-column elementor-col-100 elementor-top-column elementor-element elementor-element-5848d89\" data-id=\"5848d89\" data-element_type=\"column\">\n\t\t\t<div class=\"elementor-widget-wrap elementor-element-populated\">\n\t\t\t\t\t\t<div class=\"elementor-element elementor-element-66df167 elementor-widget__width-initial elementor-widget elementor-widget-image\" data-id=\"66df167\" data-element_type=\"widget\" data-widget_type=\"image.default\">\n\t\t\t\t<div class=\"elementor-widget-container\">\n\t\t\t\t\t\t\t\t\t\t\t\t\t\t\t<img decoding=\"async\" src=\"https:\/\/m.media-amazon.com\/images\/I\/71Bn49M1uvL._AC_SL1500_.jpg\" title=\"\" alt=\"\" loading=\"lazy\" \/>\t\t\t\t\t\t\t\t\t\t\t\t\t\t\t<\/div>\n\t\t\t\t<\/div>\n\t\t\t\t\t<\/div>\n\t\t<\/div>\n\t\t\t\t\t<\/div>\n\t\t<\/section>\n\t\t\t\t<section class=\"elementor-section elementor-top-section elementor-element elementor-element-76fc481 elementor-section-boxed elementor-section-height-default elementor-section-height-default qodef-elementor-content-no\" data-id=\"76fc481\" data-element_type=\"section\">\n\t\t\t\t\t\t<div class=\"elementor-container elementor-column-gap-default\">\n\t\t\t\t\t<div class=\"elementor-column elementor-col-100 elementor-top-column elementor-element elementor-element-9cd3ebd\" data-id=\"9cd3ebd\" data-element_type=\"column\">\n\t\t\t<div class=\"elementor-widget-wrap elementor-element-populated\">\n\t\t\t\t\t\t<div class=\"elementor-element elementor-element-1317e4c elementor-widget elementor-widget-text-editor\" data-id=\"1317e4c\" data-element_type=\"widget\" data-widget_type=\"text-editor.default\">\n\t\t\t\t<div class=\"elementor-widget-container\">\n\t\t\t\t\t\t\t\t\t<p> <\/p><h3><strong style=\"color: var( --e-global-color-text ); font-family: var( --e-global-typography-text-font-family ), Sans-serif;\">Fabriqu\u00e9 en Allemagne<\/strong><\/h3><p><span style=\"font-size: 20px;\"><strong>Propre atelier de ma\u00eetre avec plus de 35 ans d&rsquo;exp\u00e9rience.<\/strong><\/span><\/p><p> <\/p><p><img decoding=\"async\" style=\"height: 80px; width: 350px;\" src=\"https:\/\/cdn03.plentymarkets.com\/mmx8yrv4qndt\/item\/images\/204\/full\/Wir-sind-Mitglied-bei-der--2-.jpg\" alt=\"\" data-cke-saved-src=\"https:\/\/cdn03.plentymarkets.com\/mmx8yrv4qndt\/item\/images\/204\/full\/Wir-sind-Mitglied-bei-der--2-.jpg\"><img decoding=\"async\" style=\"width: 114px; height: 70px;\" src=\"https:\/\/cdn03.plentymarkets.com\/mmx8yrv4qndt\/item\/images\/204\/full\/kaeufersiegel.png\" alt=\"\" data-cke-saved-src=\"https:\/\/cdn03.plentymarkets.com\/mmx8yrv4qndt\/item\/images\/204\/full\/kaeufersiegel.png\"> <img decoding=\"async\" style=\"width: 150px; height: 84px;\" src=\"https:\/\/cdn03.plentymarkets.com\/mmx8yrv4qndt\/item\/images\/204\/full\/haendlerbund.png\" alt=\"\" data-cke-saved-src=\"https:\/\/cdn03.plentymarkets.com\/mmx8yrv4qndt\/item\/images\/204\/full\/haendlerbund.png\"><\/p><p> <\/p>\t\t\t\t\t\t\t\t<\/div>\n\t\t\t\t<\/div>\n\t\t\t\t\t<\/div>\n\t\t<\/div>\n\t\t\t\t\t<\/div>\n\t\t<\/section>\n\t\t\t\t<\/div>\n\t\t","protected":false},"excerpt":{"rendered":"<p>pour une fixation murale en mode portrait ou paysage.<\/p>\n<p>&nbsp;<\/p>\n<p><strong><span style=\"color: #808080;\"><a style=\"color: #808080;\" href=\"https:\/\/clamaro.eu\/wp-content\/uploads\/2023\/09\/Konfirmitaetserklaerung-Bilderrahmen-mit-Unterschrift.pdf-1.pdf\" target=\"_blank\" rel=\"noopener\">Cadre photo ressource s\u00e9curit\u00e9 et produit.pdf<\/a><\/span><\/strong><\/p>\n","protected":false},"featured_media":62191,"template":"","meta":{"om_disable_all_campaigns":false},"product_brand":[],"product_cat":[4665],"product_tag":[4402],"class_list":{"0":"post-108321","1":"product","2":"type-product","3":"status-publish","4":"has-post-thumbnail","6":"product_cat-bois-massif-antique","7":"product_tag-paroi-a-lamelles","9":"first","10":"instock","11":"taxable","12":"shipping-taxable","13":"purchasable","14":"product-type-simple"},"gallery_images":[70691,62194,62230,62170,62212,62152,62218,62164,62182,62176,62158],"_links":{"self":[{"href":"https:\/\/clamaro.eu\/fr\/wp-json\/wp\/v2\/product\/108321","targetHints":{"allow":["GET"]}}],"collection":[{"href":"https:\/\/clamaro.eu\/fr\/wp-json\/wp\/v2\/product"}],"about":[{"href":"https:\/\/clamaro.eu\/fr\/wp-json\/wp\/v2\/types\/product"}],"version-history":[{"count":1,"href":"https:\/\/clamaro.eu\/fr\/wp-json\/wp\/v2\/product\/108321\/revisions"}],"predecessor-version":[{"id":108323,"href":"https:\/\/clamaro.eu\/fr\/wp-json\/wp\/v2\/product\/108321\/revisions\/108323"}],"wp:featuredmedia":[{"embeddable":true,"href":"https:\/\/clamaro.eu\/fr\/wp-json\/wp\/v2\/media\/62191"}],"wp:attachment":[{"href":"https:\/\/clamaro.eu\/fr\/wp-json\/wp\/v2\/media?parent=108321"}],"wp:term":[{"taxonomy":"product_brand","embeddable":true,"href":"https:\/\/clamaro.eu\/fr\/wp-json\/wp\/v2\/product_brand?post=108321"},{"taxonomy":"product_cat","embeddable":true,"href":"https:\/\/clamaro.eu\/fr\/wp-json\/wp\/v2\/product_cat?post=108321"},{"taxonomy":"product_tag","embeddable":true,"href":"https:\/\/clamaro.eu\/fr\/wp-json\/wp\/v2\/product_tag?post=108321"}],"curies":[{"name":"wp","href":"https:\/\/api.w.org\/{rel}","templated":true}]}}