{"id":108138,"date":"2024-04-16T07:38:56","date_gmt":"2024-04-16T07:38:56","guid":{"rendered":"https:\/\/clamaro.eu\/product\/porte-photos-chene-sonoma-elastique\/"},"modified":"2025-12-03T11:24:49","modified_gmt":"2025-12-03T11:24:49","slug":"porte-photos-chene-sonoma-elastique","status":"publish","type":"product","link":"https:\/\/clamaro.eu\/fr\/produit\/porte-photos-chene-sonoma-elastique\/","title":{"rendered":"Porte-photos Ch\u00eane Sonoma (\u00e9lastique)"},"content":{"rendered":"\t\t<div data-elementor-type=\"wp-post\" data-elementor-id=\"108138\" class=\"elementor elementor-108138 elementor-54483\">\n\t\t\t\t\t\t<section class=\"elementor-section elementor-top-section elementor-element elementor-element-81f2a08 elementor-section-boxed elementor-section-height-default elementor-section-height-default qodef-elementor-content-no\" data-id=\"81f2a08\" data-element_type=\"section\">\n\t\t\t\t\t\t<div class=\"elementor-container elementor-column-gap-default\">\n\t\t\t\t\t<div class=\"elementor-column elementor-col-100 elementor-top-column elementor-element elementor-element-98bec6d\" data-id=\"98bec6d\" data-element_type=\"column\">\n\t\t\t<div class=\"elementor-widget-wrap elementor-element-populated\">\n\t\t\t\t\t\t<div class=\"elementor-element elementor-element-ca5457a elementor-widget elementor-widget-image\" data-id=\"ca5457a\" data-element_type=\"widget\" data-widget_type=\"image.default\">\n\t\t\t\t<div class=\"elementor-widget-container\">\n\t\t\t\t\t\t\t\t\t\t\t\t\t\t\t<img decoding=\"async\" src=\"https:\/\/m.media-amazon.com\/images\/S\/aplus-media-library-service-media\/8a7af628-f583-4702-8d22-927f8f7f49e2.__CR0,0,600,180_PT0_SX600_V1___.png\" title=\"\" alt=\"\" loading=\"lazy\" \/>\t\t\t\t\t\t\t\t\t\t\t\t\t\t\t<\/div>\n\t\t\t\t<\/div>\n\t\t\t\t\t<\/div>\n\t\t<\/div>\n\t\t\t\t\t<\/div>\n\t\t<\/section>\n\t\t\t\t<section class=\"elementor-section elementor-top-section elementor-element elementor-element-4d61bbc elementor-section-boxed elementor-section-height-default elementor-section-height-default qodef-elementor-content-no\" data-id=\"4d61bbc\" data-element_type=\"section\">\n\t\t\t\t\t\t<div class=\"elementor-container elementor-column-gap-default\">\n\t\t\t\t\t<div class=\"elementor-column elementor-col-25 elementor-top-column elementor-element elementor-element-3415de3\" data-id=\"3415de3\" data-element_type=\"column\">\n\t\t\t<div class=\"elementor-widget-wrap elementor-element-populated\">\n\t\t\t\t\t\t<div class=\"elementor-element elementor-element-48b3fa6 elementor-widget elementor-widget-image\" data-id=\"48b3fa6\" data-element_type=\"widget\" data-widget_type=\"image.default\">\n\t\t\t\t<div class=\"elementor-widget-container\">\n\t\t\t\t\t\t\t\t\t\t\t\t\t\t\t<img decoding=\"async\" src=\"https:\/\/m.media-amazon.com\/images\/S\/aplus-media-library-service-media\/bd6aee27-7aeb-4b0e-8740-9d25e527f031.__CR0,0,2000,2000_PT0_SX300_V1___.png\" title=\"\" alt=\"\" loading=\"lazy\" \/>\t\t\t\t\t\t\t\t\t\t\t\t\t\t\t<\/div>\n\t\t\t\t<\/div>\n\t\t\t\t<div class=\"elementor-element elementor-element-2b12aaa elementor-widget elementor-widget-spacer\" data-id=\"2b12aaa\" data-element_type=\"widget\" data-widget_type=\"spacer.default\">\n\t\t\t\t<div class=\"elementor-widget-container\">\n\t\t\t\t\t\t\t<div class=\"elementor-spacer\">\n\t\t\t<div class=\"elementor-spacer-inner\"><\/div>\n\t\t<\/div>\n\t\t\t\t\t\t<\/div>\n\t\t\t\t<\/div>\n\t\t\t\t<div class=\"elementor-element elementor-element-5d23627 elementor-widget elementor-widget-text-editor\" data-id=\"5d23627\" data-element_type=\"widget\" data-widget_type=\"text-editor.default\">\n\t\t\t\t<div class=\"elementor-widget-container\">\n\t\t\t\t\t\t\t\t\t<h4 class=\"a-spacing-mini\">DES IMAGES ET DES PHOTOS EN PETIT FORMAT SUR VOTRE T\u00c9L\u00c9PHONE PORTABLE ? \u00c7A SUFFIT&#8230; <\/h4>\n<p style=\"background-color: rgb(255, 255, 255);\">Accrochez vos photos pr\u00e9f\u00e9r\u00e9es dans un magnifique cadre photo. En peu de temps, votre maison en aura un de plus &nbsp;<span class=\"a-text-bold\">note personnelle.<\/span><\/p><p style=\"background-color: rgb(255, 255, 255);\">Plus que <span class=\"a-text-bold\"> &nbsp;7 mod\u00e8les de couleurs de films de placage tendances.<\/span><\/p>\t\t\t\t\t\t\t\t<\/div>\n\t\t\t\t<\/div>\n\t\t\t\t\t<\/div>\n\t\t<\/div>\n\t\t\t\t<div class=\"elementor-column elementor-col-25 elementor-top-column elementor-element elementor-element-e8215b3\" data-id=\"e8215b3\" data-element_type=\"column\">\n\t\t\t<div class=\"elementor-widget-wrap elementor-element-populated\">\n\t\t\t\t\t\t<div class=\"elementor-element elementor-element-7d641d9 elementor-widget elementor-widget-image\" data-id=\"7d641d9\" data-element_type=\"widget\" data-widget_type=\"image.default\">\n\t\t\t\t<div class=\"elementor-widget-container\">\n\t\t\t\t\t\t\t\t\t\t\t\t\t\t\t<img decoding=\"async\" src=\"https:\/\/m.media-amazon.com\/images\/S\/aplus-media-library-service-media\/91eb8584-443f-47af-9901-88ffb44c57b5.__CR0,0,2000,2000_PT0_SX300_V1___.png\" title=\"\" alt=\"\" loading=\"lazy\" \/>\t\t\t\t\t\t\t\t\t\t\t\t\t\t\t<\/div>\n\t\t\t\t<\/div>\n\t\t\t\t<div class=\"elementor-element elementor-element-27125d6 elementor-widget elementor-widget-spacer\" data-id=\"27125d6\" data-element_type=\"widget\" data-widget_type=\"spacer.default\">\n\t\t\t\t<div class=\"elementor-widget-container\">\n\t\t\t\t\t\t\t<div class=\"elementor-spacer\">\n\t\t\t<div class=\"elementor-spacer-inner\"><\/div>\n\t\t<\/div>\n\t\t\t\t\t\t<\/div>\n\t\t\t\t<\/div>\n\t\t\t\t<div class=\"elementor-element elementor-element-32d7f8d elementor-widget elementor-widget-text-editor\" data-id=\"32d7f8d\" data-element_type=\"widget\" data-widget_type=\"text-editor.default\">\n\t\t\t\t<div class=\"elementor-widget-container\">\n\t\t\t\t\t\t\t\t\t<h4 class=\"a-spacing-mini\">QUALIT\u00c9 ET PR\u00c9CISION MAXIMALES : FABRIQU\u00c9 \u00c0 LA MAIN ET 100% MADE IN GERMANY<\/h4><p>Tous les cadres muraux Clamaro sont fabriqu\u00e9s \u00e0 <span class=\"a-text-bold\">la main, individuellement etsur commande, dans notre manufacture de cadres, aux dimensions que vous souhaitez.<\/span> Pr\u00e4zision und Qualit\u00e4t <span class=\"a-text-bold\">100% Made in Germany<\/span> <\/p>\t\t\t\t\t\t\t\t<\/div>\n\t\t\t\t<\/div>\n\t\t\t\t\t<\/div>\n\t\t<\/div>\n\t\t\t\t<div class=\"elementor-column elementor-col-25 elementor-top-column elementor-element elementor-element-75ca82c\" data-id=\"75ca82c\" data-element_type=\"column\">\n\t\t\t<div class=\"elementor-widget-wrap elementor-element-populated\">\n\t\t\t\t\t\t<div class=\"elementor-element elementor-element-bc1e51f elementor-widget elementor-widget-image\" data-id=\"bc1e51f\" data-element_type=\"widget\" data-widget_type=\"image.default\">\n\t\t\t\t<div class=\"elementor-widget-container\">\n\t\t\t\t\t\t\t\t\t\t\t\t\t\t\t<img decoding=\"async\" src=\"https:\/\/m.media-amazon.com\/images\/S\/aplus-media-library-service-media\/a6688ee5-aaed-49cb-a791-665ea034eb2e.__CR91,91,1818,1818_PT0_SX300_V1___.png\" title=\"\" alt=\"\" loading=\"lazy\" \/>\t\t\t\t\t\t\t\t\t\t\t\t\t\t\t<\/div>\n\t\t\t\t<\/div>\n\t\t\t\t<div class=\"elementor-element elementor-element-b01864f elementor-widget elementor-widget-spacer\" data-id=\"b01864f\" data-element_type=\"widget\" data-widget_type=\"spacer.default\">\n\t\t\t\t<div class=\"elementor-widget-container\">\n\t\t\t\t\t\t\t<div class=\"elementor-spacer\">\n\t\t\t<div class=\"elementor-spacer-inner\"><\/div>\n\t\t<\/div>\n\t\t\t\t\t\t<\/div>\n\t\t\t\t<\/div>\n\t\t\t\t<div class=\"elementor-element elementor-element-3c54ae6 elementor-widget elementor-widget-text-editor\" data-id=\"3c54ae6\" data-element_type=\"widget\" data-widget_type=\"text-editor.default\">\n\t\t\t\t<div class=\"elementor-widget-container\">\n\t\t\t\t\t\t\t\t\t<h4 class=\"a-spacing-mini\">Encadrer un puzzle, un dipl\u00f4me ou une affiche de cin\u00e9ma ? Chacun y trouvera la taille qui lui convient&#8230; <\/h4><p>Notre <span class=\"a-text-bold\">Clamaro COLLAGE 20 cadre interchangeable<\/span> convient parfaitement, en fonction de la taille souhait\u00e9e, en tant que <span class=\"a-text-bold\">Cadre photo, cadre pour tableaux, cadre pour documents ou par exemple aussi comme cadre de puzzle 50&#215;70 <\/span>. M\u00eame les typiques <span class=\"a-text-bold\">Tailles des photos<\/span> comme par exemple. <span class=\"a-text-bold\">10&#215;15<\/span>, des tailles classiques comme <span class=\"a-text-bold\">DIN A3, DIN A4 et DIN A5<\/span> ou le maxi grand format<span class=\"a-text-bold\">Affiche cin\u00e9ma DIN A0<\/span> format peut \u00eatre command\u00e9. <\/p>\t\t\t\t\t\t\t\t<\/div>\n\t\t\t\t<\/div>\n\t\t\t\t\t<\/div>\n\t\t<\/div>\n\t\t\t\t<div class=\"elementor-column elementor-col-25 elementor-top-column elementor-element elementor-element-5ff039a\" data-id=\"5ff039a\" data-element_type=\"column\">\n\t\t\t<div class=\"elementor-widget-wrap elementor-element-populated\">\n\t\t\t\t\t\t<div class=\"elementor-element elementor-element-9d1889f elementor-widget elementor-widget-image\" data-id=\"9d1889f\" data-element_type=\"widget\" data-widget_type=\"image.default\">\n\t\t\t\t<div class=\"elementor-widget-container\">\n\t\t\t\t\t\t\t\t\t\t\t\t\t\t\t<img decoding=\"async\" src=\"https:\/\/m.media-amazon.com\/images\/S\/aplus-media-library-service-media\/4d17aa6c-4388-4b9f-a5ad-c05870ac800d.__CR619,1301,1333,1333_PT0_SX220_V1___.png\" title=\"\" alt=\"\" loading=\"lazy\" \/>\t\t\t\t\t\t\t\t\t\t\t\t\t\t\t<\/div>\n\t\t\t\t<\/div>\n\t\t\t\t<div class=\"elementor-element elementor-element-8d54189 elementor-widget elementor-widget-spacer\" data-id=\"8d54189\" data-element_type=\"widget\" data-widget_type=\"spacer.default\">\n\t\t\t\t<div class=\"elementor-widget-container\">\n\t\t\t\t\t\t\t<div class=\"elementor-spacer\">\n\t\t\t<div class=\"elementor-spacer-inner\"><\/div>\n\t\t<\/div>\n\t\t\t\t\t\t<\/div>\n\t\t\t\t<\/div>\n\t\t\t\t<div class=\"elementor-element elementor-element-fd96a5d elementor-widget elementor-widget-text-editor\" data-id=\"fd96a5d\" data-element_type=\"widget\" data-widget_type=\"text-editor.default\">\n\t\t\t\t<div class=\"elementor-widget-container\">\n\t\t\t\t\t\t\t\t\t<h4 class=\"a-spacing-mini\"><span style=\"letter-spacing: 0.12em;\"><br>La bande de cadre \u00ab\u00a0COLLAGE 30\u00a0\u00bb<\/span><\/h4><p class=\"a-size-small\">Le <span class=\"a-text-bold\">cadre de 30 mm<\/span> de large est fabriqu\u00e9 en bois <span class=\"a-text-bold\">MDF durable<\/span> de haute qualit\u00e9 et est recouvert d&rsquo;un <span class=\"a-text-bold\">film r\u00e9sistant aux rayures et aux UV .<\/span><\/p>\t\t\t\t\t\t\t\t<\/div>\n\t\t\t\t<\/div>\n\t\t\t\t\t<\/div>\n\t\t<\/div>\n\t\t\t\t\t<\/div>\n\t\t<\/section>\n\t\t\t\t<section class=\"elementor-section elementor-top-section elementor-element elementor-element-7fec561 elementor-section-boxed elementor-section-height-default elementor-section-height-default qodef-elementor-content-no\" data-id=\"7fec561\" data-element_type=\"section\">\n\t\t\t\t\t\t<div class=\"elementor-container elementor-column-gap-default\">\n\t\t\t\t\t<div class=\"elementor-column elementor-col-50 elementor-top-column elementor-element elementor-element-4323722\" data-id=\"4323722\" data-element_type=\"column\">\n\t\t\t<div class=\"elementor-widget-wrap elementor-element-populated\">\n\t\t\t\t\t\t<div class=\"elementor-element elementor-element-1b88a64 elementor-widget elementor-widget-image\" data-id=\"1b88a64\" data-element_type=\"widget\" data-widget_type=\"image.default\">\n\t\t\t\t<div class=\"elementor-widget-container\">\n\t\t\t\t\t\t\t\t\t\t\t\t\t\t\t<img decoding=\"async\" src=\"https:\/\/clamaro.eu\/wp-content\/uploads\/2023\/04\/Clamaro-collage-bilderrahmen-rahmen-rahmenleiste-querschnitt.png\" title=\"\" alt=\"\" loading=\"lazy\" \/>\t\t\t\t\t\t\t\t\t\t\t\t\t\t\t<\/div>\n\t\t\t\t<\/div>\n\t\t\t\t\t<\/div>\n\t\t<\/div>\n\t\t\t\t<div class=\"elementor-column elementor-col-50 elementor-top-column elementor-element elementor-element-eeb2416\" data-id=\"eeb2416\" data-element_type=\"column\">\n\t\t\t<div class=\"elementor-widget-wrap elementor-element-populated\">\n\t\t\t\t\t\t<div class=\"elementor-element elementor-element-028b91e elementor-widget elementor-widget-spacer\" data-id=\"028b91e\" data-element_type=\"widget\" data-widget_type=\"spacer.default\">\n\t\t\t\t<div class=\"elementor-widget-container\">\n\t\t\t\t\t\t\t<div class=\"elementor-spacer\">\n\t\t\t<div class=\"elementor-spacer-inner\"><\/div>\n\t\t<\/div>\n\t\t\t\t\t\t<\/div>\n\t\t\t\t<\/div>\n\t\t\t\t<div class=\"elementor-element elementor-element-c450c65 elementor-widget elementor-widget-spacer\" data-id=\"c450c65\" data-element_type=\"widget\" data-widget_type=\"spacer.default\">\n\t\t\t\t<div class=\"elementor-widget-container\">\n\t\t\t\t\t\t\t<div class=\"elementor-spacer\">\n\t\t\t<div class=\"elementor-spacer-inner\"><\/div>\n\t\t<\/div>\n\t\t\t\t\t\t<\/div>\n\t\t\t\t<\/div>\n\t\t\t\t<div class=\"elementor-element elementor-element-e7fd784 elementor-widget elementor-widget-text-editor\" data-id=\"e7fd784\" data-element_type=\"widget\" data-widget_type=\"text-editor.default\">\n\t\t\t\t<div class=\"elementor-widget-container\">\n\t\t\t\t\t\t\t\t\t<h3 class=\"a-spacing-mini\">La baguette de cadre en d\u00e9tail<\/h3><p>Le design de la baguette carr\u00e9e moderne est tr\u00e8s actuel tout en \u00e9tant classique et intemporel. La baguette de <g id=\"gid_0\">cadre Clamaro COLLAGE 30<\/g> mesure 3<g id=\"gid_1\">0 mm de large et 16 mm<\/g> de profondeur. Fabriqu\u00e9 en<span class=\"a-text-bold\">Bois MDF<\/span> et avec une <span class=\"a-text-bold\">feuille d\u00e9corative r\u00e9sistante aux rayures et aux UV<\/span> lamin\u00e9. Une autre particularit\u00e9 de notre feuille d\u00e9corative est <span class=\"a-text-bold\">Enrobage complet <\/span>de la baguette d&rsquo;encadrement. Dadurch entsteht ein makelloser Gesamteindruck und die Folie bl\u00e4ttert nicht ab, wie es bei teilweise beschichteten Rahmenleisten der Fall ist.    <\/p>\t\t\t\t\t\t\t\t<\/div>\n\t\t\t\t<\/div>\n\t\t\t\t\t<\/div>\n\t\t<\/div>\n\t\t\t\t\t<\/div>\n\t\t<\/section>\n\t\t\t\t<section class=\"elementor-section elementor-top-section elementor-element elementor-element-3b1ca91 elementor-section-boxed elementor-section-height-default elementor-section-height-default qodef-elementor-content-no\" data-id=\"3b1ca91\" data-element_type=\"section\">\n\t\t\t\t\t\t<div class=\"elementor-container elementor-column-gap-default\">\n\t\t\t\t\t<div class=\"elementor-column elementor-col-100 elementor-top-column elementor-element elementor-element-1b19b9d\" data-id=\"1b19b9d\" data-element_type=\"column\">\n\t\t\t<div class=\"elementor-widget-wrap elementor-element-populated\">\n\t\t\t\t\t\t<div class=\"elementor-element elementor-element-1e24007 elementor-widget elementor-widget-text-editor\" data-id=\"1e24007\" data-element_type=\"widget\" data-widget_type=\"text-editor.default\">\n\t\t\t\t<div class=\"elementor-widget-container\">\n\t\t\t\t\t\t\t\t\t<p><span class=\"a-text-bold\">Tous les d\u00e9tails du produit en un coup d&rsquo;\u0153il :<\/span><\/p><p><span class=\"a-text-bold\"><br><\/span><\/p>\n<p><span class=\"a-text-bold\">barrette :<\/span><\/p>\n<p><\/p>\n<ul class=\"a-unordered-list a-vertical\">\n<li><span class=\"a-list-item\">Moulure en bois MDF issue d&rsquo;une exploitation foresti\u00e8re durable et \u00e9quitable de l&rsquo;UE.<\/span><\/li>\n<li><span class=\"a-list-item\">Rev\u00eatement en film : Enti\u00e8rement recouvert, robuste, durable, r\u00e9sistant aux rayures et aux UV.<\/span><\/li>\n<li><span class=\"a-list-item\">Des onglets sans soudure et de haute pr\u00e9cision, sans espaces, gr\u00e2ce \u00e0 notre parc de machines ultramodernes.<\/span><\/li><li><span class=\"a-list-item\">Cadre photo avec \u00e9lastiques et pinces photo en bois.<\/span><\/li>\n<\/ul>\n<p><br><\/p>\t\t\t\t\t\t\t\t<\/div>\n\t\t\t\t<\/div>\n\t\t\t\t\t<\/div>\n\t\t<\/div>\n\t\t\t\t\t<\/div>\n\t\t<\/section>\n\t\t\t\t<section class=\"elementor-section elementor-top-section elementor-element elementor-element-7e54370 elementor-section-boxed elementor-section-height-default elementor-section-height-default qodef-elementor-content-no\" data-id=\"7e54370\" data-element_type=\"section\">\n\t\t\t\t\t\t<div class=\"elementor-container elementor-column-gap-default\">\n\t\t\t\t\t<div class=\"elementor-column elementor-col-100 elementor-top-column elementor-element elementor-element-fdd97ec\" data-id=\"fdd97ec\" data-element_type=\"column\">\n\t\t\t<div class=\"elementor-widget-wrap elementor-element-populated\">\n\t\t\t\t\t\t<div class=\"elementor-element elementor-element-e28fa6c elementor-widget elementor-widget-text-editor\" data-id=\"e28fa6c\" data-element_type=\"widget\" data-widget_type=\"text-editor.default\">\n\t\t\t\t<div class=\"elementor-widget-container\">\n\t\t\t\t\t\t\t\t\t<p> <\/p><h3><strong style=\"color: var( --e-global-color-text ); font-family: var( --e-global-typography-text-font-family ), Sans-serif;\">Fabriqu\u00e9 en Allemagne<\/strong><\/h3><p><span style=\"font-size: 20px;\"><strong>Propre atelier de ma\u00eetre avec plus de 35 ans d&rsquo;exp\u00e9rience.<\/strong><\/span><\/p><p> <\/p><p><img decoding=\"async\" style=\"height: 80px; width: 350px;\" src=\"https:\/\/cdn03.plentymarkets.com\/mmx8yrv4qndt\/item\/images\/204\/full\/Wir-sind-Mitglied-bei-der--2-.jpg\" alt=\"\" data-cke-saved-src=\"https:\/\/cdn03.plentymarkets.com\/mmx8yrv4qndt\/item\/images\/204\/full\/Wir-sind-Mitglied-bei-der--2-.jpg\"><img decoding=\"async\" style=\"width: 114px; height: 70px;\" src=\"https:\/\/cdn03.plentymarkets.com\/mmx8yrv4qndt\/item\/images\/204\/full\/kaeufersiegel.png\" alt=\"\" data-cke-saved-src=\"https:\/\/cdn03.plentymarkets.com\/mmx8yrv4qndt\/item\/images\/204\/full\/kaeufersiegel.png\"> <img decoding=\"async\" style=\"width: 150px; height: 84px;\" src=\"https:\/\/cdn03.plentymarkets.com\/mmx8yrv4qndt\/item\/images\/204\/full\/haendlerbund.png\" alt=\"\" data-cke-saved-src=\"https:\/\/cdn03.plentymarkets.com\/mmx8yrv4qndt\/item\/images\/204\/full\/haendlerbund.png\"><\/p><p> <\/p>\t\t\t\t\t\t\t\t<\/div>\n\t\t\t\t<\/div>\n\t\t\t\t\t<\/div>\n\t\t<\/div>\n\t\t\t\t\t<\/div>\n\t\t<\/section>\n\t\t\t\t<\/div>\n\t\t","protected":false},"excerpt":{"rendered":"<p>&nbsp;<\/p>\n<p><strong><span style=\"color: #808080;\"><a style=\"color: #808080;\" href=\"https:\/\/clamaro.eu\/wp-content\/uploads\/2023\/09\/Konfirmitaetserklaerung-Bilderrahmen-mit-Unterschrift.pdf-1.pdf\" target=\"_blank\" rel=\"noopener\">Cadre photo ressource s\u00e9curit\u00e9 et produit.pdf  <\/a><\/span><\/strong><\/p>\n","protected":false},"featured_media":66510,"template":"","meta":{"om_disable_all_campaigns":false},"product_brand":[],"product_cat":[4896,4880],"product_tag":[],"class_list":{"0":"post-108138","1":"product","2":"type-product","3":"status-publish","4":"has-post-thumbnail","6":"product_cat-porte-photos-classic-design","7":"product_cat-photo-porte","9":"first","10":"instock","11":"taxable","12":"shipping-taxable","13":"purchasable","14":"product-type-simple"},"gallery_images":[66513,66356,66350,66362,66368],"_links":{"self":[{"href":"https:\/\/clamaro.eu\/fr\/wp-json\/wp\/v2\/product\/108138","targetHints":{"allow":["GET"]}}],"collection":[{"href":"https:\/\/clamaro.eu\/fr\/wp-json\/wp\/v2\/product"}],"about":[{"href":"https:\/\/clamaro.eu\/fr\/wp-json\/wp\/v2\/types\/product"}],"version-history":[{"count":1,"href":"https:\/\/clamaro.eu\/fr\/wp-json\/wp\/v2\/product\/108138\/revisions"}],"predecessor-version":[{"id":108139,"href":"https:\/\/clamaro.eu\/fr\/wp-json\/wp\/v2\/product\/108138\/revisions\/108139"}],"wp:featuredmedia":[{"embeddable":true,"href":"https:\/\/clamaro.eu\/fr\/wp-json\/wp\/v2\/media\/66510"}],"wp:attachment":[{"href":"https:\/\/clamaro.eu\/fr\/wp-json\/wp\/v2\/media?parent=108138"}],"wp:term":[{"taxonomy":"product_brand","embeddable":true,"href":"https:\/\/clamaro.eu\/fr\/wp-json\/wp\/v2\/product_brand?post=108138"},{"taxonomy":"product_cat","embeddable":true,"href":"https:\/\/clamaro.eu\/fr\/wp-json\/wp\/v2\/product_cat?post=108138"},{"taxonomy":"product_tag","embeddable":true,"href":"https:\/\/clamaro.eu\/fr\/wp-json\/wp\/v2\/product_tag?post=108138"}],"curies":[{"name":"wp","href":"https:\/\/api.w.org\/{rel}","templated":true}]}}