{"id":107645,"date":"2024-07-31T10:28:18","date_gmt":"2024-07-31T10:28:18","guid":{"rendered":"https:\/\/clamaro.eu\/product\/porte-photos-argent-ruban-de-jute\/"},"modified":"2025-12-03T11:09:09","modified_gmt":"2025-12-03T11:09:09","slug":"porte-photos-argent-ruban-de-jute","status":"publish","type":"product","link":"https:\/\/clamaro.eu\/fr\/produit\/porte-photos-argent-ruban-de-jute\/","title":{"rendered":"Porte-photos argent (ruban de jute)"},"content":{"rendered":"\t\t<div data-elementor-type=\"wp-post\" data-elementor-id=\"107645\" class=\"elementor elementor-107645 elementor-66149\">\n\t\t\t\t\t\t<section class=\"elementor-section elementor-top-section elementor-element elementor-element-81f2a08 elementor-section-boxed elementor-section-height-default elementor-section-height-default qodef-elementor-content-no\" data-id=\"81f2a08\" data-element_type=\"section\">\n\t\t\t\t\t\t<div class=\"elementor-container elementor-column-gap-default\">\n\t\t\t\t\t<div class=\"elementor-column elementor-col-100 elementor-top-column elementor-element elementor-element-98bec6d\" data-id=\"98bec6d\" data-element_type=\"column\">\n\t\t\t<div class=\"elementor-widget-wrap elementor-element-populated\">\n\t\t\t\t\t\t<div class=\"elementor-element elementor-element-ca5457a elementor-widget elementor-widget-image\" data-id=\"ca5457a\" data-element_type=\"widget\" data-widget_type=\"image.default\">\n\t\t\t\t<div class=\"elementor-widget-container\">\n\t\t\t\t\t\t\t\t\t\t\t\t\t\t\t<img decoding=\"async\" src=\"https:\/\/m.media-amazon.com\/images\/S\/aplus-media-library-service-media\/8a7af628-f583-4702-8d22-927f8f7f49e2.__CR0,0,600,180_PT0_SX600_V1___.png\" title=\"\" alt=\"\" loading=\"lazy\" \/>\t\t\t\t\t\t\t\t\t\t\t\t\t\t\t<\/div>\n\t\t\t\t<\/div>\n\t\t\t\t\t<\/div>\n\t\t<\/div>\n\t\t\t\t\t<\/div>\n\t\t<\/section>\n\t\t\t\t<section class=\"elementor-section elementor-top-section elementor-element elementor-element-16d9711 elementor-section-boxed elementor-section-height-default elementor-section-height-default qodef-elementor-content-no\" data-id=\"16d9711\" data-element_type=\"section\">\n\t\t\t\t\t\t<div class=\"elementor-container elementor-column-gap-default\">\n\t\t\t\t\t<div class=\"elementor-column elementor-col-100 elementor-top-column elementor-element elementor-element-eb848ff\" data-id=\"eb848ff\" data-element_type=\"column\">\n\t\t\t<div class=\"elementor-widget-wrap elementor-element-populated\">\n\t\t\t\t\t\t<div class=\"elementor-element elementor-element-b711a09 elementor-widget elementor-widget-text-editor\" data-id=\"b711a09\" data-element_type=\"widget\" data-widget_type=\"text-editor.default\">\n\t\t\t\t<div class=\"elementor-widget-container\">\n\t\t\t\t\t\t\t\t\t<p style=\"text-align: left;\">D\u00e9couvrez la fa\u00e7on id\u00e9ale de pr\u00e9senter vos moments pr\u00e9f\u00e9r\u00e9s et d&rsquo;ajouter une touche personnelle \u00e0 votre maison &#8211; le porte-photos Clamaro <strong>&lsquo;M30 Collage Line&rsquo;<\/strong>. Ce cadre photo \u00e9l\u00e9gant <strong>avec ligne photo et pinces en bois<\/strong> vous permet de cr\u00e9er une galerie impressionnante de vos plus belles photos, cartes postales ou notes. <\/p><p>Fabriqu\u00e9 avec <strong>une pr\u00e9cision<\/strong> et une qualit\u00e9 <strong>sur mesure<\/strong>, fi\u00e8rement <strong>\u00ab\u00a0made in Germany\u00a0\u00bb<\/strong>, ce porte-photo en toile donne en un clin d&rsquo;\u0153il une touche unique \u00e0 votre int\u00e9rieur. Chaque d\u00e9tail est soigneusement fabriqu\u00e9 dans notre <strong>manufacture de cadres allemande<\/strong> afin de r\u00e9pondre aux exigences les plus \u00e9lev\u00e9es et de garantir la durabilit\u00e9. <\/p>\t\t\t\t\t\t\t\t<\/div>\n\t\t\t\t<\/div>\n\t\t\t\t\t<\/div>\n\t\t<\/div>\n\t\t\t\t\t<\/div>\n\t\t<\/section>\n\t\t\t\t<section class=\"elementor-section elementor-top-section elementor-element elementor-element-4d61bbc elementor-section-boxed elementor-section-height-default elementor-section-height-default qodef-elementor-content-no\" data-id=\"4d61bbc\" data-element_type=\"section\">\n\t\t\t\t\t\t<div class=\"elementor-container elementor-column-gap-default\">\n\t\t\t\t\t<div class=\"elementor-column elementor-col-25 elementor-top-column elementor-element elementor-element-3415de3\" data-id=\"3415de3\" data-element_type=\"column\">\n\t\t\t<div class=\"elementor-widget-wrap elementor-element-populated\">\n\t\t\t\t\t\t<div class=\"elementor-element elementor-element-48b3fa6 elementor-widget elementor-widget-image\" data-id=\"48b3fa6\" data-element_type=\"widget\" data-widget_type=\"image.default\">\n\t\t\t\t<div class=\"elementor-widget-container\">\n\t\t\t\t\t\t\t\t\t\t\t\t\t\t\t<img decoding=\"async\" src=\"https:\/\/m.media-amazon.com\/images\/S\/aplus-media-library-service-media\/4d17aa6c-4388-4b9f-a5ad-c05870ac800d.__CR619,1301,1333,1333_PT0_SX220_V1___.png\" title=\"\" alt=\"\" loading=\"lazy\" \/>\t\t\t\t\t\t\t\t\t\t\t\t\t\t\t<\/div>\n\t\t\t\t<\/div>\n\t\t\t\t<div class=\"elementor-element elementor-element-2b12aaa elementor-widget elementor-widget-spacer\" data-id=\"2b12aaa\" data-element_type=\"widget\" data-widget_type=\"spacer.default\">\n\t\t\t\t<div class=\"elementor-widget-container\">\n\t\t\t\t\t\t\t<div class=\"elementor-spacer\">\n\t\t\t<div class=\"elementor-spacer-inner\"><\/div>\n\t\t<\/div>\n\t\t\t\t\t\t<\/div>\n\t\t\t\t<\/div>\n\t\t\t\t<div class=\"elementor-element elementor-element-5d23627 elementor-widget elementor-widget-text-editor\" data-id=\"5d23627\" data-element_type=\"widget\" data-widget_type=\"text-editor.default\">\n\t\t\t\t<div class=\"elementor-widget-container\">\n\t\t\t\t\t\t\t\t\t<h4 class=\"a-spacing-mini\">Moulure en MDF recouverte d&rsquo;une feuille<\/h4><p style=\"background-color: #ffffff;\">Les moulures Clamaro sont fabriqu\u00e9es <strong>en bois MDF<\/strong>. Le d\u00e9cor \u00e0 l&rsquo;aspect authentique est constitu\u00e9 d&rsquo;un <strong>placage durable, r\u00e9sistant aux rayures et aux UV<\/strong>.  Dans notre propre manufacture, les cadres sont tous <strong>fabriqu\u00e9s<\/strong> individuellement et <strong>\u00e0 la main<\/strong>.<\/p>\t\t\t\t\t\t\t\t<\/div>\n\t\t\t\t<\/div>\n\t\t\t\t\t<\/div>\n\t\t<\/div>\n\t\t\t\t<div class=\"elementor-column elementor-col-25 elementor-top-column elementor-element elementor-element-e8215b3\" data-id=\"e8215b3\" data-element_type=\"column\">\n\t\t\t<div class=\"elementor-widget-wrap elementor-element-populated\">\n\t\t\t\t\t\t<div class=\"elementor-element elementor-element-70205aa elementor-widget elementor-widget-image\" data-id=\"70205aa\" data-element_type=\"widget\" data-widget_type=\"image.default\">\n\t\t\t\t<div class=\"elementor-widget-container\">\n\t\t\t\t\t\t\t\t\t\t\t\t\t\t\t<img decoding=\"async\" src=\"https:\/\/m.media-amazon.com\/images\/S\/aplus-media-library-service-media\/9deabda1-c79d-4758-9aa5-de1b5ecf7cf6.__CR656,341,1071,1071_PT180_SX220_V1___.jpg\" title=\"\" alt=\"\" loading=\"lazy\" \/>\t\t\t\t\t\t\t\t\t\t\t\t\t\t\t<\/div>\n\t\t\t\t<\/div>\n\t\t\t\t<div class=\"elementor-element elementor-element-21768ac elementor-widget elementor-widget-spacer\" data-id=\"21768ac\" data-element_type=\"widget\" data-widget_type=\"spacer.default\">\n\t\t\t\t<div class=\"elementor-widget-container\">\n\t\t\t\t\t\t\t<div class=\"elementor-spacer\">\n\t\t\t<div class=\"elementor-spacer-inner\"><\/div>\n\t\t<\/div>\n\t\t\t\t\t\t<\/div>\n\t\t\t\t<\/div>\n\t\t\t\t<div class=\"elementor-element elementor-element-a216f8a elementor-widget elementor-widget-text-editor\" data-id=\"a216f8a\" data-element_type=\"widget\" data-widget_type=\"text-editor.default\">\n\t\t\t\t<div class=\"elementor-widget-container\">\n\t\t\t\t\t\t\t\t\t<h4 class=\"a-spacing-mini\">Pinces \u00e0 photos en bois v\u00e9ritable<\/h4><p style=\"background-color: #ffffff;\">Nos <strong>agrafes en bois naturel<\/strong> sont une alternative durable aux agrafes en plastique. De plus, ces agrafes sont <strong>stables, durables<\/strong> et s&rsquo;accordent parfaitement avec la photo en jute. <\/p>\t\t\t\t\t\t\t\t<\/div>\n\t\t\t\t<\/div>\n\t\t\t\t<div class=\"elementor-element elementor-element-27125d6 elementor-widget elementor-widget-spacer\" data-id=\"27125d6\" data-element_type=\"widget\" data-widget_type=\"spacer.default\">\n\t\t\t\t<div class=\"elementor-widget-container\">\n\t\t\t\t\t\t\t<div class=\"elementor-spacer\">\n\t\t\t<div class=\"elementor-spacer-inner\"><\/div>\n\t\t<\/div>\n\t\t\t\t\t\t<\/div>\n\t\t\t\t<\/div>\n\t\t\t\t\t<\/div>\n\t\t<\/div>\n\t\t\t\t<div class=\"elementor-column elementor-col-25 elementor-top-column elementor-element elementor-element-75ca82c\" data-id=\"75ca82c\" data-element_type=\"column\">\n\t\t\t<div class=\"elementor-widget-wrap elementor-element-populated\">\n\t\t\t\t\t\t<div class=\"elementor-element elementor-element-bc1e51f elementor-widget elementor-widget-image\" data-id=\"bc1e51f\" data-element_type=\"widget\" data-widget_type=\"image.default\">\n\t\t\t\t<div class=\"elementor-widget-container\">\n\t\t\t\t\t\t\t\t\t\t\t\t\t\t\t<img decoding=\"async\" src=\"https:\/\/m.media-amazon.com\/images\/S\/aplus-media-library-service-media\/4dd5d445-e781-4c3a-8163-c555368983ed.__CR140,0,1333,1333_PT0_SX220_V1___.jpg\" title=\"\" alt=\"\" loading=\"lazy\" \/>\t\t\t\t\t\t\t\t\t\t\t\t\t\t\t<\/div>\n\t\t\t\t<\/div>\n\t\t\t\t<div class=\"elementor-element elementor-element-b01864f elementor-widget elementor-widget-spacer\" data-id=\"b01864f\" data-element_type=\"widget\" data-widget_type=\"spacer.default\">\n\t\t\t\t<div class=\"elementor-widget-container\">\n\t\t\t\t\t\t\t<div class=\"elementor-spacer\">\n\t\t\t<div class=\"elementor-spacer-inner\"><\/div>\n\t\t<\/div>\n\t\t\t\t\t\t<\/div>\n\t\t\t\t<\/div>\n\t\t\t\t<div class=\"elementor-element elementor-element-3c54ae6 elementor-widget elementor-widget-text-editor\" data-id=\"3c54ae6\" data-element_type=\"widget\" data-widget_type=\"text-editor.default\">\n\t\t\t\t<div class=\"elementor-widget-container\">\n\t\t\t\t\t\t\t\t\t<h4 class=\"a-spacing-mini\">2x accroches m\u00e9talliques \u00e0 dents<\/h4><p>Des <strong>crochets m\u00e9talliques \u00e0 pointes<\/strong> plac\u00e9s de chaque c\u00f4t\u00e9 du cadre permettent de maintenir ce dernier en \u00e9quilibre et d&rsquo;<strong>\u00e9viter qu&rsquo;il ne penche en cas de r\u00e9partition in\u00e9gale du poids<\/strong>. Selon le mod\u00e8le command\u00e9, les crochets peuvent \u00eatre mont\u00e9s verticalement ou horizontalement. <\/p>\t\t\t\t\t\t\t\t<\/div>\n\t\t\t\t<\/div>\n\t\t\t\t\t<\/div>\n\t\t<\/div>\n\t\t\t\t<div class=\"elementor-column elementor-col-25 elementor-top-column elementor-element elementor-element-5ff039a\" data-id=\"5ff039a\" data-element_type=\"column\">\n\t\t\t<div class=\"elementor-widget-wrap elementor-element-populated\">\n\t\t\t\t\t\t<div class=\"elementor-element elementor-element-9d1889f elementor-widget elementor-widget-image\" data-id=\"9d1889f\" data-element_type=\"widget\" data-widget_type=\"image.default\">\n\t\t\t\t<div class=\"elementor-widget-container\">\n\t\t\t\t\t\t\t\t\t\t\t\t\t\t\t<img fetchpriority=\"high\" decoding=\"async\" width=\"300\" height=\"300\" src=\"https:\/\/clamaro.eu\/wp-content\/uploads\/2024\/07\/Dunkelgruen-Juteband-Fotohalter-2-300x300.jpg\" class=\"attachment-medium size-medium wp-image-65820\" alt=\"\" srcset=\"https:\/\/clamaro.eu\/wp-content\/uploads\/2024\/07\/Dunkelgruen-Juteband-Fotohalter-2-300x300.jpg 300w, https:\/\/clamaro.eu\/wp-content\/uploads\/2024\/07\/Dunkelgruen-Juteband-Fotohalter-2-1024x1024.jpg 1024w, https:\/\/clamaro.eu\/wp-content\/uploads\/2024\/07\/Dunkelgruen-Juteband-Fotohalter-2-150x150.jpg 150w, https:\/\/clamaro.eu\/wp-content\/uploads\/2024\/07\/Dunkelgruen-Juteband-Fotohalter-2-768x768.jpg 768w, https:\/\/clamaro.eu\/wp-content\/uploads\/2024\/07\/Dunkelgruen-Juteband-Fotohalter-2-650x650.jpg 650w, https:\/\/clamaro.eu\/wp-content\/uploads\/2024\/07\/Dunkelgruen-Juteband-Fotohalter-2-600x600.jpg 600w, https:\/\/clamaro.eu\/wp-content\/uploads\/2024\/07\/Dunkelgruen-Juteband-Fotohalter-2.jpg 1250w\" sizes=\"(max-width: 300px) 100vw, 300px\" \/>\t\t\t\t\t\t\t\t\t\t\t\t\t\t\t<\/div>\n\t\t\t\t<\/div>\n\t\t\t\t<div class=\"elementor-element elementor-element-fd96a5d elementor-widget elementor-widget-text-editor\" data-id=\"fd96a5d\" data-element_type=\"widget\" data-widget_type=\"text-editor.default\">\n\t\t\t\t<div class=\"elementor-widget-container\">\n\t\t\t\t\t\t\t\t\t<h4> <\/h4><h4 class=\"a-spacing-mini\"><span style=\"letter-spacing: 0.12em;\">Ligne photo en ruban de jute<\/span><\/h4><p class=\"a-size-small\">Une <strong>bande de jute<\/strong> naturelle extra <strong>stable et r\u00e9sistante \u00e0 la d\u00e9chirure<\/strong> emp\u00eache vos photos ou cartes postales pr\u00e9f\u00e9r\u00e9es de s&rsquo;affaisser. La ligne photo en jute est bien s\u00fbr d\u00e9j\u00e0 tendue. <br><strong>D\u00e9ballez&#8230; accrochez et d\u00e9corez avec vos objets pr\u00e9f\u00e9r\u00e9s&#8230; c&rsquo;est termin\u00e9.<\/strong><\/p>\t\t\t\t\t\t\t\t<\/div>\n\t\t\t\t<\/div>\n\t\t\t\t\t<\/div>\n\t\t<\/div>\n\t\t\t\t\t<\/div>\n\t\t<\/section>\n\t\t\t\t<section class=\"elementor-section elementor-top-section elementor-element elementor-element-7fec561 elementor-section-boxed elementor-section-height-default elementor-section-height-default qodef-elementor-content-no\" data-id=\"7fec561\" data-element_type=\"section\">\n\t\t\t\t\t\t<div class=\"elementor-container elementor-column-gap-default\">\n\t\t\t\t\t<div class=\"elementor-column elementor-col-50 elementor-top-column elementor-element elementor-element-4323722\" data-id=\"4323722\" data-element_type=\"column\">\n\t\t\t<div class=\"elementor-widget-wrap elementor-element-populated\">\n\t\t\t\t\t\t<div class=\"elementor-element elementor-element-1b88a64 elementor-widget elementor-widget-image\" data-id=\"1b88a64\" data-element_type=\"widget\" data-widget_type=\"image.default\">\n\t\t\t\t<div class=\"elementor-widget-container\">\n\t\t\t\t\t\t\t\t\t\t\t\t\t\t\t<img decoding=\"async\" src=\"https:\/\/clamaro.eu\/wp-content\/uploads\/2023\/04\/Clamaro-collage-bilderrahmen-rahmen-rahmenleiste-querschnitt.png\" title=\"\" alt=\"\" loading=\"lazy\" \/>\t\t\t\t\t\t\t\t\t\t\t\t\t\t\t<\/div>\n\t\t\t\t<\/div>\n\t\t\t\t\t<\/div>\n\t\t<\/div>\n\t\t\t\t<div class=\"elementor-column elementor-col-50 elementor-top-column elementor-element elementor-element-eeb2416\" data-id=\"eeb2416\" data-element_type=\"column\">\n\t\t\t<div class=\"elementor-widget-wrap elementor-element-populated\">\n\t\t\t\t\t\t<div class=\"elementor-element elementor-element-569afd1 elementor-widget elementor-widget-text-editor\" data-id=\"569afd1\" data-element_type=\"widget\" data-widget_type=\"text-editor.default\">\n\t\t\t\t<div class=\"elementor-widget-container\">\n\t\t\t\t\t\t\t\t\t<h3 class=\"a-spacing-mini\" style=\"background-color: #ffffff;\">La baguette de cadre en d\u00e9tail<\/h3><p style=\"background-color: #ffffff; color: #7a7a7a; font-family: Roboto, sans-serif; font-size: 15px; font-weight: 400; letter-spacing: normal; text-transform: none;\">La plinthe carr\u00e9e moderne a un design tr\u00e8s actuel et pourtant classique et intemporel. La moulure <span class=\"a-text-bold\">Clamaro COLLAGE 30<\/span> a une<span class=\"a-text-bold\"><strong>largeur de 30 mm<\/strong> et <strong>une profondeur de 16 mm<\/strong><\/span>. Elle est fabriqu\u00e9e en <g id=\"gid_5\">bois MDF<\/g> et lamin\u00e9e avec une <g id=\"gid_6\">feuille d\u00e9corative r\u00e9sistante aux rayures et aux UV<\/g>. Une autre particularit\u00e9 de notre feuille d\u00e9corative est l&rsquo;<g id=\"gid_7\">enrobage complet <\/g>de la plinthe d&rsquo;encadrement. Cela permet d&rsquo;obtenir une impression d&rsquo;ensemble sans faille et le film ne s&rsquo;\u00e9caille pas comme c&rsquo;est le cas avec les baguettes d&rsquo;encadrement partiellement enrob\u00e9es.    <\/p>\t\t\t\t\t\t\t\t<\/div>\n\t\t\t\t<\/div>\n\t\t\t\t\t<\/div>\n\t\t<\/div>\n\t\t\t\t\t<\/div>\n\t\t<\/section>\n\t\t\t\t<section class=\"elementor-section elementor-top-section elementor-element elementor-element-3b1ca91 elementor-section-boxed elementor-section-height-default elementor-section-height-default qodef-elementor-content-no\" data-id=\"3b1ca91\" data-element_type=\"section\">\n\t\t\t\t\t\t<div class=\"elementor-container elementor-column-gap-default\">\n\t\t\t\t\t<div class=\"elementor-column elementor-col-100 elementor-top-column elementor-element elementor-element-1b19b9d\" data-id=\"1b19b9d\" data-element_type=\"column\">\n\t\t\t<div class=\"elementor-widget-wrap elementor-element-populated\">\n\t\t\t\t\t\t<div class=\"elementor-element elementor-element-1e24007 elementor-widget elementor-widget-text-editor\" data-id=\"1e24007\" data-element_type=\"widget\" data-widget_type=\"text-editor.default\">\n\t\t\t\t<div class=\"elementor-widget-container\">\n\t\t\t\t\t\t\t\t\t<p><span class=\"a-text-bold\">Tous les d\u00e9tails du produit en un coup d&rsquo;\u0153il :<\/span><\/p><p><span class=\"a-text-bold\"><br><\/span><\/p>\n<p><span class=\"a-text-bold\">barrette :<\/span><\/p>\n<p><\/p>\n<ul class=\"a-unordered-list a-vertical\">\n<li><span class=\"a-list-item\">Moulure en bois MDF issue d&rsquo;une exploitation foresti\u00e8re durable et \u00e9quitable de l&rsquo;UE.<\/span><\/li>\n<li><span class=\"a-list-item\">Rev\u00eatement en film : Enti\u00e8rement recouvert, robuste, durable, r\u00e9sistant aux rayures et aux UV.<\/span><\/li>\n<li><span class=\"a-list-item\">Des onglets sans soudure et de haute pr\u00e9cision, sans espaces, gr\u00e2ce \u00e0 notre parc de machines ultramodernes.<\/span><\/li><li><span class=\"a-list-item\">Cadre photo avec \u00e9lastiques et pinces photo en bois.<\/span><\/li>\n<\/ul>\n<p><br><\/p>\t\t\t\t\t\t\t\t<\/div>\n\t\t\t\t<\/div>\n\t\t\t\t\t<\/div>\n\t\t<\/div>\n\t\t\t\t\t<\/div>\n\t\t<\/section>\n\t\t\t\t<section class=\"elementor-section elementor-top-section elementor-element elementor-element-7e54370 elementor-section-boxed elementor-section-height-default elementor-section-height-default qodef-elementor-content-no\" data-id=\"7e54370\" data-element_type=\"section\">\n\t\t\t\t\t\t<div class=\"elementor-container elementor-column-gap-default\">\n\t\t\t\t\t<div class=\"elementor-column elementor-col-100 elementor-top-column elementor-element elementor-element-fdd97ec\" data-id=\"fdd97ec\" data-element_type=\"column\">\n\t\t\t<div class=\"elementor-widget-wrap elementor-element-populated\">\n\t\t\t\t\t\t<div class=\"elementor-element elementor-element-e28fa6c elementor-widget elementor-widget-text-editor\" data-id=\"e28fa6c\" data-element_type=\"widget\" data-widget_type=\"text-editor.default\">\n\t\t\t\t<div class=\"elementor-widget-container\">\n\t\t\t\t\t\t\t\t\t<p> <\/p><h3><strong style=\"color: var( --e-global-color-text ); font-family: var( --e-global-typography-text-font-family ), Sans-serif;\">Fabriqu\u00e9 en Allemagne<\/strong><\/h3><p><span style=\"font-size: 20px;\"><strong>Propre atelier de ma\u00eetre avec plus de 35 ans d&rsquo;exp\u00e9rience.<\/strong><\/span><\/p><p> <\/p><p><img decoding=\"async\" style=\"height: 80px; width: 350px;\" src=\"https:\/\/cdn03.plentymarkets.com\/mmx8yrv4qndt\/item\/images\/204\/full\/Wir-sind-Mitglied-bei-der--2-.jpg\" alt=\"\" data-cke-saved-src=\"https:\/\/cdn03.plentymarkets.com\/mmx8yrv4qndt\/item\/images\/204\/full\/Wir-sind-Mitglied-bei-der--2-.jpg\"><img decoding=\"async\" style=\"width: 114px; height: 70px;\" src=\"https:\/\/cdn03.plentymarkets.com\/mmx8yrv4qndt\/item\/images\/204\/full\/kaeufersiegel.png\" alt=\"\" data-cke-saved-src=\"https:\/\/cdn03.plentymarkets.com\/mmx8yrv4qndt\/item\/images\/204\/full\/kaeufersiegel.png\"> <img decoding=\"async\" style=\"width: 150px; height: 84px;\" src=\"https:\/\/cdn03.plentymarkets.com\/mmx8yrv4qndt\/item\/images\/204\/full\/haendlerbund.png\" alt=\"\" data-cke-saved-src=\"https:\/\/cdn03.plentymarkets.com\/mmx8yrv4qndt\/item\/images\/204\/full\/haendlerbund.png\"><\/p><p> <\/p>\t\t\t\t\t\t\t\t<\/div>\n\t\t\t\t<\/div>\n\t\t\t\t\t<\/div>\n\t\t<\/div>\n\t\t\t\t\t<\/div>\n\t\t<\/section>\n\t\t\t\t<\/div>\n\t\t","protected":false},"excerpt":{"rendered":"<p>pour une fixation murale en mode portrait ou paysage.<\/p>\n<p>&nbsp;<\/p>\n<p><strong><span style=\"color: #808080;\"><a style=\"color: #808080;\" href=\"https:\/\/clamaro.eu\/wp-content\/uploads\/2023\/09\/Konfirmitaetserklaerung-Bilderrahmen-mit-Unterschrift.pdf-1.pdf\" target=\"_blank\" rel=\"noopener\">Cadre photo ressource s\u00e9curit\u00e9 et produit.pdf  <\/a><\/span><\/strong><\/p>\n","protected":false},"featured_media":66156,"template":"","meta":{"om_disable_all_campaigns":false},"product_brand":[],"product_cat":[4896,4880],"product_tag":[4897],"class_list":{"0":"post-107645","1":"product","2":"type-product","3":"status-publish","4":"has-post-thumbnail","6":"product_cat-porte-photos-classic-design","7":"product_cat-photo-porte","8":"product_tag-porte-photos","9":"product_shipping_class-cadres-photo-et-miroirs","11":"first","12":"instock","13":"taxable","14":"shipping-taxable","15":"purchasable","16":"product-type-simple"},"gallery_images":[66159,66142,66136,65775,65763,65769,65781],"_links":{"self":[{"href":"https:\/\/clamaro.eu\/fr\/wp-json\/wp\/v2\/product\/107645","targetHints":{"allow":["GET"]}}],"collection":[{"href":"https:\/\/clamaro.eu\/fr\/wp-json\/wp\/v2\/product"}],"about":[{"href":"https:\/\/clamaro.eu\/fr\/wp-json\/wp\/v2\/types\/product"}],"version-history":[{"count":1,"href":"https:\/\/clamaro.eu\/fr\/wp-json\/wp\/v2\/product\/107645\/revisions"}],"predecessor-version":[{"id":107647,"href":"https:\/\/clamaro.eu\/fr\/wp-json\/wp\/v2\/product\/107645\/revisions\/107647"}],"wp:featuredmedia":[{"embeddable":true,"href":"https:\/\/clamaro.eu\/fr\/wp-json\/wp\/v2\/media\/66156"}],"wp:attachment":[{"href":"https:\/\/clamaro.eu\/fr\/wp-json\/wp\/v2\/media?parent=107645"}],"wp:term":[{"taxonomy":"product_brand","embeddable":true,"href":"https:\/\/clamaro.eu\/fr\/wp-json\/wp\/v2\/product_brand?post=107645"},{"taxonomy":"product_cat","embeddable":true,"href":"https:\/\/clamaro.eu\/fr\/wp-json\/wp\/v2\/product_cat?post=107645"},{"taxonomy":"product_tag","embeddable":true,"href":"https:\/\/clamaro.eu\/fr\/wp-json\/wp\/v2\/product_tag?post=107645"}],"curies":[{"name":"wp","href":"https:\/\/api.w.org\/{rel}","templated":true}]}}