{"id":107395,"date":"2025-03-21T06:39:05","date_gmt":"2025-03-21T06:39:05","guid":{"rendered":"https:\/\/clamaro.eu\/product\/memo-vintage-blanc\/"},"modified":"2025-12-03T11:07:10","modified_gmt":"2025-12-03T11:07:10","slug":"memo-vintage-blanc","status":"publish","type":"product","link":"https:\/\/clamaro.eu\/fr\/produit\/memo-vintage-blanc\/","title":{"rendered":"Memo Vintage Blanc"},"content":{"rendered":"\t\t<div data-elementor-type=\"wp-post\" data-elementor-id=\"107395\" class=\"elementor elementor-107395 elementor-87583\">\n\t\t\t\t\t\t<section class=\"elementor-section elementor-top-section elementor-element elementor-element-28b5ed7 elementor-section-boxed elementor-section-height-default elementor-section-height-default qodef-elementor-content-no\" data-id=\"28b5ed7\" data-element_type=\"section\">\n\t\t\t\t\t\t<div class=\"elementor-container elementor-column-gap-default\">\n\t\t\t\t\t<div class=\"elementor-column elementor-col-100 elementor-top-column elementor-element elementor-element-53fe360\" data-id=\"53fe360\" data-element_type=\"column\">\n\t\t\t<div class=\"elementor-widget-wrap elementor-element-populated\">\n\t\t\t\t\t\t<div class=\"elementor-element elementor-element-d1395f6 elementor-widget elementor-widget-text-editor\" data-id=\"d1395f6\" data-element_type=\"widget\" data-widget_type=\"text-editor.default\">\n\t\t\t\t<div class=\"elementor-widget-container\">\n\t\t\t\t\t\t\t\t\t<h4><span style=\"font-size: large;\"><strong>Clamaro Cadre pour tableaux en li\u00e8ge &#8211; Cadre pour tableaux d&rsquo;affichage avec 10 \u00e9pingles, 17 couleurs &amp; 7-8 mm d&rsquo;\u00e9paisseur de li\u00e8ge<\/strong><\/span><\/h4><div><ul><li><div><h4 data-end=\"162\" data-start=\"73\"><strong data-end=\"160\" data-start=\"77\">Clamaro Cadre photo en li\u00e8ge &#8211; L&rsquo;\u00e9l\u00e9gance naturelle pour vos photos et vos souvenirs<\/strong><br><br>Mettez en sc\u00e8ne vos plus beaux moments avec style gr\u00e2ce \u00e0 notre cadre photo en li\u00e8ge de haute qualit\u00e9. Avec son aspect naturel, une \u00e9paisseur de mat\u00e9riau solide d&rsquo;environ 7-8 mm et la possibilit\u00e9 de le choisir dans <strong data-end=\"390\" data-start=\"363\">17 couleurs diff\u00e9rentes<\/strong>, ce cadre offre une solution durable et \u00e9cologique pour vos photos, posters ou \u0153uvres d&rsquo;art. <br><br><strong data-end=\"555\" data-start=\"515\">Pr\u00e9sentation optimale &amp; flexibilit\u00e9<\/strong><br><br>Le cadre en li\u00e8ge de haute qualit\u00e9 donne \u00e0 vos photos une touche chaleureuse et naturelle et s&rsquo;int\u00e8gre harmonieusement dans tout int\u00e9rieur ou bureau. Les <strong data-end=\"750\" data-start=\"732\">10 \u00e9pingles<\/strong> fournies vous permettent de disposer ou d&rsquo;\u00e9changer vos photos de mani\u00e8re flexible &#8211; parfait pour les notes, les souvenirs ou les cr\u00e9ations. <br><br><strong data-end=\"900\" data-start=\"880\">Facilit\u00e9 de montage<\/strong><br><br>Le panneau arri\u00e8re robuste et les crochets int\u00e9gr\u00e9s permettent un montage mural s\u00fbr, \u00e0 la verticale comme \u00e0 l&rsquo;horizontale.<br><br><strong data-end=\"1081\" data-start=\"1038\">Des tailles vari\u00e9es pour r\u00e9pondre \u00e0 vos besoins<\/strong><br><br>Disponible en plusieurs formats pour une flexibilit\u00e9 maximale :<br><br>\u2705 <strong data-end=\"1167\" data-start=\"1153\">30 x 20 cm<\/strong><br data-end=\"1170\" data-start=\"1167\">\u2705 <g id=\"gid_1\">40 x 30 cm<\/g><br data-end=\"1189\" data-start=\"1186\">\u2705 <g id=\"gid_2\">60 x 40 cm<\/g><br data-end=\"1208\" data-start=\"1205\">\u2705 <strong data-end=\"1224\" data-start=\"1210\">80 x 40 cm<\/strong><br data-end=\"1227\" data-start=\"1224\">\u2705 <strong data-end=\"1243\" data-start=\"1229\">90 x 60 cm<\/strong><br data-end=\"1246\" data-start=\"1243\">\u2705 <g id=\"gid_5\">100 x 40 cm<\/g><br data-end=\"1266\" data-start=\"1263\">\u2705 <strong data-end=\"1283\" data-start=\"1268\">100 x 50 cm<\/strong><br data-end=\"1286\" data-start=\"1283\">\u2705 <g id=\"gid_7\">100 x 80 cm<\/g><br data-end=\"1306\" data-is-only-node=\"\" data-start=\"1303\">\u2705 <strong data-end=\"1323\" data-start=\"1308\">120 x 80 cm<\/strong><br data-end=\"1326\" data-start=\"1323\">\u2705           <strong data-end=\"1343\" data-start=\"1328\">120 x 90 cm<\/strong><br><br><strong data-end=\"1401\" data-start=\"1351\">Finition de haute qualit\u00e9 &amp; utilisation polyvalente<\/strong><br><br>\u2714 Li\u00e8ge naturel d&rsquo;environ 7 \u00e0 8 mm d&rsquo;\u00e9paisseur<br data-end=\"1447\" data-start=\"1444\">\u2714 17 couleurs diff\u00e9rentes au choix<br data-end=\"1486\" data-start=\"1483\">\u2714 <strong data-end=\"1516\" data-start=\"1498\">10 \u00e9pingles<\/strong> incluses pour une personnalisation<br data-end=\"1547\" data-start=\"1544\">\u2714 Cadre solide et durable<br data-end=\"1583\" data-start=\"1580\">\u2714 Montage mural facile et s\u00fbr<br data-end=\"1620\" data-start=\"1617\">\u2714 Usage polyvalent pour photos, posters, notes, certificats ou collages<br><br>Mettez en valeur vos photos pr\u00e9f\u00e9r\u00e9es et profitez de l&rsquo;esth\u00e9tique \u00e9l\u00e9gante de notre cadre photo en li\u00e8ge. <strong data-end=\"1840\" data-start=\"1817\">Commandez d\u00e8s maintenant<\/strong> et donnez \u00e0 vos murs un look naturel et cr\u00e9atif !<\/h4><\/div><\/li><\/ul><\/div>\t\t\t\t\t\t\t\t<\/div>\n\t\t\t\t<\/div>\n\t\t\t\t\t<\/div>\n\t\t<\/div>\n\t\t\t\t\t<\/div>\n\t\t<\/section>\n\t\t\t\t<section class=\"elementor-section elementor-top-section elementor-element elementor-element-81f2a08 elementor-section-boxed elementor-section-height-default elementor-section-height-default qodef-elementor-content-no\" data-id=\"81f2a08\" data-element_type=\"section\">\n\t\t\t\t\t\t<div class=\"elementor-container elementor-column-gap-default\">\n\t\t\t\t\t<div class=\"elementor-column elementor-col-100 elementor-top-column elementor-element elementor-element-98bec6d\" data-id=\"98bec6d\" data-element_type=\"column\">\n\t\t\t<div class=\"elementor-widget-wrap elementor-element-populated\">\n\t\t\t\t\t\t<div class=\"elementor-element elementor-element-ca5457a elementor-widget elementor-widget-image\" data-id=\"ca5457a\" data-element_type=\"widget\" data-widget_type=\"image.default\">\n\t\t\t\t<div class=\"elementor-widget-container\">\n\t\t\t\t\t\t\t\t\t\t\t\t\t\t\t<img decoding=\"async\" src=\"https:\/\/m.media-amazon.com\/images\/S\/aplus-media-library-service-media\/8a7af628-f583-4702-8d22-927f8f7f49e2.__CR0,0,600,180_PT0_SX600_V1___.png\" title=\"\" alt=\"\" loading=\"lazy\" \/>\t\t\t\t\t\t\t\t\t\t\t\t\t\t\t<\/div>\n\t\t\t\t<\/div>\n\t\t\t\t\t<\/div>\n\t\t<\/div>\n\t\t\t\t\t<\/div>\n\t\t<\/section>\n\t\t\t\t<section class=\"elementor-section elementor-top-section elementor-element elementor-element-7fec561 elementor-section-boxed elementor-section-height-default elementor-section-height-default qodef-elementor-content-no\" data-id=\"7fec561\" data-element_type=\"section\">\n\t\t\t\t\t\t<div class=\"elementor-container elementor-column-gap-default\">\n\t\t\t\t\t<div class=\"elementor-column elementor-col-50 elementor-top-column elementor-element elementor-element-4323722\" data-id=\"4323722\" data-element_type=\"column\">\n\t\t\t<div class=\"elementor-widget-wrap elementor-element-populated\">\n\t\t\t\t\t\t<div class=\"elementor-element elementor-element-1b88a64 elementor-widget elementor-widget-image\" data-id=\"1b88a64\" data-element_type=\"widget\" data-widget_type=\"image.default\">\n\t\t\t\t<div class=\"elementor-widget-container\">\n\t\t\t\t\t\t\t\t\t\t\t\t\t\t\t<img decoding=\"async\" src=\"https:\/\/clamaro.eu\/wp-content\/uploads\/2023\/04\/Clamaro-collage-bilderrahmen-rahmen-rahmenleiste-querschnitt.png\" title=\"\" alt=\"\" loading=\"lazy\" \/>\t\t\t\t\t\t\t\t\t\t\t\t\t\t\t<\/div>\n\t\t\t\t<\/div>\n\t\t\t\t\t<\/div>\n\t\t<\/div>\n\t\t\t\t<div class=\"elementor-column elementor-col-50 elementor-top-column elementor-element elementor-element-eeb2416\" data-id=\"eeb2416\" data-element_type=\"column\">\n\t\t\t<div class=\"elementor-widget-wrap elementor-element-populated\">\n\t\t\t\t\t\t<div class=\"elementor-element elementor-element-028b91e elementor-widget elementor-widget-spacer\" data-id=\"028b91e\" data-element_type=\"widget\" data-widget_type=\"spacer.default\">\n\t\t\t\t<div class=\"elementor-widget-container\">\n\t\t\t\t\t\t\t<div class=\"elementor-spacer\">\n\t\t\t<div class=\"elementor-spacer-inner\"><\/div>\n\t\t<\/div>\n\t\t\t\t\t\t<\/div>\n\t\t\t\t<\/div>\n\t\t\t\t<div class=\"elementor-element elementor-element-c450c65 elementor-widget elementor-widget-spacer\" data-id=\"c450c65\" data-element_type=\"widget\" data-widget_type=\"spacer.default\">\n\t\t\t\t<div class=\"elementor-widget-container\">\n\t\t\t\t\t\t\t<div class=\"elementor-spacer\">\n\t\t\t<div class=\"elementor-spacer-inner\"><\/div>\n\t\t<\/div>\n\t\t\t\t\t\t<\/div>\n\t\t\t\t<\/div>\n\t\t\t\t<div class=\"elementor-element elementor-element-e7fd784 elementor-widget elementor-widget-text-editor\" data-id=\"e7fd784\" data-element_type=\"widget\" data-widget_type=\"text-editor.default\">\n\t\t\t\t<div class=\"elementor-widget-container\">\n\t\t\t\t\t\t\t\t\t<h3 class=\"a-spacing-mini\">La baguette de cadre en d\u00e9tail<\/h3><p>Le design de la baguette carr\u00e9e moderne est tr\u00e8s actuel tout en \u00e9tant classique et intemporel. La baguette de <g id=\"gid_0\">cadre Clamaro COLLAGE 30<\/g> mesure 3<g id=\"gid_1\">0 mm de large et 16 mm<\/g> de profondeur. Fabriqu\u00e9 en<span class=\"a-text-bold\">Bois MDF<\/span> et avec une <span class=\"a-text-bold\">feuille d\u00e9corative r\u00e9sistante aux rayures et aux UV<\/span> lamin\u00e9. Une autre particularit\u00e9 de notre feuille d\u00e9corative est <span class=\"a-text-bold\">Enrobage complet <\/span>de la baguette d&rsquo;encadrement. Dadurch entsteht ein makelloser Gesamteindruck und die Folie bl\u00e4ttert nicht ab, wie es bei teilweise beschichteten Rahmenleisten der Fall ist.    <\/p>\t\t\t\t\t\t\t\t<\/div>\n\t\t\t\t<\/div>\n\t\t\t\t\t<\/div>\n\t\t<\/div>\n\t\t\t\t\t<\/div>\n\t\t<\/section>\n\t\t\t\t<section class=\"elementor-section elementor-top-section elementor-element elementor-element-3b1ca91 elementor-section-boxed elementor-section-height-default elementor-section-height-default qodef-elementor-content-no\" data-id=\"3b1ca91\" data-element_type=\"section\">\n\t\t\t\t\t\t<div class=\"elementor-container elementor-column-gap-default\">\n\t\t\t\t\t<div class=\"elementor-column elementor-col-100 elementor-top-column elementor-element elementor-element-1b19b9d\" data-id=\"1b19b9d\" data-element_type=\"column\">\n\t\t\t<div class=\"elementor-widget-wrap elementor-element-populated\">\n\t\t\t\t\t\t<div class=\"elementor-element elementor-element-1e24007 elementor-widget elementor-widget-text-editor\" data-id=\"1e24007\" data-element_type=\"widget\" data-widget_type=\"text-editor.default\">\n\t\t\t\t<div class=\"elementor-widget-container\">\n\t\t\t\t\t\t\t\t\t<p><span class=\"a-text-bold\">Tous les d\u00e9tails du produit en un coup d&rsquo;\u0153il :<\/span><\/p><p><span class=\"a-text-bold\"> <\/span><\/p><p><span class=\"a-text-bold\">barrette :<\/span><\/p><ul class=\"a-unordered-list a-vertical\"><li><span class=\"a-list-item\">Moulure en bois MDF issue d&rsquo;une exploitation foresti\u00e8re durable et \u00e9quitable de l&rsquo;UE.<\/span><\/li><li><span class=\"a-list-item\">Rev\u00eatement en film : Enti\u00e8rement recouvert, robuste, durable, r\u00e9sistant aux rayures et aux UV.<\/span><\/li><li><span class=\"a-list-item\">Des onglets sans soudure et de haute pr\u00e9cision, sans espaces, gr\u00e2ce \u00e0 notre parc de machines ultramodernes.<\/span><\/li><li><span class=\"a-list-item\">Cadre photo avec \u00e9lastiques et pinces photo en bois.<\/span><\/li><\/ul><p> <\/p>\t\t\t\t\t\t\t\t<\/div>\n\t\t\t\t<\/div>\n\t\t\t\t\t<\/div>\n\t\t<\/div>\n\t\t\t\t\t<\/div>\n\t\t<\/section>\n\t\t\t\t<section class=\"elementor-section elementor-top-section elementor-element elementor-element-7e54370 elementor-section-boxed elementor-section-height-default elementor-section-height-default qodef-elementor-content-no\" data-id=\"7e54370\" data-element_type=\"section\">\n\t\t\t\t\t\t<div class=\"elementor-container elementor-column-gap-default\">\n\t\t\t\t\t<div class=\"elementor-column elementor-col-100 elementor-top-column elementor-element elementor-element-fdd97ec\" data-id=\"fdd97ec\" data-element_type=\"column\">\n\t\t\t<div class=\"elementor-widget-wrap elementor-element-populated\">\n\t\t\t\t\t\t<div class=\"elementor-element elementor-element-e28fa6c elementor-widget elementor-widget-text-editor\" data-id=\"e28fa6c\" data-element_type=\"widget\" data-widget_type=\"text-editor.default\">\n\t\t\t\t<div class=\"elementor-widget-container\">\n\t\t\t\t\t\t\t\t\t<p> <\/p><h3><strong style=\"color: var( --e-global-color-text ); font-family: var( --e-global-typography-text-font-family ), Sans-serif;\">Fabriqu\u00e9 en Allemagne<\/strong><\/h3><p><span style=\"font-size: 20px;\"><strong>Propre atelier de ma\u00eetre avec plus de 35 ans d&rsquo;exp\u00e9rience.<\/strong><\/span><\/p><p> <\/p><p><img decoding=\"async\" style=\"height: 80px; width: 350px;\" src=\"https:\/\/cdn03.plentymarkets.com\/mmx8yrv4qndt\/item\/images\/204\/full\/Wir-sind-Mitglied-bei-der--2-.jpg\" alt=\"\" data-cke-saved-src=\"https:\/\/cdn03.plentymarkets.com\/mmx8yrv4qndt\/item\/images\/204\/full\/Wir-sind-Mitglied-bei-der--2-.jpg\"><img decoding=\"async\" style=\"width: 114px; height: 70px;\" src=\"https:\/\/cdn03.plentymarkets.com\/mmx8yrv4qndt\/item\/images\/204\/full\/kaeufersiegel.png\" alt=\"\" data-cke-saved-src=\"https:\/\/cdn03.plentymarkets.com\/mmx8yrv4qndt\/item\/images\/204\/full\/kaeufersiegel.png\"> <img decoding=\"async\" style=\"width: 150px; height: 84px;\" src=\"https:\/\/cdn03.plentymarkets.com\/mmx8yrv4qndt\/item\/images\/204\/full\/haendlerbund.png\" alt=\"\" data-cke-saved-src=\"https:\/\/cdn03.plentymarkets.com\/mmx8yrv4qndt\/item\/images\/204\/full\/haendlerbund.png\"><\/p><p> <\/p>\t\t\t\t\t\t\t\t<\/div>\n\t\t\t\t<\/div>\n\t\t\t\t\t<\/div>\n\t\t<\/div>\n\t\t\t\t\t<\/div>\n\t\t<\/section>\n\t\t\t\t<\/div>\n\t\t","protected":false},"excerpt":{"rendered":"<p>pour une fixation murale en mode portrait ou paysage.<\/p>\n<p>&nbsp;<\/p>\n<p><strong><span style=\"color: #808080;\"><a style=\"color: #808080;\" href=\"https:\/\/clamaro.eu\/wp-content\/uploads\/2023\/09\/Konfirmitaetserklaerung-Bilderrahmen-mit-Unterschrift.pdf-1.pdf\" target=\"_blank\" rel=\"noopener\">Cadre photo ressource s\u00e9curit\u00e9 et produit.pdf  <\/a><\/span><\/strong><\/p>\n","protected":false},"featured_media":87602,"template":"","meta":{"om_disable_all_campaigns":false},"product_brand":[],"product_cat":[4878],"product_tag":[4889,4402,4887],"class_list":{"0":"post-107395","1":"product","2":"type-product","3":"status-publish","4":"has-post-thumbnail","6":"product_cat-memo-tableau-daffichage","7":"product_tag-liege","8":"product_tag-paroi-a-lamelles","9":"product_tag-tableau-daffichage","11":"first","12":"instock","13":"taxable","14":"shipping-taxable","15":"purchasable","16":"product-type-simple"},"gallery_images":[87587,87593,87605,87244,87220,87256,87250],"_links":{"self":[{"href":"https:\/\/clamaro.eu\/fr\/wp-json\/wp\/v2\/product\/107395","targetHints":{"allow":["GET"]}}],"collection":[{"href":"https:\/\/clamaro.eu\/fr\/wp-json\/wp\/v2\/product"}],"about":[{"href":"https:\/\/clamaro.eu\/fr\/wp-json\/wp\/v2\/types\/product"}],"version-history":[{"count":1,"href":"https:\/\/clamaro.eu\/fr\/wp-json\/wp\/v2\/product\/107395\/revisions"}],"predecessor-version":[{"id":107397,"href":"https:\/\/clamaro.eu\/fr\/wp-json\/wp\/v2\/product\/107395\/revisions\/107397"}],"wp:featuredmedia":[{"embeddable":true,"href":"https:\/\/clamaro.eu\/fr\/wp-json\/wp\/v2\/media\/87602"}],"wp:attachment":[{"href":"https:\/\/clamaro.eu\/fr\/wp-json\/wp\/v2\/media?parent=107395"}],"wp:term":[{"taxonomy":"product_brand","embeddable":true,"href":"https:\/\/clamaro.eu\/fr\/wp-json\/wp\/v2\/product_brand?post=107395"},{"taxonomy":"product_cat","embeddable":true,"href":"https:\/\/clamaro.eu\/fr\/wp-json\/wp\/v2\/product_cat?post=107395"},{"taxonomy":"product_tag","embeddable":true,"href":"https:\/\/clamaro.eu\/fr\/wp-json\/wp\/v2\/product_tag?post=107395"}],"curies":[{"name":"wp","href":"https:\/\/api.w.org\/{rel}","templated":true}]}}