{"id":96730,"date":"2025-09-10T08:13:09","date_gmt":"2025-09-10T08:13:09","guid":{"rendered":"https:\/\/clamaro.eu\/?post_type=product&#038;p=96730"},"modified":"2025-12-22T08:40:18","modified_gmt":"2025-12-22T08:40:18","slug":"beige-3","status":"publish","type":"product","link":"https:\/\/clamaro.eu\/es\/producto\/beige-3\/","title":{"rendered":"Olive"},"content":{"rendered":"\t\t<div data-elementor-type=\"wp-post\" data-elementor-id=\"96730\" class=\"elementor elementor-96730\">\n\t\t\t\t\t\t<section class=\"elementor-section elementor-top-section elementor-element elementor-element-2f43799 elementor-section-boxed elementor-section-height-default elementor-section-height-default qodef-elementor-content-no\" data-id=\"2f43799\" data-element_type=\"section\">\n\t\t\t\t\t\t<div class=\"elementor-container elementor-column-gap-default\">\n\t\t\t\t\t<div class=\"elementor-column elementor-col-100 elementor-top-column elementor-element elementor-element-9ee3b90\" data-id=\"9ee3b90\" data-element_type=\"column\">\n\t\t\t<div class=\"elementor-widget-wrap elementor-element-populated\">\n\t\t\t\t\t\t<div class=\"elementor-element elementor-element-604ccfa elementor-widget elementor-widget-image\" data-id=\"604ccfa\" data-element_type=\"widget\" data-widget_type=\"image.default\">\n\t\t\t\t<div class=\"elementor-widget-container\">\n\t\t\t\t\t\t\t\t\t\t\t\t\t\t\t<img decoding=\"async\" src=\"https:\/\/m.media-amazon.com\/images\/S\/aplus-media-library-service-media\/8a7af628-f583-4702-8d22-927f8f7f49e2.__CR0,0,600,180_PT0_SX600_V1___.png\" title=\"\" alt=\"\" loading=\"lazy\" \/>\t\t\t\t\t\t\t\t\t\t\t\t\t\t\t<\/div>\n\t\t\t\t<\/div>\n\t\t\t\t\t<\/div>\n\t\t<\/div>\n\t\t\t\t\t<\/div>\n\t\t<\/section>\n\t\t\t\t<section class=\"elementor-section elementor-top-section elementor-element elementor-element-9574dbd elementor-section-boxed elementor-section-height-default elementor-section-height-default qodef-elementor-content-no\" data-id=\"9574dbd\" data-element_type=\"section\">\n\t\t\t\t\t\t<div class=\"elementor-container elementor-column-gap-default\">\n\t\t\t\t\t<div class=\"elementor-column elementor-col-100 elementor-top-column elementor-element elementor-element-31f4797\" data-id=\"31f4797\" data-element_type=\"column\">\n\t\t\t<div class=\"elementor-widget-wrap elementor-element-populated\">\n\t\t\t\t\t\t<div class=\"elementor-element elementor-element-9c24c87 elementor-widget elementor-widget-image\" data-id=\"9c24c87\" data-element_type=\"widget\" data-widget_type=\"image.default\">\n\t\t\t\t<div class=\"elementor-widget-container\">\n\t\t\t\t\t\t\t\t\t\t\t\t\t\t\t<img decoding=\"async\" src=\"https:\/\/cdn03.plentymarkets.com\/mmx8yrv4qndt\/item\/images\/1298\/full\/1.jpg\" title=\"\" alt=\"\" loading=\"lazy\" \/>\t\t\t\t\t\t\t\t\t\t\t\t\t\t\t<\/div>\n\t\t\t\t<\/div>\n\t\t\t\t<div class=\"elementor-element elementor-element-cd84e0b elementor-widget elementor-widget-image\" data-id=\"cd84e0b\" data-element_type=\"widget\" data-widget_type=\"image.default\">\n\t\t\t\t<div class=\"elementor-widget-container\">\n\t\t\t\t\t\t\t\t\t\t\t\t\t\t\t<img decoding=\"async\" src=\"https:\/\/cdn03.plentymarkets.com\/mmx8yrv4qndt\/item\/images\/1298\/full\/3.jpg\" title=\"\" alt=\"\" loading=\"lazy\" \/>\t\t\t\t\t\t\t\t\t\t\t\t\t\t\t<\/div>\n\t\t\t\t<\/div>\n\t\t\t\t\t<\/div>\n\t\t<\/div>\n\t\t\t\t\t<\/div>\n\t\t<\/section>\n\t\t\t\t<section class=\"elementor-section elementor-top-section elementor-element elementor-element-08b41b1 elementor-section-boxed elementor-section-height-default elementor-section-height-default qodef-elementor-content-no\" data-id=\"08b41b1\" data-element_type=\"section\">\n\t\t\t\t\t\t<div class=\"elementor-container elementor-column-gap-default\">\n\t\t\t\t\t<div class=\"elementor-column elementor-col-25 elementor-top-column elementor-element elementor-element-1a01898\" data-id=\"1a01898\" data-element_type=\"column\">\n\t\t\t<div class=\"elementor-widget-wrap elementor-element-populated\">\n\t\t\t\t\t\t<div class=\"elementor-element elementor-element-b25f7f4 elementor-widget elementor-widget-image\" data-id=\"b25f7f4\" data-element_type=\"widget\" data-widget_type=\"image.default\">\n\t\t\t\t<div class=\"elementor-widget-container\">\n\t\t\t\t\t\t\t\t\t\t\t\t\t\t\t<img decoding=\"async\" src=\"https:\/\/cdn03.plentymarkets.com\/mmx8yrv4qndt\/item\/images\/1298\/full\/58.jpg\" title=\"\" alt=\"\" loading=\"lazy\" \/>\t\t\t\t\t\t\t\t\t\t\t\t\t\t\t<\/div>\n\t\t\t\t<\/div>\n\t\t\t\t<div class=\"elementor-element elementor-element-85966c5 elementor-widget elementor-widget-spacer\" data-id=\"85966c5\" data-element_type=\"widget\" data-widget_type=\"spacer.default\">\n\t\t\t\t<div class=\"elementor-widget-container\">\n\t\t\t\t\t\t\t<div class=\"elementor-spacer\">\n\t\t\t<div class=\"elementor-spacer-inner\"><\/div>\n\t\t<\/div>\n\t\t\t\t\t\t<\/div>\n\t\t\t\t<\/div>\n\t\t\t\t<div class=\"elementor-element elementor-element-60c798a elementor-widget elementor-widget-text-editor\" data-id=\"60c798a\" data-element_type=\"widget\" data-widget_type=\"text-editor.default\">\n\t\t\t\t<div class=\"elementor-widget-container\">\n\t\t\t\t\t\t\t\t\t<h4 class=\"a-spacing-mini\">Vielfalt nach Ma\u00df<\/h4><p class=\"a-size-small\">W\u00e4hlen Sie aus \u00fcber 4<span class=\"a-text-bold\">00 Gr\u00f6\u00dfen und 10 stilvollen Rahmenfarben<\/span>\u00a0\u2013 perfekt abgestimmt auf Ihr Zuhause.\u00a0<span class=\"a-text-bold\">Jeder Rahmen ist ein Unikat<\/span>\u00a0nach Ihren W\u00fcnschen.<\/p>\t\t\t\t\t\t\t\t<\/div>\n\t\t\t\t<\/div>\n\t\t\t\t\t<\/div>\n\t\t<\/div>\n\t\t\t\t<div class=\"elementor-column elementor-col-25 elementor-top-column elementor-element elementor-element-963a3ae\" data-id=\"963a3ae\" data-element_type=\"column\">\n\t\t\t<div class=\"elementor-widget-wrap elementor-element-populated\">\n\t\t\t\t\t\t<div class=\"elementor-element elementor-element-cd47b67 elementor-widget elementor-widget-image\" data-id=\"cd47b67\" data-element_type=\"widget\" data-widget_type=\"image.default\">\n\t\t\t\t<div class=\"elementor-widget-container\">\n\t\t\t\t\t\t\t\t\t\t\t\t\t\t\t<img decoding=\"async\" src=\"https:\/\/m.media-amazon.com\/images\/S\/aplus-media-library-service-media\/e42750b7-d006-4dac-9550-041366113231.__CR0,0,2000,2000_PT0_SX220_V1___.png\" title=\"\" alt=\"\" loading=\"lazy\" \/>\t\t\t\t\t\t\t\t\t\t\t\t\t\t\t<\/div>\n\t\t\t\t<\/div>\n\t\t\t\t<div class=\"elementor-element elementor-element-d5f9c31 elementor-widget elementor-widget-spacer\" data-id=\"d5f9c31\" data-element_type=\"widget\" data-widget_type=\"spacer.default\">\n\t\t\t\t<div class=\"elementor-widget-container\">\n\t\t\t\t\t\t\t<div class=\"elementor-spacer\">\n\t\t\t<div class=\"elementor-spacer-inner\"><\/div>\n\t\t<\/div>\n\t\t\t\t\t\t<\/div>\n\t\t\t\t<\/div>\n\t\t\t\t<div class=\"elementor-element elementor-element-1c578c0 elementor-widget elementor-widget-text-editor\" data-id=\"1c578c0\" data-element_type=\"widget\" data-widget_type=\"text-editor.default\">\n\t\t\t\t<div class=\"elementor-widget-container\">\n\t\t\t\t\t\t\t\t\t<h4 class=\"a-spacing-mini\">Bruchfestes Acrylglas:<\/h4><p class=\"a-size-small\">Die Scheibe aus 1 mm starkem,\u00a0<span class=\"a-text-bold\">bruchsicherem\u00a0<\/span>Acrylglas ist beidseitig foliert, bietet optimalen UV-Schutz und eine klare\u00a0<span class=\"a-text-bold\">hochtransparente\u00a0<\/span>Sicht auf Ihr Bild.<\/p>\t\t\t\t\t\t\t\t<\/div>\n\t\t\t\t<\/div>\n\t\t\t\t\t<\/div>\n\t\t<\/div>\n\t\t\t\t<div class=\"elementor-column elementor-col-25 elementor-top-column elementor-element elementor-element-f458fc7\" data-id=\"f458fc7\" data-element_type=\"column\">\n\t\t\t<div class=\"elementor-widget-wrap elementor-element-populated\">\n\t\t\t\t\t\t<div class=\"elementor-element elementor-element-45c2eb5 elementor-widget elementor-widget-image\" data-id=\"45c2eb5\" data-element_type=\"widget\" data-widget_type=\"image.default\">\n\t\t\t\t<div class=\"elementor-widget-container\">\n\t\t\t\t\t\t\t\t\t\t\t\t\t\t\t<img decoding=\"async\" src=\"https:\/\/m.media-amazon.com\/images\/S\/aplus-media-library-service-media\/eaecea51-274b-4717-b826-653a79f263d9.__CR695,996,223,223_PT0_SX220_V1___.png\" title=\"\" alt=\"\" loading=\"lazy\" \/>\t\t\t\t\t\t\t\t\t\t\t\t\t\t\t<\/div>\n\t\t\t\t<\/div>\n\t\t\t\t<div class=\"elementor-element elementor-element-2816553 elementor-widget elementor-widget-spacer\" data-id=\"2816553\" data-element_type=\"widget\" data-widget_type=\"spacer.default\">\n\t\t\t\t<div class=\"elementor-widget-container\">\n\t\t\t\t\t\t\t<div class=\"elementor-spacer\">\n\t\t\t<div class=\"elementor-spacer-inner\"><\/div>\n\t\t<\/div>\n\t\t\t\t\t\t<\/div>\n\t\t\t\t<\/div>\n\t\t\t\t<div class=\"elementor-element elementor-element-8cc715c elementor-widget elementor-widget-text-editor\" data-id=\"8cc715c\" data-element_type=\"widget\" data-widget_type=\"text-editor.default\">\n\t\t\t\t<div class=\"elementor-widget-container\">\n\t\t\t\t\t\t\t\t\t<h4 class=\"a-spacing-mini\">Handgefertigt in Deutschland<\/h4><p class=\"a-size-small\">Jeder Rahmen wird in\u00a0<span class=\"a-text-bold\">unserer Manufaktur<\/span>\u00a0mit modernster Technik und viel Handarbeit von geschultem Fachpersonal gefertigt &#8211;\u00a0<span class=\"a-text-bold\">Qualit\u00e4t, die man sieht und sp\u00fcrt<\/span>.<\/p>\t\t\t\t\t\t\t\t<\/div>\n\t\t\t\t<\/div>\n\t\t\t\t\t<\/div>\n\t\t<\/div>\n\t\t\t\t<div class=\"elementor-column elementor-col-25 elementor-top-column elementor-element elementor-element-37ac592\" data-id=\"37ac592\" data-element_type=\"column\">\n\t\t\t<div class=\"elementor-widget-wrap elementor-element-populated\">\n\t\t\t\t\t\t<div class=\"elementor-element elementor-element-7bd51b8 elementor-widget elementor-widget-image\" data-id=\"7bd51b8\" data-element_type=\"widget\" data-widget_type=\"image.default\">\n\t\t\t\t<div class=\"elementor-widget-container\">\n\t\t\t\t\t\t\t\t\t\t\t\t\t\t\t<img decoding=\"async\" src=\"https:\/\/m.media-amazon.com\/images\/S\/aplus-media-library-service-media\/e8a8e04f-18e6-4a33-8d60-b9c8c04d9d86.__CR1,780,300,300_PT0_SX220_V1___.png\" title=\"\" alt=\"\" loading=\"lazy\" \/>\t\t\t\t\t\t\t\t\t\t\t\t\t\t\t<\/div>\n\t\t\t\t<\/div>\n\t\t\t\t<div class=\"elementor-element elementor-element-ae6127c elementor-widget elementor-widget-spacer\" data-id=\"ae6127c\" data-element_type=\"widget\" data-widget_type=\"spacer.default\">\n\t\t\t\t<div class=\"elementor-widget-container\">\n\t\t\t\t\t\t\t<div class=\"elementor-spacer\">\n\t\t\t<div class=\"elementor-spacer-inner\"><\/div>\n\t\t<\/div>\n\t\t\t\t\t\t<\/div>\n\t\t\t\t<\/div>\n\t\t\t\t<div class=\"elementor-element elementor-element-a26116e elementor-widget elementor-widget-text-editor\" data-id=\"a26116e\" data-element_type=\"widget\" data-widget_type=\"text-editor.default\">\n\t\t\t\t<div class=\"elementor-widget-container\">\n\t\t\t\t\t\t\t\t\t<h4 class=\"a-spacing-mini\">Die Bubble Leiste in 10 Farben<\/h4><p class=\"a-size-small\">Die Rahmenleiste BUBBLE wird aus stabilem und langlebigen\u00a0<span class=\"a-text-bold\">MDF-Holz\u00a0<\/span>gefertigt und mit einer\u00a0<span class=\"a-text-bold\">kratz- und sto\u00df unempfindlichen Lackierung<\/span>\u00a0versehen.<\/p>\t\t\t\t\t\t\t\t<\/div>\n\t\t\t\t<\/div>\n\t\t\t\t\t<\/div>\n\t\t<\/div>\n\t\t\t\t\t<\/div>\n\t\t<\/section>\n\t\t\t\t<section class=\"elementor-section elementor-top-section elementor-element elementor-element-43306ae elementor-section-boxed elementor-section-height-default elementor-section-height-default qodef-elementor-content-no\" data-id=\"43306ae\" data-element_type=\"section\">\n\t\t\t\t\t\t<div class=\"elementor-container elementor-column-gap-default\">\n\t\t\t\t\t<div class=\"elementor-column elementor-col-100 elementor-top-column elementor-element elementor-element-dae46e5\" data-id=\"dae46e5\" data-element_type=\"column\">\n\t\t\t<div class=\"elementor-widget-wrap elementor-element-populated\">\n\t\t\t\t\t\t<div class=\"elementor-element elementor-element-82bfcb3 elementor-widget elementor-widget-text-editor\" data-id=\"82bfcb3\" data-element_type=\"widget\" data-widget_type=\"text-editor.default\">\n\t\t\t\t<div class=\"elementor-widget-container\">\n\t\t\t\t\t\t\t\t\t<h3 class=\"a-size-extra-large a-spacing-base a-text-center\" style=\"margin-top: 0px; text-rendering: optimizelegibility; font-size: 17px; line-height: 1.255; font-family: 'Amazon Ember', Arial, sans-serif; color: #0f1111; letter-spacing: normal; text-transform: none; background-color: #ffffff; margin-bottom: 14px !important;\">Ihre Vorteile auf einen Blick:<\/h3><div class=\"a-row\" style=\"width: 969px; color: #0f1111; font-family: 'Amazon Ember', Arial, sans-serif; font-size: 14px; text-align: start; background-color: #ffffff;\"><div class=\"a-column a-span12 aplus-tech-spec-hide-loading\" style=\"width: 969px; margin-right: 19.375px; float: left; min-height: 1px; overflow: visible; visibility: visible !important;\"><table class=\"a-bordered a-horizontal-stripes aplus-tech-spec-table\" style=\"margin-bottom: 22px; border-collapse: separate; width: 969px; border-radius: 8px; overflow: hidden; word-break: initial; border: 1px solid #d5d9d9;\"><tbody><tr><td class=\"a-text-bold\" style=\"vertical-align: top; padding: 6px 12px; border-bottom: 1px solid #d5d9d9; background-color: #ffffff; font-weight: 700 !important;\">Vielfalt ohne Kompromisse:<\/td><td style=\"vertical-align: top; padding: 6px 12px; border-bottom: 1px solid #d5d9d9; background-color: #ffffff;\">W\u00e4hlen Sie aus \u00fcber 400 Gr\u00f6\u00dfen \u2013 von Mini bis XXL (z.\u202fB. DIN A5 bis DIN A0) \u2013 sowie 10 stilvollen Farben, passend f\u00fcr jeden Einrichtungsstil.<\/td><\/tr><tr><td class=\"a-text-bold\" style=\"vertical-align: top; padding: 6px 12px; border-bottom: 1px solid #d5d9d9; background-color: #ffffff; font-weight: 700 !important;\">Handgefertigte Qualit\u00e4t:<\/td><td style=\"vertical-align: top; padding: 6px 12px; border-bottom: 1px solid #d5d9d9; background-color: #ffffff;\">Jeder Rahmen wird mit Sorgfalt und Pr\u00e4zision aus robustem MDF-Holz gefertigt \u2013 langlebig, formstabil und hochwertig verarbeitet.<\/td><\/tr><tr><td class=\"a-text-bold\" style=\"vertical-align: top; padding: 6px 12px; border-bottom: 1px solid #d5d9d9; background-color: #ffffff; font-weight: 700 !important;\">Modernes Design:<\/td><td style=\"vertical-align: top; padding: 6px 12px; border-bottom: 1px solid #d5d9d9; background-color: #ffffff;\">Die 20 mm breite Leiste mit klarer, eckiger Form und seinen Kugelmuster verleiht jedem Motiv einen einzigartigen Look \u2013 von minimalistisch bis vintage.<\/td><\/tr><tr><td class=\"a-text-bold\" style=\"vertical-align: top; padding: 6px 12px; border-bottom: 1px solid #d5d9d9; background-color: #ffffff; font-weight: 700 !important;\">Acrylglas-Schutz:<\/td><td style=\"vertical-align: top; padding: 6px 12px; border-bottom: 1px solid #d5d9d9; background-color: #ffffff;\">Die Scheibe aus 1 mm starkem, bruchsicherem Acrylglas ist beidseitig foliert, bietet optimalen UV-Schutz und eine klare Sicht auf Ihr Bild.<\/td><\/tr><tr><td class=\"a-text-bold\" style=\"vertical-align: top; padding: 6px 12px; border-bottom: 1px solid #d5d9d9; background-color: #ffffff; font-weight: 700 !important;\">Stabile R\u00fcckwand:<\/td><td style=\"vertical-align: top; padding: 6px 12px; border-bottom: 1px solid #d5d9d9; background-color: #ffffff;\">Eine 2 mm starke HDF-Platte mit robusten Biegestiften sorgt f\u00fcr sicheren Halt \u2013 auch bei h\u00e4ufigem Motivwechsel.<\/td><\/tr><tr><td class=\"a-text-bold\" style=\"vertical-align: top; padding: 6px 12px; border-bottom-width: initial; border-bottom-style: none; background-color: #ffffff; font-weight: 700 !important;\">Flexible Aufh\u00e4ngung:<\/td><td style=\"vertical-align: top; padding: 6px 12px; border-bottom-width: initial; border-bottom-style: none; background-color: #ffffff;\">Dank vormontierter Zackenaufh\u00e4nger l\u00e4sst sich der Rahmen im Hoch- oder Querformat an der Wand befestigen.<\/td><\/tr><\/tbody><\/table><\/div><\/div>\t\t\t\t\t\t\t\t<\/div>\n\t\t\t\t<\/div>\n\t\t\t\t\t<\/div>\n\t\t<\/div>\n\t\t\t\t\t<\/div>\n\t\t<\/section>\n\t\t\t\t<section class=\"elementor-section elementor-top-section elementor-element elementor-element-44cd685 elementor-section-boxed elementor-section-height-default elementor-section-height-default qodef-elementor-content-no\" data-id=\"44cd685\" data-element_type=\"section\">\n\t\t\t\t\t\t<div class=\"elementor-container elementor-column-gap-default\">\n\t\t\t\t\t<div class=\"elementor-column elementor-col-33 elementor-top-column elementor-element elementor-element-be5604f\" data-id=\"be5604f\" data-element_type=\"column\">\n\t\t\t<div class=\"elementor-widget-wrap elementor-element-populated\">\n\t\t\t\t\t\t<div class=\"elementor-element elementor-element-b956dc1 elementor-widget elementor-widget-image\" data-id=\"b956dc1\" data-element_type=\"widget\" data-widget_type=\"image.default\">\n\t\t\t\t<div class=\"elementor-widget-container\">\n\t\t\t\t\t\t\t\t\t\t\t\t\t\t\t<img fetchpriority=\"high\" decoding=\"async\" width=\"1024\" height=\"1024\" src=\"https:\/\/clamaro.eu\/wp-content\/uploads\/2025\/03\/Impression-Manufaktur-1-1024x1024.jpg\" class=\"attachment-large size-large wp-image-87255\" alt=\"\" srcset=\"https:\/\/clamaro.eu\/wp-content\/uploads\/2025\/03\/Impression-Manufaktur-1-1024x1024.jpg 1024w, https:\/\/clamaro.eu\/wp-content\/uploads\/2025\/03\/Impression-Manufaktur-1-300x300.jpg 300w, https:\/\/clamaro.eu\/wp-content\/uploads\/2025\/03\/Impression-Manufaktur-1-150x150.jpg 150w, https:\/\/clamaro.eu\/wp-content\/uploads\/2025\/03\/Impression-Manufaktur-1-768x768.jpg 768w, https:\/\/clamaro.eu\/wp-content\/uploads\/2025\/03\/Impression-Manufaktur-1-650x650.jpg 650w, https:\/\/clamaro.eu\/wp-content\/uploads\/2025\/03\/Impression-Manufaktur-1-600x600.jpg 600w, https:\/\/clamaro.eu\/wp-content\/uploads\/2025\/03\/Impression-Manufaktur-1.jpg 1250w\" sizes=\"(max-width: 1024px) 100vw, 1024px\" \/>\t\t\t\t\t\t\t\t\t\t\t\t\t\t\t<\/div>\n\t\t\t\t<\/div>\n\t\t\t\t\t<\/div>\n\t\t<\/div>\n\t\t\t\t<div class=\"elementor-column elementor-col-66 elementor-top-column elementor-element elementor-element-29dec50\" data-id=\"29dec50\" data-element_type=\"column\">\n\t\t\t<div class=\"elementor-widget-wrap elementor-element-populated\">\n\t\t\t\t\t\t<div class=\"elementor-element elementor-element-99653a0 elementor-widget elementor-widget-text-editor\" data-id=\"99653a0\" data-element_type=\"widget\" data-widget_type=\"text-editor.default\">\n\t\t\t\t<div class=\"elementor-widget-container\">\n\t\t\t\t\t\t\t\t\t<h3 class=\"a-spacing-mini\">H\u00f6chste Qualit\u00e4t und Pr\u00e4zision: Handgefertigt und zu 100% Made in Germany<\/h3><p>Alle Clamaro Bubble Bilderrahmen werden auf Bestellung in unserer Rahmen Manufaktur,\u00a0<span class=\"a-text-bold\"><strong>einzeln<\/strong> und <strong>individuell von Hand<\/strong><\/span>, in Ihrem Wunschma\u00df hergestellt.\u00a0<span class=\"a-text-bold\">Pr\u00e4zision und Qualit\u00e4t zu 100% <strong>Made in Germany<\/strong><\/span><strong>.<\/strong><br \/><br \/><\/p><p><strong><span class=\"a-text-bold\">WICHTIGER HINWEIS ZU UNSEREN FOTOS:<\/span><\/strong>\u00a0Die Farben der von uns verwendeten Produktbilder k\u00f6nnen durch Ihre Bildschirm Farb- und Helligkeitseinstellungen von unseren Bildern leicht abweichen.<\/p>\t\t\t\t\t\t\t\t<\/div>\n\t\t\t\t<\/div>\n\t\t\t\t\t<\/div>\n\t\t<\/div>\n\t\t\t\t\t<\/div>\n\t\t<\/section>\n\t\t\t\t<section class=\"elementor-section elementor-top-section elementor-element elementor-element-27d7be9 elementor-section-boxed elementor-section-height-default elementor-section-height-default qodef-elementor-content-no\" data-id=\"27d7be9\" data-element_type=\"section\">\n\t\t\t\t\t\t<div class=\"elementor-container elementor-column-gap-default\">\n\t\t\t\t\t<div class=\"elementor-column elementor-col-100 elementor-top-column elementor-element elementor-element-87637cd\" data-id=\"87637cd\" data-element_type=\"column\">\n\t\t\t<div class=\"elementor-widget-wrap elementor-element-populated\">\n\t\t\t\t\t\t<div class=\"elementor-element elementor-element-1f379a5 elementor-widget elementor-widget-image\" data-id=\"1f379a5\" data-element_type=\"widget\" data-widget_type=\"image.default\">\n\t\t\t\t<div class=\"elementor-widget-container\">\n\t\t\t\t\t\t\t\t\t\t\t\t\t\t\t<img decoding=\"async\" src=\"https:\/\/cdn03.plentymarkets.com\/mmx8yrv4qndt\/item\/images\/1298\/full\/2.jpg\" title=\"\" alt=\"\" loading=\"lazy\" \/>\t\t\t\t\t\t\t\t\t\t\t\t\t\t\t<\/div>\n\t\t\t\t<\/div>\n\t\t\t\t\t<\/div>\n\t\t<\/div>\n\t\t\t\t\t<\/div>\n\t\t<\/section>\n\t\t\t\t<\/div>\n\t\t","protected":false},"excerpt":{"rendered":"<p>zur Wandbefestigung im Hochformat oder Querformat<\/p>\n<p>&nbsp;<\/p>\n<p><strong><a href=\"https:\/\/clamaro.eu\/wp-content\/uploads\/2023\/09\/Konfirmitaetserklaerung-Bilderrahmen-mit-Unterschrift.pdf-1.pdf\">Bilderrahmen Sicherheits- und Produktressource.pdf<\/a><\/strong><\/p>\n","protected":false},"featured_media":96744,"template":"","meta":{"om_disable_all_campaigns":false},"product_brand":[],"product_cat":[4849,134],"product_tag":[],"class_list":{"0":"post-96730","1":"product","2":"type-product","3":"status-publish","4":"has-post-thumbnail","6":"product_cat-bubble","7":"product_cat-bilderrahmen","9":"first","10":"instock","11":"taxable","12":"shipping-taxable","13":"purchasable","14":"product-type-simple"},"gallery_images":[96758,97094,96751,96765,97087,97108,97101],"_links":{"self":[{"href":"https:\/\/clamaro.eu\/es\/wp-json\/wp\/v2\/product\/96730","targetHints":{"allow":["GET"]}}],"collection":[{"href":"https:\/\/clamaro.eu\/es\/wp-json\/wp\/v2\/product"}],"about":[{"href":"https:\/\/clamaro.eu\/es\/wp-json\/wp\/v2\/types\/product"}],"version-history":[{"count":7,"href":"https:\/\/clamaro.eu\/es\/wp-json\/wp\/v2\/product\/96730\/revisions"}],"predecessor-version":[{"id":101420,"href":"https:\/\/clamaro.eu\/es\/wp-json\/wp\/v2\/product\/96730\/revisions\/101420"}],"wp:featuredmedia":[{"embeddable":true,"href":"https:\/\/clamaro.eu\/es\/wp-json\/wp\/v2\/media\/96744"}],"wp:attachment":[{"href":"https:\/\/clamaro.eu\/es\/wp-json\/wp\/v2\/media?parent=96730"}],"wp:term":[{"taxonomy":"product_brand","embeddable":true,"href":"https:\/\/clamaro.eu\/es\/wp-json\/wp\/v2\/product_brand?post=96730"},{"taxonomy":"product_cat","embeddable":true,"href":"https:\/\/clamaro.eu\/es\/wp-json\/wp\/v2\/product_cat?post=96730"},{"taxonomy":"product_tag","embeddable":true,"href":"https:\/\/clamaro.eu\/es\/wp-json\/wp\/v2\/product_tag?post=96730"}],"curies":[{"name":"wp","href":"https:\/\/api.w.org\/{rel}","templated":true}]}}