{"id":87148,"date":"2025-03-19T11:04:57","date_gmt":"2025-03-19T11:04:57","guid":{"rendered":"https:\/\/clamaro.eu\/?post_type=product&#038;p=87148"},"modified":"2025-12-22T08:43:26","modified_gmt":"2025-12-22T08:43:26","slug":"kork-eiche-catania","status":"publish","type":"product","link":"https:\/\/clamaro.eu\/es\/producto\/kork-eiche-catania\/","title":{"rendered":"Memo Beige"},"content":{"rendered":"\t\t<div data-elementor-type=\"wp-post\" data-elementor-id=\"87148\" class=\"elementor elementor-87148\">\n\t\t\t\t\t\t<section class=\"elementor-section elementor-top-section elementor-element elementor-element-28b5ed7 elementor-section-boxed elementor-section-height-default elementor-section-height-default qodef-elementor-content-no\" data-id=\"28b5ed7\" data-element_type=\"section\">\n\t\t\t\t\t\t<div class=\"elementor-container elementor-column-gap-default\">\n\t\t\t\t\t<div class=\"elementor-column elementor-col-100 elementor-top-column elementor-element elementor-element-53fe360\" data-id=\"53fe360\" data-element_type=\"column\">\n\t\t\t<div class=\"elementor-widget-wrap elementor-element-populated\">\n\t\t\t\t\t\t<div class=\"elementor-element elementor-element-d1395f6 elementor-widget elementor-widget-text-editor\" data-id=\"d1395f6\" data-element_type=\"widget\" data-widget_type=\"text-editor.default\">\n\t\t\t\t<div class=\"elementor-widget-container\">\n\t\t\t\t\t\t\t\t\t<h4><span style=\"font-size: large;\"><strong>Clamaro Kork-Bilderrahmen \u2013 Pinnwand-Rahmen mit 10 Stecknadeln, 17 Farben &amp; 7-8 mm Korkst\u00e4rke<\/strong><\/span><\/h4><div><ul><li><div><h4 data-end=\"162\" data-start=\"73\"><strong data-end=\"160\" data-start=\"77\">Clamaro Kork-Bilderrahmen \u2013 Nat\u00fcrliche Eleganz f\u00fcr Ihre Bilder und Erinnerungen<\/strong><br \/><br \/>Setzen Sie Ihre sch\u00f6nsten Momente stilvoll in Szene mit unserem hochwertigen Kork-Bilderrahmen. Mit seiner nat\u00fcrlichen Optik, einer stabilen Materialst\u00e4rke von ca. 7-8 mm und der M\u00f6glichkeit, ihn in <strong data-end=\"390\" data-start=\"363\">17 verschiedenen Farben<\/strong> zu w\u00e4hlen, bietet dieser Rahmen eine langlebige und umweltfreundliche L\u00f6sung f\u00fcr Ihre Fotos, Poster oder Kunstwerke.<br \/><br \/><strong data-end=\"555\" data-start=\"515\">Optimale Pr\u00e4sentation &amp; Flexibilit\u00e4t<\/strong><br \/><br \/>Der Rahmen aus hochwertigem Kork verleiht Ihren Bildern eine warme, nat\u00fcrliche Note und passt sich harmonisch in jede Wohn- oder B\u00fcroeinrichtung ein. Dank der mitgelieferten <strong data-end=\"750\" data-start=\"732\">10 Stecknadeln<\/strong> k\u00f6nnen Sie Ihre Bilder flexibel anordnen oder austauschen \u2013 perfekt f\u00fcr Notizen, Erinnerungen oder kreative Gestaltungen.<br \/><br \/><strong data-end=\"900\" data-start=\"880\">Einfache Montage<\/strong><br \/><br \/>Die stabile R\u00fcckwand und die integrierten Aufh\u00e4nger erm\u00f6glichen eine sichere Wandmontage \u2013 sowohl vertikal als auch horizontal.<br \/><br \/><strong data-end=\"1081\" data-start=\"1038\">Vielf\u00e4ltige Gr\u00f6\u00dfen f\u00fcr Ihre Bed\u00fcrfnisse<\/strong><br \/><br \/>Erh\u00e4ltlich in verschiedenen Formaten f\u00fcr maximale Flexibilit\u00e4t:<br \/><br \/>\u2705 <strong data-end=\"1167\" data-start=\"1153\">30 x 20 cm<\/strong><br data-end=\"1170\" data-start=\"1167\" \/>\u2705 <strong data-end=\"1186\" data-start=\"1172\">40 x 30 cm<\/strong><br data-end=\"1189\" data-start=\"1186\" \/>\u2705 <strong data-end=\"1205\" data-start=\"1191\">60 x 40 cm<\/strong><br data-end=\"1208\" data-start=\"1205\" \/>\u2705 <strong data-end=\"1224\" data-start=\"1210\">80 x 40 cm<\/strong><br data-end=\"1227\" data-start=\"1224\" \/>\u2705 <strong data-end=\"1243\" data-start=\"1229\">90 x 60 cm<\/strong><br data-end=\"1246\" data-start=\"1243\" \/>\u2705 <strong data-end=\"1263\" data-start=\"1248\">100 x 40 cm<\/strong><br data-end=\"1266\" data-start=\"1263\" \/>\u2705 <strong data-end=\"1283\" data-start=\"1268\">100 x 50 cm<\/strong><br data-end=\"1286\" data-start=\"1283\" \/>\u2705 <strong data-end=\"1303\" data-start=\"1288\">100 x 80 cm<\/strong><br data-end=\"1306\" data-is-only-node=\"\" data-start=\"1303\" \/>\u2705 <strong data-end=\"1323\" data-start=\"1308\">120 x 80 cm<\/strong><br data-end=\"1326\" data-start=\"1323\" \/>\u2705 <strong data-end=\"1343\" data-start=\"1328\">120 x 90 cm<\/strong><br \/><br \/><strong data-end=\"1401\" data-start=\"1351\">Hochwertige Verarbeitung &amp; Vielseitige Nutzung<\/strong><br \/><br \/>\u2714 Nat\u00fcrlicher Kork mit ca. 7-8 mm St\u00e4rke<br data-end=\"1447\" data-start=\"1444\" \/>\u2714 17 verschiedene Farben zur Auswahl<br data-end=\"1486\" data-start=\"1483\" \/>\u2714 Inklusive <strong data-end=\"1516\" data-start=\"1498\">10 Stecknadeln<\/strong> f\u00fcr individuelle Gestaltung<br data-end=\"1547\" data-start=\"1544\" \/>\u2714 Stabiler und langlebiger Rahmen<br data-end=\"1583\" data-start=\"1580\" \/>\u2714 Einfache und sichere Wandmontage<br data-end=\"1620\" data-start=\"1617\" \/>\u2714 Vielseitig nutzbar f\u00fcr Bilder, Poster, Notizen, Urkunden oder Collagen<br \/><br \/>Bringen Sie Ihre Lieblingsbilder optimal zur Geltung und genie\u00dfen Sie die stilvolle \u00c4sthetik unseres Kork-Bilderrahmens. <strong data-end=\"1840\" data-start=\"1817\">Bestellen Sie jetzt<\/strong> und verleihen Sie Ihren W\u00e4nden einen nat\u00fcrlichen und kreativen Look!<\/h4><\/div><\/li><\/ul><\/div>\t\t\t\t\t\t\t\t<\/div>\n\t\t\t\t<\/div>\n\t\t\t\t\t<\/div>\n\t\t<\/div>\n\t\t\t\t\t<\/div>\n\t\t<\/section>\n\t\t\t\t<section class=\"elementor-section elementor-top-section elementor-element elementor-element-81f2a08 elementor-section-boxed elementor-section-height-default elementor-section-height-default qodef-elementor-content-no\" data-id=\"81f2a08\" data-element_type=\"section\">\n\t\t\t\t\t\t<div class=\"elementor-container elementor-column-gap-default\">\n\t\t\t\t\t<div class=\"elementor-column elementor-col-100 elementor-top-column elementor-element elementor-element-98bec6d\" data-id=\"98bec6d\" data-element_type=\"column\">\n\t\t\t<div class=\"elementor-widget-wrap elementor-element-populated\">\n\t\t\t\t\t\t<div class=\"elementor-element elementor-element-ca5457a elementor-widget elementor-widget-image\" data-id=\"ca5457a\" data-element_type=\"widget\" data-widget_type=\"image.default\">\n\t\t\t\t<div class=\"elementor-widget-container\">\n\t\t\t\t\t\t\t\t\t\t\t\t\t\t\t<img decoding=\"async\" src=\"https:\/\/m.media-amazon.com\/images\/S\/aplus-media-library-service-media\/8a7af628-f583-4702-8d22-927f8f7f49e2.__CR0,0,600,180_PT0_SX600_V1___.png\" title=\"\" alt=\"\" loading=\"lazy\" \/>\t\t\t\t\t\t\t\t\t\t\t\t\t\t\t<\/div>\n\t\t\t\t<\/div>\n\t\t\t\t\t<\/div>\n\t\t<\/div>\n\t\t\t\t\t<\/div>\n\t\t<\/section>\n\t\t\t\t<section class=\"elementor-section elementor-top-section elementor-element elementor-element-7fec561 elementor-section-boxed elementor-section-height-default elementor-section-height-default qodef-elementor-content-no\" data-id=\"7fec561\" data-element_type=\"section\">\n\t\t\t\t\t\t<div class=\"elementor-container elementor-column-gap-default\">\n\t\t\t\t\t<div class=\"elementor-column elementor-col-50 elementor-top-column elementor-element elementor-element-4323722\" data-id=\"4323722\" data-element_type=\"column\">\n\t\t\t<div class=\"elementor-widget-wrap elementor-element-populated\">\n\t\t\t\t\t\t<div class=\"elementor-element elementor-element-1b88a64 elementor-widget elementor-widget-image\" data-id=\"1b88a64\" data-element_type=\"widget\" data-widget_type=\"image.default\">\n\t\t\t\t<div class=\"elementor-widget-container\">\n\t\t\t\t\t\t\t\t\t\t\t\t\t\t\t<img decoding=\"async\" src=\"https:\/\/clamaro.eu\/wp-content\/uploads\/2023\/04\/Clamaro-collage-bilderrahmen-rahmen-rahmenleiste-querschnitt.png\" title=\"\" alt=\"\" loading=\"lazy\" \/>\t\t\t\t\t\t\t\t\t\t\t\t\t\t\t<\/div>\n\t\t\t\t<\/div>\n\t\t\t\t\t<\/div>\n\t\t<\/div>\n\t\t\t\t<div class=\"elementor-column elementor-col-50 elementor-top-column elementor-element elementor-element-eeb2416\" data-id=\"eeb2416\" data-element_type=\"column\">\n\t\t\t<div class=\"elementor-widget-wrap elementor-element-populated\">\n\t\t\t\t\t\t<div class=\"elementor-element elementor-element-028b91e elementor-widget elementor-widget-spacer\" data-id=\"028b91e\" data-element_type=\"widget\" data-widget_type=\"spacer.default\">\n\t\t\t\t<div class=\"elementor-widget-container\">\n\t\t\t\t\t\t\t<div class=\"elementor-spacer\">\n\t\t\t<div class=\"elementor-spacer-inner\"><\/div>\n\t\t<\/div>\n\t\t\t\t\t\t<\/div>\n\t\t\t\t<\/div>\n\t\t\t\t<div class=\"elementor-element elementor-element-c450c65 elementor-widget elementor-widget-spacer\" data-id=\"c450c65\" data-element_type=\"widget\" data-widget_type=\"spacer.default\">\n\t\t\t\t<div class=\"elementor-widget-container\">\n\t\t\t\t\t\t\t<div class=\"elementor-spacer\">\n\t\t\t<div class=\"elementor-spacer-inner\"><\/div>\n\t\t<\/div>\n\t\t\t\t\t\t<\/div>\n\t\t\t\t<\/div>\n\t\t\t\t<div class=\"elementor-element elementor-element-e7fd784 elementor-widget elementor-widget-text-editor\" data-id=\"e7fd784\" data-element_type=\"widget\" data-widget_type=\"text-editor.default\">\n\t\t\t\t<div class=\"elementor-widget-container\">\n\t\t\t\t\t\t\t\t\t<h3 class=\"a-spacing-mini\">Die Rahmenleiste im Detail<\/h3><p>Die moderne eckige Leiste wirkt im Design top aktuell und doch klassisch zeitlos. Die\u00a0<span class=\"a-text-bold\">Clamaro COLLAGE 30<\/span>\u00a0Rahmenleiste ist 3<span class=\"a-text-bold\">0 mm breit und 16 mm tief<\/span>. Gefertigt aus\u00a0<span class=\"a-text-bold\">MDF Holz<\/span>\u00a0und mit einer\u00a0<span class=\"a-text-bold\">kratzfesten und UV-resistenten Dekorfolie<\/span>\u00a0laminiert. Eine weitere Besonderheit unserer Dekorfolie ist die\u00a0<span class=\"a-text-bold\">Vollummantelung\u00a0<\/span>der Rahmenleiste. Das sorgt f\u00fcr einen l\u00fcckenlosen Gesamteindruck und die Folie bl\u00e4ttert nicht ab, wie bei teilummantelten Rahmenleisten.<\/p>\t\t\t\t\t\t\t\t<\/div>\n\t\t\t\t<\/div>\n\t\t\t\t\t<\/div>\n\t\t<\/div>\n\t\t\t\t\t<\/div>\n\t\t<\/section>\n\t\t\t\t<section class=\"elementor-section elementor-top-section elementor-element elementor-element-3b1ca91 elementor-section-boxed elementor-section-height-default elementor-section-height-default qodef-elementor-content-no\" data-id=\"3b1ca91\" data-element_type=\"section\">\n\t\t\t\t\t\t<div class=\"elementor-container elementor-column-gap-default\">\n\t\t\t\t\t<div class=\"elementor-column elementor-col-100 elementor-top-column elementor-element elementor-element-1b19b9d\" data-id=\"1b19b9d\" data-element_type=\"column\">\n\t\t\t<div class=\"elementor-widget-wrap elementor-element-populated\">\n\t\t\t\t\t\t<div class=\"elementor-element elementor-element-1e24007 elementor-widget elementor-widget-text-editor\" data-id=\"1e24007\" data-element_type=\"widget\" data-widget_type=\"text-editor.default\">\n\t\t\t\t<div class=\"elementor-widget-container\">\n\t\t\t\t\t\t\t\t\t<p><span class=\"a-text-bold\">Alle Produktdetails auf einen Blick:<\/span><\/p><p><span class=\"a-text-bold\">\u00a0<\/span><\/p><p><span class=\"a-text-bold\">Leiste:<\/span><\/p><ul class=\"a-unordered-list a-vertical\"><li><span class=\"a-list-item\">MDF-Holzleiste aus nachhaltiger und fair produzierter EU-Forstwirtschaft.<\/span><\/li><li><span class=\"a-list-item\">Folienbeschichtung: Vollummantelt, Robust, langlebig, kratzbest\u00e4ndig und UV-resistent.<\/span><\/li><li><span class=\"a-list-item\">Nahtlose und hochpr\u00e4zise Gehrungen ohne L\u00fccken dank unseres hochmodernen Maschinenparks.<\/span><\/li><li><span class=\"a-list-item\">Fotorahmen mit Gummib\u00e4ndern und Foto Holzklammern.<\/span><\/li><\/ul><p>\u00a0<\/p>\t\t\t\t\t\t\t\t<\/div>\n\t\t\t\t<\/div>\n\t\t\t\t\t<\/div>\n\t\t<\/div>\n\t\t\t\t\t<\/div>\n\t\t<\/section>\n\t\t\t\t<section class=\"elementor-section elementor-top-section elementor-element elementor-element-7e54370 elementor-section-boxed elementor-section-height-default elementor-section-height-default qodef-elementor-content-no\" data-id=\"7e54370\" data-element_type=\"section\">\n\t\t\t\t\t\t<div class=\"elementor-container elementor-column-gap-default\">\n\t\t\t\t\t<div class=\"elementor-column elementor-col-100 elementor-top-column elementor-element elementor-element-fdd97ec\" data-id=\"fdd97ec\" data-element_type=\"column\">\n\t\t\t<div class=\"elementor-widget-wrap elementor-element-populated\">\n\t\t\t\t\t\t<div class=\"elementor-element elementor-element-e28fa6c elementor-widget elementor-widget-text-editor\" data-id=\"e28fa6c\" data-element_type=\"widget\" data-widget_type=\"text-editor.default\">\n\t\t\t\t<div class=\"elementor-widget-container\">\n\t\t\t\t\t\t\t\t\t<p>\u00a0<\/p><h3><strong style=\"color: var( --e-global-color-text ); font-family: var( --e-global-typography-text-font-family ), Sans-serif;\">Herstellung in Deutschland<\/strong><\/h3><p><span style=\"font-size: 20px;\"><strong>Eigene Meisterwerkstatt mit \u00fcber 35 Jahren Erfahrung.<\/strong><\/span><\/p><p>\u00a0<\/p><p><img decoding=\"async\" style=\"height: 80px; width: 350px;\" src=\"https:\/\/cdn03.plentymarkets.com\/mmx8yrv4qndt\/item\/images\/204\/full\/Wir-sind-Mitglied-bei-der--2-.jpg\" alt=\"\" data-cke-saved-src=\"https:\/\/cdn03.plentymarkets.com\/mmx8yrv4qndt\/item\/images\/204\/full\/Wir-sind-Mitglied-bei-der--2-.jpg\" \/><img decoding=\"async\" style=\"width: 114px; height: 70px;\" src=\"https:\/\/cdn03.plentymarkets.com\/mmx8yrv4qndt\/item\/images\/204\/full\/kaeufersiegel.png\" alt=\"\" data-cke-saved-src=\"https:\/\/cdn03.plentymarkets.com\/mmx8yrv4qndt\/item\/images\/204\/full\/kaeufersiegel.png\" \/>\u00a0<img decoding=\"async\" style=\"width: 150px; height: 84px;\" src=\"https:\/\/cdn03.plentymarkets.com\/mmx8yrv4qndt\/item\/images\/204\/full\/haendlerbund.png\" alt=\"\" data-cke-saved-src=\"https:\/\/cdn03.plentymarkets.com\/mmx8yrv4qndt\/item\/images\/204\/full\/haendlerbund.png\" \/><\/p><p>\u00a0<\/p>\t\t\t\t\t\t\t\t<\/div>\n\t\t\t\t<\/div>\n\t\t\t\t\t<\/div>\n\t\t<\/div>\n\t\t\t\t\t<\/div>\n\t\t<\/section>\n\t\t\t\t<\/div>\n\t\t","protected":false},"excerpt":{"rendered":"<p>zur Wandbefestigung im Hochformat oder Querformat.<\/p>\n<p>&nbsp;<\/p>\n<p><strong><span style=\"color: #808080;\"><a style=\"color: #808080;\" href=\"https:\/\/clamaro.eu\/wp-content\/uploads\/2023\/09\/Konfirmitaetserklaerung-Bilderrahmen-mit-Unterschrift.pdf-1.pdf\" target=\"_blank\" rel=\"noopener\">Bilderrahmen Sicherheits- und Produktressource.pdf\u00a0<\/a><\/span><\/strong><\/p>\n","protected":false},"featured_media":87214,"template":"","meta":{"om_disable_all_campaigns":false},"product_brand":[],"product_cat":[4765,134],"product_tag":[4767,155,4766],"class_list":{"0":"post-87148","1":"product","2":"type-product","3":"status-publish","4":"has-post-thumbnail","6":"product_cat-kork-pinnwand","7":"product_cat-bilderrahmen","8":"product_tag-kork","9":"product_tag-lamellenwand","10":"product_tag-pinnwand","12":"first","13":"instock","14":"taxable","15":"shipping-taxable","16":"purchasable","17":"product-type-simple"},"gallery_images":[87232,87238,87226,87244,87099,87135,87129],"_links":{"self":[{"href":"https:\/\/clamaro.eu\/es\/wp-json\/wp\/v2\/product\/87148","targetHints":{"allow":["GET"]}}],"collection":[{"href":"https:\/\/clamaro.eu\/es\/wp-json\/wp\/v2\/product"}],"about":[{"href":"https:\/\/clamaro.eu\/es\/wp-json\/wp\/v2\/types\/product"}],"version-history":[{"count":4,"href":"https:\/\/clamaro.eu\/es\/wp-json\/wp\/v2\/product\/87148\/revisions"}],"predecessor-version":[{"id":89899,"href":"https:\/\/clamaro.eu\/es\/wp-json\/wp\/v2\/product\/87148\/revisions\/89899"}],"wp:featuredmedia":[{"embeddable":true,"href":"https:\/\/clamaro.eu\/es\/wp-json\/wp\/v2\/media\/87214"}],"wp:attachment":[{"href":"https:\/\/clamaro.eu\/es\/wp-json\/wp\/v2\/media?parent=87148"}],"wp:term":[{"taxonomy":"product_brand","embeddable":true,"href":"https:\/\/clamaro.eu\/es\/wp-json\/wp\/v2\/product_brand?post=87148"},{"taxonomy":"product_cat","embeddable":true,"href":"https:\/\/clamaro.eu\/es\/wp-json\/wp\/v2\/product_cat?post=87148"},{"taxonomy":"product_tag","embeddable":true,"href":"https:\/\/clamaro.eu\/es\/wp-json\/wp\/v2\/product_tag?post=87148"}],"curies":[{"name":"wp","href":"https:\/\/api.w.org\/{rel}","templated":true}]}}