{"id":65913,"date":"2024-07-31T10:07:29","date_gmt":"2024-07-31T10:07:29","guid":{"rendered":"https:\/\/clamaro.eu\/?post_type=product&#038;p=65913"},"modified":"2024-07-31T10:55:48","modified_gmt":"2024-07-31T10:55:48","slug":"fotohalter-eiche-sonoma-juteband","status":"publish","type":"product","link":"https:\/\/clamaro.eu\/es\/producto\/fotohalter-eiche-sonoma-juteband\/","title":{"rendered":"Fotohalter Eiche Sonoma (Juteband)"},"content":{"rendered":"\t\t<div data-elementor-type=\"wp-post\" data-elementor-id=\"65913\" class=\"elementor elementor-65913\">\n\t\t\t\t\t\t<section class=\"elementor-section elementor-top-section elementor-element elementor-element-81f2a08 elementor-section-boxed elementor-section-height-default elementor-section-height-default qodef-elementor-content-no\" data-id=\"81f2a08\" data-element_type=\"section\">\n\t\t\t\t\t\t<div class=\"elementor-container elementor-column-gap-default\">\n\t\t\t\t\t<div class=\"elementor-column elementor-col-100 elementor-top-column elementor-element elementor-element-98bec6d\" data-id=\"98bec6d\" data-element_type=\"column\">\n\t\t\t<div class=\"elementor-widget-wrap elementor-element-populated\">\n\t\t\t\t\t\t<div class=\"elementor-element elementor-element-ca5457a elementor-widget elementor-widget-image\" data-id=\"ca5457a\" data-element_type=\"widget\" data-widget_type=\"image.default\">\n\t\t\t\t<div class=\"elementor-widget-container\">\n\t\t\t\t\t\t\t\t\t\t\t\t\t\t\t<img decoding=\"async\" src=\"https:\/\/m.media-amazon.com\/images\/S\/aplus-media-library-service-media\/8a7af628-f583-4702-8d22-927f8f7f49e2.__CR0,0,600,180_PT0_SX600_V1___.png\" title=\"\" alt=\"\" loading=\"lazy\" \/>\t\t\t\t\t\t\t\t\t\t\t\t\t\t\t<\/div>\n\t\t\t\t<\/div>\n\t\t\t\t\t<\/div>\n\t\t<\/div>\n\t\t\t\t\t<\/div>\n\t\t<\/section>\n\t\t\t\t<section class=\"elementor-section elementor-top-section elementor-element elementor-element-16d9711 elementor-section-boxed elementor-section-height-default elementor-section-height-default qodef-elementor-content-no\" data-id=\"16d9711\" data-element_type=\"section\">\n\t\t\t\t\t\t<div class=\"elementor-container elementor-column-gap-default\">\n\t\t\t\t\t<div class=\"elementor-column elementor-col-100 elementor-top-column elementor-element elementor-element-eb848ff\" data-id=\"eb848ff\" data-element_type=\"column\">\n\t\t\t<div class=\"elementor-widget-wrap elementor-element-populated\">\n\t\t\t\t\t\t<div class=\"elementor-element elementor-element-b711a09 elementor-widget elementor-widget-text-editor\" data-id=\"b711a09\" data-element_type=\"widget\" data-widget_type=\"text-editor.default\">\n\t\t\t\t<div class=\"elementor-widget-container\">\n\t\t\t\t\t\t\t\t\t<p style=\"text-align: left;\">Entdecken Sie die perfekte M\u00f6glichkeit, Ihre Lieblingsmomente zu pr\u00e4sentieren und Ihr Zuhause mit pers\u00f6nlichem Flair zu bereichern &#8211; der Clamaro <strong>&#8216;M30 Collage Line&#8217;<\/strong> Fotohalter. Mit diesem stilvollen Bilderrahmen <strong>mit Fotoleine und Holzklammern<\/strong> k\u00f6nnen Sie eine beeindruckende Galerie Ihrer sch\u00f6nsten Fotos, Postkarten oder Notizen erstellen.<\/p><p>Hergestellt mit <strong>ma\u00dfgefertigter Pr\u00e4zision<\/strong> und Qualit\u00e4t, stolz <strong>\u00abMade in Germany\u00bb<\/strong>, verleiht dieser Foto-Leinenhalter Ihrem Wohnraum im Handumdrehen eine einzigartige Note. Jedes Detail wird sorgf\u00e4ltig in unserer <strong>deutschen Rahmenmanufaktur<\/strong> gefertigt, um h\u00f6chste Anspr\u00fcche zu erf\u00fcllen und Langlebigkeit zu gew\u00e4hrleisten.<\/p>\t\t\t\t\t\t\t\t<\/div>\n\t\t\t\t<\/div>\n\t\t\t\t\t<\/div>\n\t\t<\/div>\n\t\t\t\t\t<\/div>\n\t\t<\/section>\n\t\t\t\t<section class=\"elementor-section elementor-top-section elementor-element elementor-element-4d61bbc elementor-section-boxed elementor-section-height-default elementor-section-height-default qodef-elementor-content-no\" data-id=\"4d61bbc\" data-element_type=\"section\">\n\t\t\t\t\t\t<div class=\"elementor-container elementor-column-gap-default\">\n\t\t\t\t\t<div class=\"elementor-column elementor-col-25 elementor-top-column elementor-element elementor-element-3415de3\" data-id=\"3415de3\" data-element_type=\"column\">\n\t\t\t<div class=\"elementor-widget-wrap elementor-element-populated\">\n\t\t\t\t\t\t<div class=\"elementor-element elementor-element-48b3fa6 elementor-widget elementor-widget-image\" data-id=\"48b3fa6\" data-element_type=\"widget\" data-widget_type=\"image.default\">\n\t\t\t\t<div class=\"elementor-widget-container\">\n\t\t\t\t\t\t\t\t\t\t\t\t\t\t\t<img decoding=\"async\" src=\"https:\/\/m.media-amazon.com\/images\/S\/aplus-media-library-service-media\/4d17aa6c-4388-4b9f-a5ad-c05870ac800d.__CR619,1301,1333,1333_PT0_SX220_V1___.png\" title=\"\" alt=\"\" loading=\"lazy\" \/>\t\t\t\t\t\t\t\t\t\t\t\t\t\t\t<\/div>\n\t\t\t\t<\/div>\n\t\t\t\t<div class=\"elementor-element elementor-element-2b12aaa elementor-widget elementor-widget-spacer\" data-id=\"2b12aaa\" data-element_type=\"widget\" data-widget_type=\"spacer.default\">\n\t\t\t\t<div class=\"elementor-widget-container\">\n\t\t\t\t\t\t\t<div class=\"elementor-spacer\">\n\t\t\t<div class=\"elementor-spacer-inner\"><\/div>\n\t\t<\/div>\n\t\t\t\t\t\t<\/div>\n\t\t\t\t<\/div>\n\t\t\t\t<div class=\"elementor-element elementor-element-5d23627 elementor-widget elementor-widget-text-editor\" data-id=\"5d23627\" data-element_type=\"widget\" data-widget_type=\"text-editor.default\">\n\t\t\t\t<div class=\"elementor-widget-container\">\n\t\t\t\t\t\t\t\t\t<h4 class=\"a-spacing-mini\">Folienummantelte MDF Rahmenleiste<\/h4><p style=\"background-color: #ffffff;\">Clamaro Rahmenleisten werden aus <strong>MDF-Holz<\/strong> gefertigt. Das authentisch wirkende Dekor besteht aus einer <strong>langlebigen, kratz- und UV-best\u00e4ndigen Furnier-Ummantelung<\/strong>. In unserer hauseigenen Manufaktur werden die Rahmen alle einzeln und von <strong>Hand gefertigt<\/strong>.<\/p>\t\t\t\t\t\t\t\t<\/div>\n\t\t\t\t<\/div>\n\t\t\t\t\t<\/div>\n\t\t<\/div>\n\t\t\t\t<div class=\"elementor-column elementor-col-25 elementor-top-column elementor-element elementor-element-e8215b3\" data-id=\"e8215b3\" data-element_type=\"column\">\n\t\t\t<div class=\"elementor-widget-wrap elementor-element-populated\">\n\t\t\t\t\t\t<div class=\"elementor-element elementor-element-70205aa elementor-widget elementor-widget-image\" data-id=\"70205aa\" data-element_type=\"widget\" data-widget_type=\"image.default\">\n\t\t\t\t<div class=\"elementor-widget-container\">\n\t\t\t\t\t\t\t\t\t\t\t\t\t\t\t<img decoding=\"async\" src=\"https:\/\/m.media-amazon.com\/images\/S\/aplus-media-library-service-media\/9deabda1-c79d-4758-9aa5-de1b5ecf7cf6.__CR656,341,1071,1071_PT180_SX220_V1___.jpg\" title=\"\" alt=\"\" loading=\"lazy\" \/>\t\t\t\t\t\t\t\t\t\t\t\t\t\t\t<\/div>\n\t\t\t\t<\/div>\n\t\t\t\t<div class=\"elementor-element elementor-element-21768ac elementor-widget elementor-widget-spacer\" data-id=\"21768ac\" data-element_type=\"widget\" data-widget_type=\"spacer.default\">\n\t\t\t\t<div class=\"elementor-widget-container\">\n\t\t\t\t\t\t\t<div class=\"elementor-spacer\">\n\t\t\t<div class=\"elementor-spacer-inner\"><\/div>\n\t\t<\/div>\n\t\t\t\t\t\t<\/div>\n\t\t\t\t<\/div>\n\t\t\t\t<div class=\"elementor-element elementor-element-a216f8a elementor-widget elementor-widget-text-editor\" data-id=\"a216f8a\" data-element_type=\"widget\" data-widget_type=\"text-editor.default\">\n\t\t\t\t<div class=\"elementor-widget-container\">\n\t\t\t\t\t\t\t\t\t<h4 class=\"a-spacing-mini\">Echtholz Foto-Klammern<\/h4><p style=\"background-color: #ffffff;\">Unsere <strong>naturbelassenen Holzklammern<\/strong> sind eine nachhaltige alternative zu Klammern aus Plastik. Zudem sind diese Klammern <strong>stabil, langlebig<\/strong> und passen optisch ganz hervorragend zur eingespannten Fotoleine eine aus Jutefaser.<\/p>\t\t\t\t\t\t\t\t<\/div>\n\t\t\t\t<\/div>\n\t\t\t\t<div class=\"elementor-element elementor-element-27125d6 elementor-widget elementor-widget-spacer\" data-id=\"27125d6\" data-element_type=\"widget\" data-widget_type=\"spacer.default\">\n\t\t\t\t<div class=\"elementor-widget-container\">\n\t\t\t\t\t\t\t<div class=\"elementor-spacer\">\n\t\t\t<div class=\"elementor-spacer-inner\"><\/div>\n\t\t<\/div>\n\t\t\t\t\t\t<\/div>\n\t\t\t\t<\/div>\n\t\t\t\t\t<\/div>\n\t\t<\/div>\n\t\t\t\t<div class=\"elementor-column elementor-col-25 elementor-top-column elementor-element elementor-element-75ca82c\" data-id=\"75ca82c\" data-element_type=\"column\">\n\t\t\t<div class=\"elementor-widget-wrap elementor-element-populated\">\n\t\t\t\t\t\t<div class=\"elementor-element elementor-element-bc1e51f elementor-widget elementor-widget-image\" data-id=\"bc1e51f\" data-element_type=\"widget\" data-widget_type=\"image.default\">\n\t\t\t\t<div class=\"elementor-widget-container\">\n\t\t\t\t\t\t\t\t\t\t\t\t\t\t\t<img decoding=\"async\" src=\"https:\/\/m.media-amazon.com\/images\/S\/aplus-media-library-service-media\/4dd5d445-e781-4c3a-8163-c555368983ed.__CR140,0,1333,1333_PT0_SX220_V1___.jpg\" title=\"\" alt=\"\" loading=\"lazy\" \/>\t\t\t\t\t\t\t\t\t\t\t\t\t\t\t<\/div>\n\t\t\t\t<\/div>\n\t\t\t\t<div class=\"elementor-element elementor-element-b01864f elementor-widget elementor-widget-spacer\" data-id=\"b01864f\" data-element_type=\"widget\" data-widget_type=\"spacer.default\">\n\t\t\t\t<div class=\"elementor-widget-container\">\n\t\t\t\t\t\t\t<div class=\"elementor-spacer\">\n\t\t\t<div class=\"elementor-spacer-inner\"><\/div>\n\t\t<\/div>\n\t\t\t\t\t\t<\/div>\n\t\t\t\t<\/div>\n\t\t\t\t<div class=\"elementor-element elementor-element-3c54ae6 elementor-widget elementor-widget-text-editor\" data-id=\"3c54ae6\" data-element_type=\"widget\" data-widget_type=\"text-editor.default\">\n\t\t\t\t<div class=\"elementor-widget-container\">\n\t\t\t\t\t\t\t\t\t<h4 class=\"a-spacing-mini\">2x Metall Zacken-Aufh\u00e4nger<\/h4><p>Beidseitig angebrachte <strong>Metall Zacken-Aufh\u00e4nger<\/strong> halten den rahmen stabil in der Waage und <strong>verhindern bei ungleichm\u00e4\u00dfiger Gewichtsverteilung, dass der Rahmen nicht schief h\u00e4ngt<\/strong>. Je nach bestelltem Modell sind die Aufh\u00e4nger f\u00fcr eine hochkant oder quer Montage angebracht.<\/p>\t\t\t\t\t\t\t\t<\/div>\n\t\t\t\t<\/div>\n\t\t\t\t\t<\/div>\n\t\t<\/div>\n\t\t\t\t<div class=\"elementor-column elementor-col-25 elementor-top-column elementor-element elementor-element-5ff039a\" data-id=\"5ff039a\" data-element_type=\"column\">\n\t\t\t<div class=\"elementor-widget-wrap elementor-element-populated\">\n\t\t\t\t\t\t<div class=\"elementor-element elementor-element-9d1889f elementor-widget elementor-widget-image\" data-id=\"9d1889f\" data-element_type=\"widget\" data-widget_type=\"image.default\">\n\t\t\t\t<div class=\"elementor-widget-container\">\n\t\t\t\t\t\t\t\t\t\t\t\t\t\t\t<img fetchpriority=\"high\" decoding=\"async\" width=\"300\" height=\"300\" src=\"https:\/\/clamaro.eu\/wp-content\/uploads\/2024\/07\/Dunkelgruen-Juteband-Fotohalter-2-300x300.jpg\" class=\"attachment-medium size-medium wp-image-65822\" alt=\"\" srcset=\"https:\/\/clamaro.eu\/wp-content\/uploads\/2024\/07\/Dunkelgruen-Juteband-Fotohalter-2-300x300.jpg 300w, https:\/\/clamaro.eu\/wp-content\/uploads\/2024\/07\/Dunkelgruen-Juteband-Fotohalter-2-1024x1024.jpg 1024w, https:\/\/clamaro.eu\/wp-content\/uploads\/2024\/07\/Dunkelgruen-Juteband-Fotohalter-2-150x150.jpg 150w, https:\/\/clamaro.eu\/wp-content\/uploads\/2024\/07\/Dunkelgruen-Juteband-Fotohalter-2-768x768.jpg 768w, https:\/\/clamaro.eu\/wp-content\/uploads\/2024\/07\/Dunkelgruen-Juteband-Fotohalter-2-650x650.jpg 650w, https:\/\/clamaro.eu\/wp-content\/uploads\/2024\/07\/Dunkelgruen-Juteband-Fotohalter-2-600x600.jpg 600w, https:\/\/clamaro.eu\/wp-content\/uploads\/2024\/07\/Dunkelgruen-Juteband-Fotohalter-2.jpg 1250w\" sizes=\"(max-width: 300px) 100vw, 300px\" \/>\t\t\t\t\t\t\t\t\t\t\t\t\t\t\t<\/div>\n\t\t\t\t<\/div>\n\t\t\t\t<div class=\"elementor-element elementor-element-fd96a5d elementor-widget elementor-widget-text-editor\" data-id=\"fd96a5d\" data-element_type=\"widget\" data-widget_type=\"text-editor.default\">\n\t\t\t\t<div class=\"elementor-widget-container\">\n\t\t\t\t\t\t\t\t\t<h4>\u00a0<\/h4><h4 class=\"a-spacing-mini\"><span style=\"letter-spacing: 0.12em;\">Fotoleine aus Juteband<\/span><\/h4><p class=\"a-size-small\">Ein extra <strong>stabiles und rei\u00dffestes Band aus Jute<\/strong> Naturfaser verhindert ein Durchh\u00e4ngen Ihrer Lieblingsfotos oder Postkarten. Die Fotoleine aus Jute ist nat\u00fcrlich schon eingespannt.<br \/><strong>Auspacken.. aufh\u00e4ngen und mit Ihren Lieblingsst\u00fccken beh\u00e4ngen&#8230; fertig.<\/strong><\/p>\t\t\t\t\t\t\t\t<\/div>\n\t\t\t\t<\/div>\n\t\t\t\t\t<\/div>\n\t\t<\/div>\n\t\t\t\t\t<\/div>\n\t\t<\/section>\n\t\t\t\t<section class=\"elementor-section elementor-top-section elementor-element elementor-element-7fec561 elementor-section-boxed elementor-section-height-default elementor-section-height-default qodef-elementor-content-no\" data-id=\"7fec561\" data-element_type=\"section\">\n\t\t\t\t\t\t<div class=\"elementor-container elementor-column-gap-default\">\n\t\t\t\t\t<div class=\"elementor-column elementor-col-50 elementor-top-column elementor-element elementor-element-4323722\" data-id=\"4323722\" data-element_type=\"column\">\n\t\t\t<div class=\"elementor-widget-wrap elementor-element-populated\">\n\t\t\t\t\t\t<div class=\"elementor-element elementor-element-1b88a64 elementor-widget elementor-widget-image\" data-id=\"1b88a64\" data-element_type=\"widget\" data-widget_type=\"image.default\">\n\t\t\t\t<div class=\"elementor-widget-container\">\n\t\t\t\t\t\t\t\t\t\t\t\t\t\t\t<img decoding=\"async\" src=\"https:\/\/clamaro.eu\/wp-content\/uploads\/2023\/04\/Clamaro-collage-bilderrahmen-rahmen-rahmenleiste-querschnitt.png\" title=\"\" alt=\"\" loading=\"lazy\" \/>\t\t\t\t\t\t\t\t\t\t\t\t\t\t\t<\/div>\n\t\t\t\t<\/div>\n\t\t\t\t\t<\/div>\n\t\t<\/div>\n\t\t\t\t<div class=\"elementor-column elementor-col-50 elementor-top-column elementor-element elementor-element-eeb2416\" data-id=\"eeb2416\" data-element_type=\"column\">\n\t\t\t<div class=\"elementor-widget-wrap elementor-element-populated\">\n\t\t\t\t\t\t<div class=\"elementor-element elementor-element-569afd1 elementor-widget elementor-widget-text-editor\" data-id=\"569afd1\" data-element_type=\"widget\" data-widget_type=\"text-editor.default\">\n\t\t\t\t<div class=\"elementor-widget-container\">\n\t\t\t\t\t\t\t\t\t<h3 class=\"a-spacing-mini\" style=\"background-color: #ffffff;\">Die Rahmenleiste im Detail<\/h3><p style=\"background-color: #ffffff; color: #7a7a7a; font-family: Roboto, sans-serif; font-size: 15px; font-weight: 400; letter-spacing: normal; text-transform: none;\">Die moderne eckige Leiste wirkt im Design top aktuell und doch klassisch zeitlos. Die\u00a0<span class=\"a-text-bold\">Clamaro COLLAGE 30<\/span>\u00a0Rahmenleiste ist <strong>3<\/strong><span class=\"a-text-bold\"><strong>0 mm breit<\/strong> und <strong>16 mm tief<\/strong><\/span>. Gefertigt aus\u00a0<span class=\"a-text-bold\">MDF Holz<\/span>\u00a0und mit einer\u00a0<span class=\"a-text-bold\">kratzfesten und UV-resistenten Dekorfolie<\/span>\u00a0laminiert. Eine weitere Besonderheit unserer Dekorfolie ist die\u00a0<span class=\"a-text-bold\">Vollummantelung\u00a0<\/span>der Rahmenleiste. Das sorgt f\u00fcr einen l\u00fcckenlosen Gesamteindruck und die Folie bl\u00e4ttert nicht ab, wie bei teilummantelten Rahmenleisten.<\/p>\t\t\t\t\t\t\t\t<\/div>\n\t\t\t\t<\/div>\n\t\t\t\t\t<\/div>\n\t\t<\/div>\n\t\t\t\t\t<\/div>\n\t\t<\/section>\n\t\t\t\t<section class=\"elementor-section elementor-top-section elementor-element elementor-element-3b1ca91 elementor-section-boxed elementor-section-height-default elementor-section-height-default qodef-elementor-content-no\" data-id=\"3b1ca91\" data-element_type=\"section\">\n\t\t\t\t\t\t<div class=\"elementor-container elementor-column-gap-default\">\n\t\t\t\t\t<div class=\"elementor-column elementor-col-100 elementor-top-column elementor-element elementor-element-1b19b9d\" data-id=\"1b19b9d\" data-element_type=\"column\">\n\t\t\t<div class=\"elementor-widget-wrap elementor-element-populated\">\n\t\t\t\t\t\t<div class=\"elementor-element elementor-element-1e24007 elementor-widget elementor-widget-text-editor\" data-id=\"1e24007\" data-element_type=\"widget\" data-widget_type=\"text-editor.default\">\n\t\t\t\t<div class=\"elementor-widget-container\">\n\t\t\t\t\t\t\t\t\t<p><span class=\"a-text-bold\">Alle Produktdetails auf einen Blick:<\/span><\/p><p><span class=\"a-text-bold\"><br><\/span><\/p>\n<p><span class=\"a-text-bold\">Leiste:<\/span><\/p>\n<p><\/p>\n<ul class=\"a-unordered-list a-vertical\">\n<li><span class=\"a-list-item\">MDF-Holzleiste aus nachhaltiger und fair produzierter EU-Forstwirtschaft.<\/span><\/li>\n<li><span class=\"a-list-item\">Folienbeschichtung: Vollummantelt, Robust, langlebig, kratzbest\u00e4ndig und UV-resistent.<\/span><\/li>\n<li><span class=\"a-list-item\">Nahtlose und hochpr\u00e4zise Gehrungen ohne L\u00fccken dank unseres hochmodernen Maschinenparks.<\/span><\/li><li><span class=\"a-list-item\">Fotorahmen mit Gummib\u00e4ndern und Foto Holzklammern.<\/span><\/li>\n<\/ul>\n<p><br><\/p>\t\t\t\t\t\t\t\t<\/div>\n\t\t\t\t<\/div>\n\t\t\t\t\t<\/div>\n\t\t<\/div>\n\t\t\t\t\t<\/div>\n\t\t<\/section>\n\t\t\t\t<section class=\"elementor-section elementor-top-section elementor-element elementor-element-7e54370 elementor-section-boxed elementor-section-height-default elementor-section-height-default qodef-elementor-content-no\" data-id=\"7e54370\" data-element_type=\"section\">\n\t\t\t\t\t\t<div class=\"elementor-container elementor-column-gap-default\">\n\t\t\t\t\t<div class=\"elementor-column elementor-col-100 elementor-top-column elementor-element elementor-element-fdd97ec\" data-id=\"fdd97ec\" data-element_type=\"column\">\n\t\t\t<div class=\"elementor-widget-wrap elementor-element-populated\">\n\t\t\t\t\t\t<div class=\"elementor-element elementor-element-e28fa6c elementor-widget elementor-widget-text-editor\" data-id=\"e28fa6c\" data-element_type=\"widget\" data-widget_type=\"text-editor.default\">\n\t\t\t\t<div class=\"elementor-widget-container\">\n\t\t\t\t\t\t\t\t\t<p>\u00a0<\/p><h3><strong style=\"color: var( --e-global-color-text ); font-family: var( --e-global-typography-text-font-family ), Sans-serif;\">Herstellung in Deutschland<\/strong><\/h3><p><span style=\"font-size: 20px;\"><strong>Eigene Meisterwerkstatt mit \u00fcber 35 Jahren Erfahrung.<\/strong><\/span><\/p><p>\u00a0<\/p><p><img decoding=\"async\" style=\"height: 80px; width: 350px;\" src=\"https:\/\/cdn03.plentymarkets.com\/mmx8yrv4qndt\/item\/images\/204\/full\/Wir-sind-Mitglied-bei-der--2-.jpg\" alt=\"\" data-cke-saved-src=\"https:\/\/cdn03.plentymarkets.com\/mmx8yrv4qndt\/item\/images\/204\/full\/Wir-sind-Mitglied-bei-der--2-.jpg\" \/><img decoding=\"async\" style=\"width: 114px; height: 70px;\" src=\"https:\/\/cdn03.plentymarkets.com\/mmx8yrv4qndt\/item\/images\/204\/full\/kaeufersiegel.png\" alt=\"\" data-cke-saved-src=\"https:\/\/cdn03.plentymarkets.com\/mmx8yrv4qndt\/item\/images\/204\/full\/kaeufersiegel.png\" \/>\u00a0<img decoding=\"async\" style=\"width: 150px; height: 84px;\" src=\"https:\/\/cdn03.plentymarkets.com\/mmx8yrv4qndt\/item\/images\/204\/full\/haendlerbund.png\" alt=\"\" data-cke-saved-src=\"https:\/\/cdn03.plentymarkets.com\/mmx8yrv4qndt\/item\/images\/204\/full\/haendlerbund.png\" \/><\/p><p>\u00a0<\/p>\t\t\t\t\t\t\t\t<\/div>\n\t\t\t\t<\/div>\n\t\t\t\t\t<\/div>\n\t\t<\/div>\n\t\t\t\t\t<\/div>\n\t\t<\/section>\n\t\t\t\t<\/div>\n\t\t","protected":false},"excerpt":{"rendered":"<p>Entdecken Sie die perfekte M\u00f6glichkeit, Ihre Lieblingsmomente zu pr\u00e4sentieren und Ihr Zuhause mit pers\u00f6nlichem Flair zu bereichern &#8211; der Clamaro &#8216;Neo Collage Line&#8217; Fotohalter. Mit diesem stilvollen Bilderrahmen mit Fotoleine und Holzklammern k\u00f6nnen Sie eine beeindruckende Galerie Ihrer sch\u00f6nsten Fotos, Postkarten oder Notizen erstellen. Hergestellt mit ma\u00dfgefertigter Pr\u00e4zision und Qualit\u00e4t, stolz \u00abMade in Germany\u00bb, verleiht [&hellip;]<\/p>\n","protected":false},"featured_media":65918,"template":"","meta":{"om_disable_all_campaigns":false},"product_brand":[],"product_cat":[4734,134,4623],"product_tag":[4732],"class_list":{"0":"post-65913","1":"product","2":"type-product","3":"status-publish","4":"has-post-thumbnail","6":"product_cat-classic-design-m30","7":"product_cat-bilderrahmen","8":"product_cat-fotohalter","9":"product_tag-fotohalter","10":"product_shipping_class-bilderrahmen","12":"first","13":"instock","14":"taxable","15":"shipping-taxable","16":"purchasable","17":"product-type-simple"},"gallery_images":[65924,65930,65936,65775,65763,65769,65781],"_links":{"self":[{"href":"https:\/\/clamaro.eu\/es\/wp-json\/wp\/v2\/product\/65913","targetHints":{"allow":["GET"]}}],"collection":[{"href":"https:\/\/clamaro.eu\/es\/wp-json\/wp\/v2\/product"}],"about":[{"href":"https:\/\/clamaro.eu\/es\/wp-json\/wp\/v2\/types\/product"}],"version-history":[{"count":3,"href":"https:\/\/clamaro.eu\/es\/wp-json\/wp\/v2\/product\/65913\/revisions"}],"predecessor-version":[{"id":66281,"href":"https:\/\/clamaro.eu\/es\/wp-json\/wp\/v2\/product\/65913\/revisions\/66281"}],"wp:featuredmedia":[{"embeddable":true,"href":"https:\/\/clamaro.eu\/es\/wp-json\/wp\/v2\/media\/65918"}],"wp:attachment":[{"href":"https:\/\/clamaro.eu\/es\/wp-json\/wp\/v2\/media?parent=65913"}],"wp:term":[{"taxonomy":"product_brand","embeddable":true,"href":"https:\/\/clamaro.eu\/es\/wp-json\/wp\/v2\/product_brand?post=65913"},{"taxonomy":"product_cat","embeddable":true,"href":"https:\/\/clamaro.eu\/es\/wp-json\/wp\/v2\/product_cat?post=65913"},{"taxonomy":"product_tag","embeddable":true,"href":"https:\/\/clamaro.eu\/es\/wp-json\/wp\/v2\/product_tag?post=65913"}],"curies":[{"name":"wp","href":"https:\/\/api.w.org\/{rel}","templated":true}]}}