{"id":55911,"date":"2024-05-07T10:28:30","date_gmt":"2024-05-07T10:28:30","guid":{"rendered":"https:\/\/clamaro.eu\/?post_type=product&#038;p=55911"},"modified":"2024-12-02T11:08:15","modified_gmt":"2024-12-02T11:08:15","slug":"spiegel-vision-eiche-sonoma","status":"publish","type":"product","link":"https:\/\/clamaro.eu\/es\/producto\/spiegel-vision-eiche-sonoma\/","title":{"rendered":"Spiegel Eiche Sonoma"},"content":{"rendered":"\t\t<div data-elementor-type=\"wp-post\" data-elementor-id=\"55911\" class=\"elementor elementor-55911\">\n\t\t\t\t\t\t<section class=\"elementor-section elementor-top-section elementor-element elementor-element-3375b062 elementor-section-boxed elementor-section-height-default elementor-section-height-default qodef-elementor-content-no\" data-id=\"3375b062\" data-element_type=\"section\">\n\t\t\t\t\t\t<div class=\"elementor-container elementor-column-gap-default\">\n\t\t\t\t\t<div class=\"elementor-column elementor-col-100 elementor-top-column elementor-element elementor-element-2ade6d6d\" data-id=\"2ade6d6d\" data-element_type=\"column\">\n\t\t\t<div class=\"elementor-widget-wrap elementor-element-populated\">\n\t\t\t\t\t\t<div class=\"elementor-element elementor-element-17f9e4d0 elementor-widget elementor-widget-image\" data-id=\"17f9e4d0\" data-element_type=\"widget\" data-widget_type=\"image.default\">\n\t\t\t\t<div class=\"elementor-widget-container\">\n\t\t\t\t\t\t\t\t\t\t\t\t\t\t\t<img decoding=\"async\" src=\"https:\/\/m.media-amazon.com\/images\/S\/aplus-media-library-service-media\/8a7af628-f583-4702-8d22-927f8f7f49e2.__CR0,0,600,180_PT0_SX600_V1___.png\" title=\"\" alt=\"\" loading=\"lazy\" \/>\t\t\t\t\t\t\t\t\t\t\t\t\t\t\t<\/div>\n\t\t\t\t<\/div>\n\t\t\t\t\t<\/div>\n\t\t<\/div>\n\t\t\t\t\t<\/div>\n\t\t<\/section>\n\t\t\t\t<section class=\"elementor-section elementor-top-section elementor-element elementor-element-5dc6166 elementor-section-boxed elementor-section-height-default elementor-section-height-default qodef-elementor-content-no\" data-id=\"5dc6166\" data-element_type=\"section\">\n\t\t\t\t\t\t<div class=\"elementor-container elementor-column-gap-default\">\n\t\t\t\t\t<div class=\"elementor-column elementor-col-100 elementor-top-column elementor-element elementor-element-ade8803\" data-id=\"ade8803\" data-element_type=\"column\">\n\t\t\t<div class=\"elementor-widget-wrap elementor-element-populated\">\n\t\t\t\t\t\t<div class=\"elementor-element elementor-element-bd7324c elementor-widget elementor-widget-text-editor\" data-id=\"bd7324c\" data-element_type=\"widget\" data-widget_type=\"text-editor.default\">\n\t\t\t\t<div class=\"elementor-widget-container\">\n\t\t\t\t\t\t\t\t\t<p style=\"background-color: #ffffff; color: #7a7a7a; font-family: Roboto, sans-serif; font-size: 15px; font-weight: 400; letter-spacing: normal; text-transform: none;\">Ein Spiegel im\u00a0<span class=\"a-text-bold\">zeitlos modernen Design<\/span>, bestellbar in nahezu\u00a0<span class=\"a-text-bold\">allen g\u00e4ngigen Ma\u00dfen<\/span>\u00a0und kann zudem\u00a0<span class=\"a-text-bold\">quer oder l\u00e4ngs an die Wand<\/span>\u00a0geh\u00e4ngt werden&#8230;\u00a0<span class=\"a-text-bold\">Garantiert ein wirkungsvoller Hingucker !<\/span><\/p><p style=\"background-color: #ffffff; color: #7a7a7a; font-family: Roboto, sans-serif; font-size: 15px; font-weight: 400; letter-spacing: normal; text-transform: none;\">Mit einen Wandspiegel\u00a0<span class=\"a-text-bold\">vergr\u00f6\u00dfern Sie Ihre R\u00e4ume optisch<\/span>\u00a0und gleichzeitig kann ein Spiegel Ihr Zuhause heller und luftiger wirken lassen. Selbstverst\u00e4ndlich ist und muss ein Spiegel auch zur Dekoration beitragen und mit einem Blick verraten ob das Outfit passt oder die Frisur sitzt.<\/p><p style=\"background-color: #ffffff; color: #7a7a7a; font-family: Roboto, sans-serif; font-size: 15px; font-weight: 400; letter-spacing: normal; text-transform: none;\">Die Clamaro Spiegel lassen sich je nach Gr\u00f6\u00dfe, als\u00a0<span class=\"a-text-bold\">Badspiegel oder Wohnzimmerspiegel<\/span>\u00a0verwenden, als\u00a0<span class=\"a-text-bold\">Flurspiegel\u00a0<\/span>oder\u00a0<span class=\"a-text-bold\">Dielenspiegel\u00a0<\/span>bzw.\u00a0<span class=\"a-text-bold\">Garderobenspiegel<\/span>, nat\u00fcrlich auch als\u00a0<span class=\"a-text-bold\">Schlafzimmerspiegel\u00a0<\/span>in Form eines\u00a0<span class=\"a-text-bold\">Ganzk\u00f6rperspiegels\u00a0<\/span>bzw.\u00a0<span class=\"a-text-bold\">Ankleidespiegels\u00a0<\/span>oder einfach nur als dekorativer\u00a0<span class=\"a-text-bold\">Standspiegel<\/span>.<\/p><p style=\"background-color: #ffffff; color: #7a7a7a; font-family: Roboto, sans-serif; font-size: 15px; font-weight: 400; letter-spacing: normal; text-transform: none;\">Ganz gleich wof\u00fcr Sie Ihren neuen\u00a0<span class=\"a-text-bold\">Clamaro Spiegel<\/span>\u00a0nutzen, dank der zahlreichen Gr\u00f6\u00dfen ist bestimmt auch ein Spiegel in Ihrem\u00a0<span class=\"a-text-bold\">Wunschma\u00df\u00a0<\/span>mit dabei.<\/p>\t\t\t\t\t\t\t\t<\/div>\n\t\t\t\t<\/div>\n\t\t\t\t\t<\/div>\n\t\t<\/div>\n\t\t\t\t\t<\/div>\n\t\t<\/section>\n\t\t\t\t<section class=\"elementor-section elementor-top-section elementor-element elementor-element-5203ee62 elementor-section-boxed elementor-section-height-default elementor-section-height-default qodef-elementor-content-no\" data-id=\"5203ee62\" data-element_type=\"section\">\n\t\t\t\t\t\t<div class=\"elementor-container elementor-column-gap-default\">\n\t\t\t\t\t<div class=\"elementor-column elementor-col-100 elementor-top-column elementor-element elementor-element-788a7bc3\" data-id=\"788a7bc3\" data-element_type=\"column\">\n\t\t\t<div class=\"elementor-widget-wrap elementor-element-populated\">\n\t\t\t\t\t\t<div class=\"elementor-element elementor-element-61be6912 elementor-widget-divider--view-line elementor-widget elementor-widget-divider\" data-id=\"61be6912\" data-element_type=\"widget\" data-widget_type=\"divider.default\">\n\t\t\t\t<div class=\"elementor-widget-container\">\n\t\t\t\t\t\t\t<div class=\"elementor-divider\">\n\t\t\t<span class=\"elementor-divider-separator\">\n\t\t\t\t\t\t<\/span>\n\t\t<\/div>\n\t\t\t\t\t\t<\/div>\n\t\t\t\t<\/div>\n\t\t\t\t\t<\/div>\n\t\t<\/div>\n\t\t\t\t\t<\/div>\n\t\t<\/section>\n\t\t\t\t<section class=\"elementor-section elementor-top-section elementor-element elementor-element-e7959dc elementor-section-boxed elementor-section-height-default elementor-section-height-default qodef-elementor-content-no\" data-id=\"e7959dc\" data-element_type=\"section\">\n\t\t\t\t\t\t<div class=\"elementor-container elementor-column-gap-default\">\n\t\t\t\t\t<div class=\"elementor-column elementor-col-33 elementor-top-column elementor-element elementor-element-6d97a7c\" data-id=\"6d97a7c\" data-element_type=\"column\">\n\t\t\t<div class=\"elementor-widget-wrap elementor-element-populated\">\n\t\t\t\t\t\t<div class=\"elementor-element elementor-element-13679b3 elementor-widget elementor-widget-image\" data-id=\"13679b3\" data-element_type=\"widget\" data-widget_type=\"image.default\">\n\t\t\t\t<div class=\"elementor-widget-container\">\n\t\t\t\t\t\t\t\t\t\t\t\t\t\t\t<img decoding=\"async\" src=\"https:\/\/m.media-amazon.com\/images\/S\/aplus-media-library-service-media\/4d17aa6c-4388-4b9f-a5ad-c05870ac800d.__CR617,1299,1053,1053_PT0_SX300_V1___.png\" title=\"\" alt=\"\" loading=\"lazy\" \/>\t\t\t\t\t\t\t\t\t\t\t\t\t\t\t<\/div>\n\t\t\t\t<\/div>\n\t\t\t\t<div class=\"elementor-element elementor-element-7277161 elementor-widget elementor-widget-spacer\" data-id=\"7277161\" data-element_type=\"widget\" data-widget_type=\"spacer.default\">\n\t\t\t\t<div class=\"elementor-widget-container\">\n\t\t\t\t\t\t\t<div class=\"elementor-spacer\">\n\t\t\t<div class=\"elementor-spacer-inner\"><\/div>\n\t\t<\/div>\n\t\t\t\t\t\t<\/div>\n\t\t\t\t<\/div>\n\t\t\t\t<div class=\"elementor-element elementor-element-e0f1c10 elementor-widget elementor-widget-text-editor\" data-id=\"e0f1c10\" data-element_type=\"widget\" data-widget_type=\"text-editor.default\">\n\t\t\t\t<div class=\"elementor-widget-container\">\n\t\t\t\t\t\t\t\t\t<h4 class=\"a-spacing-mini\">Der Spiegelrahmen im Detail<\/h4><p>Die\u00a0<span class=\"a-text-bold\">moderne eckige Leiste<\/span>\u00a0wirkt im Design top aktuell und doch\u00a0<span class=\"a-text-bold\">klassisch zeitlos<\/span>.<\/p><p>Die Clamaro\u00a0<span class=\"a-text-bold\">VISION\u00a0<\/span>Rahmenleiste ist\u00a0<span class=\"a-text-bold\">30 mm breit und 16 mm tief<\/span>. Gefertigt aus\u00a0<span class=\"a-text-bold\">MDF Holz<\/span>\u00a0und mit einer\u00a0<span class=\"a-text-bold\">kratzfesten und UV-resistenten Dekorfolie<\/span>\u00a0laminiert.<\/p><p>Eine weitere Besonderheit unserer Dekorfolie ist die\u00a0<span class=\"a-text-bold\">Vollummantelung\u00a0<\/span>der Rahmenleiste. Das sorgt f\u00fcr einen l\u00fcckenlosen Gesamteindruck und die Folie bl\u00e4ttert nicht ab, wie bei teilummantelten Rahmenleisten.<\/p>\t\t\t\t\t\t\t\t<\/div>\n\t\t\t\t<\/div>\n\t\t\t\t\t<\/div>\n\t\t<\/div>\n\t\t\t\t<div class=\"elementor-column elementor-col-33 elementor-top-column elementor-element elementor-element-7852c47\" data-id=\"7852c47\" data-element_type=\"column\">\n\t\t\t<div class=\"elementor-widget-wrap elementor-element-populated\">\n\t\t\t\t\t\t<div class=\"elementor-element elementor-element-dfaa681 elementor-widget elementor-widget-image\" data-id=\"dfaa681\" data-element_type=\"widget\" data-widget_type=\"image.default\">\n\t\t\t\t<div class=\"elementor-widget-container\">\n\t\t\t\t\t\t\t\t\t\t\t\t\t\t\t<img decoding=\"async\" src=\"https:\/\/m.media-amazon.com\/images\/S\/aplus-media-library-service-media\/6d458837-6af4-4a48-b211-c6dc50ecb0f5.__CR0,0,1227,1227_PT0_SX300_V1___.jpg\" title=\"\" alt=\"\" loading=\"lazy\" \/>\t\t\t\t\t\t\t\t\t\t\t\t\t\t\t<\/div>\n\t\t\t\t<\/div>\n\t\t\t\t<div class=\"elementor-element elementor-element-1b98cf7 elementor-widget elementor-widget-spacer\" data-id=\"1b98cf7\" data-element_type=\"widget\" data-widget_type=\"spacer.default\">\n\t\t\t\t<div class=\"elementor-widget-container\">\n\t\t\t\t\t\t\t<div class=\"elementor-spacer\">\n\t\t\t<div class=\"elementor-spacer-inner\"><\/div>\n\t\t<\/div>\n\t\t\t\t\t\t<\/div>\n\t\t\t\t<\/div>\n\t\t\t\t<div class=\"elementor-element elementor-element-8df39a9 elementor-widget elementor-widget-text-editor\" data-id=\"8df39a9\" data-element_type=\"widget\" data-widget_type=\"text-editor.default\">\n\t\t\t\t<div class=\"elementor-widget-container\">\n\t\t\t\t\t\t\t\t\t<h4 class=\"a-spacing-mini\">Horizontal oder vertikal an die Wand oder als Standspiegel<\/h4><p><span class=\"a-text-bold\">Ob als Wandspiegel oder Standspiegel&#8230;<\/span><\/p><p>Clamaro stattet alle seine Spiegel mit\u00a0<span class=\"a-text-bold\">stabilen Metall Halterungen\u00a0<\/span>an aus.<\/p><p>Die daf\u00fcr ben\u00f6tigten Halterungen werden mitgeliefert und m\u00fcssen von Ihnen nur noch kurz an den Rahmen geschraubt werden.<\/p>\t\t\t\t\t\t\t\t<\/div>\n\t\t\t\t<\/div>\n\t\t\t\t\t<\/div>\n\t\t<\/div>\n\t\t\t\t<div class=\"elementor-column elementor-col-33 elementor-top-column elementor-element elementor-element-6a207df\" data-id=\"6a207df\" data-element_type=\"column\">\n\t\t\t<div class=\"elementor-widget-wrap elementor-element-populated\">\n\t\t\t\t\t\t<div class=\"elementor-element elementor-element-0cb381d elementor-widget elementor-widget-image\" data-id=\"0cb381d\" data-element_type=\"widget\" data-widget_type=\"image.default\">\n\t\t\t\t<div class=\"elementor-widget-container\">\n\t\t\t\t\t\t\t\t\t\t\t\t\t\t\t<img decoding=\"async\" src=\"https:\/\/m.media-amazon.com\/images\/S\/aplus-media-library-service-media\/12faf656-846b-4ab7-8d5e-2f90bc984b17.__CR142,264,909,909_PT0_SX300_V1___.png\" title=\"\" alt=\"\" loading=\"lazy\" \/>\t\t\t\t\t\t\t\t\t\t\t\t\t\t\t<\/div>\n\t\t\t\t<\/div>\n\t\t\t\t<div class=\"elementor-element elementor-element-7fde103 elementor-widget elementor-widget-spacer\" data-id=\"7fde103\" data-element_type=\"widget\" data-widget_type=\"spacer.default\">\n\t\t\t\t<div class=\"elementor-widget-container\">\n\t\t\t\t\t\t\t<div class=\"elementor-spacer\">\n\t\t\t<div class=\"elementor-spacer-inner\"><\/div>\n\t\t<\/div>\n\t\t\t\t\t\t<\/div>\n\t\t\t\t<\/div>\n\t\t\t\t<div class=\"elementor-element elementor-element-f5b6f30 elementor-widget elementor-widget-text-editor\" data-id=\"f5b6f30\" data-element_type=\"widget\" data-widget_type=\"text-editor.default\">\n\t\t\t\t<div class=\"elementor-widget-container\">\n\t\t\t\t\t\t\t\t\t<h4 class=\"a-spacing-mini\">Spiegelglasscheibe und R\u00fcckwand<\/h4><p>Der Clamaro Wandspiegel wird mit einer\u00a0<span class=\"a-text-bold\">Spiegelglasscheibe\u00a0<\/span>ausgestattet. Darunter versteht man\u00a0<span class=\"a-text-bold\">normales Glas mit einer spiegelnden Beschichtung aus Metall<\/span>.<\/p><p>Das Spiegelglas wird, um die n\u00f6tige Stabilit\u00e4t auch bei gr\u00f6\u00dferen Spiegelrahmen Formaten zu erreichen, mit einer\u00a0<span class=\"a-text-bold\">HDF-Holz R\u00fcckwand verklebt<\/span>. Das sorgt f\u00fcr das n\u00f6tige\u00a0<span class=\"a-text-bold\">Extra an Stabilit\u00e4t und Langlebigkeit<\/span>.<\/p>\t\t\t\t\t\t\t\t<\/div>\n\t\t\t\t<\/div>\n\t\t\t\t\t<\/div>\n\t\t<\/div>\n\t\t\t\t\t<\/div>\n\t\t<\/section>\n\t\t\t\t<section class=\"elementor-section elementor-top-section elementor-element elementor-element-14987d5d elementor-section-boxed elementor-section-height-default elementor-section-height-default qodef-elementor-content-no\" data-id=\"14987d5d\" data-element_type=\"section\">\n\t\t\t\t\t\t<div class=\"elementor-container elementor-column-gap-default\">\n\t\t\t\t\t<div class=\"elementor-column elementor-col-50 elementor-top-column elementor-element elementor-element-61f6c142\" data-id=\"61f6c142\" data-element_type=\"column\">\n\t\t\t<div class=\"elementor-widget-wrap elementor-element-populated\">\n\t\t\t\t\t\t<div class=\"elementor-element elementor-element-68cb69cf elementor-widget elementor-widget-image\" data-id=\"68cb69cf\" data-element_type=\"widget\" data-widget_type=\"image.default\">\n\t\t\t\t<div class=\"elementor-widget-container\">\n\t\t\t\t\t\t\t\t\t\t\t\t\t\t\t<img decoding=\"async\" src=\"https:\/\/m.media-amazon.com\/images\/S\/aplus-media-library-service-media\/91eb8584-443f-47af-9901-88ffb44c57b5.__CR0,0,2000,2000_PT0_SX300_V1___.png\" title=\"\" alt=\"\" loading=\"lazy\" \/>\t\t\t\t\t\t\t\t\t\t\t\t\t\t\t<\/div>\n\t\t\t\t<\/div>\n\t\t\t\t\t<\/div>\n\t\t<\/div>\n\t\t\t\t<div class=\"elementor-column elementor-col-50 elementor-top-column elementor-element elementor-element-21128189\" data-id=\"21128189\" data-element_type=\"column\">\n\t\t\t<div class=\"elementor-widget-wrap elementor-element-populated\">\n\t\t\t\t\t\t<div class=\"elementor-element elementor-element-7720ed53 elementor-widget elementor-widget-text-editor\" data-id=\"7720ed53\" data-element_type=\"widget\" data-widget_type=\"text-editor.default\">\n\t\t\t\t<div class=\"elementor-widget-container\">\n\t\t\t\t\t\t\t\t\t<h3 class=\"a-spacing-mini\">H\u00f6chste Qualit\u00e4t und Pr\u00e4zision: Handgefertigt und zu 100% Made in Germany<\/h3><p>Alle\u00a0<span class=\"a-text-bold\">Clamaro Spiegel\u00a0<\/span>werden auf Bestellung in unserer Rahmen Manufaktur, einzeln und individuell von Hand, in Ihrem Wunschma\u00df hergestellt.<span class=\"a-text-bold\">\u00a0Pr\u00e4zision und Qualit\u00e4t zu 100% Made in Germany<\/span><\/p><p><span class=\"a-text-bold\">WICHTIGER HINWEIS ZU UNSEREN FOTOS:<\/span>\u00a0Die Farbe der von uns verwendeten Produktbilder k\u00f6nnen durch Ihre Bildschirm Farb- und Helligkeitseinstellungen von unseren Bildern leicht abweichen.<\/p>\t\t\t\t\t\t\t\t<\/div>\n\t\t\t\t<\/div>\n\t\t\t\t\t<\/div>\n\t\t<\/div>\n\t\t\t\t\t<\/div>\n\t\t<\/section>\n\t\t\t\t<section class=\"elementor-section elementor-top-section elementor-element elementor-element-66dfc01 elementor-section-boxed elementor-section-height-default elementor-section-height-default qodef-elementor-content-no\" data-id=\"66dfc01\" data-element_type=\"section\">\n\t\t\t\t\t\t<div class=\"elementor-container elementor-column-gap-default\">\n\t\t\t\t\t<div class=\"elementor-column elementor-col-100 elementor-top-column elementor-element elementor-element-be81eb1\" data-id=\"be81eb1\" data-element_type=\"column\">\n\t\t\t<div class=\"elementor-widget-wrap elementor-element-populated\">\n\t\t\t\t\t\t<div class=\"elementor-element elementor-element-da99ab0 elementor-widget elementor-widget-text-editor\" data-id=\"da99ab0\" data-element_type=\"widget\" data-widget_type=\"text-editor.default\">\n\t\t\t\t<div class=\"elementor-widget-container\">\n\t\t\t\t\t\t\t\t\t<p>\u00a0<\/p><h3><strong style=\"color: var( --e-global-color-text ); font-family: var( --e-global-typography-text-font-family ), Sans-serif;\">Herstellung in Deutschland<\/strong><\/h3><p><span style=\"font-size: 20px;\"><strong>Eigene Meisterwerkstatt mit \u00fcber 35 Jahren Erfahrung.<\/strong><\/span><\/p><p>\u00a0<\/p><p><img decoding=\"async\" style=\"height: 80px; width: 350px;\" src=\"https:\/\/cdn03.plentymarkets.com\/mmx8yrv4qndt\/item\/images\/204\/full\/Wir-sind-Mitglied-bei-der--2-.jpg\" alt=\"\" data-cke-saved-src=\"https:\/\/cdn03.plentymarkets.com\/mmx8yrv4qndt\/item\/images\/204\/full\/Wir-sind-Mitglied-bei-der--2-.jpg\" \/><img decoding=\"async\" style=\"width: 114px; height: 70px;\" src=\"https:\/\/cdn03.plentymarkets.com\/mmx8yrv4qndt\/item\/images\/204\/full\/kaeufersiegel.png\" alt=\"\" data-cke-saved-src=\"https:\/\/cdn03.plentymarkets.com\/mmx8yrv4qndt\/item\/images\/204\/full\/kaeufersiegel.png\" \/>\u00a0<img decoding=\"async\" style=\"width: 150px; height: 84px;\" src=\"https:\/\/cdn03.plentymarkets.com\/mmx8yrv4qndt\/item\/images\/204\/full\/haendlerbund.png\" alt=\"\" data-cke-saved-src=\"https:\/\/cdn03.plentymarkets.com\/mmx8yrv4qndt\/item\/images\/204\/full\/haendlerbund.png\" \/><\/p><p>\u00a0<\/p>\t\t\t\t\t\t\t\t<\/div>\n\t\t\t\t<\/div>\n\t\t\t\t\t<\/div>\n\t\t<\/div>\n\t\t\t\t\t<\/div>\n\t\t<\/section>\n\t\t\t\t<\/div>\n\t\t","protected":false},"excerpt":{"rendered":"<p><span style=\"color: #808080;\"><strong><a style=\"color: #808080;\" href=\"https:\/\/clamaro.eu\/wp-content\/uploads\/2024\/05\/Konformitaetserklaerung-Spiegel-mit-Unterschrift.pdf.pdf\">Wandspiegel Sicherheits- und Produktressource.pdf<\/a><\/strong><\/span><\/p>\n","protected":false},"featured_media":68322,"template":"","meta":{"om_disable_all_campaigns":false},"product_brand":[],"product_cat":[4747,4269],"product_tag":[],"class_list":{"0":"post-55911","1":"product","2":"type-product","3":"status-publish","4":"has-post-thumbnail","6":"product_cat-vision-spiegel-2","7":"product_cat-spiegel","9":"first","10":"instock","11":"downloadable","12":"taxable","13":"shipping-taxable","14":"purchasable","15":"product-type-simple"},"gallery_images":[41293,41299,55904,41235,40914],"_links":{"self":[{"href":"https:\/\/clamaro.eu\/es\/wp-json\/wp\/v2\/product\/55911","targetHints":{"allow":["GET"]}}],"collection":[{"href":"https:\/\/clamaro.eu\/es\/wp-json\/wp\/v2\/product"}],"about":[{"href":"https:\/\/clamaro.eu\/es\/wp-json\/wp\/v2\/types\/product"}],"version-history":[{"count":4,"href":"https:\/\/clamaro.eu\/es\/wp-json\/wp\/v2\/product\/55911\/revisions"}],"predecessor-version":[{"id":78306,"href":"https:\/\/clamaro.eu\/es\/wp-json\/wp\/v2\/product\/55911\/revisions\/78306"}],"wp:featuredmedia":[{"embeddable":true,"href":"https:\/\/clamaro.eu\/es\/wp-json\/wp\/v2\/media\/68322"}],"wp:attachment":[{"href":"https:\/\/clamaro.eu\/es\/wp-json\/wp\/v2\/media?parent=55911"}],"wp:term":[{"taxonomy":"product_brand","embeddable":true,"href":"https:\/\/clamaro.eu\/es\/wp-json\/wp\/v2\/product_brand?post=55911"},{"taxonomy":"product_cat","embeddable":true,"href":"https:\/\/clamaro.eu\/es\/wp-json\/wp\/v2\/product_cat?post=55911"},{"taxonomy":"product_tag","embeddable":true,"href":"https:\/\/clamaro.eu\/es\/wp-json\/wp\/v2\/product_tag?post=55911"}],"curies":[{"name":"wp","href":"https:\/\/api.w.org\/{rel}","templated":true}]}}