{"id":54483,"date":"2024-04-16T07:38:56","date_gmt":"2024-04-16T07:38:56","guid":{"rendered":"https:\/\/clamaro.eu\/?post_type=product&#038;p=54483"},"modified":"2025-11-20T11:28:20","modified_gmt":"2025-11-20T11:28:20","slug":"fotohalter-eiche-sonoma-gummiband","status":"publish","type":"product","link":"https:\/\/clamaro.eu\/es\/producto\/fotohalter-eiche-sonoma-gummiband\/","title":{"rendered":"Fotohalter Eiche Sonoma (Gummiband)"},"content":{"rendered":"\t\t<div data-elementor-type=\"wp-post\" data-elementor-id=\"54483\" class=\"elementor elementor-54483\">\n\t\t\t\t\t\t<section class=\"elementor-section elementor-top-section elementor-element elementor-element-81f2a08 elementor-section-boxed elementor-section-height-default elementor-section-height-default qodef-elementor-content-no\" data-id=\"81f2a08\" data-element_type=\"section\">\n\t\t\t\t\t\t<div class=\"elementor-container elementor-column-gap-default\">\n\t\t\t\t\t<div class=\"elementor-column elementor-col-100 elementor-top-column elementor-element elementor-element-98bec6d\" data-id=\"98bec6d\" data-element_type=\"column\">\n\t\t\t<div class=\"elementor-widget-wrap elementor-element-populated\">\n\t\t\t\t\t\t<div class=\"elementor-element elementor-element-ca5457a elementor-widget elementor-widget-image\" data-id=\"ca5457a\" data-element_type=\"widget\" data-widget_type=\"image.default\">\n\t\t\t\t<div class=\"elementor-widget-container\">\n\t\t\t\t\t\t\t\t\t\t\t\t\t\t\t<img decoding=\"async\" src=\"https:\/\/m.media-amazon.com\/images\/S\/aplus-media-library-service-media\/8a7af628-f583-4702-8d22-927f8f7f49e2.__CR0,0,600,180_PT0_SX600_V1___.png\" title=\"\" alt=\"\" loading=\"lazy\" \/>\t\t\t\t\t\t\t\t\t\t\t\t\t\t\t<\/div>\n\t\t\t\t<\/div>\n\t\t\t\t\t<\/div>\n\t\t<\/div>\n\t\t\t\t\t<\/div>\n\t\t<\/section>\n\t\t\t\t<section class=\"elementor-section elementor-top-section elementor-element elementor-element-4d61bbc elementor-section-boxed elementor-section-height-default elementor-section-height-default qodef-elementor-content-no\" data-id=\"4d61bbc\" data-element_type=\"section\">\n\t\t\t\t\t\t<div class=\"elementor-container elementor-column-gap-default\">\n\t\t\t\t\t<div class=\"elementor-column elementor-col-25 elementor-top-column elementor-element elementor-element-3415de3\" data-id=\"3415de3\" data-element_type=\"column\">\n\t\t\t<div class=\"elementor-widget-wrap elementor-element-populated\">\n\t\t\t\t\t\t<div class=\"elementor-element elementor-element-48b3fa6 elementor-widget elementor-widget-image\" data-id=\"48b3fa6\" data-element_type=\"widget\" data-widget_type=\"image.default\">\n\t\t\t\t<div class=\"elementor-widget-container\">\n\t\t\t\t\t\t\t\t\t\t\t\t\t\t\t<img decoding=\"async\" src=\"https:\/\/m.media-amazon.com\/images\/S\/aplus-media-library-service-media\/bd6aee27-7aeb-4b0e-8740-9d25e527f031.__CR0,0,2000,2000_PT0_SX300_V1___.png\" title=\"\" alt=\"\" loading=\"lazy\" \/>\t\t\t\t\t\t\t\t\t\t\t\t\t\t\t<\/div>\n\t\t\t\t<\/div>\n\t\t\t\t<div class=\"elementor-element elementor-element-2b12aaa elementor-widget elementor-widget-spacer\" data-id=\"2b12aaa\" data-element_type=\"widget\" data-widget_type=\"spacer.default\">\n\t\t\t\t<div class=\"elementor-widget-container\">\n\t\t\t\t\t\t\t<div class=\"elementor-spacer\">\n\t\t\t<div class=\"elementor-spacer-inner\"><\/div>\n\t\t<\/div>\n\t\t\t\t\t\t<\/div>\n\t\t\t\t<\/div>\n\t\t\t\t<div class=\"elementor-element elementor-element-5d23627 elementor-widget elementor-widget-text-editor\" data-id=\"5d23627\" data-element_type=\"widget\" data-widget_type=\"text-editor.default\">\n\t\t\t\t<div class=\"elementor-widget-container\">\n\t\t\t\t\t\t\t\t\t<h4 class=\"a-spacing-mini\">BILDER UND FOTOS IM KLEINFORMAT AUF DEM HANDY? SCHLUSS DAMIT\u2026<\/h4>\n<p style=\"background-color: rgb(255, 255, 255);\">H\u00e4ng doch mal wieder deine Lieblings Fotos in einem wundersch\u00f6nen Bilderrahmen. Im Handumdrehen bekommt dein Zuhause eine noch&nbsp;<span class=\"a-text-bold\">pers\u00f6nlichere Note<\/span>.<\/p><p style=\"background-color: rgb(255, 255, 255);\">Mehr als<span class=\"a-text-bold\">&nbsp;7 trendige Furnierfolien-Farbmuster.<\/span><\/p>\t\t\t\t\t\t\t\t<\/div>\n\t\t\t\t<\/div>\n\t\t\t\t\t<\/div>\n\t\t<\/div>\n\t\t\t\t<div class=\"elementor-column elementor-col-25 elementor-top-column elementor-element elementor-element-e8215b3\" data-id=\"e8215b3\" data-element_type=\"column\">\n\t\t\t<div class=\"elementor-widget-wrap elementor-element-populated\">\n\t\t\t\t\t\t<div class=\"elementor-element elementor-element-7d641d9 elementor-widget elementor-widget-image\" data-id=\"7d641d9\" data-element_type=\"widget\" data-widget_type=\"image.default\">\n\t\t\t\t<div class=\"elementor-widget-container\">\n\t\t\t\t\t\t\t\t\t\t\t\t\t\t\t<img decoding=\"async\" src=\"https:\/\/m.media-amazon.com\/images\/S\/aplus-media-library-service-media\/91eb8584-443f-47af-9901-88ffb44c57b5.__CR0,0,2000,2000_PT0_SX300_V1___.png\" title=\"\" alt=\"\" loading=\"lazy\" \/>\t\t\t\t\t\t\t\t\t\t\t\t\t\t\t<\/div>\n\t\t\t\t<\/div>\n\t\t\t\t<div class=\"elementor-element elementor-element-27125d6 elementor-widget elementor-widget-spacer\" data-id=\"27125d6\" data-element_type=\"widget\" data-widget_type=\"spacer.default\">\n\t\t\t\t<div class=\"elementor-widget-container\">\n\t\t\t\t\t\t\t<div class=\"elementor-spacer\">\n\t\t\t<div class=\"elementor-spacer-inner\"><\/div>\n\t\t<\/div>\n\t\t\t\t\t\t<\/div>\n\t\t\t\t<\/div>\n\t\t\t\t<div class=\"elementor-element elementor-element-32d7f8d elementor-widget elementor-widget-text-editor\" data-id=\"32d7f8d\" data-element_type=\"widget\" data-widget_type=\"text-editor.default\">\n\t\t\t\t<div class=\"elementor-widget-container\">\n\t\t\t\t\t\t\t\t\t<h4 class=\"a-spacing-mini\">H\u00d6CHSTE QUALIT\u00c4T UND PR\u00c4ZISION: HANDGEFERTIGT UND ZU 100% MADE IN GERMANY<\/h4><p>Alle Clamaro Wandbilderrahmen werden auf Bestellung in unserer Bilderrahmen Manufaktur\u00a0<span class=\"a-text-bold\">einzeln und individuell von Hand in Ihrem Wunschma\u00df\u00a0<\/span>hergestellt. Pr\u00e4zision und Qualit\u00e4t zu\u00a0<span class=\"a-text-bold\">100% Made in Germany<\/span><\/p>\t\t\t\t\t\t\t\t<\/div>\n\t\t\t\t<\/div>\n\t\t\t\t\t<\/div>\n\t\t<\/div>\n\t\t\t\t<div class=\"elementor-column elementor-col-25 elementor-top-column elementor-element elementor-element-75ca82c\" data-id=\"75ca82c\" data-element_type=\"column\">\n\t\t\t<div class=\"elementor-widget-wrap elementor-element-populated\">\n\t\t\t\t\t\t<div class=\"elementor-element elementor-element-bc1e51f elementor-widget elementor-widget-image\" data-id=\"bc1e51f\" data-element_type=\"widget\" data-widget_type=\"image.default\">\n\t\t\t\t<div class=\"elementor-widget-container\">\n\t\t\t\t\t\t\t\t\t\t\t\t\t\t\t<img decoding=\"async\" src=\"https:\/\/m.media-amazon.com\/images\/S\/aplus-media-library-service-media\/a6688ee5-aaed-49cb-a791-665ea034eb2e.__CR91,91,1818,1818_PT0_SX300_V1___.png\" title=\"\" alt=\"\" loading=\"lazy\" \/>\t\t\t\t\t\t\t\t\t\t\t\t\t\t\t<\/div>\n\t\t\t\t<\/div>\n\t\t\t\t<div class=\"elementor-element elementor-element-b01864f elementor-widget elementor-widget-spacer\" data-id=\"b01864f\" data-element_type=\"widget\" data-widget_type=\"spacer.default\">\n\t\t\t\t<div class=\"elementor-widget-container\">\n\t\t\t\t\t\t\t<div class=\"elementor-spacer\">\n\t\t\t<div class=\"elementor-spacer-inner\"><\/div>\n\t\t<\/div>\n\t\t\t\t\t\t<\/div>\n\t\t\t\t<\/div>\n\t\t\t\t<div class=\"elementor-element elementor-element-3c54ae6 elementor-widget elementor-widget-text-editor\" data-id=\"3c54ae6\" data-element_type=\"widget\" data-widget_type=\"text-editor.default\">\n\t\t\t\t<div class=\"elementor-widget-container\">\n\t\t\t\t\t\t\t\t\t<h4 class=\"a-spacing-mini\">Puzzle, Urkunde oder Kino Poster einrahmen? Hier ist f\u00fcr jeden die passende Gr\u00f6\u00dfe dabei&#8230;<\/h4><p>Unser\u00a0<span class=\"a-text-bold\">Clamaro COLLAGE 20 Wechselrahmen<\/span>\u00a0eignet sich, je nach gew\u00fcnschter Gr\u00f6\u00dfe, perfekt als klassischer\u00a0<span class=\"a-text-bold\">Fotorahmen, Bilderrahmen, Urkundenrahmen oder z.B. auch als Puzzlerahmen 50&#215;70\u00a0<\/span>. Auch die typischen\u00a0<span class=\"a-text-bold\">Foto Gr\u00f6\u00dfen<\/span>\u00a0wie z.B.\u00a0<span class=\"a-text-bold\">10&#215;15<\/span>, klassischen Gr\u00f6\u00dfen wie\u00a0<span class=\"a-text-bold\">DIN A3, DIN A4 und DIN A5<\/span>\u00a0oder das gro\u00dfformatige Maxi\u00a0<span class=\"a-text-bold\">Kinoposter DIN A0<\/span>\u00a0Format kann bestellt werden.<\/p>\t\t\t\t\t\t\t\t<\/div>\n\t\t\t\t<\/div>\n\t\t\t\t\t<\/div>\n\t\t<\/div>\n\t\t\t\t<div class=\"elementor-column elementor-col-25 elementor-top-column elementor-element elementor-element-5ff039a\" data-id=\"5ff039a\" data-element_type=\"column\">\n\t\t\t<div class=\"elementor-widget-wrap elementor-element-populated\">\n\t\t\t\t\t\t<div class=\"elementor-element elementor-element-9d1889f elementor-widget elementor-widget-image\" data-id=\"9d1889f\" data-element_type=\"widget\" data-widget_type=\"image.default\">\n\t\t\t\t<div class=\"elementor-widget-container\">\n\t\t\t\t\t\t\t\t\t\t\t\t\t\t\t<img decoding=\"async\" src=\"https:\/\/m.media-amazon.com\/images\/S\/aplus-media-library-service-media\/4d17aa6c-4388-4b9f-a5ad-c05870ac800d.__CR619,1301,1333,1333_PT0_SX220_V1___.png\" title=\"\" alt=\"\" loading=\"lazy\" \/>\t\t\t\t\t\t\t\t\t\t\t\t\t\t\t<\/div>\n\t\t\t\t<\/div>\n\t\t\t\t<div class=\"elementor-element elementor-element-8d54189 elementor-widget elementor-widget-spacer\" data-id=\"8d54189\" data-element_type=\"widget\" data-widget_type=\"spacer.default\">\n\t\t\t\t<div class=\"elementor-widget-container\">\n\t\t\t\t\t\t\t<div class=\"elementor-spacer\">\n\t\t\t<div class=\"elementor-spacer-inner\"><\/div>\n\t\t<\/div>\n\t\t\t\t\t\t<\/div>\n\t\t\t\t<\/div>\n\t\t\t\t<div class=\"elementor-element elementor-element-fd96a5d elementor-widget elementor-widget-text-editor\" data-id=\"fd96a5d\" data-element_type=\"widget\" data-widget_type=\"text-editor.default\">\n\t\t\t\t<div class=\"elementor-widget-container\">\n\t\t\t\t\t\t\t\t\t<h4 class=\"a-spacing-mini\"><span style=\"letter-spacing: 0.12em;\"><br \/>Die Rahmenleiste \u00abCOLLAGE 30\u00bb<\/span><\/h4><p class=\"a-size-small\">Die 3<span class=\"a-text-bold\">0 mm breite<\/span>\u00a0Rahmenleiste wird aus hochwertigen und langlebigen\u00a0<span class=\"a-text-bold\">MDF-Holz\u00a0<\/span>gefertigt und mit einer\u00a0<span class=\"a-text-bold\">Kratz- und UV-resistenten Folien- Vollummantelung\u00a0<\/span>laminiert.<\/p>\t\t\t\t\t\t\t\t<\/div>\n\t\t\t\t<\/div>\n\t\t\t\t\t<\/div>\n\t\t<\/div>\n\t\t\t\t\t<\/div>\n\t\t<\/section>\n\t\t\t\t<section class=\"elementor-section elementor-top-section elementor-element elementor-element-7fec561 elementor-section-boxed elementor-section-height-default elementor-section-height-default qodef-elementor-content-no\" data-id=\"7fec561\" data-element_type=\"section\">\n\t\t\t\t\t\t<div class=\"elementor-container elementor-column-gap-default\">\n\t\t\t\t\t<div class=\"elementor-column elementor-col-50 elementor-top-column elementor-element elementor-element-4323722\" data-id=\"4323722\" data-element_type=\"column\">\n\t\t\t<div class=\"elementor-widget-wrap elementor-element-populated\">\n\t\t\t\t\t\t<div class=\"elementor-element elementor-element-1b88a64 elementor-widget elementor-widget-image\" data-id=\"1b88a64\" data-element_type=\"widget\" data-widget_type=\"image.default\">\n\t\t\t\t<div class=\"elementor-widget-container\">\n\t\t\t\t\t\t\t\t\t\t\t\t\t\t\t<img decoding=\"async\" src=\"https:\/\/clamaro.eu\/wp-content\/uploads\/2023\/04\/Clamaro-collage-bilderrahmen-rahmen-rahmenleiste-querschnitt.png\" title=\"\" alt=\"\" loading=\"lazy\" \/>\t\t\t\t\t\t\t\t\t\t\t\t\t\t\t<\/div>\n\t\t\t\t<\/div>\n\t\t\t\t\t<\/div>\n\t\t<\/div>\n\t\t\t\t<div class=\"elementor-column elementor-col-50 elementor-top-column elementor-element elementor-element-eeb2416\" data-id=\"eeb2416\" data-element_type=\"column\">\n\t\t\t<div class=\"elementor-widget-wrap elementor-element-populated\">\n\t\t\t\t\t\t<div class=\"elementor-element elementor-element-028b91e elementor-widget elementor-widget-spacer\" data-id=\"028b91e\" data-element_type=\"widget\" data-widget_type=\"spacer.default\">\n\t\t\t\t<div class=\"elementor-widget-container\">\n\t\t\t\t\t\t\t<div class=\"elementor-spacer\">\n\t\t\t<div class=\"elementor-spacer-inner\"><\/div>\n\t\t<\/div>\n\t\t\t\t\t\t<\/div>\n\t\t\t\t<\/div>\n\t\t\t\t<div class=\"elementor-element elementor-element-c450c65 elementor-widget elementor-widget-spacer\" data-id=\"c450c65\" data-element_type=\"widget\" data-widget_type=\"spacer.default\">\n\t\t\t\t<div class=\"elementor-widget-container\">\n\t\t\t\t\t\t\t<div class=\"elementor-spacer\">\n\t\t\t<div class=\"elementor-spacer-inner\"><\/div>\n\t\t<\/div>\n\t\t\t\t\t\t<\/div>\n\t\t\t\t<\/div>\n\t\t\t\t<div class=\"elementor-element elementor-element-e7fd784 elementor-widget elementor-widget-text-editor\" data-id=\"e7fd784\" data-element_type=\"widget\" data-widget_type=\"text-editor.default\">\n\t\t\t\t<div class=\"elementor-widget-container\">\n\t\t\t\t\t\t\t\t\t<h3 class=\"a-spacing-mini\">Die Rahmenleiste im Detail<\/h3><p>Die moderne eckige Leiste wirkt im Design top aktuell und doch klassisch zeitlos. Die\u00a0<span class=\"a-text-bold\">Clamaro COLLAGE 30<\/span>\u00a0Rahmenleiste ist 3<span class=\"a-text-bold\">0 mm breit und 16 mm tief<\/span>. Gefertigt aus\u00a0<span class=\"a-text-bold\">MDF Holz<\/span>\u00a0und mit einer\u00a0<span class=\"a-text-bold\">kratzfesten und UV-resistenten Dekorfolie<\/span>\u00a0laminiert. Eine weitere Besonderheit unserer Dekorfolie ist die\u00a0<span class=\"a-text-bold\">Vollummantelung\u00a0<\/span>der Rahmenleiste. Das sorgt f\u00fcr einen l\u00fcckenlosen Gesamteindruck und die Folie bl\u00e4ttert nicht ab, wie bei teilummantelten Rahmenleisten.<\/p>\t\t\t\t\t\t\t\t<\/div>\n\t\t\t\t<\/div>\n\t\t\t\t\t<\/div>\n\t\t<\/div>\n\t\t\t\t\t<\/div>\n\t\t<\/section>\n\t\t\t\t<section class=\"elementor-section elementor-top-section elementor-element elementor-element-3b1ca91 elementor-section-boxed elementor-section-height-default elementor-section-height-default qodef-elementor-content-no\" data-id=\"3b1ca91\" data-element_type=\"section\">\n\t\t\t\t\t\t<div class=\"elementor-container elementor-column-gap-default\">\n\t\t\t\t\t<div class=\"elementor-column elementor-col-100 elementor-top-column elementor-element elementor-element-1b19b9d\" data-id=\"1b19b9d\" data-element_type=\"column\">\n\t\t\t<div class=\"elementor-widget-wrap elementor-element-populated\">\n\t\t\t\t\t\t<div class=\"elementor-element elementor-element-1e24007 elementor-widget elementor-widget-text-editor\" data-id=\"1e24007\" data-element_type=\"widget\" data-widget_type=\"text-editor.default\">\n\t\t\t\t<div class=\"elementor-widget-container\">\n\t\t\t\t\t\t\t\t\t<p><span class=\"a-text-bold\">Alle Produktdetails auf einen Blick:<\/span><\/p><p><span class=\"a-text-bold\"><br><\/span><\/p>\n<p><span class=\"a-text-bold\">Leiste:<\/span><\/p>\n<p><\/p>\n<ul class=\"a-unordered-list a-vertical\">\n<li><span class=\"a-list-item\">MDF-Holzleiste aus nachhaltiger und fair produzierter EU-Forstwirtschaft.<\/span><\/li>\n<li><span class=\"a-list-item\">Folienbeschichtung: Vollummantelt, Robust, langlebig, kratzbest\u00e4ndig und UV-resistent.<\/span><\/li>\n<li><span class=\"a-list-item\">Nahtlose und hochpr\u00e4zise Gehrungen ohne L\u00fccken dank unseres hochmodernen Maschinenparks.<\/span><\/li><li><span class=\"a-list-item\">Fotorahmen mit Gummib\u00e4ndern und Foto Holzklammern.<\/span><\/li>\n<\/ul>\n<p><br><\/p>\t\t\t\t\t\t\t\t<\/div>\n\t\t\t\t<\/div>\n\t\t\t\t\t<\/div>\n\t\t<\/div>\n\t\t\t\t\t<\/div>\n\t\t<\/section>\n\t\t\t\t<section class=\"elementor-section elementor-top-section elementor-element elementor-element-7e54370 elementor-section-boxed elementor-section-height-default elementor-section-height-default qodef-elementor-content-no\" data-id=\"7e54370\" data-element_type=\"section\">\n\t\t\t\t\t\t<div class=\"elementor-container elementor-column-gap-default\">\n\t\t\t\t\t<div class=\"elementor-column elementor-col-100 elementor-top-column elementor-element elementor-element-fdd97ec\" data-id=\"fdd97ec\" data-element_type=\"column\">\n\t\t\t<div class=\"elementor-widget-wrap elementor-element-populated\">\n\t\t\t\t\t\t<div class=\"elementor-element elementor-element-e28fa6c elementor-widget elementor-widget-text-editor\" data-id=\"e28fa6c\" data-element_type=\"widget\" data-widget_type=\"text-editor.default\">\n\t\t\t\t<div class=\"elementor-widget-container\">\n\t\t\t\t\t\t\t\t\t<p>\u00a0<\/p><h3><strong style=\"color: var( --e-global-color-text ); font-family: var( --e-global-typography-text-font-family ), Sans-serif;\">Herstellung in Deutschland<\/strong><\/h3><p><span style=\"font-size: 20px;\"><strong>Eigene Meisterwerkstatt mit \u00fcber 35 Jahren Erfahrung.<\/strong><\/span><\/p><p>\u00a0<\/p><p><img decoding=\"async\" style=\"height: 80px; width: 350px;\" src=\"https:\/\/cdn03.plentymarkets.com\/mmx8yrv4qndt\/item\/images\/204\/full\/Wir-sind-Mitglied-bei-der--2-.jpg\" alt=\"\" data-cke-saved-src=\"https:\/\/cdn03.plentymarkets.com\/mmx8yrv4qndt\/item\/images\/204\/full\/Wir-sind-Mitglied-bei-der--2-.jpg\" \/><img decoding=\"async\" style=\"width: 114px; height: 70px;\" src=\"https:\/\/cdn03.plentymarkets.com\/mmx8yrv4qndt\/item\/images\/204\/full\/kaeufersiegel.png\" alt=\"\" data-cke-saved-src=\"https:\/\/cdn03.plentymarkets.com\/mmx8yrv4qndt\/item\/images\/204\/full\/kaeufersiegel.png\" \/>\u00a0<img decoding=\"async\" style=\"width: 150px; height: 84px;\" src=\"https:\/\/cdn03.plentymarkets.com\/mmx8yrv4qndt\/item\/images\/204\/full\/haendlerbund.png\" alt=\"\" data-cke-saved-src=\"https:\/\/cdn03.plentymarkets.com\/mmx8yrv4qndt\/item\/images\/204\/full\/haendlerbund.png\" \/><\/p><p>\u00a0<\/p>\t\t\t\t\t\t\t\t<\/div>\n\t\t\t\t<\/div>\n\t\t\t\t\t<\/div>\n\t\t<\/div>\n\t\t\t\t\t<\/div>\n\t\t<\/section>\n\t\t\t\t<\/div>\n\t\t","protected":false},"excerpt":{"rendered":"<p>&nbsp;<\/p>\n<p><strong><span style=\"color: #808080;\"><a style=\"color: #808080;\" href=\"https:\/\/clamaro.eu\/wp-content\/uploads\/2023\/09\/Konfirmitaetserklaerung-Bilderrahmen-mit-Unterschrift.pdf-1.pdf\" target=\"_blank\" rel=\"noopener\">Bilderrahmen Sicherheits- und Produktressource.pdf\u00a0<\/a><\/span><\/strong><\/p>\n","protected":false},"featured_media":66507,"template":"","meta":{"om_disable_all_campaigns":false},"product_brand":[],"product_cat":[4734,134,4623],"product_tag":[],"class_list":{"0":"post-54483","1":"product","2":"type-product","3":"status-publish","4":"has-post-thumbnail","6":"product_cat-classic-design-m30","7":"product_cat-bilderrahmen","8":"product_cat-fotohalter","10":"first","11":"instock","12":"taxable","13":"shipping-taxable","14":"purchasable","15":"product-type-simple"},"gallery_images":[66513,66356,66350,66362,66368],"_links":{"self":[{"href":"https:\/\/clamaro.eu\/es\/wp-json\/wp\/v2\/product\/54483","targetHints":{"allow":["GET"]}}],"collection":[{"href":"https:\/\/clamaro.eu\/es\/wp-json\/wp\/v2\/product"}],"about":[{"href":"https:\/\/clamaro.eu\/es\/wp-json\/wp\/v2\/types\/product"}],"version-history":[{"count":7,"href":"https:\/\/clamaro.eu\/es\/wp-json\/wp\/v2\/product\/54483\/revisions"}],"predecessor-version":[{"id":105423,"href":"https:\/\/clamaro.eu\/es\/wp-json\/wp\/v2\/product\/54483\/revisions\/105423"}],"wp:featuredmedia":[{"embeddable":true,"href":"https:\/\/clamaro.eu\/es\/wp-json\/wp\/v2\/media\/66507"}],"wp:attachment":[{"href":"https:\/\/clamaro.eu\/es\/wp-json\/wp\/v2\/media?parent=54483"}],"wp:term":[{"taxonomy":"product_brand","embeddable":true,"href":"https:\/\/clamaro.eu\/es\/wp-json\/wp\/v2\/product_brand?post=54483"},{"taxonomy":"product_cat","embeddable":true,"href":"https:\/\/clamaro.eu\/es\/wp-json\/wp\/v2\/product_cat?post=54483"},{"taxonomy":"product_tag","embeddable":true,"href":"https:\/\/clamaro.eu\/es\/wp-json\/wp\/v2\/product_tag?post=54483"}],"curies":[{"name":"wp","href":"https:\/\/api.w.org\/{rel}","templated":true}]}}