{"id":45877,"date":"2023-09-22T08:59:35","date_gmt":"2023-09-22T08:59:35","guid":{"rendered":"https:\/\/clamaro.eu\/product\/lila-pastel-2\/"},"modified":"2024-02-14T10:17:06","modified_gmt":"2024-02-14T10:17:06","slug":"lila-pastel-2","status":"publish","type":"product","link":"https:\/\/clamaro.eu\/es\/producto\/lila-pastel-2\/","title":{"rendered":"Lila Pastel"},"content":{"rendered":"\t\t<div data-elementor-type=\"wp-post\" data-elementor-id=\"45877\" class=\"elementor elementor-45877 elementor-34257\">\n\t\t\t\t\t\t<section class=\"elementor-section elementor-top-section elementor-element elementor-element-3375b062 elementor-section-boxed elementor-section-height-default elementor-section-height-default qodef-elementor-content-no\" data-id=\"3375b062\" data-element_type=\"section\">\n\t\t\t\t\t\t<div class=\"elementor-container elementor-column-gap-default\">\n\t\t\t\t\t<div class=\"elementor-column elementor-col-100 elementor-top-column elementor-element elementor-element-2ade6d6d\" data-id=\"2ade6d6d\" data-element_type=\"column\">\n\t\t\t<div class=\"elementor-widget-wrap elementor-element-populated\">\n\t\t\t\t\t\t<div class=\"elementor-element elementor-element-17f9e4d0 elementor-widget elementor-widget-image\" data-id=\"17f9e4d0\" data-element_type=\"widget\" data-widget_type=\"image.default\">\n\t\t\t\t<div class=\"elementor-widget-container\">\n\t\t\t\t\t\t\t\t\t\t\t\t\t\t\t<img decoding=\"async\" src=\"https:\/\/m.media-amazon.com\/images\/S\/aplus-media-library-service-media\/8a7af628-f583-4702-8d22-927f8f7f49e2.__CR0,0,600,180_PT0_SX600_V1___.png\" title=\"\" alt=\"\" loading=\"lazy\" \/>\t\t\t\t\t\t\t\t\t\t\t\t\t\t\t<\/div>\n\t\t\t\t<\/div>\n\t\t\t\t\t<\/div>\n\t\t<\/div>\n\t\t\t\t\t<\/div>\n\t\t<\/section>\n\t\t\t\t<section class=\"elementor-section elementor-top-section elementor-element elementor-element-5203ee62 elementor-section-boxed elementor-section-height-default elementor-section-height-default qodef-elementor-content-no\" data-id=\"5203ee62\" data-element_type=\"section\">\n\t\t\t\t\t\t<div class=\"elementor-container elementor-column-gap-default\">\n\t\t\t\t\t<div class=\"elementor-column elementor-col-100 elementor-top-column elementor-element elementor-element-788a7bc3\" data-id=\"788a7bc3\" data-element_type=\"column\">\n\t\t\t<div class=\"elementor-widget-wrap elementor-element-populated\">\n\t\t\t\t\t\t<div class=\"elementor-element elementor-element-61be6912 elementor-widget-divider--view-line elementor-widget elementor-widget-divider\" data-id=\"61be6912\" data-element_type=\"widget\" data-widget_type=\"divider.default\">\n\t\t\t\t<div class=\"elementor-widget-container\">\n\t\t\t\t\t\t\t<div class=\"elementor-divider\">\n\t\t\t<span class=\"elementor-divider-separator\">\n\t\t\t\t\t\t<\/span>\n\t\t<\/div>\n\t\t\t\t\t\t<\/div>\n\t\t\t\t<\/div>\n\t\t\t\t\t<\/div>\n\t\t<\/div>\n\t\t\t\t\t<\/div>\n\t\t<\/section>\n\t\t\t\t<section class=\"elementor-section elementor-top-section elementor-element elementor-element-843a682 elementor-section-boxed elementor-section-height-default elementor-section-height-default qodef-elementor-content-no\" data-id=\"843a682\" data-element_type=\"section\">\n\t\t\t\t\t\t<div class=\"elementor-container elementor-column-gap-default\">\n\t\t\t\t\t<div class=\"elementor-column elementor-col-33 elementor-top-column elementor-element elementor-element-764730c\" data-id=\"764730c\" data-element_type=\"column\">\n\t\t\t<div class=\"elementor-widget-wrap elementor-element-populated\">\n\t\t\t\t\t\t<div class=\"elementor-element elementor-element-b14fd28 elementor-widget elementor-widget-image\" data-id=\"b14fd28\" data-element_type=\"widget\" data-widget_type=\"image.default\">\n\t\t\t\t<div class=\"elementor-widget-container\">\n\t\t\t\t\t\t\t\t\t\t\t\t\t\t\t<img decoding=\"async\" src=\"https:\/\/m.media-amazon.com\/images\/S\/aplus-media-library-service-media\/bd6aee27-7aeb-4b0e-8740-9d25e527f031.__CR0,0,2000,2000_PT0_SX300_V1___.png\" title=\"\" alt=\"\" loading=\"lazy\" \/>\t\t\t\t\t\t\t\t\t\t\t\t\t\t\t<\/div>\n\t\t\t\t<\/div>\n\t\t\t\t<div class=\"elementor-element elementor-element-bbbad6f elementor-widget elementor-widget-spacer\" data-id=\"bbbad6f\" data-element_type=\"widget\" data-widget_type=\"spacer.default\">\n\t\t\t\t<div class=\"elementor-widget-container\">\n\t\t\t\t\t\t\t<div class=\"elementor-spacer\">\n\t\t\t<div class=\"elementor-spacer-inner\"><\/div>\n\t\t<\/div>\n\t\t\t\t\t\t<\/div>\n\t\t\t\t<\/div>\n\t\t\t\t<div class=\"elementor-element elementor-element-b0c4357 elementor-widget elementor-widget-text-editor\" data-id=\"b0c4357\" data-element_type=\"widget\" data-widget_type=\"text-editor.default\">\n\t\t\t\t<div class=\"elementor-widget-container\">\n\t\t\t\t\t\t\t\t\t<h4 class=\"a-spacing-mini\">\u00bfIM\u00c1GENES Y FOTOS EN PEQUE\u00d1O FORMATO EN TU M\u00d3VIL? YA NO M\u00c1S&#8230; <\/h4>\n<p>Luce tus fotos o cuadros favoritos en un bonito marco. En un abrir y cerrar de ojos, tu casa tendr\u00e1 un toque a\u00fan <span class=\"a-text-bold\">m\u00e1s personal<\/span>. <\/p>\n<p>M\u00e1s de <span class=\"a-text-bold\">400 tama\u00f1os y 7 modernos dise\u00f1os de chapa de madera<\/span><\/p>\n\t\t\t\t\t\t\t\t<\/div>\n\t\t\t\t<\/div>\n\t\t\t\t\t<\/div>\n\t\t<\/div>\n\t\t\t\t<div class=\"elementor-column elementor-col-33 elementor-top-column elementor-element elementor-element-3a5b046\" data-id=\"3a5b046\" data-element_type=\"column\">\n\t\t\t<div class=\"elementor-widget-wrap elementor-element-populated\">\n\t\t\t\t\t\t<div class=\"elementor-element elementor-element-1610973 elementor-widget elementor-widget-image\" data-id=\"1610973\" data-element_type=\"widget\" data-widget_type=\"image.default\">\n\t\t\t\t<div class=\"elementor-widget-container\">\n\t\t\t\t\t\t\t\t\t\t\t\t\t\t\t<img decoding=\"async\" src=\"https:\/\/m.media-amazon.com\/images\/S\/aplus-media-library-service-media\/91eb8584-443f-47af-9901-88ffb44c57b5.__CR0,0,2000,2000_PT0_SX300_V1___.png\" title=\"\" alt=\"\" loading=\"lazy\" \/>\t\t\t\t\t\t\t\t\t\t\t\t\t\t\t<\/div>\n\t\t\t\t<\/div>\n\t\t\t\t<div class=\"elementor-element elementor-element-090a884 elementor-widget elementor-widget-spacer\" data-id=\"090a884\" data-element_type=\"widget\" data-widget_type=\"spacer.default\">\n\t\t\t\t<div class=\"elementor-widget-container\">\n\t\t\t\t\t\t\t<div class=\"elementor-spacer\">\n\t\t\t<div class=\"elementor-spacer-inner\"><\/div>\n\t\t<\/div>\n\t\t\t\t\t\t<\/div>\n\t\t\t\t<\/div>\n\t\t\t\t<div class=\"elementor-element elementor-element-50fc909 elementor-widget elementor-widget-text-editor\" data-id=\"50fc909\" data-element_type=\"widget\" data-widget_type=\"text-editor.default\">\n\t\t\t\t<div class=\"elementor-widget-container\">\n\t\t\t\t\t\t\t\t\t<h4 class=\"a-spacing-mini\">M\u00c1XIMA CALIDAD Y PRECISI\u00d3N: HECHO A MANO Y 100% MADE IN GERMANY<\/h4>\n<p>Todos los marcos de pared Clamaro se fabrican por encargo en nuestra f\u00e1brica de marcos <span class=\"a-text-bold\">individualmente e individualmente a mano en el tama\u00f1o deseado<\/span> . Precisi\u00f3n y calidad <span class=\"a-text-bold\">100% Made in Germany<\/span> <\/p>\n\t\t\t\t\t\t\t\t<\/div>\n\t\t\t\t<\/div>\n\t\t\t\t\t<\/div>\n\t\t<\/div>\n\t\t\t\t<div class=\"elementor-column elementor-col-33 elementor-top-column elementor-element elementor-element-a93ee5e\" data-id=\"a93ee5e\" data-element_type=\"column\">\n\t\t\t<div class=\"elementor-widget-wrap elementor-element-populated\">\n\t\t\t\t\t\t<div class=\"elementor-element elementor-element-03d829f elementor-widget elementor-widget-image\" data-id=\"03d829f\" data-element_type=\"widget\" data-widget_type=\"image.default\">\n\t\t\t\t<div class=\"elementor-widget-container\">\n\t\t\t\t\t\t\t\t\t\t\t\t\t\t\t<img decoding=\"async\" src=\"https:\/\/m.media-amazon.com\/images\/S\/aplus-media-library-service-media\/a6688ee5-aaed-49cb-a791-665ea034eb2e.__CR91,91,1818,1818_PT0_SX300_V1___.png\" title=\"\" alt=\"\" loading=\"lazy\" \/>\t\t\t\t\t\t\t\t\t\t\t\t\t\t\t<\/div>\n\t\t\t\t<\/div>\n\t\t\t\t<div class=\"elementor-element elementor-element-882d344 elementor-widget elementor-widget-spacer\" data-id=\"882d344\" data-element_type=\"widget\" data-widget_type=\"spacer.default\">\n\t\t\t\t<div class=\"elementor-widget-container\">\n\t\t\t\t\t\t\t<div class=\"elementor-spacer\">\n\t\t\t<div class=\"elementor-spacer-inner\"><\/div>\n\t\t<\/div>\n\t\t\t\t\t\t<\/div>\n\t\t\t\t<\/div>\n\t\t\t\t<div class=\"elementor-element elementor-element-6af7a9c elementor-widget elementor-widget-text-editor\" data-id=\"6af7a9c\" data-element_type=\"widget\" data-widget_type=\"text-editor.default\">\n\t\t\t\t<div class=\"elementor-widget-container\">\n\t\t\t\t\t\t\t\t\t<h4 class=\"a-spacing-mini\">\u00bfEnmarcar un rompecabezas, un certificado o un cartel de cine? Aqu\u00ed est\u00e1 el tama\u00f1o adecuado para todos&#8230; <\/h4>\n<p>Nuestro&nbsp;<span class=\"a-text-bold\">Clamaro COLLAGE 30 estructura desmontable<\/span>&nbsp;Dependiendo del tama\u00f1o deseado, queda perfecto como cl\u00e1sico.&nbsp;<span class=\"a-text-bold\">Marco de fotos, marco de fotos, marco de certificado o, por ejemplo, como marco de rompecabezas 50&#215;70&nbsp;<\/span>. Tambi\u00e9n los t\u00edpicos&nbsp;<span class=\"a-text-bold\">Tama\u00f1os de fotos<\/span>&nbsp;wie z.B.&nbsp;<span class=\"a-text-bold\">10&#215;15<\/span>, tama\u00f1os cl\u00e1sicos como&nbsp;<span class=\"a-text-bold\">DIN A3, DIN A4 und DIN A5<\/span>&nbsp;o el maxi de gran formato&nbsp;<span class=\"a-text-bold\">P\u00f3ster cinematogr\u00e1fico DIN A0&nbsp;Se puede pedir el formato.<\/span><\/p>\t\t\t\t\t\t\t\t<\/div>\n\t\t\t\t<\/div>\n\t\t\t\t\t<\/div>\n\t\t<\/div>\n\t\t\t\t\t<\/div>\n\t\t<\/section>\n\t\t\t\t<section class=\"elementor-section elementor-top-section elementor-element elementor-element-906b0f8 elementor-section-boxed elementor-section-height-default elementor-section-height-default qodef-elementor-content-no\" data-id=\"906b0f8\" data-element_type=\"section\">\n\t\t\t\t\t\t<div class=\"elementor-container elementor-column-gap-default\">\n\t\t\t\t\t<div class=\"elementor-column elementor-col-25 elementor-top-column elementor-element elementor-element-69325dc\" data-id=\"69325dc\" data-element_type=\"column\">\n\t\t\t<div class=\"elementor-widget-wrap elementor-element-populated\">\n\t\t\t\t\t\t<div class=\"elementor-element elementor-element-c22e927 elementor-widget elementor-widget-image\" data-id=\"c22e927\" data-element_type=\"widget\" data-widget_type=\"image.default\">\n\t\t\t\t<div class=\"elementor-widget-container\">\n\t\t\t\t\t\t\t\t\t\t\t\t\t\t\t<img decoding=\"async\" src=\"https:\/\/m.media-amazon.com\/images\/S\/aplus-media-library-service-media\/4d17aa6c-4388-4b9f-a5ad-c05870ac800d.__CR619,1301,1333,1333_PT0_SX220_V1___.png\" title=\"\" alt=\"\" loading=\"lazy\" \/>\t\t\t\t\t\t\t\t\t\t\t\t\t\t\t<\/div>\n\t\t\t\t<\/div>\n\t\t\t\t<div class=\"elementor-element elementor-element-f22ab6b elementor-widget elementor-widget-spacer\" data-id=\"f22ab6b\" data-element_type=\"widget\" data-widget_type=\"spacer.default\">\n\t\t\t\t<div class=\"elementor-widget-container\">\n\t\t\t\t\t\t\t<div class=\"elementor-spacer\">\n\t\t\t<div class=\"elementor-spacer-inner\"><\/div>\n\t\t<\/div>\n\t\t\t\t\t\t<\/div>\n\t\t\t\t<\/div>\n\t\t\t\t<div class=\"elementor-element elementor-element-7a58449 elementor-widget elementor-widget-text-editor\" data-id=\"7a58449\" data-element_type=\"widget\" data-widget_type=\"text-editor.default\">\n\t\t\t\t<div class=\"elementor-widget-container\">\n\t\t\t\t\t\t\t\t\t<h4 class=\"a-spacing-mini\">La tira de marco \u00abCOLLAGE 30\u00bb<\/h4>\n<p class=\"a-size-small\">El carril del marco, <span class=\"a-text-bold\">de 30 mm de ancho<\/span>, est\u00e1 fabricado con madera MDF de alta calidad y <span class=\"a-text-bold\">duradera, y laminado<\/span> con un revestimiento de l\u00e1mina <span class=\"a-text-bold\">completa resistente a los ara\u00f1azos y a los rayos UV .<\/span><\/p>\n\t\t\t\t\t\t\t\t<\/div>\n\t\t\t\t<\/div>\n\t\t\t\t\t<\/div>\n\t\t<\/div>\n\t\t\t\t<div class=\"elementor-column elementor-col-25 elementor-top-column elementor-element elementor-element-8a642a0\" data-id=\"8a642a0\" data-element_type=\"column\">\n\t\t\t<div class=\"elementor-widget-wrap elementor-element-populated\">\n\t\t\t\t\t\t<div class=\"elementor-element elementor-element-b3425c8 elementor-widget elementor-widget-image\" data-id=\"b3425c8\" data-element_type=\"widget\" data-widget_type=\"image.default\">\n\t\t\t\t<div class=\"elementor-widget-container\">\n\t\t\t\t\t\t\t\t\t\t\t\t\t\t\t<img decoding=\"async\" src=\"https:\/\/m.media-amazon.com\/images\/S\/aplus-media-library-service-media\/1196917b-d844-48ff-8876-587315aebd36.__CR184,398,1333,1333_PT0_SX220_V1___.png\" title=\"\" alt=\"\" loading=\"lazy\" \/>\t\t\t\t\t\t\t\t\t\t\t\t\t\t\t<\/div>\n\t\t\t\t<\/div>\n\t\t\t\t<div class=\"elementor-element elementor-element-5eb0f8c elementor-widget elementor-widget-spacer\" data-id=\"5eb0f8c\" data-element_type=\"widget\" data-widget_type=\"spacer.default\">\n\t\t\t\t<div class=\"elementor-widget-container\">\n\t\t\t\t\t\t\t<div class=\"elementor-spacer\">\n\t\t\t<div class=\"elementor-spacer-inner\"><\/div>\n\t\t<\/div>\n\t\t\t\t\t\t<\/div>\n\t\t\t\t<\/div>\n\t\t\t\t<div class=\"elementor-element elementor-element-bc60fca elementor-widget elementor-widget-text-editor\" data-id=\"bc60fca\" data-element_type=\"widget\" data-widget_type=\"text-editor.default\">\n\t\t\t\t<div class=\"elementor-widget-container\">\n\t\t\t\t\t\t\t\t\t<h4 class=\"a-spacing-mini\">Pared trasera y colgador (formato horizontal y vertical)<\/h4>\n<p class=\"a-size-small\">Damit der <span class=\"a-text-bold\">COLLAGE 30 <\/span>Wechselrahmen auch bei gro\u00dfformatigen Rahmen nicht an Stabilit\u00e4t einb\u00fc\u00dft, statten wir jeden Rahmen mit einer rund <span class=\"a-text-bold\">2,5 mm starken R\u00fcckwand aus HDF-Holz<\/span> aus. Adem\u00e1s, cada fotograma recibe <span class=\"a-text-bold\">2 robustas perchas de metal<\/span> para montaje en pared en el <span class=\"a-text-bold\">Formato vertical u horizontal<\/span>.<\/p>\n\t\t\t\t\t\t\t\t<\/div>\n\t\t\t\t<\/div>\n\t\t\t\t\t<\/div>\n\t\t<\/div>\n\t\t\t\t<div class=\"elementor-column elementor-col-25 elementor-top-column elementor-element elementor-element-a3195c8\" data-id=\"a3195c8\" data-element_type=\"column\">\n\t\t\t<div class=\"elementor-widget-wrap elementor-element-populated\">\n\t\t\t\t\t\t<div class=\"elementor-element elementor-element-4fa7aea elementor-widget elementor-widget-image\" data-id=\"4fa7aea\" data-element_type=\"widget\" data-widget_type=\"image.default\">\n\t\t\t\t<div class=\"elementor-widget-container\">\n\t\t\t\t\t\t\t\t\t\t\t\t\t\t\t<img decoding=\"async\" src=\"https:\/\/m.media-amazon.com\/images\/S\/aplus-media-library-service-media\/f0f4f528-ad47-4cbf-88cb-818e2cdee1db.__CR1341,1162,488,488_PT0_SX220_V1___.png\" title=\"\" alt=\"\" loading=\"lazy\" \/>\t\t\t\t\t\t\t\t\t\t\t\t\t\t\t<\/div>\n\t\t\t\t<\/div>\n\t\t\t\t<div class=\"elementor-element elementor-element-bf8702a elementor-widget elementor-widget-spacer\" data-id=\"bf8702a\" data-element_type=\"widget\" data-widget_type=\"spacer.default\">\n\t\t\t\t<div class=\"elementor-widget-container\">\n\t\t\t\t\t\t\t<div class=\"elementor-spacer\">\n\t\t\t<div class=\"elementor-spacer-inner\"><\/div>\n\t\t<\/div>\n\t\t\t\t\t\t<\/div>\n\t\t\t\t<\/div>\n\t\t\t\t<div class=\"elementor-element elementor-element-20097da elementor-widget elementor-widget-text-editor\" data-id=\"20097da\" data-element_type=\"widget\" data-widget_type=\"text-editor.default\">\n\t\t\t\t<div class=\"elementor-widget-container\">\n\t\t\t\t\t\t\t\t\t<h4 class=\"a-spacing-mini\">PASADORES MET\u00c1LICOS DE FLEXI\u00d3N &#8211; SIN DESLIZAMIENTO<\/h4>\n<p class=\"a-size-small\">Damit nichts verrutscht, sind an der R\u00fcckseite der Rahmenleiste <span class=\"a-text-bold\">starke Metallbiegestifte in ausreichender Menge angebracht.<\/span> Die Biegestifte halten und pressen Rahmen, Bild, Acrylglas und R\u00fcckwand fest zusammen. Die lassen sich einfach mit kr\u00e4ftigen Fingern\u00e4geln oder alternativ mit z.B. einem d\u00fcnnen Schlitz-Schraubendreher verbiegen.  <\/p>\n\t\t\t\t\t\t\t\t<\/div>\n\t\t\t\t<\/div>\n\t\t\t\t\t<\/div>\n\t\t<\/div>\n\t\t\t\t<div class=\"elementor-column elementor-col-25 elementor-top-column elementor-element elementor-element-ae2a026\" data-id=\"ae2a026\" data-element_type=\"column\">\n\t\t\t<div class=\"elementor-widget-wrap elementor-element-populated\">\n\t\t\t\t\t\t<div class=\"elementor-element elementor-element-9d720f7 elementor-widget elementor-widget-image\" data-id=\"9d720f7\" data-element_type=\"widget\" data-widget_type=\"image.default\">\n\t\t\t\t<div class=\"elementor-widget-container\">\n\t\t\t\t\t\t\t\t\t\t\t\t\t\t\t<img decoding=\"async\" src=\"https:\/\/m.media-amazon.com\/images\/S\/aplus-media-library-service-media\/ae728e20-2793-4470-ba1a-6ba87b6baa70.__CR501,1229,571,571_PT0_SX220_V1___.png\" title=\"\" alt=\"\" loading=\"lazy\" \/>\t\t\t\t\t\t\t\t\t\t\t\t\t\t\t<\/div>\n\t\t\t\t<\/div>\n\t\t\t\t<div class=\"elementor-element elementor-element-dc66634 elementor-widget elementor-widget-spacer\" data-id=\"dc66634\" data-element_type=\"widget\" data-widget_type=\"spacer.default\">\n\t\t\t\t<div class=\"elementor-widget-container\">\n\t\t\t\t\t\t\t<div class=\"elementor-spacer\">\n\t\t\t<div class=\"elementor-spacer-inner\"><\/div>\n\t\t<\/div>\n\t\t\t\t\t\t<\/div>\n\t\t\t\t<\/div>\n\t\t\t\t<div class=\"elementor-element elementor-element-abc77fd elementor-widget elementor-widget-text-editor\" data-id=\"abc77fd\" data-element_type=\"widget\" data-widget_type=\"text-editor.default\">\n\t\t\t\t<div class=\"elementor-widget-container\">\n\t\t\t\t\t\t\t\t\t<h4 class=\"a-spacing-mini\">Cristal acr\u00edlico en lugar del fr\u00e1gil cristal aut\u00e9ntico<\/h4>\n<p class=\"a-size-small\">No utilizamos vidrio real pesado y f\u00e1cil de romper. Nuestros marcos est\u00e1n acabados con un <span class=\"a-text-bold\">cristal sint\u00e9tico de gran transparencia<\/span> equipado. Esto hace que el marco <span class=\"a-text-bold\">COLLAGE 30<\/span> sea <span class=\"a-text-bold\">mucho m\u00e1s ligero que los<\/span> marcos de <span class=\"a-text-bold\">cristal y, sobre todo, mucho m\u00e1s econ\u00f3mico y seguro de transportar.<\/span><\/p>\n\t\t\t\t\t\t\t\t<\/div>\n\t\t\t\t<\/div>\n\t\t\t\t\t<\/div>\n\t\t<\/div>\n\t\t\t\t\t<\/div>\n\t\t<\/section>\n\t\t\t\t<section class=\"elementor-section elementor-top-section elementor-element elementor-element-9e8513f elementor-section-boxed elementor-section-height-default elementor-section-height-default qodef-elementor-content-no\" data-id=\"9e8513f\" data-element_type=\"section\">\n\t\t\t\t\t\t<div class=\"elementor-container elementor-column-gap-default\">\n\t\t\t\t\t<div class=\"elementor-column elementor-col-50 elementor-top-column elementor-element elementor-element-5c25395\" data-id=\"5c25395\" data-element_type=\"column\">\n\t\t\t<div class=\"elementor-widget-wrap elementor-element-populated\">\n\t\t\t\t\t\t<div class=\"elementor-element elementor-element-f659c06 elementor-widget elementor-widget-image\" data-id=\"f659c06\" data-element_type=\"widget\" data-widget_type=\"image.default\">\n\t\t\t\t<div class=\"elementor-widget-container\">\n\t\t\t\t\t\t\t\t\t\t\t\t\t\t\t<img fetchpriority=\"high\" decoding=\"async\" width=\"480\" height=\"295\" src=\"https:\/\/clamaro.eu\/wp-content\/uploads\/2023\/09\/Bildschirmfoto-2023-09-22-um-11.42.29.png\" class=\"attachment-large size-large wp-image-34389\" alt=\"\" srcset=\"https:\/\/clamaro.eu\/wp-content\/uploads\/2023\/09\/Bildschirmfoto-2023-09-22-um-11.42.29.png 480w, https:\/\/clamaro.eu\/wp-content\/uploads\/2023\/09\/Bildschirmfoto-2023-09-22-um-11.42.29-300x184.png 300w\" sizes=\"(max-width: 480px) 100vw, 480px\" \/>\t\t\t\t\t\t\t\t\t\t\t\t\t\t\t<\/div>\n\t\t\t\t<\/div>\n\t\t\t\t\t<\/div>\n\t\t<\/div>\n\t\t\t\t<div class=\"elementor-column elementor-col-50 elementor-top-column elementor-element elementor-element-c96f14c\" data-id=\"c96f14c\" data-element_type=\"column\">\n\t\t\t<div class=\"elementor-widget-wrap elementor-element-populated\">\n\t\t\t\t\t\t<div class=\"elementor-element elementor-element-90305b5 elementor-widget elementor-widget-text-editor\" data-id=\"90305b5\" data-element_type=\"widget\" data-widget_type=\"text-editor.default\">\n\t\t\t\t<div class=\"elementor-widget-container\">\n\t\t\t\t\t\t\t\t\t<h3 class=\"a-spacing-mini\">El ra\u00edl del bastidor en detalle<\/h3>\n<p>La moderna moldura angular tiene un dise\u00f1o actual y cl\u00e1sico a la vez. El <span class=\"a-text-bold\">list\u00f3n de marco Clamaro COLLAGE 30<\/span> tiene <span class=\"a-text-bold\">30 mm de ancho y 16 mm<\/span> de profundidad. Hecho de <span class=\"a-text-bold\">Madera MDF<\/span> y con un <span class=\"a-text-bold\">L\u00e1mina decorativa resistente a los ara\u00f1azos y a los rayos UV<\/span> laminiert. Otra caracter\u00edstica especial de nuestra pel\u00edcula <span class=\"a-text-bold\">decorativa<\/span> es el recubrimiento completo de la tira del marco. Esto asegura una impresi\u00f3n general uniforme y la l\u00e1mina no se despega, como es el caso de las tiras de marco parcialmente recubiertas. <\/p>\n\t\t\t\t\t\t\t\t<\/div>\n\t\t\t\t<\/div>\n\t\t\t\t\t<\/div>\n\t\t<\/div>\n\t\t\t\t\t<\/div>\n\t\t<\/section>\n\t\t\t\t<section class=\"elementor-section elementor-top-section elementor-element elementor-element-71aef38 elementor-section-boxed elementor-section-height-default elementor-section-height-default qodef-elementor-content-no\" data-id=\"71aef38\" data-element_type=\"section\">\n\t\t\t\t\t\t<div class=\"elementor-container elementor-column-gap-default\">\n\t\t\t\t\t<div class=\"elementor-column elementor-col-100 elementor-top-column elementor-element elementor-element-744d97e\" data-id=\"744d97e\" data-element_type=\"column\">\n\t\t\t<div class=\"elementor-widget-wrap elementor-element-populated\">\n\t\t\t\t\t\t<div class=\"elementor-element elementor-element-a932895 elementor-widget elementor-widget-text-editor\" data-id=\"a932895\" data-element_type=\"widget\" data-widget_type=\"text-editor.default\">\n\t\t\t\t<div class=\"elementor-widget-container\">\n\t\t\t\t\t\t\t\t\t<p><span class=\"a-text-bold\">Todos los detalles del producto de un vistazo:<\/span><\/p>\n<p><span class=\"a-text-bold\">Bar:<\/span><\/p>\n<\/p>\n<ul class=\"a-unordered-list a-vertical\">\n<li><span class=\"a-list-item\">List\u00f3n de madera MDF procedente de silvicultura sostenible y de producci\u00f3n justa de la UE.<\/span><\/li>\n<li><span class=\"a-list-item\">Revestimiento de l\u00e1minas: totalmente revestido, robusto, duradero, resistente a los ara\u00f1azos y a los rayos UV.<\/span><\/li>\n<li><span class=\"a-list-item\">Ingletes sin juntas y de alta precisi\u00f3n sin huecos gracias a nuestra maquinaria de \u00faltima generaci\u00f3n.<\/span><\/li>\n<\/ul>\n<p><span class=\"a-text-bold\">Disco:<\/span><\/p>\n<\/p>\n<ul class=\"a-unordered-list a-vertical\">\n<li><span class=\"a-list-item\">Equipado con un cristal acr\u00edlico casi irrompible de 0,5-2 mm de grosor, seg\u00fan el tama\u00f1o del marco.<\/span><\/li>\n<li><span class=\"a-list-item\">Transmisi\u00f3n del color clara y aut\u00e9ntica: transmisi\u00f3n de la luz equivalente a la de un cristal aut\u00e9ntico.<\/span><\/li>\n<li><span class=\"a-list-item\">No utilizamos cristales reales delicados, dif\u00edciles de transportar y f\u00e1ciles de romper.<\/span><\/li>\n<\/ul>\n<p><span class=\"a-text-bold\">Pared trasera:<\/span><\/p>\n<\/p>\n<ul class=\"a-unordered-list a-vertical\">\n<li><span class=\"a-list-item\">2 robustos clips de sujeci\u00f3n met\u00e1licos para fijaci\u00f3n horizontal (formato apaisado) o vertical (formato retrato).<\/span><\/li>\n<li><span class=\"a-list-item\">Recept\u00e1culo en los clips de sujeci\u00f3n para una alineaci\u00f3n lo m\u00e1s r\u00e1pida y sencilla posible.<\/span><\/li>\n<li><span class=\"a-list-item\">Panel de madera MDF de 2,5 mm de grosor como pared trasera estabilizadora y de apoyo.<\/span><\/li>\n<li><span class=\"a-list-item\">Fuertes pasadores de metal para doblar para presionar firmemente el marco contra el panel y el tablero de MDF. Adem\u00e1s, las im\u00e1genes se pueden intercambiar r\u00e1pidamente y sin herramientas. <\/span><\/li>\n<\/ul>\n<p><span class=\"a-text-bold\">ANTES DE ORDENAR:<\/span> Todos los marcos tendr\u00e1n una parte de la imagen superpuesta (aprox. 5-6 mm) en todos los lados. Por ejemplo, un cuadro de 50&#215;70 cm tambi\u00e9n requiere un marco de 50&#215;70 cm. <\/p>\n<p><span class=\"a-text-bold\">NOTA IMPORTANTE SOBRE NUESTRAS FOTOS:<\/span> El color de las im\u00e1genes de los productos que utilizamos puede variar ligeramente debido a los ajustes de color y brillo de su pantalla.<\/p>\n\t\t\t\t\t\t\t\t<\/div>\n\t\t\t\t<\/div>\n\t\t\t\t\t<\/div>\n\t\t<\/div>\n\t\t\t\t\t<\/div>\n\t\t<\/section>\n\t\t\t\t<\/div>\n\t\t","protected":false},"excerpt":{"rendered":"<p>\u00bfIM\u00c1GENES Y FOTOS EN PEQUE\u00d1O FORMATO EN TU M\u00d3VIL? YA NO M\u00c1S&#8230; Luce tus fotos o cuadros favoritos en un bonito marco. En un abrir y cerrar de ojos, tu casa tendr\u00e1 un toque a\u00fan m\u00e1s personal. M\u00e1s de 400 tama\u00f1os y 7 modernos dise\u00f1os de chapa de madera M\u00c1XIMA CALIDAD Y PRECISI\u00d3N: HECHO A [&hellip;]<\/p>\n","protected":false},"featured_media":41804,"template":"","meta":{"om_disable_all_campaigns":false},"product_brand":[],"product_cat":[4350,4364],"product_tag":[],"class_list":{"0":"post-45877","1":"product","2":"type-product","3":"status-publish","4":"has-post-thumbnail","6":"product_cat-marco","7":"product_cat-diseno-clasico","9":"first","10":"instock","11":"taxable","12":"shipping-taxable","13":"purchasable","14":"product-type-simple"},"gallery_images":[34300,70597,66792,34312,34306,34318,33553,33547],"_links":{"self":[{"href":"https:\/\/clamaro.eu\/es\/wp-json\/wp\/v2\/product\/45877","targetHints":{"allow":["GET"]}}],"collection":[{"href":"https:\/\/clamaro.eu\/es\/wp-json\/wp\/v2\/product"}],"about":[{"href":"https:\/\/clamaro.eu\/es\/wp-json\/wp\/v2\/types\/product"}],"version-history":[{"count":2,"href":"https:\/\/clamaro.eu\/es\/wp-json\/wp\/v2\/product\/45877\/revisions"}],"predecessor-version":[{"id":49981,"href":"https:\/\/clamaro.eu\/es\/wp-json\/wp\/v2\/product\/45877\/revisions\/49981"}],"wp:featuredmedia":[{"embeddable":true,"href":"https:\/\/clamaro.eu\/es\/wp-json\/wp\/v2\/media\/41804"}],"wp:attachment":[{"href":"https:\/\/clamaro.eu\/es\/wp-json\/wp\/v2\/media?parent=45877"}],"wp:term":[{"taxonomy":"product_brand","embeddable":true,"href":"https:\/\/clamaro.eu\/es\/wp-json\/wp\/v2\/product_brand?post=45877"},{"taxonomy":"product_cat","embeddable":true,"href":"https:\/\/clamaro.eu\/es\/wp-json\/wp\/v2\/product_cat?post=45877"},{"taxonomy":"product_tag","embeddable":true,"href":"https:\/\/clamaro.eu\/es\/wp-json\/wp\/v2\/product_tag?post=45877"}],"curies":[{"name":"wp","href":"https:\/\/api.w.org\/{rel}","templated":true}]}}