{"id":45859,"date":"2023-11-10T11:46:20","date_gmt":"2023-11-10T11:46:20","guid":{"rendered":"https:\/\/clamaro.eu\/product\/espejo-artur\/"},"modified":"2024-02-19T12:40:11","modified_gmt":"2024-02-19T12:40:11","slug":"espejo-artur","status":"publish","type":"product","link":"https:\/\/clamaro.eu\/es\/producto\/espejo-artur\/","title":{"rendered":"Espejo ARTUR"},"content":{"rendered":"\t\t<div data-elementor-type=\"wp-post\" data-elementor-id=\"45859\" class=\"elementor elementor-45859\">\n\t\t\t\t\t\t<section class=\"elementor-section elementor-top-section elementor-element elementor-element-3375b062 elementor-section-boxed elementor-section-height-default elementor-section-height-default qodef-elementor-content-no\" data-id=\"3375b062\" data-element_type=\"section\">\n\t\t\t\t\t\t<div class=\"elementor-container elementor-column-gap-default\">\n\t\t\t\t\t<div class=\"elementor-column elementor-col-100 elementor-top-column elementor-element elementor-element-2ade6d6d\" data-id=\"2ade6d6d\" data-element_type=\"column\">\n\t\t\t<div class=\"elementor-widget-wrap elementor-element-populated\">\n\t\t\t\t\t\t<div class=\"elementor-element elementor-element-17f9e4d0 elementor-widget elementor-widget-image\" data-id=\"17f9e4d0\" data-element_type=\"widget\" data-widget_type=\"image.default\">\n\t\t\t\t<div class=\"elementor-widget-container\">\n\t\t\t\t\t\t\t\t\t\t\t\t\t\t\t<img decoding=\"async\" src=\"https:\/\/m.media-amazon.com\/images\/S\/aplus-media-library-service-media\/8a7af628-f583-4702-8d22-927f8f7f49e2.__CR0,0,600,180_PT0_SX600_V1___.png\" title=\"\" alt=\"\" loading=\"lazy\" \/>\t\t\t\t\t\t\t\t\t\t\t\t\t\t\t<\/div>\n\t\t\t\t<\/div>\n\t\t\t\t\t<\/div>\n\t\t<\/div>\n\t\t\t\t\t<\/div>\n\t\t<\/section>\n\t\t\t\t<section class=\"elementor-section elementor-top-section elementor-element elementor-element-5dc6166 elementor-section-boxed elementor-section-height-default elementor-section-height-default qodef-elementor-content-no\" data-id=\"5dc6166\" data-element_type=\"section\">\n\t\t\t\t\t\t<div class=\"elementor-container elementor-column-gap-default\">\n\t\t\t\t\t<div class=\"elementor-column elementor-col-100 elementor-top-column elementor-element elementor-element-ade8803\" data-id=\"ade8803\" data-element_type=\"column\">\n\t\t\t<div class=\"elementor-widget-wrap elementor-element-populated\">\n\t\t\t\t\t\t<div class=\"elementor-element elementor-element-bd7324c elementor-widget elementor-widget-text-editor\" data-id=\"bd7324c\" data-element_type=\"widget\" data-widget_type=\"text-editor.default\">\n\t\t\t\t<div class=\"elementor-widget-container\">\n\t\t\t\t\t\t\t\t\t<h3><span class=\"a-text-bold\">Espejo barroco Clamaro Artur de madera maciza de abeto &#8211; hecho a mano y 100% fabricado en Alemania<\/span><\/h3>\n<p>Un espejo en el <span class=\"a-text-bold\">dise\u00f1o atemporal<\/span>, pedidos en casi <span class=\"a-text-bold\">todas las dimensiones comunes<\/span> y tambi\u00e9n puede <span class=\"a-text-bold\">transversal o longitudinalmente a la pared<\/span> ser colgado&#8230;. <span class=\"a-text-bold\">Un reclamo eficaz garantizado.<\/span><\/p>\n<p>Con un espejo de pared <span class=\"a-text-bold\">ampl\u00ede visualmente sus estancias<\/span> y al mismo tiempo un espejo puede hacer que tu casa parezca m\u00e1s luminosa y aireada. Por supuesto, un espejo tambi\u00e9n es y debe contribuir a la decoraci\u00f3n y revelar de un vistazo si el conjunto queda bien o el peinado es el adecuado.<\/p>\n<p>Dependiendo de su tama\u00f1o, los espejos Clamaro pueden utilizarse como <span class=\"a-text-bold\">Espejo de ba\u00f1o o de sal\u00f3n<\/span> uso, como <span class=\"a-text-bold\">Espejo de pasillo <\/span>o<span class=\"a-text-bold\">Espejo de suelo <\/span>resp. <span class=\"a-text-bold\">Espejo de armario<\/span>, naturalmente tambi\u00e9n como <span class=\"a-text-bold\">Espejo de dormitorio <\/span>en forma de<span class=\"a-text-bold\">Espejo de cuerpo entero <\/span>resp. <span class=\"a-text-bold\">Espejo vestidor <\/span>o simplemente como decoraci\u00f3n <span class=\"a-text-bold\">Espejo de pie<\/span>.<\/p>\n<p>No importa el uso que le des a tu nuevo <span class=\"a-text-bold\">Espejo Clamaro<\/span> Gracias a los numerosos tama\u00f1os, seguro que tambi\u00e9n hay un espejo en su <span class=\"a-text-bold\">Tama\u00f1o deseado <\/span>con \u00e9l.<\/p>\n\t\t\t\t\t\t\t\t<\/div>\n\t\t\t\t<\/div>\n\t\t\t\t\t<\/div>\n\t\t<\/div>\n\t\t\t\t\t<\/div>\n\t\t<\/section>\n\t\t\t\t<section class=\"elementor-section elementor-top-section elementor-element elementor-element-5203ee62 elementor-section-boxed elementor-section-height-default elementor-section-height-default qodef-elementor-content-no\" data-id=\"5203ee62\" data-element_type=\"section\">\n\t\t\t\t\t\t<div class=\"elementor-container elementor-column-gap-default\">\n\t\t\t\t\t<div class=\"elementor-column elementor-col-100 elementor-top-column elementor-element elementor-element-788a7bc3\" data-id=\"788a7bc3\" data-element_type=\"column\">\n\t\t\t<div class=\"elementor-widget-wrap elementor-element-populated\">\n\t\t\t\t\t\t<div class=\"elementor-element elementor-element-61be6912 elementor-widget-divider--view-line elementor-widget elementor-widget-divider\" data-id=\"61be6912\" data-element_type=\"widget\" data-widget_type=\"divider.default\">\n\t\t\t\t<div class=\"elementor-widget-container\">\n\t\t\t\t\t\t\t<div class=\"elementor-divider\">\n\t\t\t<span class=\"elementor-divider-separator\">\n\t\t\t\t\t\t<\/span>\n\t\t<\/div>\n\t\t\t\t\t\t<\/div>\n\t\t\t\t<\/div>\n\t\t\t\t\t<\/div>\n\t\t<\/div>\n\t\t\t\t\t<\/div>\n\t\t<\/section>\n\t\t\t\t<section class=\"elementor-section elementor-top-section elementor-element elementor-element-254f1d32 elementor-section-boxed elementor-section-height-default elementor-section-height-default qodef-elementor-content-no\" data-id=\"254f1d32\" data-element_type=\"section\">\n\t\t\t\t\t\t<div class=\"elementor-container elementor-column-gap-default\">\n\t\t\t\t\t<div class=\"elementor-column elementor-col-33 elementor-top-column elementor-element elementor-element-54cd401e\" data-id=\"54cd401e\" data-element_type=\"column\">\n\t\t\t<div class=\"elementor-widget-wrap elementor-element-populated\">\n\t\t\t\t\t\t<div class=\"elementor-element elementor-element-63506157 elementor-widget elementor-widget-image\" data-id=\"63506157\" data-element_type=\"widget\" data-widget_type=\"image.default\">\n\t\t\t\t<div class=\"elementor-widget-container\">\n\t\t\t\t\t\t\t\t\t\t\t\t\t\t\t<img decoding=\"async\" src=\"https:\/\/m.media-amazon.com\/images\/I\/612RWGEAzkL._AC_SL1500_.jpg\" title=\"\" alt=\"\" loading=\"lazy\" \/>\t\t\t\t\t\t\t\t\t\t\t\t\t\t\t<\/div>\n\t\t\t\t<\/div>\n\t\t\t\t<div class=\"elementor-element elementor-element-1b7d745 elementor-widget elementor-widget-spacer\" data-id=\"1b7d745\" data-element_type=\"widget\" data-widget_type=\"spacer.default\">\n\t\t\t\t<div class=\"elementor-widget-container\">\n\t\t\t\t\t\t\t<div class=\"elementor-spacer\">\n\t\t\t<div class=\"elementor-spacer-inner\"><\/div>\n\t\t<\/div>\n\t\t\t\t\t\t<\/div>\n\t\t\t\t<\/div>\n\t\t\t\t<div class=\"elementor-element elementor-element-7ab72096 elementor-widget elementor-widget-text-editor\" data-id=\"7ab72096\" data-element_type=\"widget\" data-widget_type=\"text-editor.default\">\n\t\t\t\t<div class=\"elementor-widget-container\">\n\t\t\t\t\t\t\t\t\t<h4 class=\"a-spacing-mini\">El marco del espejo en detalle<\/h4>\n<p>En <span class=\"a-text-bold\">bar cl\u00e1sico<\/span> El dise\u00f1o es actual pero <span class=\"a-text-bold\">cl\u00e1sico atemporal<\/span>. Hecho de <span class=\"a-text-bold\">Madera maciza<\/span> Abeto y con un <span class=\"a-text-bold\">L\u00e1mina decorativa resistente a los ara\u00f1azos y a los rayos UV<\/span> laminado.<\/p>\n<p>Otra caracter\u00edstica especial de nuestra l\u00e1mina decorativa es el <span class=\"a-text-bold\">Revestimiento completo (sin respaldo) <\/span>la barandilla del marco de madera. Esto garantiza una impresi\u00f3n general sin fisuras y la pel\u00edcula no se descascarilla, como ocurre con las molduras de marco parcialmente envueltas.<\/p>\n\t\t\t\t\t\t\t\t<\/div>\n\t\t\t\t<\/div>\n\t\t\t\t\t<\/div>\n\t\t<\/div>\n\t\t\t\t<div class=\"elementor-column elementor-col-33 elementor-top-column elementor-element elementor-element-78f0fb1c\" data-id=\"78f0fb1c\" data-element_type=\"column\">\n\t\t\t<div class=\"elementor-widget-wrap elementor-element-populated\">\n\t\t\t\t\t\t<div class=\"elementor-element elementor-element-46aa2d63 elementor-widget elementor-widget-image\" data-id=\"46aa2d63\" data-element_type=\"widget\" data-widget_type=\"image.default\">\n\t\t\t\t<div class=\"elementor-widget-container\">\n\t\t\t\t\t\t\t\t\t\t\t\t\t\t\t<img decoding=\"async\" src=\"https:\/\/m.media-amazon.com\/images\/S\/aplus-media-library-service-media\/12faf656-846b-4ab7-8d5e-2f90bc984b17.__CR129,235,1667,1667_PT0_SX300_V1___.png\" title=\"\" alt=\"\" loading=\"lazy\" \/>\t\t\t\t\t\t\t\t\t\t\t\t\t\t\t<\/div>\n\t\t\t\t<\/div>\n\t\t\t\t<div class=\"elementor-element elementor-element-5ed67fad elementor-widget elementor-widget-spacer\" data-id=\"5ed67fad\" data-element_type=\"widget\" data-widget_type=\"spacer.default\">\n\t\t\t\t<div class=\"elementor-widget-container\">\n\t\t\t\t\t\t\t<div class=\"elementor-spacer\">\n\t\t\t<div class=\"elementor-spacer-inner\"><\/div>\n\t\t<\/div>\n\t\t\t\t\t\t<\/div>\n\t\t\t\t<\/div>\n\t\t\t\t<div class=\"elementor-element elementor-element-7522d48d elementor-widget elementor-widget-text-editor\" data-id=\"7522d48d\" data-element_type=\"widget\" data-widget_type=\"text-editor.default\">\n\t\t\t\t<div class=\"elementor-widget-container\">\n\t\t\t\t\t\t\t\t\t<h4 class=\"a-spacing-mini\">Cristal de espejo y panel trasero<\/h4>\n<p>El espejo de pared Clamaro se suministra con un C<span class=\"a-text-bold\">ristal de espejo equipado.<\/span> Se trata de un cristal normal con una capa reflectante de metal.<\/p>\n<p>Para lograr la <span class=\"a-text-bold\">estabilidad<\/span> necesaria incluso con formatos de marco de espejo m\u00e1s grandes, el cristal del espejo se Panel trasero <span class=\"a-text-bold\">de madera HDF encolada.<\/span> Esto proporciona la Mayor <span class=\"a-text-bold\">estabilidad y durabilidad.<\/span><\/p>\n\t\t\t\t\t\t\t\t<\/div>\n\t\t\t\t<\/div>\n\t\t\t\t\t<\/div>\n\t\t<\/div>\n\t\t\t\t<div class=\"elementor-column elementor-col-33 elementor-top-column elementor-element elementor-element-5a9db234\" data-id=\"5a9db234\" data-element_type=\"column\">\n\t\t\t<div class=\"elementor-widget-wrap elementor-element-populated\">\n\t\t\t\t\t\t<div class=\"elementor-element elementor-element-14c2f7ca elementor-widget elementor-widget-image\" data-id=\"14c2f7ca\" data-element_type=\"widget\" data-widget_type=\"image.default\">\n\t\t\t\t<div class=\"elementor-widget-container\">\n\t\t\t\t\t\t\t\t\t\t\t\t\t\t\t<img decoding=\"async\" src=\"https:\/\/m.media-amazon.com\/images\/S\/aplus-media-library-service-media\/b9fe052d-8405-49e0-8e95-97b57307d72f.__CR437,105,1212,1212_PT0_SX300_V1___.jpg\" title=\"\" alt=\"\" loading=\"lazy\" \/>\t\t\t\t\t\t\t\t\t\t\t\t\t\t\t<\/div>\n\t\t\t\t<\/div>\n\t\t\t\t<div class=\"elementor-element elementor-element-68d00744 elementor-widget elementor-widget-spacer\" data-id=\"68d00744\" data-element_type=\"widget\" data-widget_type=\"spacer.default\">\n\t\t\t\t<div class=\"elementor-widget-container\">\n\t\t\t\t\t\t\t<div class=\"elementor-spacer\">\n\t\t\t<div class=\"elementor-spacer-inner\"><\/div>\n\t\t<\/div>\n\t\t\t\t\t\t<\/div>\n\t\t\t\t<\/div>\n\t\t\t\t<div class=\"elementor-element elementor-element-b220f27 elementor-widget elementor-widget-text-editor\" data-id=\"b220f27\" data-element_type=\"widget\" data-widget_type=\"text-editor.default\">\n\t\t\t\t<div class=\"elementor-widget-container\">\n\t\t\t\t\t\t\t\t\t<h4 class=\"a-spacing-mini\">Horizontal o verticalmente en la pared o como espejo de pie<\/h4>\n<p><span class=\"a-text-bold\">Ya sea como espejo de pared o de pie&#8230;<\/span><\/p>\n<p>Clamaro equipa todos sus retrovisores con <span class=\"a-text-bold\">Soportes met\u00e1licos resistentes <\/span>en off.<\/p>\n<p>Los soportes <span class=\"a-text-bold\">necesarios para ello se suministran y usted s\u00f3lo tiene que atornillarlos brevemente al marco.<\/span><\/p>\n\t\t\t\t\t\t\t\t<\/div>\n\t\t\t\t<\/div>\n\t\t\t\t\t<\/div>\n\t\t<\/div>\n\t\t\t\t\t<\/div>\n\t\t<\/section>\n\t\t\t\t<section class=\"elementor-section elementor-top-section elementor-element elementor-element-14987d5d elementor-section-boxed elementor-section-height-default elementor-section-height-default qodef-elementor-content-no\" data-id=\"14987d5d\" data-element_type=\"section\">\n\t\t\t\t\t\t<div class=\"elementor-container elementor-column-gap-default\">\n\t\t\t\t\t<div class=\"elementor-column elementor-col-50 elementor-top-column elementor-element elementor-element-61f6c142\" data-id=\"61f6c142\" data-element_type=\"column\">\n\t\t\t<div class=\"elementor-widget-wrap elementor-element-populated\">\n\t\t\t\t\t\t<div class=\"elementor-element elementor-element-68cb69cf elementor-widget elementor-widget-image\" data-id=\"68cb69cf\" data-element_type=\"widget\" data-widget_type=\"image.default\">\n\t\t\t\t<div class=\"elementor-widget-container\">\n\t\t\t\t\t\t\t\t\t\t\t\t\t\t\t<img decoding=\"async\" src=\"https:\/\/m.media-amazon.com\/images\/S\/aplus-media-library-service-media\/91eb8584-443f-47af-9901-88ffb44c57b5.__CR0,0,2000,2000_PT0_SX300_V1___.png\" title=\"\" alt=\"\" loading=\"lazy\" \/>\t\t\t\t\t\t\t\t\t\t\t\t\t\t\t<\/div>\n\t\t\t\t<\/div>\n\t\t\t\t\t<\/div>\n\t\t<\/div>\n\t\t\t\t<div class=\"elementor-column elementor-col-50 elementor-top-column elementor-element elementor-element-21128189\" data-id=\"21128189\" data-element_type=\"column\">\n\t\t\t<div class=\"elementor-widget-wrap elementor-element-populated\">\n\t\t\t\t\t\t<div class=\"elementor-element elementor-element-7720ed53 elementor-widget elementor-widget-text-editor\" data-id=\"7720ed53\" data-element_type=\"widget\" data-widget_type=\"text-editor.default\">\n\t\t\t\t<div class=\"elementor-widget-container\">\n\t\t\t\t\t\t\t\t\t<h3 class=\"a-spacing-mini\">M\u00e1xima calidad y precisi\u00f3n: hecho a mano y 100% Made in Germany<\/h3>\n<p>Todos <span class=\"a-text-bold\">Espejo Clamaro <\/span>se fabrican por encargo en nuestra manufactura de marcos, individualmente y a mano, en el tama\u00f1o que usted desee.<span class=\"a-text-bold\"> Precisi\u00f3n y calidad 100% Made in Germany<\/span><\/p>\n<p><span class=\"a-text-bold\">NOTA IMPORTANTE SOBRE NUESTRAS FOTOS:<\/span> El color de las im\u00e1genes de los productos que utilizamos puede variar ligeramente debido a los ajustes de color y brillo de su pantalla.<\/p>\n\t\t\t\t\t\t\t\t<\/div>\n\t\t\t\t<\/div>\n\t\t\t\t\t<\/div>\n\t\t<\/div>\n\t\t\t\t\t<\/div>\n\t\t<\/section>\n\t\t\t\t<section class=\"elementor-section elementor-top-section elementor-element elementor-element-66dfc01 elementor-section-boxed elementor-section-height-default elementor-section-height-default qodef-elementor-content-no\" data-id=\"66dfc01\" data-element_type=\"section\">\n\t\t\t\t\t\t<div class=\"elementor-container elementor-column-gap-default\">\n\t\t\t\t\t<div class=\"elementor-column elementor-col-100 elementor-top-column elementor-element elementor-element-be81eb1\" data-id=\"be81eb1\" data-element_type=\"column\">\n\t\t\t<div class=\"elementor-widget-wrap elementor-element-populated\">\n\t\t\t\t\t\t<div class=\"elementor-element elementor-element-da99ab0 elementor-widget elementor-widget-text-editor\" data-id=\"da99ab0\" data-element_type=\"widget\" data-widget_type=\"text-editor.default\">\n\t\t\t\t<div class=\"elementor-widget-container\">\n\t\t\t\t\t\t\t\t\t<\/p>\n<h3><strong style=\"color: var( --e-global-color-text ); font-family: var( --e-global-typography-text-font-family ), Sans-serif;\">Fabricado en Alemania<\/strong><\/h3>\n<p><span style=\"font-size: 20px;\"><strong>Taller propio con m\u00e1s de 35 a\u00f1os de experiencia.<\/strong><\/span><\/p>\n<\/p>\n<p><img decoding=\"async\" style=\"height: 80px; width: 350px;\" src=\"https:\/\/cdn03.plentymarkets.com\/mmx8yrv4qndt\/item\/images\/204\/full\/Wir-sind-Mitglied-bei-der--2-.jpg\" alt=\"\" data-cke-saved-src=\"https:\/\/cdn03.plentymarkets.com\/mmx8yrv4qndt\/item\/images\/204\/full\/Wir-sind-Mitglied-bei-der--2-.jpg\"><img decoding=\"async\" style=\"width: 114px; height: 70px;\" src=\"https:\/\/cdn03.plentymarkets.com\/mmx8yrv4qndt\/item\/images\/204\/full\/kaeufersiegel.png\" alt=\"\" data-cke-saved-src=\"https:\/\/cdn03.plentymarkets.com\/mmx8yrv4qndt\/item\/images\/204\/full\/kaeufersiegel.png\"> <img decoding=\"async\" style=\"width: 150px; height: 84px;\" src=\"https:\/\/cdn03.plentymarkets.com\/mmx8yrv4qndt\/item\/images\/204\/full\/haendlerbund.png\" alt=\"\" data-cke-saved-src=\"https:\/\/cdn03.plentymarkets.com\/mmx8yrv4qndt\/item\/images\/204\/full\/haendlerbund.png\"><\/p><\/p>\n\t\t\t\t\t\t\t\t<\/div>\n\t\t\t\t<\/div>\n\t\t\t\t\t<\/div>\n\t\t<\/div>\n\t\t\t\t\t<\/div>\n\t\t<\/section>\n\t\t\t\t<\/div>\n\t\t","protected":false},"excerpt":{"rendered":"<p>Espejo barroco Clamaro Artur de madera maciza de abeto &#8211; hecho a mano y 100% fabricado en Alemania Un espejo en el dise\u00f1o atemporal, pedidos en casi todas las dimensiones comunes y tambi\u00e9n puede transversal o longitudinalmente a la pared ser colgado&#8230;. Un reclamo eficaz garantizado. Con un espejo de pared ampl\u00ede visualmente sus estancias [&hellip;]<\/p>\n","protected":false},"featured_media":40593,"template":"","meta":{"om_disable_all_campaigns":false},"product_brand":[],"product_cat":[4705,4342],"product_tag":[],"class_list":{"0":"post-45859","1":"product","2":"type-product","3":"status-publish","4":"has-post-thumbnail","6":"product_cat-madera-maciza-antigueo-1","7":"product_cat-espejo","9":"first","10":"instock","11":"taxable","12":"shipping-taxable","13":"purchasable","14":"product-type-simple"},"gallery_images":[40564,40570,40576,40582],"_links":{"self":[{"href":"https:\/\/clamaro.eu\/es\/wp-json\/wp\/v2\/product\/45859","targetHints":{"allow":["GET"]}}],"collection":[{"href":"https:\/\/clamaro.eu\/es\/wp-json\/wp\/v2\/product"}],"about":[{"href":"https:\/\/clamaro.eu\/es\/wp-json\/wp\/v2\/types\/product"}],"version-history":[{"count":2,"href":"https:\/\/clamaro.eu\/es\/wp-json\/wp\/v2\/product\/45859\/revisions"}],"predecessor-version":[{"id":48205,"href":"https:\/\/clamaro.eu\/es\/wp-json\/wp\/v2\/product\/45859\/revisions\/48205"}],"wp:featuredmedia":[{"embeddable":true,"href":"https:\/\/clamaro.eu\/es\/wp-json\/wp\/v2\/media\/40593"}],"wp:attachment":[{"href":"https:\/\/clamaro.eu\/es\/wp-json\/wp\/v2\/media?parent=45859"}],"wp:term":[{"taxonomy":"product_brand","embeddable":true,"href":"https:\/\/clamaro.eu\/es\/wp-json\/wp\/v2\/product_brand?post=45859"},{"taxonomy":"product_cat","embeddable":true,"href":"https:\/\/clamaro.eu\/es\/wp-json\/wp\/v2\/product_cat?post=45859"},{"taxonomy":"product_tag","embeddable":true,"href":"https:\/\/clamaro.eu\/es\/wp-json\/wp\/v2\/product_tag?post=45859"}],"curies":[{"name":"wp","href":"https:\/\/api.w.org\/{rel}","templated":true}]}}