{"id":45822,"date":"2023-09-22T06:46:22","date_gmt":"2023-09-22T06:46:22","guid":{"rendered":"https:\/\/clamaro.eu\/product\/ludwig\/"},"modified":"2023-12-22T18:18:24","modified_gmt":"2023-12-22T18:18:24","slug":"ludwig","status":"publish","type":"product","link":"https:\/\/clamaro.eu\/es\/producto\/ludwig\/","title":{"rendered":"Ludwig"},"content":{"rendered":"\t\t<div data-elementor-type=\"wp-post\" data-elementor-id=\"45822\" class=\"elementor elementor-45822 elementor-33918\">\n\t\t\t\t\t\t<section class=\"elementor-section elementor-top-section elementor-element elementor-element-3375b062 elementor-section-boxed elementor-section-height-default elementor-section-height-default qodef-elementor-content-no\" data-id=\"3375b062\" data-element_type=\"section\">\n\t\t\t\t\t\t<div class=\"elementor-container elementor-column-gap-default\">\n\t\t\t\t\t<div class=\"elementor-column elementor-col-100 elementor-top-column elementor-element elementor-element-2ade6d6d\" data-id=\"2ade6d6d\" data-element_type=\"column\">\n\t\t\t<div class=\"elementor-widget-wrap elementor-element-populated\">\n\t\t\t\t\t\t<div class=\"elementor-element elementor-element-17f9e4d0 elementor-widget elementor-widget-image\" data-id=\"17f9e4d0\" data-element_type=\"widget\" data-widget_type=\"image.default\">\n\t\t\t\t<div class=\"elementor-widget-container\">\n\t\t\t\t\t\t\t\t\t\t\t\t\t\t\t<img decoding=\"async\" src=\"https:\/\/m.media-amazon.com\/images\/S\/aplus-media-library-service-media\/8a7af628-f583-4702-8d22-927f8f7f49e2.__CR0,0,600,180_PT0_SX600_V1___.png\" title=\"\" alt=\"\" loading=\"lazy\" \/>\t\t\t\t\t\t\t\t\t\t\t\t\t\t\t<\/div>\n\t\t\t\t<\/div>\n\t\t\t\t\t<\/div>\n\t\t<\/div>\n\t\t\t\t\t<\/div>\n\t\t<\/section>\n\t\t\t\t<section class=\"elementor-section elementor-top-section elementor-element elementor-element-5dc6166 elementor-section-boxed elementor-section-height-default elementor-section-height-default qodef-elementor-content-no\" data-id=\"5dc6166\" data-element_type=\"section\">\n\t\t\t\t\t\t<div class=\"elementor-container elementor-column-gap-default\">\n\t\t\t\t\t<div class=\"elementor-column elementor-col-100 elementor-top-column elementor-element elementor-element-ade8803\" data-id=\"ade8803\" data-element_type=\"column\">\n\t\t\t<div class=\"elementor-widget-wrap elementor-element-populated\">\n\t\t\t\t\t\t<div class=\"elementor-element elementor-element-bd7324c elementor-widget elementor-widget-text-editor\" data-id=\"bd7324c\" data-element_type=\"widget\" data-widget_type=\"text-editor.default\">\n\t\t\t\t<div class=\"elementor-widget-container\">\n\t\t\t\t\t\t\t\t\t<h3><span>Marco barroco Clamaro LUDWIG y FRIEDRICH de madera maciza &#8211; hecho a mano y 100% Made in Germany<\/span><\/h3>\n<h3 style=\"background-color: rgb(255, 255, 255);\"><\/h3><p align=\"center\" style=\"margin: 0cm; background-position: initial; background-color: white; line-height: 21.6pt; font-weight: 400; letter-spacing: normal; text-transform: none; font-size: 12pt; font-family: \"Times New Roman\", serif; color: rgb(0, 0, 0);\"><span style=\"font-size: 11.5pt; font-family: Roboto; color: rgb(122, 122, 122);\">Marco barroco vintage Clamaro&nbsp;<span style=\"font-weight: 700;\">LUDWIG &amp; FRIEDRICH<\/span>&nbsp;De madera maciza de abeto con panel de cristal sint\u00e9tico de alta transparencia, panel posterior de HDF y colgadores con marco para fotos.&nbsp;<span style=\"font-weight: 700;\">ampl\u00eda \u00f3pticamente tus habitaciones<\/span>&nbsp;und gleichzeitig kann ein Bilderrahmen Ihr Zuhause heller und luftiger wirken lassen. Por supuesto, un marco tambi\u00e9n debe contribuir a la decoraci\u00f3n y mostrar h\u00e1bilmente sus cuadros, cuadros o fotograf\u00edas m\u00e1s bellos.<\/span><\/p><p align=\"center\" style=\"margin: 0cm; background-position: initial; background-color: white; line-height: 21.6pt; font-weight: 400; letter-spacing: normal; text-transform: none; font-size: 12pt; font-family: \"Times New Roman\", serif; color: rgb(0, 0, 0);\"><span style=\"font-size: 11.5pt; font-family: Roboto; color: rgb(122, 122, 122);\">&nbsp;<\/span><\/p><p align=\"center\" style=\"margin: 0cm; background-position: initial; background-color: white; line-height: 21.6pt; font-weight: 400; letter-spacing: normal; text-transform: none; font-size: 12pt; font-family: \"Times New Roman\", serif; color: rgb(0, 0, 0);\"><span style=\"font-size: 11.5pt; font-family: Roboto; color: rgb(122, 122, 122);\">El Clamaro&nbsp;<span style=\"font-weight: 700;\">Echtholz Bilderrahmen<\/span>&nbsp;Dependiendo del tama\u00f1o, se pueden utilizar como marco de fotos, marco de rompecabezas, marco de collage o como marco de certificado, marco de retrato y en los formatos extra grandes, tambi\u00e9n como marco de p\u00f3ster de cine maxi.&nbsp;<span style=\"font-weight: 700;\">usar.<\/span><\/span><\/p>\t\t\t\t\t\t\t\t<\/div>\n\t\t\t\t<\/div>\n\t\t\t\t\t<\/div>\n\t\t<\/div>\n\t\t\t\t\t<\/div>\n\t\t<\/section>\n\t\t\t\t<section class=\"elementor-section elementor-top-section elementor-element elementor-element-5203ee62 elementor-section-boxed elementor-section-height-default elementor-section-height-default qodef-elementor-content-no\" data-id=\"5203ee62\" data-element_type=\"section\">\n\t\t\t\t\t\t<div class=\"elementor-container elementor-column-gap-default\">\n\t\t\t\t\t<div class=\"elementor-column elementor-col-100 elementor-top-column elementor-element elementor-element-788a7bc3\" data-id=\"788a7bc3\" data-element_type=\"column\">\n\t\t\t<div class=\"elementor-widget-wrap elementor-element-populated\">\n\t\t\t\t\t\t<div class=\"elementor-element elementor-element-61be6912 elementor-widget-divider--view-line elementor-widget elementor-widget-divider\" data-id=\"61be6912\" data-element_type=\"widget\" data-widget_type=\"divider.default\">\n\t\t\t\t<div class=\"elementor-widget-container\">\n\t\t\t\t\t\t\t<div class=\"elementor-divider\">\n\t\t\t<span class=\"elementor-divider-separator\">\n\t\t\t\t\t\t<\/span>\n\t\t<\/div>\n\t\t\t\t\t\t<\/div>\n\t\t\t\t<\/div>\n\t\t\t\t\t<\/div>\n\t\t<\/div>\n\t\t\t\t\t<\/div>\n\t\t<\/section>\n\t\t\t\t<section class=\"elementor-section elementor-top-section elementor-element elementor-element-254f1d32 elementor-section-boxed elementor-section-height-default elementor-section-height-default qodef-elementor-content-no\" data-id=\"254f1d32\" data-element_type=\"section\">\n\t\t\t\t\t\t<div class=\"elementor-container elementor-column-gap-default\">\n\t\t\t\t\t<div class=\"elementor-column elementor-col-25 elementor-top-column elementor-element elementor-element-54cd401e\" data-id=\"54cd401e\" data-element_type=\"column\">\n\t\t\t<div class=\"elementor-widget-wrap elementor-element-populated\">\n\t\t\t\t\t\t<div class=\"elementor-element elementor-element-1b7d745 elementor-widget elementor-widget-spacer\" data-id=\"1b7d745\" data-element_type=\"widget\" data-widget_type=\"spacer.default\">\n\t\t\t\t<div class=\"elementor-widget-container\">\n\t\t\t\t\t\t\t<div class=\"elementor-spacer\">\n\t\t\t<div class=\"elementor-spacer-inner\"><\/div>\n\t\t<\/div>\n\t\t\t\t\t\t<\/div>\n\t\t\t\t<\/div>\n\t\t\t\t<div class=\"elementor-element elementor-element-63506157 elementor-widget elementor-widget-image\" data-id=\"63506157\" data-element_type=\"widget\" data-widget_type=\"image.default\">\n\t\t\t\t<div class=\"elementor-widget-container\">\n\t\t\t\t\t\t\t\t\t\t\t\t\t\t\t<img decoding=\"async\" src=\"https:\/\/m.media-amazon.com\/images\/I\/817MHcHi4-L._AC_SL1500_.jpg\" title=\"\" alt=\"\" loading=\"lazy\" \/>\t\t\t\t\t\t\t\t\t\t\t\t\t\t\t<\/div>\n\t\t\t\t<\/div>\n\t\t\t\t<div class=\"elementor-element elementor-element-7ab72096 elementor-widget elementor-widget-text-editor\" data-id=\"7ab72096\" data-element_type=\"widget\" data-widget_type=\"text-editor.default\">\n\t\t\t\t<div class=\"elementor-widget-container\">\n\t\t\t\t\t\t\t\t\t<h4 class=\"a-spacing-mini\">El marco del cuadro en detalle.<\/h4>\n<p>En <span class=\"a-text-bold\">bar cl\u00e1sico<\/span> El dise\u00f1o es actual pero <span class=\"a-text-bold\">cl\u00e1sico atemporal<\/span>. Fabricado en <span class=\"a-text-bold\">madera maciza<\/span> y laminado con una pel\u00edcula <span class=\"a-text-bold\">decorativa resistente<\/span> a los ara\u00f1azos y a los rayos UV.<\/p>\n<p>Otra caracter\u00edstica especial de nuestra l\u00e1mina decorativa es el <span class=\"a-text-bold\">Revestimiento completo (sin respaldo) <\/span>la barandilla del marco de madera. Esto garantiza una impresi\u00f3n general sin fisuras y la pel\u00edcula no se descascarilla, como ocurre con las molduras de marco parcialmente envueltas.<\/p>\n\t\t\t\t\t\t\t\t<\/div>\n\t\t\t\t<\/div>\n\t\t\t\t\t<\/div>\n\t\t<\/div>\n\t\t\t\t<div class=\"elementor-column elementor-col-25 elementor-top-column elementor-element elementor-element-59ddf0a\" data-id=\"59ddf0a\" data-element_type=\"column\">\n\t\t\t<div class=\"elementor-widget-wrap elementor-element-populated\">\n\t\t\t\t\t\t<div class=\"elementor-element elementor-element-e446008 elementor-widget elementor-widget-spacer\" data-id=\"e446008\" data-element_type=\"widget\" data-widget_type=\"spacer.default\">\n\t\t\t\t<div class=\"elementor-widget-container\">\n\t\t\t\t\t\t\t<div class=\"elementor-spacer\">\n\t\t\t<div class=\"elementor-spacer-inner\"><\/div>\n\t\t<\/div>\n\t\t\t\t\t\t<\/div>\n\t\t\t\t<\/div>\n\t\t\t\t<div class=\"elementor-element elementor-element-aa2d5e2 elementor-widget elementor-widget-image\" data-id=\"aa2d5e2\" data-element_type=\"widget\" data-widget_type=\"image.default\">\n\t\t\t\t<div class=\"elementor-widget-container\">\n\t\t\t\t\t\t\t\t\t\t\t\t\t\t\t<img decoding=\"async\" src=\"https:\/\/m.media-amazon.com\/images\/S\/aplus-media-library-service-media\/f0f4f528-ad47-4cbf-88cb-818e2cdee1db.__CR1192,556,476,476_PT0_SX220_V1___.png\" title=\"\" alt=\"\" loading=\"lazy\" \/>\t\t\t\t\t\t\t\t\t\t\t\t\t\t\t<\/div>\n\t\t\t\t<\/div>\n\t\t\t\t<div class=\"elementor-element elementor-element-e7d6100 elementor-widget elementor-widget-spacer\" data-id=\"e7d6100\" data-element_type=\"widget\" data-widget_type=\"spacer.default\">\n\t\t\t\t<div class=\"elementor-widget-container\">\n\t\t\t\t\t\t\t<div class=\"elementor-spacer\">\n\t\t\t<div class=\"elementor-spacer-inner\"><\/div>\n\t\t<\/div>\n\t\t\t\t\t\t<\/div>\n\t\t\t\t<\/div>\n\t\t\t\t<div class=\"elementor-element elementor-element-9c0ac9a elementor-widget elementor-widget-text-editor\" data-id=\"9c0ac9a\" data-element_type=\"widget\" data-widget_type=\"text-editor.default\">\n\t\t\t\t<div class=\"elementor-widget-container\">\n\t\t\t\t\t\t\t\t\t<h4 style=\"margin-top: 0px; text-rendering: optimizelegibility; font-weight: normal; font-size: 17px; line-height: 1.255; font-family: 'Amazon Ember', Arial, sans-serif; color: #0f1111; letter-spacing: normal; text-align: center; text-transform: none; background-color: #ffffff; margin-bottom: 6px !important;\"> <\/h4>\n<h4 style=\"margin-top: 0px; text-rendering: optimizelegibility; font-weight: normal; font-size: 17px; line-height: 1.255; font-family: 'Amazon Ember', Arial, sans-serif; color: #0f1111; letter-spacing: normal; text-align: center; text-transform: none; background-color: #ffffff; margin-bottom: 6px !important;\"><span style=\"background-color: #ffffff; color: #1d1d1d; font-family: 'Josefin Sans', sans-serif; font-size: 16px; font-weight: 600; letter-spacing: 0.12em; text-transform: uppercase;\">Pasadores met\u00e1licos para doblar &#8211; NO DESLIZANTES<\/span><\/h4>\n<div><span style=\"background-color: #ffffff; color: #1d1d1d; font-family: 'Josefin Sans', sans-serif; font-size: 16px; font-weight: 600; letter-spacing: 0.12em; text-transform: uppercase;\"> <\/span><\/div>\n<div><span style=\"background-color: #ffffff; color: var( --e-global-color-text ); font-family: var( --e-global-typography-text-font-family ), Sans-serif; font-weight: var( --e-global-typography-text-font-weight );\">Para evitar resbalones, en la parte posterior de las tiras del marco hay suficientes clavijas met\u00e1licas resistentes para doblar. Los pasadores de flexi\u00f3n sujetan y presionan firmemente el marco, el cuadro, el cristal acr\u00edlico y la pared trasera. Se pueden doblar f\u00e1cilmente con unas u\u00f1as fuertes o, por ejemplo, con un destornillador Schitz fino.<\/span> <\/div>\n<div> <\/div>\n<h4 style=\"background-color: #ffffff;\"> <\/h4>\n<p style=\"margin-bottom: 14px; color: #0f1111; font-family: 'Amazon Ember', Arial, sans-serif; font-weight: 400; letter-spacing: normal; text-align: start; text-transform: none; background-color: #ffffff; font-size: 12px !important; line-height: 16px !important;\">\n\t\t\t\t\t\t\t\t<\/div>\n\t\t\t\t<\/div>\n\t\t\t\t\t<\/div>\n\t\t<\/div>\n\t\t\t\t<div class=\"elementor-column elementor-col-25 elementor-top-column elementor-element elementor-element-7921d95\" data-id=\"7921d95\" data-element_type=\"column\">\n\t\t\t<div class=\"elementor-widget-wrap elementor-element-populated\">\n\t\t\t\t\t\t<div class=\"elementor-element elementor-element-1ec7101 elementor-widget elementor-widget-spacer\" data-id=\"1ec7101\" data-element_type=\"widget\" data-widget_type=\"spacer.default\">\n\t\t\t\t<div class=\"elementor-widget-container\">\n\t\t\t\t\t\t\t<div class=\"elementor-spacer\">\n\t\t\t<div class=\"elementor-spacer-inner\"><\/div>\n\t\t<\/div>\n\t\t\t\t\t\t<\/div>\n\t\t\t\t<\/div>\n\t\t\t\t<div class=\"elementor-element elementor-element-64cec60 elementor-widget elementor-widget-image\" data-id=\"64cec60\" data-element_type=\"widget\" data-widget_type=\"image.default\">\n\t\t\t\t<div class=\"elementor-widget-container\">\n\t\t\t\t\t\t\t\t\t\t\t\t\t\t\t<img decoding=\"async\" src=\"https:\/\/m.media-amazon.com\/images\/S\/aplus-media-library-service-media\/6d458837-6af4-4a48-b211-c6dc50ecb0f5.__CR51,56,1115,1115_PT0_SX220_V1___.jpg\" title=\"\" alt=\"\" loading=\"lazy\" \/>\t\t\t\t\t\t\t\t\t\t\t\t\t\t\t<\/div>\n\t\t\t\t<\/div>\n\t\t\t\t<div class=\"elementor-element elementor-element-34cd28b elementor-widget elementor-widget-spacer\" data-id=\"34cd28b\" data-element_type=\"widget\" data-widget_type=\"spacer.default\">\n\t\t\t\t<div class=\"elementor-widget-container\">\n\t\t\t\t\t\t\t<div class=\"elementor-spacer\">\n\t\t\t<div class=\"elementor-spacer-inner\"><\/div>\n\t\t<\/div>\n\t\t\t\t\t\t<\/div>\n\t\t\t\t<\/div>\n\t\t\t\t<div class=\"elementor-element elementor-element-2973f2a elementor-widget elementor-widget-text-editor\" data-id=\"2973f2a\" data-element_type=\"widget\" data-widget_type=\"text-editor.default\">\n\t\t\t\t<div class=\"elementor-widget-container\">\n\t\t\t\t\t\t\t\t\t<h4 class=\"a-spacing-mini\">Pared trasera y colgador (formato horizontal y vertical)<\/h4>\n<p>Para que los marcos desmontables de madera maciza no pierdan estabilidad incluso en marcos de gran formato, equipamos cada marco con una pared posterior de madera HDF de aproximadamente 2,5 mm de espesor. Adem\u00e1s, cada marco viene con 2 colgadores de metal resistentes para montaje en pared en formato vertical u horizontal.<\/p>\n\t\t\t\t\t\t\t\t<\/div>\n\t\t\t\t<\/div>\n\t\t\t\t\t<\/div>\n\t\t<\/div>\n\t\t\t\t<div class=\"elementor-column elementor-col-25 elementor-top-column elementor-element elementor-element-0b72d3f\" data-id=\"0b72d3f\" data-element_type=\"column\">\n\t\t\t<div class=\"elementor-widget-wrap elementor-element-populated\">\n\t\t\t\t\t\t<div class=\"elementor-element elementor-element-c2809b3 elementor-widget elementor-widget-spacer\" data-id=\"c2809b3\" data-element_type=\"widget\" data-widget_type=\"spacer.default\">\n\t\t\t\t<div class=\"elementor-widget-container\">\n\t\t\t\t\t\t\t<div class=\"elementor-spacer\">\n\t\t\t<div class=\"elementor-spacer-inner\"><\/div>\n\t\t<\/div>\n\t\t\t\t\t\t<\/div>\n\t\t\t\t<\/div>\n\t\t\t\t<div class=\"elementor-element elementor-element-eca5d64 elementor-widget elementor-widget-image\" data-id=\"eca5d64\" data-element_type=\"widget\" data-widget_type=\"image.default\">\n\t\t\t\t<div class=\"elementor-widget-container\">\n\t\t\t\t\t\t\t\t\t\t\t\t\t\t\t<img decoding=\"async\" src=\"https:\/\/m.media-amazon.com\/images\/S\/aplus-media-library-service-media\/91eb8584-443f-47af-9901-88ffb44c57b5.__CR0,0,2000,2000_PT0_SX300_V1___.png\" title=\"\" alt=\"\" loading=\"lazy\" \/>\t\t\t\t\t\t\t\t\t\t\t\t\t\t\t<\/div>\n\t\t\t\t<\/div>\n\t\t\t\t<div class=\"elementor-element elementor-element-37dd483 elementor-widget elementor-widget-text-editor\" data-id=\"37dd483\" data-element_type=\"widget\" data-widget_type=\"text-editor.default\">\n\t\t\t\t<div class=\"elementor-widget-container\">\n\t\t\t\t\t\t\t\t\t<h3 class=\"a-spacing-mini\">M\u00e1xima calidad y precisi\u00f3n: hecho a mano y 100% Made in Germany<\/h3>\n<p>Todos <span class=\"a-text-bold\">Espejo Clamaro <\/span>se fabrican por encargo en nuestra manufactura de marcos, individualmente y a mano, en el tama\u00f1o que usted desee.<span class=\"a-text-bold\"> Precisi\u00f3n y calidad 100% Made in Germany<\/span><\/p>\n<p><span class=\"a-text-bold\">NOTA IMPORTANTE SOBRE NUESTRAS FOTOS:<\/span> El color de las im\u00e1genes de los productos que utilizamos puede variar ligeramente debido a los ajustes de color y brillo de su pantalla.<\/p>\n\t\t\t\t\t\t\t\t<\/div>\n\t\t\t\t<\/div>\n\t\t\t\t\t<\/div>\n\t\t<\/div>\n\t\t\t\t\t<\/div>\n\t\t<\/section>\n\t\t\t\t<section class=\"elementor-section elementor-top-section elementor-element elementor-element-e811d2d elementor-section-boxed elementor-section-height-default elementor-section-height-default qodef-elementor-content-no\" data-id=\"e811d2d\" data-element_type=\"section\">\n\t\t\t\t\t\t<div class=\"elementor-container elementor-column-gap-default\">\n\t\t\t\t\t<div class=\"elementor-column elementor-col-100 elementor-top-column elementor-element elementor-element-5c48063\" data-id=\"5c48063\" data-element_type=\"column\">\n\t\t\t<div class=\"elementor-widget-wrap elementor-element-populated\">\n\t\t\t\t\t\t<div class=\"elementor-element elementor-element-da4f732 elementor-widget__width-initial elementor-widget elementor-widget-image\" data-id=\"da4f732\" data-element_type=\"widget\" data-widget_type=\"image.default\">\n\t\t\t\t<div class=\"elementor-widget-container\">\n\t\t\t\t\t\t\t\t\t\t\t\t\t\t\t<img decoding=\"async\" src=\"https:\/\/m.media-amazon.com\/images\/I\/71Bn49M1uvL._AC_SL1500_.jpg\" title=\"\" alt=\"\" loading=\"lazy\" \/>\t\t\t\t\t\t\t\t\t\t\t\t\t\t\t<\/div>\n\t\t\t\t<\/div>\n\t\t\t\t\t<\/div>\n\t\t<\/div>\n\t\t\t\t\t<\/div>\n\t\t<\/section>\n\t\t\t\t<section class=\"elementor-section elementor-top-section elementor-element elementor-element-7b5747c elementor-section-boxed elementor-section-height-default elementor-section-height-default qodef-elementor-content-no\" data-id=\"7b5747c\" data-element_type=\"section\">\n\t\t\t\t\t\t<div class=\"elementor-container elementor-column-gap-default\">\n\t\t\t\t\t<div class=\"elementor-column elementor-col-100 elementor-top-column elementor-element elementor-element-a6f4df2\" data-id=\"a6f4df2\" data-element_type=\"column\">\n\t\t\t<div class=\"elementor-widget-wrap elementor-element-populated\">\n\t\t\t\t\t\t<div class=\"elementor-element elementor-element-2345620 elementor-widget elementor-widget-text-editor\" data-id=\"2345620\" data-element_type=\"widget\" data-widget_type=\"text-editor.default\">\n\t\t\t\t<div class=\"elementor-widget-container\">\n\t\t\t\t\t\t\t\t\t<\/p>\n<h3><strong style=\"color: var( --e-global-color-text ); font-family: var( --e-global-typography-text-font-family ), Sans-serif;\">Fabricado en Alemania<\/strong><\/h3>\n<p><span style=\"font-size: 20px;\"><strong>Taller propio con m\u00e1s de 35 a\u00f1os de experiencia.<\/strong><\/span><\/p>\n<\/p>\n<p><img decoding=\"async\" style=\"height: 80px; width: 350px;\" src=\"https:\/\/cdn03.plentymarkets.com\/mmx8yrv4qndt\/item\/images\/204\/full\/Wir-sind-Mitglied-bei-der--2-.jpg\" alt=\"\" data-cke-saved-src=\"https:\/\/cdn03.plentymarkets.com\/mmx8yrv4qndt\/item\/images\/204\/full\/Wir-sind-Mitglied-bei-der--2-.jpg\"><img decoding=\"async\" style=\"width: 114px; height: 70px;\" src=\"https:\/\/cdn03.plentymarkets.com\/mmx8yrv4qndt\/item\/images\/204\/full\/kaeufersiegel.png\" alt=\"\" data-cke-saved-src=\"https:\/\/cdn03.plentymarkets.com\/mmx8yrv4qndt\/item\/images\/204\/full\/kaeufersiegel.png\"> <img decoding=\"async\" style=\"width: 150px; height: 84px;\" src=\"https:\/\/cdn03.plentymarkets.com\/mmx8yrv4qndt\/item\/images\/204\/full\/haendlerbund.png\" alt=\"\" data-cke-saved-src=\"https:\/\/cdn03.plentymarkets.com\/mmx8yrv4qndt\/item\/images\/204\/full\/haendlerbund.png\"><\/p><\/p>\n\t\t\t\t\t\t\t\t<\/div>\n\t\t\t\t<\/div>\n\t\t\t\t\t<\/div>\n\t\t<\/div>\n\t\t\t\t\t<\/div>\n\t\t<\/section>\n\t\t\t\t<\/div>\n\t\t","protected":false},"excerpt":{"rendered":"<p>Marco barroco Clamaro LUDWIG y FRIEDRICH de madera maciza &#8211; hecho a mano y 100% Made in Germany Marco barroco vintage Clamaro&nbsp;LUDWIG &amp; FRIEDRICH&nbsp;De madera maciza de abeto con panel de cristal sint\u00e9tico de alta transparencia, panel posterior de HDF y colgadores con marco para fotos.&nbsp;ampl\u00eda \u00f3pticamente tus habitaciones&nbsp;und gleichzeitig kann ein Bilderrahmen Ihr Zuhause [&hellip;]<\/p>\n","protected":false},"featured_media":41832,"template":"","meta":{"om_disable_all_campaigns":false},"product_brand":[],"product_cat":[4350,4682],"product_tag":[],"class_list":{"0":"post-45822","1":"product","2":"type-product","3":"status-publish","4":"has-post-thumbnail","6":"product_cat-marco","7":"product_cat-madera-maciza-antigueo","9":"first","10":"instock","11":"taxable","12":"shipping-taxable","13":"purchasable","14":"product-type-simple"},"gallery_images":[70696,33953,33965,33941,33947,33558,33552],"_links":{"self":[{"href":"https:\/\/clamaro.eu\/es\/wp-json\/wp\/v2\/product\/45822","targetHints":{"allow":["GET"]}}],"collection":[{"href":"https:\/\/clamaro.eu\/es\/wp-json\/wp\/v2\/product"}],"about":[{"href":"https:\/\/clamaro.eu\/es\/wp-json\/wp\/v2\/types\/product"}],"version-history":[{"count":1,"href":"https:\/\/clamaro.eu\/es\/wp-json\/wp\/v2\/product\/45822\/revisions"}],"predecessor-version":[{"id":45823,"href":"https:\/\/clamaro.eu\/es\/wp-json\/wp\/v2\/product\/45822\/revisions\/45823"}],"wp:featuredmedia":[{"embeddable":true,"href":"https:\/\/clamaro.eu\/es\/wp-json\/wp\/v2\/media\/41832"}],"wp:attachment":[{"href":"https:\/\/clamaro.eu\/es\/wp-json\/wp\/v2\/media?parent=45822"}],"wp:term":[{"taxonomy":"product_brand","embeddable":true,"href":"https:\/\/clamaro.eu\/es\/wp-json\/wp\/v2\/product_brand?post=45822"},{"taxonomy":"product_cat","embeddable":true,"href":"https:\/\/clamaro.eu\/es\/wp-json\/wp\/v2\/product_cat?post=45822"},{"taxonomy":"product_tag","embeddable":true,"href":"https:\/\/clamaro.eu\/es\/wp-json\/wp\/v2\/product_tag?post=45822"}],"curies":[{"name":"wp","href":"https:\/\/api.w.org\/{rel}","templated":true}]}}