{"id":25655,"date":"2023-03-06T20:11:47","date_gmt":"2023-03-06T20:11:47","guid":{"rendered":"https:\/\/clamaro.eu\/politica-de-anulacion\/"},"modified":"2023-04-21T05:28:57","modified_gmt":"2023-04-21T05:28:57","slug":"politica-de-anulacion","status":"publish","type":"page","link":"https:\/\/clamaro.eu\/es\/politica-de-anulacion\/","title":{"rendered":"Pol\u00edtica de anulaci\u00f3n"},"content":{"rendered":"\n<p><strong>Derecho de desistimiento de los consumidores <\/strong><br\/>(Un consumidor es toda persona f\u00edsica que celebra un negocio jur\u00eddico con fines predominantemente no comerciales ni por cuenta propia).<br\/><br\/><strong>Annullierungspolitik<\/strong><br\/><br\/><strong>Derecho de retractaci\u00f3n<\/strong><br\/>Tiene derecho a rescindir este contrato en el plazo de un mes sin necesidad de justificaci\u00f3n.<br\/>El plazo de desistimiento es de un mes a partir de la fecha,<br\/><br\/>&#8211; en la que usted o un tercero nombrado por usted, que no sea el transportista, haya tomado o haya tomado posesi\u00f3n de las mercanc\u00edas, si usted ha pedido una o varias mercanc\u00edas como parte de un pedido uniforme y \u00e9stas se entregan o se entregar\u00e1n de manera uniforme;<br\/><br\/>&#8211; en la que usted o un tercero nombrado por usted, que no sea el transportista, haya tomado posesi\u00f3n de la \u00faltima mercanc\u00eda o haya tomado posesi\u00f3n de la \u00faltima mercanc\u00eda si usted ha pedido varias mercanc\u00edas como parte de un pedido uniforme y \u00e9stas se entregan por separado;<br\/><br\/>&#8211; en la que usted o un tercero nombrado por usted, que no sea el transportista, haya tomado posesi\u00f3n del \u00faltimo env\u00edo parcial o de la \u00faltima pieza, si usted ha encargado mercanc\u00edas que se entregan en varios env\u00edos parciales o piezas;<br\/><br\/>Para ejercer su derecho de desistimiento, debe enviarnos <strong>(M&amp;L Handel GmbH &amp; Co.KG, Gewerbering 14, 26901 Rastdorf, n\u00famero de tel\u00e9fono: 05956-9892870, n\u00famero de fax: 05956-9892875, direcci\u00f3n de correo electr\u00f3nico: info@mlhandel.de)<\/strong> mediante una declaraci\u00f3n clara (por ejemplo, una carta enviada por correo postal, fax o correo electr\u00f3nico) de su decisi\u00f3n de revocar el presente contrato. Para ello, puede utilizar el modelo de formulario de desistimiento adjunto, que, sin embargo, no es obligatorio.<br\/><br\/>Tambi\u00e9n puede rellenar y enviar electr\u00f3nicamente el modelo de formulario de desistimiento u otra declaraci\u00f3n clara en nuestro sitio web (ml-handel-shop.de). Si hace uso de esta opci\u00f3n, le enviaremos sin demora un acuse de recibo de dicha revocaci\u00f3n (por ejemplo, por correo electr\u00f3nico).<br\/><br\/>Para cumplir el plazo de cancelaci\u00f3n, basta con que env\u00ede la notificaci\u00f3n del ejercicio del derecho de cancelaci\u00f3n antes de que finalice el plazo de cancelaci\u00f3n.<br\/><br\/><strong>Consecuencias de la revocaci\u00f3n<\/strong><br\/><br\/>Si desiste del presente contrato, deberemos reembolsarle todos los pagos que hayamos recibido de usted, incluidos los gastos de entrega (a excepci\u00f3n de los gastos adicionales resultantes del hecho de que usted haya elegido un tipo de entrega distinto de la entrega est\u00e1ndar m\u00e1s barata ofrecida por nosotros), sin demora y a m\u00e1s tardar en un plazo de catorce d\u00edas a partir del d\u00eda en que hayamos recibido la notificaci\u00f3n de su desistimiento del presente contrato. Para este reembolso, utilizamos el mismo medio de pago que usted utiliz\u00f3 para la transacci\u00f3n original, a menos que se acuerde expresamente otra cosa con usted; en ning\u00fan caso se le cobrar\u00e1 por este reembolso.<br\/><br\/>Podremos denegar el reembolso hasta que hayamos recibido la mercanc\u00eda o hasta que usted haya presentado una prueba de que ha devuelto la mercanc\u00eda, seg\u00fan qu\u00e9 condici\u00f3n se cumpla primero.<br\/><br\/>Deber\u00e1 devolvernos o entregarnos los bienes inmediatamente y, en cualquier caso, en un plazo m\u00e1ximo de catorce d\u00edas a partir del d\u00eda en que nos notifique la rescisi\u00f3n del presente contrato. El plazo se cumple si env\u00eda la mercanc\u00eda antes de que expire el plazo de catorce d\u00edas.<br\/><br\/>Usted correr\u00e1 con los gastos directos de devoluci\u00f3n de la mercanc\u00eda.<br\/><br\/>S\u00f3lo tiene que pagar la p\u00e9rdida de valor de los bienes si dicha p\u00e9rdida de valor se debe a una manipulaci\u00f3n de los bienes que no sea necesaria para comprobar la calidad, las caracter\u00edsticas y el funcionamiento de los bienes.<br\/><br\/><strong>Motivos de exclusi\u00f3n o expiraci\u00f3n<\/strong><br\/><br\/>El derecho de desistimiento no se aplica a los contratos<br\/><br\/>&#8211; para la entrega de bienes que no sean prefabricados y para cuya producci\u00f3n sea decisiva una selecci\u00f3n o determinaci\u00f3n individual por parte del consumidor o que est\u00e9n claramente adaptados a las necesidades personales del consumidor;<br\/>&#8211; para la entrega de mercanc\u00edas que pueden estropearse r\u00e1pidamente o cuya fecha de caducidad se superar\u00eda r\u00e1pidamente;<br\/>&#8211; para la entrega de bebidas alcoh\u00f3licas, cuyo precio se acord\u00f3 en el momento de la celebraci\u00f3n del contrato, pero que pueden entregarse como muy pronto 30 d\u00edas despu\u00e9s de la celebraci\u00f3n del contrato y cuyo valor actual depende de las fluctuaciones del mercado sobre las que el empresario no tiene ninguna influencia;<br\/>&#8211; para la entrega de diarios, publicaciones peri\u00f3dicas o revistas, con excepci\u00f3n de los contratos de suscripci\u00f3n.<br\/><br\/>El derecho de desistimiento expira prematuramente en el caso de los contratos<br\/><br\/>&#8211; para la entrega de mercanc\u00edas precintadas que no sean aptas para ser devueltas por razones de protecci\u00f3n de la salud o de higiene, si su precinto ha sido retirado despu\u00e9s de la entrega;<br\/>&#8211; para la entrega de mercanc\u00edas si \u00e9stas se han mezclado inseparablemente con otras mercanc\u00edas despu\u00e9s de la entrega debido a su naturaleza;<br\/>&#8211; para la entrega de grabaciones sonoras o de v\u00eddeo o de programas inform\u00e1ticos en un paquete precintado si el precinto se ha retirado despu\u00e9s de la entrega.<br\/> <\/p>\n\n<hr class=\"wp-block-separator has-alpha-channel-opacity\"\/>\n\n<p><br\/><strong>Modelo de formulario de cancelaci\u00f3n<\/strong><br\/><br\/>(Si desea revocar el contrato, rellene y devuelva este formulario).<br\/><br\/>&#8211; A M&amp;L Handel GmbH &amp; Co.KG, Gewerbering 14, 26901 Rastdorf, n\u00famero de fax: 05956-9892875, direcci\u00f3n de correo electr\u00f3nico: info@mlhandel.de :<br\/><br\/>&#8211; Yo\/nosotros (*) por la presente revoco\/revocamos el contrato celebrado por m\u00ed\/nosotros (*) para la compra de los siguientes bienes (*)\/<br\/> la prestaci\u00f3n del siguiente servicio (*)<br\/><br\/>&#8211; Pedido el (*)\/ recibido el (*)<br\/><br\/>&#8211; Nombre del consumidor o consumidores<br\/>&#8211; Direcci\u00f3n del consumidor o consumidores<br\/>&#8211; Firma del consumidor o consumidores (s\u00f3lo en caso de notificaci\u00f3n en papel)<br\/>&#8211; Fecha<br\/><br\/>(*) T\u00e1chese lo que no proceda.<\/p>\n","protected":false},"excerpt":{"rendered":"<p>Derecho de desistimiento de los consumidores (Un consumidor es toda persona f\u00edsica que celebra un negocio jur\u00eddico con fines predominantemente no comerciales ni por cuenta propia). Annullierungspolitik Derecho de retractaci\u00f3nTiene derecho a rescindir este contrato en el plazo de un mes sin necesidad de justificaci\u00f3n.El plazo de desistimiento es de un mes a partir de [&hellip;]<\/p>\n","protected":false},"author":1,"featured_media":0,"parent":0,"menu_order":0,"comment_status":"closed","ping_status":"closed","template":"","meta":{"om_disable_all_campaigns":false,"footnotes":""},"class_list":["post-25655","page","type-page","status-publish","hentry"],"_links":{"self":[{"href":"https:\/\/clamaro.eu\/es\/wp-json\/wp\/v2\/pages\/25655","targetHints":{"allow":["GET"]}}],"collection":[{"href":"https:\/\/clamaro.eu\/es\/wp-json\/wp\/v2\/pages"}],"about":[{"href":"https:\/\/clamaro.eu\/es\/wp-json\/wp\/v2\/types\/page"}],"author":[{"embeddable":true,"href":"https:\/\/clamaro.eu\/es\/wp-json\/wp\/v2\/users\/1"}],"replies":[{"embeddable":true,"href":"https:\/\/clamaro.eu\/es\/wp-json\/wp\/v2\/comments?post=25655"}],"version-history":[{"count":1,"href":"https:\/\/clamaro.eu\/es\/wp-json\/wp\/v2\/pages\/25655\/revisions"}],"predecessor-version":[{"id":25656,"href":"https:\/\/clamaro.eu\/es\/wp-json\/wp\/v2\/pages\/25655\/revisions\/25656"}],"wp:attachment":[{"href":"https:\/\/clamaro.eu\/es\/wp-json\/wp\/v2\/media?parent=25655"}],"curies":[{"name":"wp","href":"https:\/\/api.w.org\/{rel}","templated":true}]}}