{"id":25653,"date":"2023-03-06T20:11:47","date_gmt":"2023-03-06T20:11:47","guid":{"rendered":"https:\/\/clamaro.eu\/versandarten\/"},"modified":"2023-04-21T05:23:46","modified_gmt":"2023-04-21T05:23:46","slug":"versandarten","status":"publish","type":"page","link":"https:\/\/clamaro.eu\/es\/versandarten\/","title":{"rendered":"Versandarten"},"content":{"rendered":"\n<p><strong>Pago y env\u00edo<\/strong><br\/><br\/>Se aplican las siguientes condiciones:<br\/><br\/><strong>Condiciones de env\u00edo<\/strong><br\/><br\/>Los env\u00edos se realizan dentro de Alemania y a los siguientes pa\u00edses: pa\u00edses de la UE, Suiza y Noruega.<br\/><br\/><strong>Gastos de env\u00edo<\/strong> (incluido el impuesto sobre el valor a\u00f1adido legal)<br\/><br\/><strong>Entregas nacionales (Alemania): <\/strong><br\/><br\/>Cobramos 4,90 euros por el env\u00edo de paquetes.<\/p>\n\n<p>Cobramos 60 euros por el env\u00edo por agencia de transportes.<br\/><br\/><strong>Entregas en el extranjero:<\/strong><br\/><br\/>Calculamos los gastos de env\u00edo al extranjero como tarifa plana de la siguiente manera:<br\/><br\/>Env\u00edo de paquetes: 30,00<\/p>\n\n<p>Gastos de viaje: 100<br\/><strong>Plazos de entrega<\/strong><br\/><br\/>Siempre que no se especifique otro plazo en la respectiva oferta, la entrega de la mercanc\u00eda tendr\u00e1 lugar en un plazo de 3 &#8211; 5 d\u00edas en Alemania (Alemania), en el caso de entregas en el extranjero en un plazo de 5 &#8211; 7 d\u00edas tras la celebraci\u00f3n del contrato (en el caso de pago por adelantado acordado, tras el momento de su instrucci\u00f3n de pago).<br\/>Tenga en cuenta que no se realizan entregas los domingos ni los d\u00edas festivos.<br\/>Si ha pedido art\u00edculos con plazos de entrega diferentes, le enviaremos los art\u00edculos en un env\u00edo conjunto, a menos que hayamos acordado otra cosa con usted. En este caso, el plazo de entrega viene determinado por el art\u00edculo con el plazo de entrega m\u00e1s largo que haya pedido.<br\/><br\/><strong>Formas de pago aceptadas<\/strong><br\/><br\/><strong>&#8211; <\/strong>Pago por adelantado mediante transferencia bancaria<br\/><strong>&#8211;<\/strong> Pago mediante PayPal <br\/><strong>&#8211;<\/strong> Pago mediante PayPal expr\u00e9s<br\/>&#8211; Pago mediante PayPal (tarjeta de cr\u00e9dito, domiciliaci\u00f3n bancaria, factura si procede)<br\/>&#8211; Pago a plazos (mediante PayPal)<br\/><strong>&#8211;<\/strong> Zahlung per amazon payments<br\/><br\/>Si tiene alguna pregunta, encontrar\u00e1 nuestros datos de contacto en el pie de imprenta.<\/p>\n","protected":false},"excerpt":{"rendered":"<p>Pago y env\u00edo Se aplican las siguientes condiciones: Condiciones de env\u00edo Los env\u00edos se realizan dentro de Alemania y a los siguientes pa\u00edses: pa\u00edses de la UE, Suiza y Noruega. Gastos de env\u00edo (incluido el impuesto sobre el valor a\u00f1adido legal) Entregas nacionales (Alemania): Cobramos 4,90 euros por el env\u00edo de paquetes. Cobramos 60 euros [&hellip;]<\/p>\n","protected":false},"author":1,"featured_media":0,"parent":0,"menu_order":0,"comment_status":"closed","ping_status":"closed","template":"","meta":{"om_disable_all_campaigns":false,"footnotes":""},"class_list":["post-25653","page","type-page","status-publish","hentry"],"_links":{"self":[{"href":"https:\/\/clamaro.eu\/es\/wp-json\/wp\/v2\/pages\/25653","targetHints":{"allow":["GET"]}}],"collection":[{"href":"https:\/\/clamaro.eu\/es\/wp-json\/wp\/v2\/pages"}],"about":[{"href":"https:\/\/clamaro.eu\/es\/wp-json\/wp\/v2\/types\/page"}],"author":[{"embeddable":true,"href":"https:\/\/clamaro.eu\/es\/wp-json\/wp\/v2\/users\/1"}],"replies":[{"embeddable":true,"href":"https:\/\/clamaro.eu\/es\/wp-json\/wp\/v2\/comments?post=25653"}],"version-history":[{"count":1,"href":"https:\/\/clamaro.eu\/es\/wp-json\/wp\/v2\/pages\/25653\/revisions"}],"predecessor-version":[{"id":25654,"href":"https:\/\/clamaro.eu\/es\/wp-json\/wp\/v2\/pages\/25653\/revisions\/25654"}],"wp:attachment":[{"href":"https:\/\/clamaro.eu\/es\/wp-json\/wp\/v2\/media?parent=25653"}],"curies":[{"name":"wp","href":"https:\/\/api.w.org\/{rel}","templated":true}]}}