{"id":25603,"date":"2023-03-06T20:11:47","date_gmt":"2023-03-06T20:11:47","guid":{"rendered":"https:\/\/clamaro.eu\/impresionante\/"},"modified":"2023-03-06T20:11:47","modified_gmt":"2023-03-06T20:11:47","slug":"impresionante","status":"publish","type":"page","link":"https:\/\/clamaro.eu\/es\/impresionante\/","title":{"rendered":"Impresionante"},"content":{"rendered":"<p><strong>mpressum<\/strong><\/p>\n<p><strong>Identificaci\u00f3n legal del proveedor:<\/strong><\/p>\n<p><strong>M&amp;L Handel GmbH &amp; Co.KG<br \/>\nAnillo comercial 14<br \/>\n26901 Pueblo de descanso<br \/>\nAlemania<\/strong><br \/>\n<strong>Tel\u00e9fono: 05956-9892870<\/strong><br \/>\n<strong>Fax: 05956-9892875<br \/>\nE-Mail:<\/strong><strong>info@mlhandel.de<\/strong><br \/>\n<strong>CIF: DE 295310774<\/strong><br \/>\n<strong>Inscrita en el Registro Mercantil del Juzgado de Primera Instancia de Osnabr\u00fcck<br \/>\nN\u00famero de registro comercial HRA 204113<\/p>\n<p>representado por el socio general<br \/>\nM L Verwaltungs GmbH<br \/>\nrepresentada por el director general Roman Biedron<\/strong><br \/>\n<strong>Gewerbering 14, 26901 Rastdorf, Alemania<br \/>\nInscrita en el Registro Mercantil del Juzgado de Primera Instancia de Osnabr\u00fcck<br \/>\nN\u00famero de registro mercantil HRB 204113<\/strong><\/p>\n<p><strong>Resoluci\u00f3n alternativa de litigios:<\/strong><br \/>\nLa Comisi\u00f3n Europea ofrece una plataforma para la resoluci\u00f3n extrajudicial de litigios en l\u00ednea (plataforma RLL), a la que se puede acceder en <a href=\"https:\/\/ec.europa.eu\/odr\" target=\"_blank\" rel=\"noopener\">https:\/\/ec.europa.eu\/odr<\/a>.<\/p>\n<p><strong>Estamos desde <\/strong><strong>21.03.2016 <\/strong><strong>Miembro de la iniciativa \u00abFairCommerce\u00bb.<\/strong><br \/>\nPara m\u00e1s informaci\u00f3n, visite www.fair-commerce.de.<\/p>\n","protected":false},"excerpt":{"rendered":"<p>mpressum Identificaci\u00f3n legal del proveedor: M&amp;L Handel GmbH &amp; Co.KG Anillo comercial 14 26901 Pueblo de descanso Alemania Tel\u00e9fono: 05956-9892870 Fax: 05956-9892875 E-Mail:info@mlhandel.de CIF: DE 295310774 Inscrita en el Registro Mercantil del Juzgado de Primera Instancia de Osnabr\u00fcck N\u00famero de registro comercial HRA 204113 representado por el socio general M L Verwaltungs GmbH representada por [&hellip;]<\/p>\n","protected":false},"author":1,"featured_media":0,"parent":0,"menu_order":0,"comment_status":"closed","ping_status":"closed","template":"","meta":{"om_disable_all_campaigns":false,"footnotes":""},"class_list":["post-25603","page","type-page","status-publish","hentry"],"_links":{"self":[{"href":"https:\/\/clamaro.eu\/es\/wp-json\/wp\/v2\/pages\/25603","targetHints":{"allow":["GET"]}}],"collection":[{"href":"https:\/\/clamaro.eu\/es\/wp-json\/wp\/v2\/pages"}],"about":[{"href":"https:\/\/clamaro.eu\/es\/wp-json\/wp\/v2\/types\/page"}],"author":[{"embeddable":true,"href":"https:\/\/clamaro.eu\/es\/wp-json\/wp\/v2\/users\/1"}],"replies":[{"embeddable":true,"href":"https:\/\/clamaro.eu\/es\/wp-json\/wp\/v2\/comments?post=25603"}],"version-history":[{"count":0,"href":"https:\/\/clamaro.eu\/es\/wp-json\/wp\/v2\/pages\/25603\/revisions"}],"wp:attachment":[{"href":"https:\/\/clamaro.eu\/es\/wp-json\/wp\/v2\/media?parent=25603"}],"curies":[{"name":"wp","href":"https:\/\/api.w.org\/{rel}","templated":true}]}}